{"id":34516,"date":"2025-03-20T16:47:51","date_gmt":"2025-03-20T15:47:51","guid":{"rendered":"https:\/\/stil-fit.com\/levering\/"},"modified":"2025-03-20T16:48:03","modified_gmt":"2025-03-20T15:48:03","slug":"levering","status":"publish","type":"page","link":"https:\/\/stil-fit.com\/da\/levering\/","title":{"rendered":"levering"},"content":{"rendered":"\n  <div class=\"banner has-hover\" id=\"banner-2126387263\">\n          <div class=\"banner-inner fill\">\n        <div class=\"banner-bg fill\" >\n            <img decoding=\"async\" width=\"1020\" height=\"680\" src=\"https:\/\/stil-fit.com\/wp-content\/uploads\/2019\/11\/iStock-1038555870-scaled.jpg\" class=\"bg attachment-large size-large\" alt=\"\" \/>                                    \n                    <\/div>\n\t\t\n        <div class=\"banner-layers container\">\n            <div class=\"fill banner-link\"><\/div>            \n\n   <div id=\"text-box-119464110\" class=\"text-box banner-layer x50 md-x50 lg-x50 y50 md-y50 lg-y50 res-text\">\n                                <div class=\"text-box-content text dark\">\n              \n              <div class=\"text-inner text-center\">\n                  \n\n<h3 class=\"uppercase\"><strong>levering<\/strong><\/h3>\n<p>Hurtig og ukompliceret  <\/p>\n\n              <\/div>\n           <\/div>\n                            \n<style>\n#text-box-119464110 {\n  width: 60%;\n}\n#text-box-119464110 .text-box-content {\n  font-size: 100%;\n}\n<\/style>\n    <\/div>\n \n\n        <\/div>\n      <\/div>\n\n            \n<style>\n#banner-2126387263 {\n  padding-top: 600px;\n  background-color: rgb(255,255,255);\n}\n#banner-2126387263 .banner-bg img {\n  object-position: 48% 85%;\n}\n<\/style>\n  <\/div>\n\n\n\n\t<section class=\"section\" id=\"section_1746314830\">\n\t\t<div class=\"section-bg fill\" >\n\t\t\t\t\t\t\t\t\t\n\t\t\t\n\n\t\t<\/div>\n\n\t\t\n\n\t\t<div class=\"section-content relative\">\n\t\t\t\n\n<div class=\"row align-center\"  id=\"row-280440171\">\n\n\n\t<div id=\"col-1454448159\" class=\"col medium-6 small-9 large-6\"  >\n\t\t\t\t<div class=\"col-inner text-center\"  >\n\t\t\t\n\t\t\t\n\n\t<div id=\"gap-1184002350\" class=\"gap-element clearfix\" style=\"display:block; height:auto;\">\n\t\t\n<style>\n#gap-1184002350 {\n  padding-top: 30px;\n}\n<\/style>\n\t<\/div>\n\t\n\n<div>\n<h2 style=\"text-align: left;\"><span style=\"font-size: 100%;\">Service er meget vigtigt for os  <\/span><\/h2>\n<\/div>\n\n\t\t<\/div>\n\t\t\t\t\t<\/div>\n\n\t\n\n<\/div>\n\n\t\t<\/div>\n\n\t\t\n<style>\n#section_1746314830 {\n  padding-top: 20px;\n  padding-bottom: 20px;\n}\n<\/style>\n\t<\/section>\n\t\n\n\t<section class=\"section\" id=\"section_2064923801\">\n\t\t<div class=\"section-bg fill\" >\n\t\t\t\t\t\t\t\t\t\n\t\t\t\n\n\t\t<\/div>\n\n\t\t\n\n\t\t<div class=\"section-content relative\">\n\t\t\t\n\n<div class=\"row\"  id=\"row-1398005305\">\n\n\n\t<div id=\"col-722863768\" class=\"col medium-4 small-12 large-4\"  >\n\t\t\t\t<div class=\"col-inner\"  >\n\t\t\t\n\t\t\t\n\n\n\t\t<div class=\"icon-box featured-box icon-box-center text-center\"  >\n\t\t\t\t\t<div class=\"icon-box-img\" style=\"width: 60px\">\n\t\t\t\t<div class=\"icon\">\n\t\t\t\t\t<div class=\"icon-inner\" style=\"color:rgb(129, 178, 189);\">\n\t\t\t\t\t\t<img decoding=\"async\" width=\"201\" height=\"201\" src=\"https:\/\/stil-fit.com\/wp-content\/uploads\/2019\/11\/Artboard-2-copy-6@4x.png\" class=\"attachment-medium size-medium\" alt=\"\" srcset=\"https:\/\/stil-fit.com\/wp-content\/uploads\/2019\/11\/Artboard-2-copy-6@4x.png 201w, https:\/\/stil-fit.com\/wp-content\/uploads\/2019\/11\/Artboard-2-copy-6@4x-100x100.png 100w\" sizes=\"(max-width: 201px) 100vw, 201px\" \/>\t\t\t\t\t<\/div>\n\t\t\t\t<\/div>\n\t\t\t<\/div>\n\t\t\t\t<div class=\"icon-box-text last-reset\">\n\t\t\t\t\t\t\t\t\t\n\n<h3 style=\"text-align: center;\"><span style=\"font-size: 90%;\">Minimalt arbejde med installation<\/span><\/h3>\n<p style=\"text-align: center;\"><span style=\"font-size: 100%;\">De fleste eller alle vores produkter er formonterede og kr\u00e6ver kun lidt monteringsarbejde.<\/span><\/p>\n<p style=\"text-align: center;\"> <\/p>\n\n\t\t<\/div>\n\t<\/div>\n\t\n\t\n\n\t\t<\/div>\n\t\t\t\t\t<\/div>\n\n\t\n\n\t<div id=\"col-1860646828\" class=\"col medium-4 small-12 large-4\"  >\n\t\t\t\t<div class=\"col-inner\"  >\n\t\t\t\n\t\t\t\n\n\n\t\t<div class=\"icon-box featured-box icon-box-center text-center\"  >\n\t\t\t\t\t<div class=\"icon-box-img\" style=\"width: 60px\">\n\t\t\t\t<div class=\"icon\">\n\t\t\t\t\t<div class=\"icon-inner\" style=\"color:rgb(129, 178, 189);\">\n\t\t\t\t\t\t<img decoding=\"async\" width=\"201\" height=\"201\" src=\"https:\/\/stil-fit.com\/wp-content\/uploads\/2019\/11\/Artboard-2-copy-16@4x.png\" class=\"attachment-medium size-medium\" alt=\"\" srcset=\"https:\/\/stil-fit.com\/wp-content\/uploads\/2019\/11\/Artboard-2-copy-16@4x.png 201w, https:\/\/stil-fit.com\/wp-content\/uploads\/2019\/11\/Artboard-2-copy-16@4x-100x100.png 100w\" sizes=\"(max-width: 201px) 100vw, 201px\" \/>\t\t\t\t\t<\/div>\n\t\t\t\t<\/div>\n\t\t\t<\/div>\n\t\t\t\t<div class=\"icon-box-text last-reset\">\n\t\t\t\t\t\t\t\t\t\n\n<h3 style=\"text-align: center;\"><span style=\"font-size: 90%;\">Hurtig og p\u00e5lidelig levering  <\/span><\/h3>\n<p style=\"text-align: center;\"><span style=\"font-size: 100%;\">Vores store apparater leveres af en spedit\u00f8r. Alle andre produkter leveres med DHL eller Hermes. <\/span><\/p>\n<p style=\"text-align: center;\"> <\/p>\n\n\t\t<\/div>\n\t<\/div>\n\t\n\t\n\n\t\t<\/div>\n\t\t\t\t\t<\/div>\n\n\t\n\n\t<div id=\"col-1411286777\" class=\"col medium-4 small-12 large-4\"  >\n\t\t\t\t<div class=\"col-inner\"  >\n\t\t\t\n\t\t\t\n\n\n\t\t<div class=\"icon-box featured-box icon-box-center text-center\"  >\n\t\t\t\t\t<div class=\"icon-box-img\" style=\"width: 60px\">\n\t\t\t\t<div class=\"icon\">\n\t\t\t\t\t<div class=\"icon-inner\" style=\"color:rgb(129, 178, 189);\">\n\t\t\t\t\t\t<img decoding=\"async\" width=\"201\" height=\"201\" src=\"https:\/\/stil-fit.com\/wp-content\/uploads\/2019\/11\/Artboard-2-copy-28@4x.png\" class=\"attachment-medium size-medium\" alt=\"\" srcset=\"https:\/\/stil-fit.com\/wp-content\/uploads\/2019\/11\/Artboard-2-copy-28@4x.png 201w, https:\/\/stil-fit.com\/wp-content\/uploads\/2019\/11\/Artboard-2-copy-28@4x-100x100.png 100w\" sizes=\"(max-width: 201px) 100vw, 201px\" \/>\t\t\t\t\t<\/div>\n\t\t\t\t<\/div>\n\t\t\t<\/div>\n\t\t\t\t<div class=\"icon-box-text last-reset\">\n\t\t\t\t\t\t\t\t\t\n\n<h3 style=\"text-align: center;\"><span style=\"font-size: 90%;\">Lav en aftale  <\/span><\/h3>\n<p style=\"text-align: center;\"><span style=\"font-size: 100%;\">Du kan aftale den \u00f8nskede leveringsdato direkte med transportfirmaet.  <\/span><\/p>\n<p style=\"text-align: center;\"> <\/p>\n\n\t\t<\/div>\n\t<\/div>\n\t\n\t\n\n\t\t<\/div>\n\t\t\t\t\t<\/div>\n\n\t\n\n<\/div>\n\n\t\t<\/div>\n\n\t\t\n<style>\n#section_2064923801 {\n  padding-top: 40px;\n  padding-bottom: 40px;\n  background-color: rgb(251, 251, 249);\n}\n<\/style>\n\t<\/section>\n\t\n\n\t<section class=\"section\" id=\"section_800482242\">\n\t\t<div class=\"section-bg fill\" >\n\t\t\t\t\t\t\t\t\t\n\t\t\t\n\n\t\t<\/div>\n\n\t\t\n\n\t\t<div class=\"section-content relative\">\n\t\t\t\n\n<div class=\"row align-middle\"  id=\"row-756247688\">\n\n\n\t<div id=\"col-2057191995\" class=\"col medium-7 small-12 large-7\"  >\n\t\t\t\t<div class=\"col-inner\"  >\n\t\t\t\n\t\t\t\n\n<h2 class=\"uppercase\">STIL-FIT Motionscykel<\/h2>\n<p>Motionscyklen leveres til dig n\u00e6sten f\u00e6rdigsamlet. Det eneste, du skal g\u00f8re, er at tilslutte en kabelforbindelse, stramme en skrue og montere styret.   <\/p>\n<p>Levering:<\/p>\n<p>1 kasse 94 x 51 x 74 cm (L\/B\/H) &#8211; 42 kg<\/p>\n<p>Samlingstid ca. 20 min.  <\/p>\n\n\t\t<\/div>\n\t\t\t\t\t<\/div>\n\n\t\n\n<\/div>\n<div class=\"text-center\"><div class=\"is-divider divider clearfix\" style=\"max-width:200px;height:2px;background-color:rgb(198, 198, 198);\"><\/div><\/div>\n\n\t<div id=\"gap-900586088\" class=\"gap-element clearfix\" style=\"display:block; height:auto;\">\n\t\t\n<style>\n#gap-900586088 {\n  padding-top: 50px;\n}\n<\/style>\n\t<\/div>\n\t\n\n<div class=\"row align-middle\"  id=\"row-1484926023\">\n\n\n\t<div id=\"col-354949920\" class=\"col medium-7 small-12 large-7\"  >\n\t\t\t\t<div class=\"col-inner\"  >\n\t\t\t\n\t\t\t\n\n<h2 class=\"uppercase\">STIL-FIT Rowing Machine FLOW ONE<\/h2>\n<p><span style=\"font-size: 100%;\">Romaskinen leveres som to formonterede enheder. Det eneste, du skal g\u00f8re, er at skrue rammen fast p\u00e5 den forreste enhed og s\u00e6tte panelerne p\u00e5. <\/span><\/p>\n<p><span style=\"font-size: 100%;\">Levering:<\/span><\/p>\n<ol>\n<li><span style=\"font-size: 100%;\">Karton 57 x 46 x 106 (L\/B\/H) &#8211; ca. 35 kg<\/span><\/li>\n<li><span style=\"font-size: 100%;\">Papkasse 218 x 40 x 20 (L\/B\/H) &#8211; ca. 25 kg<\/span><\/li>\n<\/ol>\n<p>P\u00e5 anmodning kan vi ogs\u00e5 levere romaskinen fuldt samlet p\u00e5 en palle. (till\u00e6gsgebyr 95,- EUR) <\/p>\n\n\t\t<\/div>\n\t\t\t\t\t<\/div>\n\n\t\n\n<\/div>\n<div class=\"text-center\"><div class=\"is-divider divider clearfix\" style=\"max-width:200px;height:2px;background-color:rgb(198, 198, 198);\"><\/div><\/div>\n\n\t<div id=\"gap-909561086\" class=\"gap-element clearfix\" style=\"display:block; height:auto;\">\n\t\t\n<style>\n#gap-909561086 {\n  padding-top: 50px;\n}\n<\/style>\n\t<\/div>\n\t\n\n<div class=\"row align-middle\"  id=\"row-203169241\">\n\n\n\t<div id=\"col-1881804746\" class=\"col medium-7 small-12 large-7\"  >\n\t\t\t\t<div class=\"col-inner\"  >\n\t\t\t\n\t\t\t\n\n<h2 class=\"uppercase\">STIL-FIT Fitness v\u00e6g<\/h2>\n<p>Fitness V\u00e6ggen leveres n\u00e6sten f\u00e6rdigsamlet. Grundrammen er samlet, og alle kabler er allerede trukket ind. <\/p>\n<p>Fitness v\u00e6ggene skal blot skrues fast p\u00e5 v\u00e6ggen, v\u00e6gtene s\u00e6ttes i og panelerne monteres.  <\/p>\n<p>Levering:<\/p>\n<p>1 palle 220 x 80 x 130 (L\/B\/H) &#8211; ca. 160 kg<\/p>\n<p>Vi tilbyder en installationsservice til Tyskland og \u00d8strig (till\u00e6gsgebyr EUR 495)<\/p>\n\n\t\t<\/div>\n\t\t\t\t\t<\/div>\n\n\t\n\n<\/div>\n\n\t\t<\/div>\n\n\t\t\n<style>\n#section_800482242 {\n  padding-top: 60px;\n  padding-bottom: 60px;\n}\n<\/style>\n\t<\/section>\n\t\n\n\n\t<section class=\"section\" id=\"section_1763661190\">\n\t\t<div class=\"section-bg fill\" >\n\t\t\t\t\t\t\t\t\t\n\t\t\t\n\n\t\t<\/div>\n\n\t\t\n\n\t\t<div class=\"section-content relative\">\n\t\t\t\n\n<div class=\"row\"  id=\"row-1258420614\">\n\n\n\t<div id=\"col-1882842001\" class=\"col small-12 large-12\"  >\n\t\t\t\t<div class=\"col-inner\"  >\n\t\t\t\n\t\t\t\n\n\t<div id=\"gap-1952754696\" class=\"gap-element clearfix\" style=\"display:block; height:auto;\">\n\t\t\n<style>\n#gap-1952754696 {\n  padding-top: 50px;\n}\n<\/style>\n\t<\/div>\n\t\n\n<h2 style=\"text-align: center;\">Forsendelsesomkostninger<\/h2>\n\n\t\t<\/div>\n\t\t\t\t\t<\/div>\n\n\t\n\n<\/div>\n<div class=\"row row-divided\"  id=\"row-1964671371\">\n\n\n\t<div id=\"col-1011014895\" class=\"col medium-4 small-12 large-4\"  >\n\t\t\t\t<div class=\"col-inner\"  >\n\t\t\t\n\t\t\t\n\n<h3>Tyskland og \u00d8strig  <\/h3>\n<p><strong>Store apparater:<\/strong><\/p>\n<ul>\n<li>Gratis levering inkl. aftale inkluderet i k\u00f8bsprisen. <\/li>\n<\/ul>\n<p> <\/p>\n<ul>\n<li>Premium-levering med to-mandsservice Gratis brugssted inkl. aftale kan bestilles yderligere. <\/li>\n<\/ul>\n<ol>\n<li>  Motionscykel: + 39,- EUR<\/li>\n<li>Romaskine: + 39,- EUR<\/li>\n<li>Fitness v\u00e6g: + 95,- EUR<\/li>\n<\/ol>\n<p><span style=\"font-size: 80%;\">(alle priser er inkl. 19. moms)<\/span><\/p>\n<p> <\/p>\n<p><strong>Tilbeh\u00f8r og sm\u00e5 apparater<\/strong><\/p>\n<p>Gratis levering med DHL eller Hermes<\/p>\n\n\t\t<\/div>\n\t\t\t\t\t<\/div>\n\n\t\n\n\t<div id=\"col-1250499256\" class=\"col medium-4 small-12 large-4\"  >\n\t\t\t\t<div class=\"col-inner\"  >\n\t\t\t\n\t\t\t\n\n<h3>Europa<\/h3>\n<p><strong>Store apparater:<\/strong><\/p>\n<p>Levering gratis til kantsten inkl. r\u00e5dgivning <\/p>\n<ol>\n<li>Motionscykel: + 39,- EUR<\/li>\n<li>Romaskiner: + 39,- EUR<\/li>\n<li>Fitness v\u00e6g: + 95,- EUR<\/li>\n<\/ol>\n<p> <\/p>\n<p><strong>Tilbeh\u00f8r og sm\u00e5 apparater<\/strong><\/p>\n<p>Levering med DHL eller Hermes for 15,99,- EUR<\/p>\n<p><span style=\"font-size: 80%;\">(alle priser er inkl. 19. moms)<\/span><\/p>\n\n\t\t<\/div>\n\t\t\t\t\t<\/div>\n\n\t\n\n\t<div id=\"col-1087220113\" class=\"col medium-4 small-12 large-4\"  >\n\t\t\t\t<div class=\"col-inner\"  >\n\t\t\t\n\t\t\t\n\n<h3>Schweiz<\/h3>\n<p>Leveringsomkostninger p\u00e5 foresp\u00f8rgsel.  <\/p>\n<h3>P\u00e5 verdensplan<\/h3>\n<p>Leveringsomkostninger p\u00e5 foresp\u00f8rgsel.  <\/p>\n\n\t\t<\/div>\n\t\t\t\t\t<\/div>\n\n\t\n\n<\/div>\n\n\t\t<\/div>\n\n\t\t\n<style>\n#section_1763661190 {\n  padding-top: 30px;\n  padding-bottom: 30px;\n}\n<\/style>\n\t<\/section>\n\t\n\n\t<section class=\"section info-card-1\" id=\"section_615343621\">\n\t\t<div class=\"section-bg fill\" >\n\t\t\t\t\t\t\t\t\t<div class=\"section-bg-overlay absolute fill\"><\/div>\n\t\t\t\n\n\t\t<\/div>\n\n\t\t\n\n\t\t<div class=\"section-content relative\">\n\t\t\t\n\n<div class=\"row\"  id=\"row-1712622249\">\n\n\n\t<div id=\"col-590641089\" class=\"col small-12 large-12\"  >\n\t\t\t\t<div class=\"col-inner text-center\"  >\n\t\t\t\n\t\t\t\n\n<h2>L\u00e6r vores enest\u00e5ende produkter at kende<\/h2>\n\n\t\t<\/div>\n\t\t\t\t\n<style>\n#col-590641089 > .col-inner {\n  padding: 20px 0px 0px 0px;\n}\n<\/style>\n\t<\/div>\n\n\t\n\n<\/div>\n<div class=\"row row-small row-full-width align-bottom row-box-shadow-3\"  id=\"row-2145136407\">\n\n\n\t<div id=\"col-856854838\" class=\"col medium-3 small-12 large-3\"  >\n\t\t\t\t<div class=\"col-inner\"  >\n\t\t\t\n\t\t\t\n\n\t<div class=\"box has-hover   has-hover box-push box-text-bottom\" >\n\n\t\t<div class=\"box-image\" >\n\t\t\t<a href=\"#\" >\t\t\t<div class=\"image-cover\" style=\"padding-top:100%;\">\n\t\t\t\t<img decoding=\"async\" width=\"1417\" height=\"1417\" src=\"https:\/\/stil-fit.com\/wp-content\/uploads\/2019\/05\/Ergo-1.jpeg\" class=\"attachment- size-\" alt=\"\" srcset=\"https:\/\/stil-fit.com\/wp-content\/uploads\/2019\/05\/Ergo-1.jpeg 1417w, https:\/\/stil-fit.com\/wp-content\/uploads\/2019\/05\/Ergo-1-100x100.jpeg 100w, https:\/\/stil-fit.com\/wp-content\/uploads\/2019\/05\/Ergo-1-510x510.jpeg 510w\" sizes=\"(max-width: 1417px) 100vw, 1417px\" \/>\t\t\t\t\t\t\t\t\t\t\t<\/div>\n\t\t\t<\/a>\t\t<\/div>\n\n\t\t<div class=\"box-text text-center\" style=\"background-color:rgb(255, 255, 255);padding:20px 5px 20px 5pxx;\">\n\t\t\t<div class=\"box-text-inner\">\n\t\t\t\t\n\n<h3>Motionscykel<\/h3>\n<a href=\"https:\/\/stil-fit.com\/ergometer\/\" class=\"button primary is-underline\"  >\n\t\t<span>F\u00e5 mere at vide<\/span>\n\t<\/a>\n\n\n\n\t\t\t<\/div>\n\t\t<\/div>\n\t<\/div>\n\t\n\n\t\t<\/div>\n\t\t\t\t\t<\/div>\n\n\t\n\n\t<div id=\"col-1812070140\" class=\"col medium-3 small-12 large-3\"  >\n\t\t\t\t<div class=\"col-inner\"  >\n\t\t\t\n\t\t\t\n\n\t<div class=\"box has-hover   has-hover box-push box-text-bottom\" >\n\n\t\t<div class=\"box-image\" >\n\t\t\t<a href=\"#\" >\t\t\t<div class=\"image-cover\" style=\"padding-top:100%;\">\n\t\t\t\t<img decoding=\"async\" width=\"1417\" height=\"1417\" src=\"https:\/\/stil-fit.com\/wp-content\/uploads\/2019\/05\/row.jpg\" class=\"attachment- size-\" alt=\"\" srcset=\"https:\/\/stil-fit.com\/wp-content\/uploads\/2019\/05\/row.jpg 1417w, https:\/\/stil-fit.com\/wp-content\/uploads\/2019\/05\/row-100x100.jpg 100w, https:\/\/stil-fit.com\/wp-content\/uploads\/2019\/05\/row-510x510.jpg 510w\" sizes=\"(max-width: 1417px) 100vw, 1417px\" \/>\t\t\t\t\t\t\t\t\t\t\t<\/div>\n\t\t\t<\/a>\t\t<\/div>\n\n\t\t<div class=\"box-text text-center\" style=\"background-color:rgb(255, 255, 255);padding:20px 5px 20px 5pxx;\">\n\t\t\t<div class=\"box-text-inner\">\n\t\t\t\t\n\n<h3>Romaskine<\/h3>\n<a href=\"https:\/\/stil-fit.com\/da\/romaskine\/\" class=\"button primary is-underline\"  >\n\t\t<span>F\u00e5 mere at vide<\/span>\n\t<\/a>\n\n\n\n\t\t\t<\/div>\n\t\t<\/div>\n\t<\/div>\n\t\n\n\t\t<\/div>\n\t\t\t\t\t<\/div>\n\n\t\n\n\t<div id=\"col-204612982\" class=\"col medium-3 small-12 large-3\"  >\n\t\t\t\t<div class=\"col-inner\"  >\n\t\t\t\n\t\t\t\n\n\t<div class=\"box has-hover   has-hover box-push box-text-bottom\" >\n\n\t\t<div class=\"box-image\" >\n\t\t\t<a href=\"#\" >\t\t\t<div class=\"image-cover\" style=\"padding-top:100%;\">\n\t\t\t\t<img decoding=\"async\" width=\"1417\" height=\"1417\" src=\"https:\/\/stil-fit.com\/wp-content\/uploads\/2019\/06\/kabel.jpg\" class=\"attachment- size-\" alt=\"\" srcset=\"https:\/\/stil-fit.com\/wp-content\/uploads\/2019\/06\/kabel.jpg 1417w, https:\/\/stil-fit.com\/wp-content\/uploads\/2019\/06\/kabel-100x100.jpg 100w, https:\/\/stil-fit.com\/wp-content\/uploads\/2019\/06\/kabel-510x510.jpg 510w\" sizes=\"(max-width: 1417px) 100vw, 1417px\" \/>\t\t\t\t\t\t\t\t\t\t\t<\/div>\n\t\t\t<\/a>\t\t<\/div>\n\n\t\t<div class=\"box-text text-center\" style=\"background-color:rgb(255, 255, 255);padding:20px 5px 20px 5pxx;\">\n\t\t\t<div class=\"box-text-inner\">\n\t\t\t\t\n\n<h3>Fitness v\u00e6g<\/h3>\n<a href=\"https:\/\/stil-fit.com\/kabelzug\/\" class=\"button primary is-underline\"  >\n\t\t<span>F\u00e5 mere at vide<\/span>\n\t<\/a>\n\n\n\n\t\t\t<\/div>\n\t\t<\/div>\n\t<\/div>\n\t\n\n\t\t<\/div>\n\t\t\t\t\t<\/div>\n\n\t\n\n\t<div id=\"col-854083918\" class=\"col medium-3 small-12 large-3\"  >\n\t\t\t\t<div class=\"col-inner\"  >\n\t\t\t\n\t\t\t\n\n\t<div class=\"box has-hover   has-hover box-push box-text-bottom\" >\n\n\t\t<div class=\"box-image\" >\n\t\t\t<a href=\"#\" >\t\t\t<div class=\"image-cover\" style=\"padding-top:100%;\">\n\t\t\t\t<img decoding=\"async\" width=\"1417\" height=\"1417\" src=\"https:\/\/stil-fit.com\/wp-content\/uploads\/2019\/05\/kleinteile.jpg\" class=\"attachment- size-\" alt=\"\" srcset=\"https:\/\/stil-fit.com\/wp-content\/uploads\/2019\/05\/kleinteile.jpg 1417w, https:\/\/stil-fit.com\/wp-content\/uploads\/2019\/05\/kleinteile-100x100.jpg 100w, https:\/\/stil-fit.com\/wp-content\/uploads\/2019\/05\/kleinteile-510x510.jpg 510w\" sizes=\"(max-width: 1417px) 100vw, 1417px\" \/>\t\t\t\t\t\t\t\t\t\t\t<\/div>\n\t\t\t<\/a>\t\t<\/div>\n\n\t\t<div class=\"box-text text-center\" style=\"background-color:rgb(255, 255, 255);padding:20px 5px 20px 5pxx;\">\n\t\t\t<div class=\"box-text-inner\">\n\t\t\t\t\n\n<h3>Tilbeh\u00f8r<\/h3>\n<a href=\"https:\/\/stil-fit.com\/da\/tilbehoer\/\" class=\"button primary is-underline\"  >\n\t\t<span>F\u00e5 mere at vide<\/span>\n\t<\/a>\n\n\n\n\t\t\t<\/div>\n\t\t<\/div>\n\t<\/div>\n\t\n\n\t\t<\/div>\n\t\t\t\t\t<\/div>\n\n\t\n\n\n<style>\n#row-2145136407 > .col > .col-inner {\n  background-color: rgb(255,255,255);\n}\n<\/style>\n<\/div>\n\n\t\t<\/div>\n\n\t\t\n<style>\n#section_615343621 {\n  padding-top: 50px;\n  padding-bottom: 50px;\n  background-color: rgb(255,255,255);\n}\n#section_615343621 .section-bg-overlay {\n  background-color: rgba(255,255,255,.5);\n}\n<\/style>\n\t<\/section>\n\t","protected":false},"excerpt":{"rendered":"","protected":false},"author":2,"featured_media":0,"parent":0,"menu_order":0,"comment_status":"closed","ping_status":"closed","template":"page-blank.php","meta":{"_monsterinsights_skip_tracking":false,"_monsterinsights_sitenote_active":false,"_monsterinsights_sitenote_note":"","_monsterinsights_sitenote_category":0,"footnotes":""},"yst_prominent_words":[243,234,246,235,237,239,248,244,241,236,231,240,230,242,233,245,247,249,238,232],"class_list":["post-34516","page","type-page","status-publish","hentry"],"yoast_head":"<!-- This site is optimized with the Yoast SEO Premium plugin v14.5 - https:\/\/yoast.com\/wordpress\/plugins\/seo\/ -->\n<title>levering | STIL-FIT<\/title>\n<meta name=\"robots\" content=\"index, follow\" \/>\n<meta name=\"googlebot\" content=\"index, follow, max-snippet:-1, max-image-preview:large, max-video-preview:-1\" \/>\n<meta name=\"bingbot\" content=\"index, follow, max-snippet:-1, max-image-preview:large, max-video-preview:-1\" \/>\n<link rel=\"canonical\" href=\"https:\/\/stil-fit.com\/da\/levering\/\" \/>\n<meta property=\"og:locale\" content=\"da_DK\" \/>\n<meta property=\"og:type\" content=\"article\" \/>\n<meta property=\"og:title\" content=\"levering | STIL-FIT\" \/>\n<meta property=\"og:url\" content=\"https:\/\/stil-fit.com\/da\/levering\/\" \/>\n<meta property=\"og:site_name\" content=\"STIL-FIT\" \/>\n<meta property=\"article:publisher\" content=\"https:\/\/de-de.facebook.com\/stilfit\/\" \/>\n<meta property=\"article:modified_time\" content=\"2025-03-20T15:48:03+00:00\" \/>\n<meta name=\"twitter:card\" content=\"summary_large_image\" \/>\n<script type=\"application\/ld+json\" class=\"yoast-schema-graph\">{\"@context\":\"https:\/\/schema.org\",\"@graph\":[{\"@type\":\"Organization\",\"@id\":\"https:\/\/stil-fit.com\/da\/#organization\",\"name\":\"STIL-FIT International GmbH\",\"url\":\"https:\/\/stil-fit.com\/da\/\",\"sameAs\":[\"https:\/\/de-de.facebook.com\/stilfit\/\",\"https:\/\/www.instagram.com\/stil_fit_int\/\",\"https:\/\/www.linkedin.com\/company\/stil-fit-international-gmbh\",\"https:\/\/www.youtube.com\/channel\/UC2HA1BeZtFB0acPMfq1hKdQ\",\"https:\/\/www.pinterest.com\/STILFITInt\/\"],\"logo\":{\"@type\":\"ImageObject\",\"@id\":\"https:\/\/stil-fit.com\/da\/#logo\",\"inLanguage\":\"da-DK\",\"url\":\"https:\/\/stil-fit.com\/wp-content\/uploads\/2019\/02\/stilfit_logo.jpg\",\"width\":150,\"height\":150,\"caption\":\"STIL-FIT International GmbH\"},\"image\":{\"@id\":\"https:\/\/stil-fit.com\/da\/#logo\"}},{\"@type\":\"WebSite\",\"@id\":\"https:\/\/stil-fit.com\/da\/#website\",\"url\":\"https:\/\/stil-fit.com\/da\/\",\"name\":\"STIL-FIT\",\"description\":\"Stil-fit\",\"publisher\":{\"@id\":\"https:\/\/stil-fit.com\/da\/#organization\"},\"potentialAction\":[{\"@type\":\"SearchAction\",\"target\":\"https:\/\/stil-fit.com\/da\/?s={search_term_string}\",\"query-input\":\"required name=search_term_string\"}],\"inLanguage\":\"da-DK\"},{\"@type\":\"WebPage\",\"@id\":\"https:\/\/stil-fit.com\/da\/levering\/#webpage\",\"url\":\"https:\/\/stil-fit.com\/da\/levering\/\",\"name\":\"levering | STIL-FIT\",\"isPartOf\":{\"@id\":\"https:\/\/stil-fit.com\/da\/#website\"},\"datePublished\":\"2025-03-20T15:47:51+00:00\",\"dateModified\":\"2025-03-20T15:48:03+00:00\",\"inLanguage\":\"da-DK\",\"potentialAction\":[{\"@type\":\"ReadAction\",\"target\":[\"https:\/\/stil-fit.com\/da\/levering\/\"]}]}]}<\/script>\n<!-- \/ Yoast SEO Premium plugin. -->","post_mailing_queue_ids":[],"_links":{"self":[{"href":"https:\/\/stil-fit.com\/da\/wp-json\/wp\/v2\/pages\/34516","targetHints":{"allow":["GET"]}}],"collection":[{"href":"https:\/\/stil-fit.com\/da\/wp-json\/wp\/v2\/pages"}],"about":[{"href":"https:\/\/stil-fit.com\/da\/wp-json\/wp\/v2\/types\/page"}],"author":[{"embeddable":true,"href":"https:\/\/stil-fit.com\/da\/wp-json\/wp\/v2\/users\/2"}],"replies":[{"embeddable":true,"href":"https:\/\/stil-fit.com\/da\/wp-json\/wp\/v2\/comments?post=34516"}],"version-history":[{"count":2,"href":"https:\/\/stil-fit.com\/da\/wp-json\/wp\/v2\/pages\/34516\/revisions"}],"predecessor-version":[{"id":34532,"href":"https:\/\/stil-fit.com\/da\/wp-json\/wp\/v2\/pages\/34516\/revisions\/34532"}],"wp:attachment":[{"href":"https:\/\/stil-fit.com\/da\/wp-json\/wp\/v2\/media?parent=34516"}],"wp:term":[{"taxonomy":"yst_prominent_words","embeddable":true,"href":"https:\/\/stil-fit.com\/da\/wp-json\/wp\/v2\/yst_prominent_words?post=34516"}],"curies":[{"name":"wp","href":"https:\/\/api.w.org\/{rel}","templated":true}]}}