{"id":34564,"date":"2025-03-20T16:48:33","date_gmt":"2025-03-20T15:48:33","guid":{"rendered":"https:\/\/stil-fit.com\/finansiering\/"},"modified":"2025-03-20T16:48:43","modified_gmt":"2025-03-20T15:48:43","slug":"finansiering","status":"publish","type":"page","link":"https:\/\/stil-fit.com\/da\/finansiering\/","title":{"rendered":"Finansiering"},"content":{"rendered":"\n\t<section class=\"section\" id=\"section_1221134795\">\n\t\t<div class=\"section-bg fill\" >\n\t\t\t\t\t\t\t\t\t\n\t\t\t\n\n\t\t<\/div>\n\n\t\t\n\n\t\t<div class=\"section-content relative\">\n\t\t\t\n<div class=\"row align-center\"  id=\"row-1096096361\">\n\n\t<div id=\"col-610501760\" class=\"col medium-7 small-9 large-7\"  >\n\t\t\t\t<div class=\"col-inner text-center\"  >\n\t\t\t\n\t\t\t\n<h2><span style=\"font-size: 80%;\">Finansiering p\u00e5 afbetaling af dit nye fitnessudstyr med Santander Bank<\/span><\/p>\n\t<div id=\"gap-542954815\" class=\"gap-element clearfix\" style=\"display:block; height:auto;\">\n\t\t\n<style>\n#gap-542954815 {\n  padding-top: 70px;\n}\n<\/style>\n\t<\/div>\n\t\n<\/h2>\n<h3><span style=\"font-size: 140%;\">Tr\u00e6n f\u00f8rst og betal derefter<\/span><\/h3>\n\t\t<\/div>\n\t\t\t\t\t<\/div>\n\n\t\n<\/div>\n<div class=\"row align-center\"  id=\"row-594835115\">\n\n\t<div id=\"col-898400220\" class=\"col medium-4 small-9 large-4\"  >\n\t\t\t\t<div class=\"col-inner\"  >\n\t\t\t\n\t\t\t\n<h3 style=\"text-align: center;\"><span style=\"font-size: 90%;\">0% finansiering&nbsp;<\/span><\/h3>\n<p style=\"text-align: center;\"><span style=\"font-size: 90%;\">Med vores 0% afdragsl\u00e5n fra Santander Bank kan du tr\u00e6ne med endnu mere motivation.&nbsp;<\/span><\/p>\n\t\t<\/div>\n\t\t\t\t\t<\/div>\n\n\t\n\n\t<div id=\"col-992599241\" class=\"col medium-4 small-9 large-4\"  >\n\t\t\t\t<div class=\"col-inner\"  >\n\t\t\t\n\t\t\t\n<h3 style=\"text-align: center;\"><span style=\"font-size: 90%;\">M\u00e5nedlig afbetaling<\/span><\/h3>\n<p class=\"bodytext\" style=\"text-align: center;\"><span style=\"font-size: 90%;\">V\u00e6lg en l\u00f8betid p\u00e5 mellem 6 og 24 m\u00e5neder for din afbetaling.<\/span><\/p>\n\t\t<\/div>\n\t\t\t\t\t<\/div>\n\n\t\n\n\t<div id=\"col-1892012655\" class=\"col medium-4 small-9 large-4\"  >\n\t\t\t\t<div class=\"col-inner\"  >\n\t\t\t\n\t\t\t\n<h3 style=\"text-align: center;\"><span style=\"font-size: 90%;\">Ukompliceret betaling<\/span><\/h3>\n<p style=\"text-align: center;\"><span style=\"font-size: 90%;\">Du modtager varerne og begynder derefter bekvemt at betale i rater.&nbsp;<\/span><\/p>\n\t\t<\/div>\n\t\t\t\t\t<\/div>\n\n\t\n\n\t<div id=\"col-254157380\" class=\"col medium-9 small-12 large-9\"  >\n\t\t\t\t<div class=\"col-inner text-center\"  >\n\t\t\t\n\t\t\t\n\t<div id=\"gap-69732113\" class=\"gap-element clearfix\" style=\"display:block; height:auto;\">\n\t\t\n<style>\n#gap-69732113 {\n  padding-top: 50px;\n}\n<\/style>\n\t<\/div>\n\t\n<h2><span style=\"font-size: 70%;\">Dit helbred er vigtigt for os. Med vores praktiske 0%-finansiering bliver k\u00f8bsprisen en mindre sag. Vores partner Santander Bank h\u00e5ndterer din finansiering i nogle f\u00e5, ukomplicerede trin. Du modtager dit nye fitnessudstyr, og f\u00f8rst derefter begynder du at betale.   <\/span><\/p>\n\t\t<\/div>\n\t\t\t\t\t<\/div>\n\n\t\n<\/div>\n\t<div id=\"gap-262127579\" class=\"gap-element clearfix\" style=\"display:block; height:auto;\">\n\t\t\n<style>\n#gap-262127579 {\n  padding-top: 80px;\n}\n<\/style>\n\t<\/div>\n\t\n<div class=\"row align-middle align-center\"  id=\"row-696465700\">\n\n\t<div id=\"col-394107812\" class=\"col medium-6 small-12 large-6\"  >\n\t\t\t\t<div class=\"col-inner\"  >\n\t\t\t\n\t\t\t\n<a href=\"https:\/\/stil-fit.com\/ergometer\/\" class=\"button primary is-outline is-small\"  style=\"border-radius:99px;\">\n\t\t<span>Motionscykel<\/span>\n\t<\/a>\n\n<a href=\"https:\/\/stil-fit.com\/da\/romaskine\/\" class=\"button primary is-outline is-small\"  style=\"border-radius:99px;\">\n\t\t<span>Romaskine<\/span>\n\t<\/a>\n\n<a href=\"https:\/\/stil-fit.com\/kabelzug\/\" class=\"button primary is-outline is-small\"  style=\"border-radius:99px;\">\n\t\t<span>Fitness v\u00e6g<\/span>\n\t<\/a>\n\n<a href=\"https:\/\/stil-fit.com\/da\/tilbehoer\/\" class=\"button primary is-outline is-small\"  style=\"border-radius:99px;\">\n\t\t<span>Tilbeh\u00f8r<\/span>\n\t<\/a>\n\n\t\t<\/div>\n\t\t\t\t\t<\/div>\n\n\t\n<\/div>\n\t\t<\/div>\n\n\t\t\n<style>\n#section_1221134795 {\n  padding-top: 100px;\n  padding-bottom: 100px;\n  background-color: rgb(255,255,255);\n}\n<\/style>\n\t<\/section>\n\t","protected":false},"excerpt":{"rendered":"","protected":false},"author":2,"featured_media":0,"parent":0,"menu_order":1,"comment_status":"closed","ping_status":"closed","template":"page-blank.php","meta":{"_monsterinsights_skip_tracking":false,"_monsterinsights_sitenote_active":false,"_monsterinsights_sitenote_note":"","_monsterinsights_sitenote_category":0,"footnotes":""},"yst_prominent_words":[570,564,172,573,576,575,569,567,579,565,581,578,577,572,571,161,566,574,568,580],"class_list":["post-34564","page","type-page","status-publish","hentry"],"yoast_head":"<!-- This site is optimized with the Yoast SEO Premium plugin v14.5 - https:\/\/yoast.com\/wordpress\/plugins\/seo\/ -->\n<title>Finansiering | STIL-FIT<\/title>\n<meta name=\"robots\" content=\"index, follow\" \/>\n<meta name=\"googlebot\" content=\"index, follow, max-snippet:-1, max-image-preview:large, max-video-preview:-1\" \/>\n<meta name=\"bingbot\" content=\"index, follow, max-snippet:-1, max-image-preview:large, max-video-preview:-1\" \/>\n<link rel=\"canonical\" href=\"https:\/\/stil-fit.com\/da\/finansiering\/\" \/>\n<meta property=\"og:locale\" content=\"da_DK\" \/>\n<meta property=\"og:type\" content=\"article\" \/>\n<meta property=\"og:title\" content=\"Finansiering | STIL-FIT\" \/>\n<meta property=\"og:url\" content=\"https:\/\/stil-fit.com\/da\/finansiering\/\" \/>\n<meta property=\"og:site_name\" content=\"STIL-FIT\" \/>\n<meta property=\"article:publisher\" content=\"https:\/\/de-de.facebook.com\/stilfit\/\" \/>\n<meta property=\"article:modified_time\" content=\"2025-03-20T15:48:43+00:00\" \/>\n<meta name=\"twitter:card\" content=\"summary_large_image\" \/>\n<script type=\"application\/ld+json\" class=\"yoast-schema-graph\">{\"@context\":\"https:\/\/schema.org\",\"@graph\":[{\"@type\":\"Organization\",\"@id\":\"https:\/\/stil-fit.com\/da\/#organization\",\"name\":\"STIL-FIT International GmbH\",\"url\":\"https:\/\/stil-fit.com\/da\/\",\"sameAs\":[\"https:\/\/de-de.facebook.com\/stilfit\/\",\"https:\/\/www.instagram.com\/stil_fit_int\/\",\"https:\/\/www.linkedin.com\/company\/stil-fit-international-gmbh\",\"https:\/\/www.youtube.com\/channel\/UC2HA1BeZtFB0acPMfq1hKdQ\",\"https:\/\/www.pinterest.com\/STILFITInt\/\"],\"logo\":{\"@type\":\"ImageObject\",\"@id\":\"https:\/\/stil-fit.com\/da\/#logo\",\"inLanguage\":\"da-DK\",\"url\":\"https:\/\/stil-fit.com\/wp-content\/uploads\/2019\/02\/stilfit_logo.jpg\",\"width\":150,\"height\":150,\"caption\":\"STIL-FIT International GmbH\"},\"image\":{\"@id\":\"https:\/\/stil-fit.com\/da\/#logo\"}},{\"@type\":\"WebSite\",\"@id\":\"https:\/\/stil-fit.com\/da\/#website\",\"url\":\"https:\/\/stil-fit.com\/da\/\",\"name\":\"STIL-FIT\",\"description\":\"Stil-fit\",\"publisher\":{\"@id\":\"https:\/\/stil-fit.com\/da\/#organization\"},\"potentialAction\":[{\"@type\":\"SearchAction\",\"target\":\"https:\/\/stil-fit.com\/da\/?s={search_term_string}\",\"query-input\":\"required name=search_term_string\"}],\"inLanguage\":\"da-DK\"},{\"@type\":\"WebPage\",\"@id\":\"https:\/\/stil-fit.com\/da\/finansiering\/#webpage\",\"url\":\"https:\/\/stil-fit.com\/da\/finansiering\/\",\"name\":\"Finansiering | STIL-FIT\",\"isPartOf\":{\"@id\":\"https:\/\/stil-fit.com\/da\/#website\"},\"datePublished\":\"2025-03-20T15:48:33+00:00\",\"dateModified\":\"2025-03-20T15:48:43+00:00\",\"inLanguage\":\"da-DK\",\"potentialAction\":[{\"@type\":\"ReadAction\",\"target\":[\"https:\/\/stil-fit.com\/da\/finansiering\/\"]}]}]}<\/script>\n<!-- \/ Yoast SEO Premium plugin. -->","post_mailing_queue_ids":[],"_links":{"self":[{"href":"https:\/\/stil-fit.com\/da\/wp-json\/wp\/v2\/pages\/34564","targetHints":{"allow":["GET"]}}],"collection":[{"href":"https:\/\/stil-fit.com\/da\/wp-json\/wp\/v2\/pages"}],"about":[{"href":"https:\/\/stil-fit.com\/da\/wp-json\/wp\/v2\/types\/page"}],"author":[{"embeddable":true,"href":"https:\/\/stil-fit.com\/da\/wp-json\/wp\/v2\/users\/2"}],"replies":[{"embeddable":true,"href":"https:\/\/stil-fit.com\/da\/wp-json\/wp\/v2\/comments?post=34564"}],"version-history":[{"count":1,"href":"https:\/\/stil-fit.com\/da\/wp-json\/wp\/v2\/pages\/34564\/revisions"}],"predecessor-version":[{"id":34566,"href":"https:\/\/stil-fit.com\/da\/wp-json\/wp\/v2\/pages\/34564\/revisions\/34566"}],"wp:attachment":[{"href":"https:\/\/stil-fit.com\/da\/wp-json\/wp\/v2\/media?parent=34564"}],"wp:term":[{"taxonomy":"yst_prominent_words","embeddable":true,"href":"https:\/\/stil-fit.com\/da\/wp-json\/wp\/v2\/yst_prominent_words?post=34564"}],"curies":[{"name":"wp","href":"https:\/\/api.w.org\/{rel}","templated":true}]}}