{"id":34579,"date":"2025-03-20T16:48:52","date_gmt":"2025-03-20T15:48:52","guid":{"rendered":"https:\/\/stil-fit.com\/gtc\/"},"modified":"2025-03-20T16:49:06","modified_gmt":"2025-03-20T15:49:06","slug":"gtc","status":"publish","type":"page","link":"https:\/\/stil-fit.com\/da\/gtc\/","title":{"rendered":"GTC"},"content":{"rendered":"<div class=\"row\"  id=\"row-298254516\">\n\n\n\t<div id=\"col-432411141\" class=\"col small-12 large-12\"  >\n\t\t\t\t<div class=\"col-inner\"  >\n\t\t\t\n\t\t\t\n\n\t<div id=\"gap-354528889\" class=\"gap-element clearfix\" style=\"display:block; height:auto;\">\n\t\t\n<style>\n#gap-354528889 {\n  padding-top: 100px;\n}\n<\/style>\n\t<\/div>\n\t\n\n<h1>Generelle vilk\u00e5r og betingelser \/\/ STIL-FIT International GmbH<\/h1>\n<p> <\/p>\n<ol>\n<li>Generel information<\/li>\n<\/ol>\n<p>Vores generelle vilk\u00e5r og betingelser g\u00e6lder for alle vores forretningsforbindelser med vores kunder. De g\u00e6lder ogs\u00e5 som rammeaftale for fremtidige kontrakter om salg og\/eller levering af l\u00f8s\u00f8re med de samme kunder, uden at vi beh\u00f8ver at henvise til dem igen i hvert enkelt tilf\u00e6lde. Kundens generelle vilk\u00e5r og betingelser bliver ikke en del af kontrakter, der indg\u00e5s med os, medmindre vi udtrykkeligt har accepteret at inkludere dem skriftligt.  <\/p>\n<ol start=\"2\">\n<li>Indg\u00e5else af kontrakt<\/li>\n<\/ol>\n<p>Kundens bestilling af varer betragtes som et bindende kontrakttilbud. I s\u00e5danne tilf\u00e6lde indg\u00e5s kontrakten med os med vores ordrebekr\u00e6ftelse (e-mail er tilstr\u00e6kkelig). Medmindre andet er angivet i kundens ordre, har vi ret til at acceptere dette kontrakttilbud inden for fire uger efter modtagelsen af det hos os. Hvis kundens ordreafgivelse indledes med et juridisk bindende tilbud fra os, indg\u00e5s kontrakten, n\u00e5r kunden afgiver ordren til os, uden at der er behov for en yderligere bekr\u00e6ftelse fra os.   <\/p>\n<ol start=\"3\">\n<li>Priser<\/li>\n<\/ol>\n<p>3.1 Medmindre andet udtrykkeligt er aftalt, er priserne ab lager, plus den g\u00e6ldende lovpligtige moms og, hvis det er angivet i ordrebekr\u00e6ftelsen, andre omkostninger, is\u00e6r fragt og porto. <\/p>\n<p>3.2 Hvis en kunde med hjemsted uden for Forbundsrepublikken Tyskland (ekstern kunde) eller dennes bemyndigede repr\u00e6sentant afhenter varer og transporterer eller sender dem til det eksterne omr\u00e5de, skal kunden give os det bevis for eksport, der kr\u00e6ves til skatteform\u00e5l. Hvis dette bevis ikke freml\u00e6gges, skal kunden betale os det momsbel\u00f8b, der g\u00e6lder for leverancer inden for Tyskland, fra fakturabel\u00f8bet.  <\/p>\n<ol start=\"4\">\n<li>Leveringsfrister, umulighed og erstatningskrav<\/li>\n<\/ol>\n<p>4.1 Faste datoer er kun gyldigt aftalt, hvis vi har bekr\u00e6ftet dem skriftligt. <\/p>\n<p>4.2 Hvis vi ikke er i stand til at overholde bindende leveringsfrister eller aftalte leveringsdatoer af \u00e5rsager, som vi ikke er ansvarlige for, is\u00e6r i tilf\u00e6lde af manglende tilg\u00e6ngelighed af ydelsen, vil vi straks informere k\u00f8beren om dette og samtidig informere k\u00f8beren om den forventede nye leveringsfrist. Hvis ydelsen heller ikke er tilg\u00e6ngelig inden for den nye leveringsfrist, er vi berettiget til at tr\u00e6de helt eller delvist tilbage fra kontrakten; vi refunderer straks ethvert vederlag, der allerede er betalt af k\u00f8beren. Et tilf\u00e6lde af manglende tilg\u00e6ngelighed af ydelsen i denne forstand er is\u00e6r vores leverand\u00f8rs manglende rettidige levering til os, hvis vi har indg\u00e5et en specifik d\u00e6kningstransaktion, hvis hverken vi eller vores leverand\u00f8r er skyld i det, eller hvis vi ikke er forpligtet til at anskaffe i det enkelte tilf\u00e6lde.   <\/p>\n<p>4.3 I tilf\u00e6lde af forsinkelse eller manglende opfyldelse, som vi er ansvarlige for, er skadeserstatningskrav fra kunden udelukket. Dette g\u00e6lder ikke, hvis ansvaret er obligatorisk i tilf\u00e6lde af fors\u00e6t, grov uagtsomhed eller skade p\u00e5 liv, lemmer eller helbred. Ellers g\u00e6lder \u00a7 323 BGB med det forbehold, at den frist, der skal indr\u00f8mmes os, skal v\u00e6re p\u00e5 mindst fire uger.   <\/p>\n<p>4.4 Andre krav p\u00e5 skadeserstatning og godtg\u00f8relse af udgifter fra kunden, uanset retsgrundlaget, is\u00e6r p\u00e5 grund af overtr\u00e6delser af pligter, der f\u00f8lger af den kontraktlige forpligtelse og af uautoriserede handlinger, er udelukket. Dette g\u00e6lder ikke i tilf\u00e6lde af obligatorisk ansvar, f.eks. i henhold til produktansvarsloven, i tilf\u00e6lde af fors\u00e6t, grov uagtsomhed, skade p\u00e5 liv, lemmer eller helbred eller overtr\u00e6delse af v\u00e6sentlige kontraktlige forpligtelser. Erstatningskravet for misligholdelse af v\u00e6sentlige kontraktlige forpligtelser er dog begr\u00e6nset til den forudsigelige skade, der er typisk for kontrakten, medmindre der er tale om fors\u00e6t eller grov uagtsomhed eller ansvar for skade p\u00e5 liv, lemmer eller helbred. En \u00e6ndring af bevisbyrden til skade for kunden er ikke forbundet med ovenst\u00e5ende bestemmelser.    <\/p>\n<p>4.5 Indirekte f\u00f8lgeskader og krav fra kunden for tabt fortjeneste er udelukket. <\/p>\n<ol start=\"5\">\n<li>Betaling<\/li>\n<\/ol>\n<p>5.1 Fakturaer er umiddelbart forfaldne og skal betales uden fradrag af rabat, medmindre andet fremg\u00e5r af fakturaen. <\/p>\n<p>5.2 Fra forfaldsdatoen har vi ret til renter p\u00e5 8 procentpoint over den respektive basisrentesats. Vi forbeholder os ret til at bevise yderligere skader for\u00e5rsaget af misligholdelse.  <\/p>\n<ol start=\"6\">\n<li>Garanti for materialefejl<\/li>\n<\/ol>\n<p>6.1 Hvis den leverede vare er mangelfuld, har vi i f\u00f8rste omgang ret til efteropfyldelse. Vi kan v\u00e6lge mellem at udbedre manglen (reparation) eller levere en ny mangelfri vare. Reparationen vil enten blive udf\u00f8rt p\u00e5 stedet af vores serviceteam, eller apparatet vil blive afhentet og leveret tilbage til kunden, n\u00e5r reparationen er afsluttet. Transporten er gratis. Hvis den efterf\u00f8lgende opfyldelse mislykkes eller ikke udf\u00f8res inden for en rimelig tidsperiode, kan kunden efter eget valg reducere prisen eller tr\u00e6kke sig ud af kontrakten.     <\/p>\n<p>6.2 Skader som f\u00f8lge af forkert h\u00e5ndtering, manglende overholdelse af betjeningsvejledningen, utilstr\u00e6kkelig pleje, brug af vold eller normal slitage er ikke d\u00e6kket af ovenst\u00e5ende garanti. <\/p>\n<p>6.3 Kunden skal straks underrette os skriftligt, hvis der konstateres mangler. <\/p>\n<p>6.4 For\u00e6ldelsesfristen i henhold til lovens bestemmelser er 2 \u00e5r.<\/p>\n<ol start=\"7\">\n<li>Bevarelse af ejendomsretten<\/li>\n<\/ol>\n<p>7.1 Vi forbeholder os ejendomsretten til de leverede varer, indtil alle krav fra vores forretningsforhold med kunden er opfyldt. <\/p>\n<p>7.2 Kunden er berettiget til at videres\u00e6lge varerne med ejendomsforbehold i det almindelige forretningsforl\u00f8b, s\u00e5 l\u00e6nge han beh\u00f8rigt opfylder sine forpligtelser i forbindelse med forretningsforbindelsen med os. Han m\u00e5 dog hverken pants\u00e6tte varerne eller overdrage dem som sikkerhed. Han skal straks underrette os skriftligt, hvis og i det omfang tredjeparter beslagl\u00e6gger varer, der tilh\u00f8rer os, eller krav, der er overdraget til os som sikkerhed. Kunden skal straks give os de dokumenter, der er n\u00f8dvendige for en indgriben.    <\/p>\n<p>7.3 Hvis kunden handler i strid med kontrakten, er i betalingsmisligholdelse eller hvis kundens \u00f8konomiske situation forv\u00e6rres v\u00e6sentligt, er vi berettiget til at kr\u00e6ve tilbagelevering af varer med ejendomsforbehold for kundens regning, ogs\u00e5 uden at g\u00f8re brug af fortrydelsesretten og uden at fasts\u00e6tte en frist, og til at g\u00e5 ind i vores kundes forretningslokaler for at afhente varerne. Vi har ret til at videres\u00e6lge varer, der er taget tilbage, i det almindelige forretningsforl\u00f8b.  <\/p>\n<p>7.4 Hvis forbeholdte varer s\u00e6lges af kunden, overdrager kunden hermed de krav, der opst\u00e5r som f\u00f8lge af videresalget, til os med et bel\u00f8b svarende til fakturav\u00e6rdien af de forbeholdte varer med alle tilknyttede rettigheder og prioritet over resten; erstatningskrav mod tredjeparter vedr\u00f8rende de forbeholdte varer overdrages ogs\u00e5 til os; vi accepterer hermed overdragelsen. <\/p>\n<p>7.5 En overdragelse af kundens krav til tredjepart (herunder en overdragelse i form af \u00e6gte factoring) er kun tilladt i tilf\u00e6lde af salg af varer med ejendomsforbehold, hvis vi har givet vores forudg\u00e5ende skriftlige samtykke til overdragelsen. I tilf\u00e6lde af samtykke overdrager kunden hermed sit krav mod tredjemand til os.  <\/p>\n<p>7.6 Hvis realisationsv\u00e6rdien af de sikkerheder, som vi har ret til i henhold til ovenst\u00e5ende bestemmelser, overstiger vores krav mod kunden med mere end 10 %, frigiver vi p\u00e5 kundens anmodning sikkerheder efter eget valg. <\/p>\n<ol start=\"8\">\n<li>Reparationer uden for garantien<\/li>\n<\/ol>\n<p>Reparationer, som vi ikke er forpligtet til at udf\u00f8re p\u00e5 grund af berettigede krav om materielle mangler fra kundens side, udf\u00f8res af os mod betaling af det aftalte, ellers s\u00e6dvanlige vederlag. Kunden b\u00e6rer omkostningerne og risikoen for forsendelse og returnering. Vi accepterer kun reparationsordrer efter forudg\u00e5ende aftale.  <\/p>\n<ol start=\"11\">\n<li>Kundens returret ved onlinesalg<\/li>\n<\/ol>\n<p>Kunden har 14 dage fra levering til at beslutte, om han \u00f8nsker at beholde varerne. Han kan anmode om returnering af forsendelsen pr. post til STIL-FIT International GmbH, Sch\u00e4ftlarnstr 156, 81371 M\u00fcnchen, ved at sende en e-mail til info@stil-fit.com eller pr. fax til +49 89.13.93 60 43. Returneringen er gratis.  <\/p>\n<ol start=\"12\">\n<li>Beskyttelse af data<\/li>\n<\/ol>\n<p>Alle personlige data behandles fortroligt. De data, der er n\u00f8dvendige for forretningstransaktioner, gemmes og videresendes om n\u00f8dvendigt til tilknyttede virksomheder som en del af ordrebehandlingen. <\/p>\n<ol start=\"13\">\n<li>Sted for jurisdiktion<\/li>\n<\/ol>\n<p>Hele det juridiske forhold til kunden er underlagt lovgivningen i Forbundsrepublikken Tyskland med undtagelse af FN&#8217;s konvention om aftaler om internationalt salg af varer (CISG).<\/p>\n<ol start=\"14\">\n<li>Klausul om adskillelse<\/li>\n<\/ol>\n<p>Hvis enkelte bestemmelser i disse GTC eller den underliggende kontrakt er eller bliver ugyldige, p\u00e5virker dette ikke gyldigheden af de resterende bestemmelser og aftaler. En ugyldig bestemmelse skal anses for at v\u00e6re erstattet af en bestemmelse, der kommer t\u00e6ttest p\u00e5 parternes \u00f8konomiske hensigt. <\/p>\n<p>Status: november 2019<\/p>\n\n\t\t<\/div>\n\t\t\t\t\t<\/div>\n\n\t\n\n<\/div>","protected":false},"excerpt":{"rendered":"","protected":false},"author":2,"featured_media":0,"parent":0,"menu_order":0,"comment_status":"closed","ping_status":"closed","template":"page-blank.php","meta":{"_monsterinsights_skip_tracking":false,"_monsterinsights_sitenote_active":false,"_monsterinsights_sitenote_note":"","_monsterinsights_sitenote_category":0,"footnotes":""},"yst_prominent_words":[],"class_list":["post-34579","page","type-page","status-publish","hentry"],"yoast_head":"<!-- This site is optimized with the Yoast SEO Premium plugin v14.5 - https:\/\/yoast.com\/wordpress\/plugins\/seo\/ -->\n<title>GTC | STIL-FIT<\/title>\n<meta name=\"robots\" content=\"index, follow\" \/>\n<meta name=\"googlebot\" content=\"index, follow, max-snippet:-1, max-image-preview:large, max-video-preview:-1\" \/>\n<meta name=\"bingbot\" content=\"index, follow, max-snippet:-1, max-image-preview:large, max-video-preview:-1\" \/>\n<link rel=\"canonical\" href=\"https:\/\/stil-fit.com\/da\/gtc\/\" \/>\n<meta property=\"og:locale\" content=\"da_DK\" \/>\n<meta property=\"og:type\" content=\"article\" \/>\n<meta property=\"og:title\" content=\"GTC | STIL-FIT\" \/>\n<meta property=\"og:url\" content=\"https:\/\/stil-fit.com\/da\/gtc\/\" \/>\n<meta property=\"og:site_name\" content=\"STIL-FIT\" \/>\n<meta property=\"article:publisher\" content=\"https:\/\/de-de.facebook.com\/stilfit\/\" \/>\n<meta property=\"article:modified_time\" content=\"2025-03-20T15:49:06+00:00\" \/>\n<meta name=\"twitter:card\" content=\"summary_large_image\" \/>\n<script type=\"application\/ld+json\" class=\"yoast-schema-graph\">{\"@context\":\"https:\/\/schema.org\",\"@graph\":[{\"@type\":\"Organization\",\"@id\":\"https:\/\/stil-fit.com\/da\/#organization\",\"name\":\"STIL-FIT International GmbH\",\"url\":\"https:\/\/stil-fit.com\/da\/\",\"sameAs\":[\"https:\/\/de-de.facebook.com\/stilfit\/\",\"https:\/\/www.instagram.com\/stil_fit_int\/\",\"https:\/\/www.linkedin.com\/company\/stil-fit-international-gmbh\",\"https:\/\/www.youtube.com\/channel\/UC2HA1BeZtFB0acPMfq1hKdQ\",\"https:\/\/www.pinterest.com\/STILFITInt\/\"],\"logo\":{\"@type\":\"ImageObject\",\"@id\":\"https:\/\/stil-fit.com\/da\/#logo\",\"inLanguage\":\"da-DK\",\"url\":\"https:\/\/stil-fit.com\/wp-content\/uploads\/2019\/02\/stilfit_logo.jpg\",\"width\":150,\"height\":150,\"caption\":\"STIL-FIT International GmbH\"},\"image\":{\"@id\":\"https:\/\/stil-fit.com\/da\/#logo\"}},{\"@type\":\"WebSite\",\"@id\":\"https:\/\/stil-fit.com\/da\/#website\",\"url\":\"https:\/\/stil-fit.com\/da\/\",\"name\":\"STIL-FIT\",\"description\":\"Stil-fit\",\"publisher\":{\"@id\":\"https:\/\/stil-fit.com\/da\/#organization\"},\"potentialAction\":[{\"@type\":\"SearchAction\",\"target\":\"https:\/\/stil-fit.com\/da\/?s={search_term_string}\",\"query-input\":\"required name=search_term_string\"}],\"inLanguage\":\"da-DK\"},{\"@type\":\"WebPage\",\"@id\":\"https:\/\/stil-fit.com\/da\/gtc\/#webpage\",\"url\":\"https:\/\/stil-fit.com\/da\/gtc\/\",\"name\":\"GTC | STIL-FIT\",\"isPartOf\":{\"@id\":\"https:\/\/stil-fit.com\/da\/#website\"},\"datePublished\":\"2025-03-20T15:48:52+00:00\",\"dateModified\":\"2025-03-20T15:49:06+00:00\",\"inLanguage\":\"da-DK\",\"potentialAction\":[{\"@type\":\"ReadAction\",\"target\":[\"https:\/\/stil-fit.com\/da\/gtc\/\"]}]}]}<\/script>\n<!-- \/ Yoast SEO Premium plugin. -->","post_mailing_queue_ids":[],"_links":{"self":[{"href":"https:\/\/stil-fit.com\/da\/wp-json\/wp\/v2\/pages\/34579","targetHints":{"allow":["GET"]}}],"collection":[{"href":"https:\/\/stil-fit.com\/da\/wp-json\/wp\/v2\/pages"}],"about":[{"href":"https:\/\/stil-fit.com\/da\/wp-json\/wp\/v2\/types\/page"}],"author":[{"embeddable":true,"href":"https:\/\/stil-fit.com\/da\/wp-json\/wp\/v2\/users\/2"}],"replies":[{"embeddable":true,"href":"https:\/\/stil-fit.com\/da\/wp-json\/wp\/v2\/comments?post=34579"}],"version-history":[{"count":1,"href":"https:\/\/stil-fit.com\/da\/wp-json\/wp\/v2\/pages\/34579\/revisions"}],"predecessor-version":[{"id":34581,"href":"https:\/\/stil-fit.com\/da\/wp-json\/wp\/v2\/pages\/34579\/revisions\/34581"}],"wp:attachment":[{"href":"https:\/\/stil-fit.com\/da\/wp-json\/wp\/v2\/media?parent=34579"}],"wp:term":[{"taxonomy":"yst_prominent_words","embeddable":true,"href":"https:\/\/stil-fit.com\/da\/wp-json\/wp\/v2\/yst_prominent_words?post=34579"}],"curies":[{"name":"wp","href":"https:\/\/api.w.org\/{rel}","templated":true}]}}