{"id":35088,"date":"2025-03-26T03:35:09","date_gmt":"2025-03-26T02:35:09","guid":{"rendered":"https:\/\/stil-fit.com\/shop\/triceps-rope\/"},"modified":"2025-03-27T13:31:28","modified_gmt":"2025-03-27T12:31:28","slug":"triceps-rope","status":"publish","type":"product","link":"https:\/\/stil-fit.com\/da\/shop\/triceps-rope\/","title":{"rendered":"STIL-FIT Triceps Rope"},"content":{"rendered":"<h1><strong>STIL-FIT Triceps Rope<\/strong><\/h1>\n<p>Vores tricepsreb med drejeled er ideelt til den klassiske <em>franske presse<\/em> og mange andre \u00f8velser, der retter sig mod triceps.<\/p>\n<p>Dette reb er fremstillet i studiekvalitet og er derfor en ideel tilf\u00f8jelse til din egen Hjemmegymnastik.<\/p>\n<p>Rebets ekstremt fleksible form g\u00f8r det muligt at tr\u00e6ne specifikke muskelgrupper og muskeldele p\u00e5 en variabel og m\u00e5lrettet m\u00e5de.<\/p>\n","protected":false},"excerpt":{"rendered":"<p>&nbsp;<\/p>\n<ul>\n<li>Med drejeled<\/li>\n<li>Meget alsidig<\/li>\n<li>Gratis forsendelse (GER &amp; AT)<\/li>\n<\/ul>\n","protected":false},"featured_media":31610,"comment_status":"closed","ping_status":"closed","template":"","meta":{"_monsterinsights_skip_tracking":false,"_monsterinsights_sitenote_active":false,"_monsterinsights_sitenote_note":"","_monsterinsights_sitenote_category":0},"product_brand":[],"product_cat":[2917,2925,2901],"product_tag":[],"yst_prominent_words":[256,219,259,785,1968,251,261,265,1967,267],"class_list":{"0":"post-35088","1":"product","2":"type-product","3":"status-publish","4":"has-post-thumbnail","6":"product_cat-fitness-vaeg","7":"product_cat-styrketraening","8":"product_cat-tilbehoer","10":"first","11":"instock","12":"taxable","13":"shipping-taxable","14":"purchasable","15":"product-type-simple"},"composite_virtual":false,"composite_layout":"","composite_add_to_cart_form_location":"","composite_editable_in_cart":false,"composite_sold_individually_context":"","composite_shop_price_calc":"","composite_components":[],"composite_scenarios":[],"bundled_by":[],"bundle_stock_status":"instock","bundle_stock_quantity":null,"bundle_virtual":false,"bundle_layout":"","bundle_add_to_cart_form_location":"","bundle_editable_in_cart":false,"bundle_sold_individually_context":"","bundle_item_grouping":"","bundle_min_size":"","bundle_max_size":"","bundle_price":[],"bundled_items":[],"bundle_sell_ids":[774,1095,1047],"yoast_head":"<!-- This site is optimized with the Yoast SEO Premium plugin v14.5 - https:\/\/yoast.com\/wordpress\/plugins\/seo\/ -->\n<title>STIL-FIT Triceps Rope | Intet bedre til at dyrke dine tricpes<\/title>\n<meta name=\"description\" content=\"Vores triceps-reb giver mulighed for mere effektiv tr\u00e6ning af triceps, biceps, skuldre og mavemuskler. Designet til at optimere sammentr\u00e6kningen af triceps.\" \/>\n<meta name=\"robots\" content=\"index, follow\" \/>\n<meta name=\"googlebot\" content=\"index, follow, max-snippet:-1, max-image-preview:large, max-video-preview:-1\" \/>\n<meta name=\"bingbot\" content=\"index, follow, max-snippet:-1, max-image-preview:large, max-video-preview:-1\" \/>\n<link rel=\"canonical\" href=\"https:\/\/stil-fit.com\/da\/shop\/triceps-rope\/\" \/>\n<meta property=\"og:locale\" content=\"da_DK\" \/>\n<meta property=\"og:type\" content=\"article\" \/>\n<meta property=\"og:title\" content=\"STIL-FIT Triceps Rope | Intet bedre til at dyrke dine tricpes\" \/>\n<meta property=\"og:description\" content=\"Vores triceps-reb giver mulighed for mere effektiv tr\u00e6ning af triceps, biceps, skuldre og mavemuskler. Designet til at optimere sammentr\u00e6kningen af triceps.\" \/>\n<meta property=\"og:url\" content=\"https:\/\/stil-fit.com\/da\/shop\/triceps-rope\/\" \/>\n<meta property=\"og:site_name\" content=\"STIL-FIT\" \/>\n<meta property=\"article:publisher\" content=\"https:\/\/de-de.facebook.com\/stilfit\/\" \/>\n<meta property=\"article:modified_time\" content=\"2025-03-27T12:31:28+00:00\" \/>\n<meta property=\"og:image\" content=\"https:\/\/stil-fit.com\/wp-content\/uploads\/2023\/10\/STIL-FIT-Trizepsseil.jpg\" \/>\n\t<meta property=\"og:image:width\" content=\"787\" \/>\n\t<meta property=\"og:image:height\" content=\"787\" \/>\n<meta name=\"twitter:card\" content=\"summary_large_image\" \/>\n<script type=\"application\/ld+json\" class=\"yoast-schema-graph\">{\"@context\":\"https:\/\/schema.org\",\"@graph\":[{\"@type\":\"Organization\",\"@id\":\"https:\/\/stil-fit.com\/da\/#organization\",\"name\":\"STIL-FIT International GmbH\",\"url\":\"https:\/\/stil-fit.com\/da\/\",\"sameAs\":[\"https:\/\/de-de.facebook.com\/stilfit\/\",\"https:\/\/www.instagram.com\/stil_fit_int\/\",\"https:\/\/www.linkedin.com\/company\/stil-fit-international-gmbh\",\"https:\/\/www.youtube.com\/channel\/UC2HA1BeZtFB0acPMfq1hKdQ\",\"https:\/\/www.pinterest.com\/STILFITInt\/\"],\"logo\":{\"@type\":\"ImageObject\",\"@id\":\"https:\/\/stil-fit.com\/da\/#logo\",\"inLanguage\":\"da-DK\",\"url\":\"https:\/\/stil-fit.com\/wp-content\/uploads\/2019\/02\/stilfit_logo.jpg\",\"width\":150,\"height\":150,\"caption\":\"STIL-FIT International GmbH\"},\"image\":{\"@id\":\"https:\/\/stil-fit.com\/da\/#logo\"}},{\"@type\":\"WebSite\",\"@id\":\"https:\/\/stil-fit.com\/da\/#website\",\"url\":\"https:\/\/stil-fit.com\/da\/\",\"name\":\"STIL-FIT\",\"description\":\"Stil-fit\",\"publisher\":{\"@id\":\"https:\/\/stil-fit.com\/da\/#organization\"},\"potentialAction\":[{\"@type\":\"SearchAction\",\"target\":\"https:\/\/stil-fit.com\/da\/?s={search_term_string}\",\"query-input\":\"required name=search_term_string\"}],\"inLanguage\":\"da-DK\"},{\"@type\":\"ImageObject\",\"@id\":\"https:\/\/stil-fit.com\/da\/shop\/triceps-rope\/#primaryimage\",\"inLanguage\":\"da-DK\",\"url\":\"https:\/\/stil-fit.com\/wp-content\/uploads\/2023\/10\/STIL-FIT-Trizepsseil.jpg\",\"width\":787,\"height\":787},{\"@type\":\"WebPage\",\"@id\":\"https:\/\/stil-fit.com\/da\/shop\/triceps-rope\/#webpage\",\"url\":\"https:\/\/stil-fit.com\/da\/shop\/triceps-rope\/\",\"name\":\"STIL-FIT Triceps Rope | Intet bedre til at dyrke dine tricpes\",\"isPartOf\":{\"@id\":\"https:\/\/stil-fit.com\/da\/#website\"},\"primaryImageOfPage\":{\"@id\":\"https:\/\/stil-fit.com\/da\/shop\/triceps-rope\/#primaryimage\"},\"datePublished\":\"2025-03-26T02:35:09+00:00\",\"dateModified\":\"2025-03-27T12:31:28+00:00\",\"description\":\"Vores triceps-reb giver mulighed for mere effektiv tr\\u00e6ning af triceps, biceps, skuldre og mavemuskler. Designet til at optimere sammentr\\u00e6kningen af triceps.\",\"inLanguage\":\"da-DK\",\"potentialAction\":[{\"@type\":\"ReadAction\",\"target\":[\"https:\/\/stil-fit.com\/da\/shop\/triceps-rope\/\"]}]}]}<\/script>\n<!-- \/ Yoast SEO Premium plugin. -->","post_mailing_queue_ids":[],"_links":{"self":[{"href":"https:\/\/stil-fit.com\/da\/wp-json\/wp\/v2\/product\/35088","targetHints":{"allow":["GET"]}}],"collection":[{"href":"https:\/\/stil-fit.com\/da\/wp-json\/wp\/v2\/product"}],"about":[{"href":"https:\/\/stil-fit.com\/da\/wp-json\/wp\/v2\/types\/product"}],"replies":[{"embeddable":true,"href":"https:\/\/stil-fit.com\/da\/wp-json\/wp\/v2\/comments?post=35088"}],"wp:featuredmedia":[{"embeddable":true,"href":"https:\/\/stil-fit.com\/da\/wp-json\/wp\/v2\/media\/31610"}],"wp:attachment":[{"href":"https:\/\/stil-fit.com\/da\/wp-json\/wp\/v2\/media?parent=35088"}],"wp:term":[{"taxonomy":"product_brand","embeddable":true,"href":"https:\/\/stil-fit.com\/da\/wp-json\/wp\/v2\/product_brand?post=35088"},{"taxonomy":"product_cat","embeddable":true,"href":"https:\/\/stil-fit.com\/da\/wp-json\/wp\/v2\/product_cat?post=35088"},{"taxonomy":"product_tag","embeddable":true,"href":"https:\/\/stil-fit.com\/da\/wp-json\/wp\/v2\/product_tag?post=35088"},{"taxonomy":"yst_prominent_words","embeddable":true,"href":"https:\/\/stil-fit.com\/da\/wp-json\/wp\/v2\/yst_prominent_words?post=35088"}],"curies":[{"name":"wp","href":"https:\/\/api.w.org\/{rel}","templated":true}]}}