{"id":35145,"date":"2023-11-09T10:51:27","date_gmt":"2025-03-27T12:31:14","guid":{"rendered":"https:\/\/stil-fit.com\/shop\/stil-fit-bordholder-rower-pro\/"},"modified":"2025-03-27T13:31:14","modified_gmt":"2025-03-27T12:31:14","slug":"stil-fit-bordholder-rower-pro","status":"publish","type":"product","link":"https:\/\/stil-fit.com\/da\/shop\/stil-fit-bordholder-rower-pro\/","title":{"rendered":"STIL-FIT Bordholder Rower PRO"},"content":{"rendered":"<h1>STIL-FIT Bordholder Rower PRO<\/h1>\n<p>Med STIL-FIT tablet-holder kan du nyde fuld underholdning, mens du tr\u00e6ner. Se tv, din yndlingsserie p\u00e5 Netflix eller nyhederne. <\/p>\n<p>Bordholderen kan justeres i h\u00f8jde og vinkel. Hvis du ikke bruger roeren, kan du folde den sammen og gemme den v\u00e6k. <\/p>\n<h2>Nyd de mange underholdningsmuligheder<\/h2>\n<p>STIL-FIT Rower PRO er kompatibel med appene Kinomap og EXR for ekstra motivation. Oplev verden med tusindvis af robaner, konkurrer mod dine venner, og eksporter dine tr\u00e6ningsdata.<\/p>\n","protected":false},"excerpt":{"rendered":"<p>&nbsp;<\/p>\n<p>Tablet-holderen er den perfekte tilf\u00f8jelse til din STIL-FIT Romaskine PRO. Den giver dig mulighed for at placere din tablet foran dig, s\u00e5 du kan se din yndlingsserie p\u00e5 Netflix eller tv. Derudover kan du forbedre din tr\u00e6ning ved at bruge appene Kinomap eller EXR for at f\u00e5 en endnu bedre tr\u00e6ningsoplevelse.  <\/p>\n<ul>\n<li>Lavet til dig p\u00e5 vores fabrik i M\u00fcnchen.<\/li>\n<li>Fremstillet i Tyskland<\/li>\n<li>Gratis forsendelse<\/li>\n<\/ul>\n","protected":false},"featured_media":31620,"comment_status":"open","ping_status":"closed","template":"","meta":{"_monsterinsights_skip_tracking":false,"_monsterinsights_sitenote_active":false,"_monsterinsights_sitenote_note":"","_monsterinsights_sitenote_category":0},"product_brand":[],"product_cat":[2941,2901],"product_tag":[3135,3137,3134,3138,3131,3139],"yst_prominent_words":[256,1183,1424,1425,1440,1439,260,527,161,1188,1189,251,602,261,593,594,1182,267],"class_list":{"0":"post-35145","1":"product","2":"type-product","3":"status-publish","4":"has-post-thumbnail","6":"product_cat-romaskine","7":"product_cat-tilbehoer","8":"product_tag-bordholder","9":"product_tag-design-fitness-da","10":"product_tag-hjemmefitness","11":"product_tag-homegym-da","12":"product_tag-romaskine","13":"product_tag-roning","14":"product_shipping_class-kleingerate-da","16":"first","17":"instock","18":"taxable","19":"shipping-taxable","20":"purchasable","21":"product-type-simple"},"composite_virtual":false,"composite_layout":"","composite_add_to_cart_form_location":"","composite_editable_in_cart":false,"composite_sold_individually_context":"","composite_shop_price_calc":"","composite_components":[],"composite_scenarios":[],"bundled_by":[],"bundle_stock_status":"instock","bundle_stock_quantity":null,"bundle_virtual":false,"bundle_layout":"","bundle_add_to_cart_form_location":"","bundle_editable_in_cart":false,"bundle_sold_individually_context":"","bundle_item_grouping":"","bundle_min_size":"","bundle_max_size":"","bundle_price":[],"bundled_items":[],"bundle_sell_ids":[9946],"yoast_head":"<!-- This site is optimized with the Yoast SEO Premium plugin v14.5 - https:\/\/yoast.com\/wordpress\/plugins\/seo\/ -->\n<title>STIL-FIT Bordholder Rower PRO | Opgrader din Romaskine PRO<\/title>\n<meta name=\"description\" content=\"STIL-FIT Tablet-holder er designet, s\u00e5 du altid har din tablet synlig under tr\u00e6ningen. Passer til alle tabletst\u00f8rrelser.\" \/>\n<meta name=\"robots\" content=\"index, follow\" \/>\n<meta name=\"googlebot\" content=\"index, follow, max-snippet:-1, max-image-preview:large, max-video-preview:-1\" \/>\n<meta name=\"bingbot\" content=\"index, follow, max-snippet:-1, max-image-preview:large, max-video-preview:-1\" \/>\n<link rel=\"canonical\" href=\"https:\/\/stil-fit.com\/da\/shop\/stil-fit-bordholder-rower-pro\/\" \/>\n<meta property=\"og:locale\" content=\"da_DK\" \/>\n<meta property=\"og:type\" content=\"article\" \/>\n<meta property=\"og:title\" content=\"STIL-FIT Bordholder Rower PRO | Opgrader din Romaskine PRO\" \/>\n<meta property=\"og:description\" content=\"STIL-FIT Tablet-holder er designet, s\u00e5 du altid har din tablet synlig under tr\u00e6ningen. Passer til alle tabletst\u00f8rrelser.\" \/>\n<meta property=\"og:url\" content=\"https:\/\/stil-fit.com\/da\/shop\/stil-fit-bordholder-rower-pro\/\" \/>\n<meta property=\"og:site_name\" content=\"STIL-FIT\" \/>\n<meta property=\"article:publisher\" content=\"https:\/\/de-de.facebook.com\/stilfit\/\" \/>\n<meta property=\"og:image\" content=\"https:\/\/stil-fit.com\/wp-content\/uploads\/2023\/11\/STIL-FIT-Rower-PRO-Tablet-holder.jpg\" \/>\n\t<meta property=\"og:image:width\" content=\"785\" \/>\n\t<meta property=\"og:image:height\" content=\"785\" \/>\n<meta name=\"twitter:card\" content=\"summary_large_image\" \/>\n<script type=\"application\/ld+json\" class=\"yoast-schema-graph\">{\"@context\":\"https:\/\/schema.org\",\"@graph\":[{\"@type\":\"Organization\",\"@id\":\"https:\/\/stil-fit.com\/da\/#organization\",\"name\":\"STIL-FIT International GmbH\",\"url\":\"https:\/\/stil-fit.com\/da\/\",\"sameAs\":[\"https:\/\/de-de.facebook.com\/stilfit\/\",\"https:\/\/www.instagram.com\/stil_fit_int\/\",\"https:\/\/www.linkedin.com\/company\/stil-fit-international-gmbh\",\"https:\/\/www.youtube.com\/channel\/UC2HA1BeZtFB0acPMfq1hKdQ\",\"https:\/\/www.pinterest.com\/STILFITInt\/\"],\"logo\":{\"@type\":\"ImageObject\",\"@id\":\"https:\/\/stil-fit.com\/da\/#logo\",\"inLanguage\":\"da-DK\",\"url\":\"https:\/\/stil-fit.com\/wp-content\/uploads\/2019\/02\/stilfit_logo.jpg\",\"width\":150,\"height\":150,\"caption\":\"STIL-FIT International GmbH\"},\"image\":{\"@id\":\"https:\/\/stil-fit.com\/da\/#logo\"}},{\"@type\":\"WebSite\",\"@id\":\"https:\/\/stil-fit.com\/da\/#website\",\"url\":\"https:\/\/stil-fit.com\/da\/\",\"name\":\"STIL-FIT\",\"description\":\"Stil-fit\",\"publisher\":{\"@id\":\"https:\/\/stil-fit.com\/da\/#organization\"},\"potentialAction\":[{\"@type\":\"SearchAction\",\"target\":\"https:\/\/stil-fit.com\/da\/?s={search_term_string}\",\"query-input\":\"required name=search_term_string\"}],\"inLanguage\":\"da-DK\"},{\"@type\":\"ImageObject\",\"@id\":\"https:\/\/stil-fit.com\/da\/shop\/stil-fit-bordholder-rower-pro\/#primaryimage\",\"inLanguage\":\"da-DK\",\"url\":\"https:\/\/stil-fit.com\/wp-content\/uploads\/2023\/11\/STIL-FIT-Rower-PRO-Tablet-holder.jpg\",\"width\":785,\"height\":785},{\"@type\":\"WebPage\",\"@id\":\"https:\/\/stil-fit.com\/da\/shop\/stil-fit-bordholder-rower-pro\/#webpage\",\"url\":\"https:\/\/stil-fit.com\/da\/shop\/stil-fit-bordholder-rower-pro\/\",\"name\":\"STIL-FIT Bordholder Rower PRO | Opgrader din Romaskine PRO\",\"isPartOf\":{\"@id\":\"https:\/\/stil-fit.com\/da\/#website\"},\"primaryImageOfPage\":{\"@id\":\"https:\/\/stil-fit.com\/da\/shop\/stil-fit-bordholder-rower-pro\/#primaryimage\"},\"datePublished\":\"2025-03-27T12:31:14+00:00\",\"dateModified\":\"2025-03-27T12:31:14+00:00\",\"description\":\"STIL-FIT Tablet-holder er designet, s\\u00e5 du altid har din tablet synlig under tr\\u00e6ningen. Passer til alle tabletst\\u00f8rrelser.\",\"inLanguage\":\"da-DK\",\"potentialAction\":[{\"@type\":\"ReadAction\",\"target\":[\"https:\/\/stil-fit.com\/da\/shop\/stil-fit-bordholder-rower-pro\/\"]}]}]}<\/script>\n<!-- \/ Yoast SEO Premium plugin. -->","post_mailing_queue_ids":[],"_links":{"self":[{"href":"https:\/\/stil-fit.com\/da\/wp-json\/wp\/v2\/product\/35145","targetHints":{"allow":["GET"]}}],"collection":[{"href":"https:\/\/stil-fit.com\/da\/wp-json\/wp\/v2\/product"}],"about":[{"href":"https:\/\/stil-fit.com\/da\/wp-json\/wp\/v2\/types\/product"}],"replies":[{"embeddable":true,"href":"https:\/\/stil-fit.com\/da\/wp-json\/wp\/v2\/comments?post=35145"}],"wp:featuredmedia":[{"embeddable":true,"href":"https:\/\/stil-fit.com\/da\/wp-json\/wp\/v2\/media\/31620"}],"wp:attachment":[{"href":"https:\/\/stil-fit.com\/da\/wp-json\/wp\/v2\/media?parent=35145"}],"wp:term":[{"taxonomy":"product_brand","embeddable":true,"href":"https:\/\/stil-fit.com\/da\/wp-json\/wp\/v2\/product_brand?post=35145"},{"taxonomy":"product_cat","embeddable":true,"href":"https:\/\/stil-fit.com\/da\/wp-json\/wp\/v2\/product_cat?post=35145"},{"taxonomy":"product_tag","embeddable":true,"href":"https:\/\/stil-fit.com\/da\/wp-json\/wp\/v2\/product_tag?post=35145"},{"taxonomy":"yst_prominent_words","embeddable":true,"href":"https:\/\/stil-fit.com\/da\/wp-json\/wp\/v2\/yst_prominent_words?post=35145"}],"curies":[{"name":"wp","href":"https:\/\/api.w.org\/{rel}","templated":true}]}}