{"id":35183,"date":"2023-05-17T16:16:58","date_gmt":"2025-03-27T12:40:54","guid":{"rendered":"https:\/\/stil-fit.com\/shop\/stil-fit-bike-nero-udgave\/"},"modified":"2025-03-27T13:40:54","modified_gmt":"2025-03-27T12:40:54","slug":"stil-fit-bike-nero-udgave","status":"publish","type":"product","link":"https:\/\/stil-fit.com\/da\/shop\/stil-fit-bike-nero-udgave\/","title":{"rendered":"STIL-FIT Bike NERO &#8216;Udgave&#8217;"},"content":{"rendered":"<h1><strong>Et ikon inden for fitnesscykler STIL-FIT Bike NERO &#8216;Edition&#8217;<\/strong><\/h1>\n<p>&nbsp;<\/p>\n<h2><strong>De fineste materialer<\/strong><\/h2>\n<p>Vi arbejder med Bike NERO med aluminium, st\u00e5l, valn\u00f8ddetr\u00e6 og l\u00e6der &#8211; kvalitet ned til mindste detalje.<\/p>\n<h2><\/h2>\n<h2><strong>Fuldst\u00e6ndig interaktiv<\/strong><\/h2>\n<p>Par Bike Nero med appen STIL-FIT eller forskellige andre apps som Kinomap, Zwift eller Rouvy.<\/p>\n<h2><\/h2>\n<h2><strong>Selvforsynende og b\u00e6redygtig<\/strong><\/h2>\n<p>Du genererer den n\u00f8dvendige elektricitet gennem din tr\u00e6ning. Intet str\u00f8mstik er n\u00f8dvendigt. <\/p>\n<p>&nbsp;<\/p>\n","protected":false},"excerpt":{"rendered":"<p>&nbsp;<\/p>\n<p>Bike NERO &#8216;Edition&#8217; er vores designer Anton Maria Riefs nye mesterv\u00e6rk. Den kombinerer et enest\u00e5ende design med elegante komponenter og en perfekt funktionalitet. <\/p>\n<p><strong>Forsendelse inden for 7 arbejdsdage<\/strong><\/p>\n<p>&#8211; Fremstillet i Tyskland<\/p>\n<p>&#8211; Gratis forsendelse<\/p>\n<p>&#8211; 0% Afbetaling<\/p>\n","protected":false},"featured_media":29935,"comment_status":"open","ping_status":"closed","template":"","meta":{"_monsterinsights_skip_tracking":false,"_monsterinsights_sitenote_active":false,"_monsterinsights_sitenote_note":"","_monsterinsights_sitenote_category":0},"product_brand":[],"product_cat":[2909,2930],"product_tag":[3205,3203,3204,3134,3202],"yst_prominent_words":[256,1442,1456,1460,1457,1462,591,161,251,1461,1459,1458,593,648],"class_list":{"0":"post-35183","1":"product","2":"type-product","3":"status-publish","4":"has-post-thumbnail","6":"product_cat-motionscykel","7":"product_cat-uncategorised-da","8":"product_tag-designfitness-da","9":"product_tag-fitnesscykel-da","10":"product_tag-heimtrainer-da","11":"product_tag-hjemmefitness","12":"product_tag-motionscykel-da","13":"product_shipping_class-ergometer-2-da","15":"first","16":"instock","17":"taxable","18":"shipping-taxable","19":"purchasable","20":"product-type-simple"},"composite_virtual":false,"composite_layout":"","composite_add_to_cart_form_location":"","composite_editable_in_cart":false,"composite_sold_individually_context":"","composite_shop_price_calc":"","composite_components":[],"composite_scenarios":[],"bundled_by":[],"bundle_stock_status":"instock","bundle_stock_quantity":null,"bundle_virtual":false,"bundle_layout":"","bundle_add_to_cart_form_location":"","bundle_editable_in_cart":false,"bundle_sold_individually_context":"","bundle_item_grouping":"","bundle_min_size":"","bundle_max_size":"","bundle_price":[],"bundled_items":[],"bundle_sell_ids":[9946],"yoast_head":"<!-- This site is optimized with the Yoast SEO Premium plugin v14.5 - https:\/\/yoast.com\/wordpress\/plugins\/seo\/ -->\n<title>STIL-FIT Bike NERO &#039;Udgave&#039; | Eksklusiv specialudgave fremstillet i Tyskland<\/title>\n<meta name=\"description\" content=\"Bestil den STIL-FIT Bike NERO &#039;Udgave&#039; direkte fra vores fabrik, hvor den samles i h\u00e5nden. Designet og udviklet i M\u00fcnchen, Tyskland.\" \/>\n<meta name=\"robots\" content=\"index, follow\" \/>\n<meta name=\"googlebot\" content=\"index, follow, max-snippet:-1, max-image-preview:large, max-video-preview:-1\" \/>\n<meta name=\"bingbot\" content=\"index, follow, max-snippet:-1, max-image-preview:large, max-video-preview:-1\" \/>\n<link rel=\"canonical\" href=\"https:\/\/stil-fit.com\/da\/shop\/stil-fit-bike-nero-udgave\/\" \/>\n<meta property=\"og:locale\" content=\"da_DK\" \/>\n<meta property=\"og:type\" content=\"article\" \/>\n<meta property=\"og:title\" content=\"STIL-FIT Bike NERO &#039;Udgave&#039; | Eksklusiv specialudgave fremstillet i Tyskland\" \/>\n<meta property=\"og:description\" content=\"Bestil den STIL-FIT Bike NERO &#039;Udgave&#039; direkte fra vores fabrik, hvor den samles i h\u00e5nden. Designet og udviklet i M\u00fcnchen, Tyskland.\" \/>\n<meta property=\"og:url\" content=\"https:\/\/stil-fit.com\/da\/shop\/stil-fit-bike-nero-udgave\/\" \/>\n<meta property=\"og:site_name\" content=\"STIL-FIT\" \/>\n<meta property=\"article:publisher\" content=\"https:\/\/de-de.facebook.com\/stilfit\/\" \/>\n<meta property=\"og:image\" content=\"https:\/\/stil-fit.com\/wp-content\/uploads\/2023\/05\/STIL-FIT-Ergometer-NERO-1.jpg\" \/>\n\t<meta property=\"og:image:width\" content=\"1772\" \/>\n\t<meta property=\"og:image:height\" content=\"1772\" \/>\n<meta name=\"twitter:card\" content=\"summary_large_image\" \/>\n<script type=\"application\/ld+json\" class=\"yoast-schema-graph\">{\"@context\":\"https:\/\/schema.org\",\"@graph\":[{\"@type\":\"Organization\",\"@id\":\"https:\/\/stil-fit.com\/da\/#organization\",\"name\":\"STIL-FIT International GmbH\",\"url\":\"https:\/\/stil-fit.com\/da\/\",\"sameAs\":[\"https:\/\/de-de.facebook.com\/stilfit\/\",\"https:\/\/www.instagram.com\/stil_fit_int\/\",\"https:\/\/www.linkedin.com\/company\/stil-fit-international-gmbh\",\"https:\/\/www.youtube.com\/channel\/UC2HA1BeZtFB0acPMfq1hKdQ\",\"https:\/\/www.pinterest.com\/STILFITInt\/\"],\"logo\":{\"@type\":\"ImageObject\",\"@id\":\"https:\/\/stil-fit.com\/da\/#logo\",\"inLanguage\":\"da-DK\",\"url\":\"https:\/\/stil-fit.com\/wp-content\/uploads\/2019\/02\/stilfit_logo.jpg\",\"width\":150,\"height\":150,\"caption\":\"STIL-FIT International GmbH\"},\"image\":{\"@id\":\"https:\/\/stil-fit.com\/da\/#logo\"}},{\"@type\":\"WebSite\",\"@id\":\"https:\/\/stil-fit.com\/da\/#website\",\"url\":\"https:\/\/stil-fit.com\/da\/\",\"name\":\"STIL-FIT\",\"description\":\"Stil-fit\",\"publisher\":{\"@id\":\"https:\/\/stil-fit.com\/da\/#organization\"},\"potentialAction\":[{\"@type\":\"SearchAction\",\"target\":\"https:\/\/stil-fit.com\/da\/?s={search_term_string}\",\"query-input\":\"required name=search_term_string\"}],\"inLanguage\":\"da-DK\"},{\"@type\":\"ImageObject\",\"@id\":\"https:\/\/stil-fit.com\/da\/shop\/stil-fit-bike-nero-udgave\/#primaryimage\",\"inLanguage\":\"da-DK\",\"url\":\"https:\/\/stil-fit.com\/wp-content\/uploads\/2023\/05\/STIL-FIT-Ergometer-NERO-1.jpg\",\"width\":1772,\"height\":1772},{\"@type\":\"WebPage\",\"@id\":\"https:\/\/stil-fit.com\/da\/shop\/stil-fit-bike-nero-udgave\/#webpage\",\"url\":\"https:\/\/stil-fit.com\/da\/shop\/stil-fit-bike-nero-udgave\/\",\"name\":\"STIL-FIT Bike NERO 'Udgave' | Eksklusiv specialudgave fremstillet i Tyskland\",\"isPartOf\":{\"@id\":\"https:\/\/stil-fit.com\/da\/#website\"},\"primaryImageOfPage\":{\"@id\":\"https:\/\/stil-fit.com\/da\/shop\/stil-fit-bike-nero-udgave\/#primaryimage\"},\"datePublished\":\"2025-03-27T12:40:54+00:00\",\"dateModified\":\"2025-03-27T12:40:54+00:00\",\"description\":\"Bestil den STIL-FIT Bike NERO 'Udgave' direkte fra vores fabrik, hvor den samles i h\\u00e5nden. Designet og udviklet i M\\u00fcnchen, Tyskland.\",\"inLanguage\":\"da-DK\",\"potentialAction\":[{\"@type\":\"ReadAction\",\"target\":[\"https:\/\/stil-fit.com\/da\/shop\/stil-fit-bike-nero-udgave\/\"]}]}]}<\/script>\n<!-- \/ Yoast SEO Premium plugin. -->","post_mailing_queue_ids":[],"_links":{"self":[{"href":"https:\/\/stil-fit.com\/da\/wp-json\/wp\/v2\/product\/35183","targetHints":{"allow":["GET"]}}],"collection":[{"href":"https:\/\/stil-fit.com\/da\/wp-json\/wp\/v2\/product"}],"about":[{"href":"https:\/\/stil-fit.com\/da\/wp-json\/wp\/v2\/types\/product"}],"replies":[{"embeddable":true,"href":"https:\/\/stil-fit.com\/da\/wp-json\/wp\/v2\/comments?post=35183"}],"wp:featuredmedia":[{"embeddable":true,"href":"https:\/\/stil-fit.com\/da\/wp-json\/wp\/v2\/media\/29935"}],"wp:attachment":[{"href":"https:\/\/stil-fit.com\/da\/wp-json\/wp\/v2\/media?parent=35183"}],"wp:term":[{"taxonomy":"product_brand","embeddable":true,"href":"https:\/\/stil-fit.com\/da\/wp-json\/wp\/v2\/product_brand?post=35183"},{"taxonomy":"product_cat","embeddable":true,"href":"https:\/\/stil-fit.com\/da\/wp-json\/wp\/v2\/product_cat?post=35183"},{"taxonomy":"product_tag","embeddable":true,"href":"https:\/\/stil-fit.com\/da\/wp-json\/wp\/v2\/product_tag?post=35183"},{"taxonomy":"yst_prominent_words","embeddable":true,"href":"https:\/\/stil-fit.com\/da\/wp-json\/wp\/v2\/yst_prominent_words?post=35183"}],"curies":[{"name":"wp","href":"https:\/\/api.w.org\/{rel}","templated":true}]}}