{"id":35226,"date":"2022-09-11T22:36:18","date_gmt":"2025-03-27T12:42:30","guid":{"rendered":"https:\/\/stil-fit.com\/shop\/stil-fit-smart-package\/"},"modified":"2025-03-27T13:42:30","modified_gmt":"2025-03-27T12:42:30","slug":"stil-fit-smart-package","status":"publish","type":"product","link":"https:\/\/stil-fit.com\/da\/shop\/stil-fit-smart-package\/","title":{"rendered":"STIL-FIT Smart-Package"},"content":{"rendered":"<h1><span style=\"font-size: 100%;\">Den STIL-FIT Smart-Package<\/span><\/h1>\n<p><span style=\"font-size: 120%;\">Flere muligheder. Mere sjov. Mere motivation.  <\/span><\/p>\n<p>+ Tr\u00e6n endnu mere effektivt med vores STIL-FIT App<\/p>\n<p>Varierede tr\u00e6ningsprogrammer, fasts\u00e6ttelse af ugentlige m\u00e5l, sporing af dine fremskridt, eksport af data &#8230; Den STIL-FIT App med alle dens funktioner er inkluderet i Smart-pakken. <\/p>\n<p>+ F\u00e5 fuld adgang til alle dine foretrukne tr\u00e6ningsapps<\/p>\n<p>Med STIL-FIT Smart-Packagekan du g\u00f8re din Motionscykel kompatibel med alle popul\u00e6re tr\u00e6ningsapps. K\u00f8r mod tusindvis af brugere, k\u00f8r p\u00e5 virtuelle ture og guidede tr\u00e6ningspas.<\/p>\n","protected":false},"excerpt":{"rendered":"<p>&nbsp;<\/p>\n<p>+ Flere muligheder. Mere sjov. Mere motivation.  <\/p>\n<p>+ Tr\u00e6n mere effektivt med STIL-FIT App.<\/p>\n<p>+ Fuld adgang til alle dine yndlingsapps.<\/p>\n<p>&nbsp;<\/p>\n<p>&nbsp;<\/p>\n","protected":false},"featured_media":29821,"comment_status":"closed","ping_status":"closed","template":"","meta":{"_monsterinsights_skip_tracking":false,"_monsterinsights_sitenote_active":false,"_monsterinsights_sitenote_note":"","_monsterinsights_sitenote_category":0},"product_brand":[],"product_cat":[2909,2930],"product_tag":[3245,3247,3246,3202],"yst_prominent_words":[357,1476,1474,1475,161,566,1473,251,602,1472,169,593,267],"class_list":{"0":"post-35226","1":"product","2":"type-product","3":"status-publish","4":"has-post-thumbnail","6":"product_cat-motionscykel","7":"product_cat-uncategorised-da","8":"product_tag-app-kontrol","9":"product_tag-apple-watch-da","10":"product_tag-fitness-i-hjemmet","11":"product_tag-motionscykel-da","12":"product_shipping_class-kleingerate-da","14":"first","15":"instock","16":"taxable","17":"shipping-taxable","18":"purchasable","19":"product-type-simple"},"composite_virtual":false,"composite_layout":"","composite_add_to_cart_form_location":"","composite_editable_in_cart":false,"composite_sold_individually_context":"","composite_shop_price_calc":"","composite_components":[],"composite_scenarios":[],"bundled_by":[],"bundle_stock_status":"instock","bundle_stock_quantity":null,"bundle_virtual":false,"bundle_layout":"","bundle_add_to_cart_form_location":"","bundle_editable_in_cart":false,"bundle_sold_individually_context":"","bundle_item_grouping":"","bundle_min_size":"","bundle_max_size":"","bundle_price":[],"bundled_items":[],"bundle_sell_ids":[],"yoast_head":"<!-- This site is optimized with the Yoast SEO Premium plugin v14.5 - https:\/\/yoast.com\/wordpress\/plugins\/seo\/ -->\n<title>STIL-FIT Smart-Package | Den digitale fitnessverden af STIL-FIT<\/title>\n<meta name=\"description\" content=\"Nyd en endnu bedre tr\u00e6ningsoplevelse med vores STIL-FIT Smart-Package. Bestil nu, og forbedr din tr\u00e6ning med vores STIL-FIT App og andre fitness-apps.\" \/>\n<meta name=\"robots\" content=\"index, follow\" \/>\n<meta name=\"googlebot\" content=\"index, follow, max-snippet:-1, max-image-preview:large, max-video-preview:-1\" \/>\n<meta name=\"bingbot\" content=\"index, follow, max-snippet:-1, max-image-preview:large, max-video-preview:-1\" \/>\n<link rel=\"canonical\" href=\"https:\/\/stil-fit.com\/da\/shop\/stil-fit-smart-package\/\" \/>\n<meta property=\"og:locale\" content=\"da_DK\" \/>\n<meta property=\"og:type\" content=\"article\" \/>\n<meta property=\"og:title\" content=\"STIL-FIT Smart-Package | Den digitale fitnessverden af STIL-FIT\" \/>\n<meta property=\"og:description\" content=\"Nyd en endnu bedre tr\u00e6ningsoplevelse med vores STIL-FIT Smart-Package. Bestil nu, og forbedr din tr\u00e6ning med vores STIL-FIT App og andre fitness-apps.\" \/>\n<meta property=\"og:url\" content=\"https:\/\/stil-fit.com\/da\/shop\/stil-fit-smart-package\/\" \/>\n<meta property=\"og:site_name\" content=\"STIL-FIT\" \/>\n<meta property=\"article:publisher\" content=\"https:\/\/de-de.facebook.com\/stilfit\/\" \/>\n<meta property=\"og:image\" content=\"https:\/\/stil-fit.com\/wp-content\/uploads\/2023\/03\/STIL-FIT-Ergometer-PURE-Smart.jpg\" \/>\n\t<meta property=\"og:image:width\" content=\"1772\" \/>\n\t<meta property=\"og:image:height\" content=\"1772\" \/>\n<meta name=\"twitter:card\" content=\"summary_large_image\" \/>\n<script type=\"application\/ld+json\" class=\"yoast-schema-graph\">{\"@context\":\"https:\/\/schema.org\",\"@graph\":[{\"@type\":\"Organization\",\"@id\":\"https:\/\/stil-fit.com\/da\/#organization\",\"name\":\"STIL-FIT International GmbH\",\"url\":\"https:\/\/stil-fit.com\/da\/\",\"sameAs\":[\"https:\/\/de-de.facebook.com\/stilfit\/\",\"https:\/\/www.instagram.com\/stil_fit_int\/\",\"https:\/\/www.linkedin.com\/company\/stil-fit-international-gmbh\",\"https:\/\/www.youtube.com\/channel\/UC2HA1BeZtFB0acPMfq1hKdQ\",\"https:\/\/www.pinterest.com\/STILFITInt\/\"],\"logo\":{\"@type\":\"ImageObject\",\"@id\":\"https:\/\/stil-fit.com\/da\/#logo\",\"inLanguage\":\"da-DK\",\"url\":\"https:\/\/stil-fit.com\/wp-content\/uploads\/2019\/02\/stilfit_logo.jpg\",\"width\":150,\"height\":150,\"caption\":\"STIL-FIT International GmbH\"},\"image\":{\"@id\":\"https:\/\/stil-fit.com\/da\/#logo\"}},{\"@type\":\"WebSite\",\"@id\":\"https:\/\/stil-fit.com\/da\/#website\",\"url\":\"https:\/\/stil-fit.com\/da\/\",\"name\":\"STIL-FIT\",\"description\":\"Stil-fit\",\"publisher\":{\"@id\":\"https:\/\/stil-fit.com\/da\/#organization\"},\"potentialAction\":[{\"@type\":\"SearchAction\",\"target\":\"https:\/\/stil-fit.com\/da\/?s={search_term_string}\",\"query-input\":\"required name=search_term_string\"}],\"inLanguage\":\"da-DK\"},{\"@type\":\"ImageObject\",\"@id\":\"https:\/\/stil-fit.com\/da\/shop\/stil-fit-smart-package\/#primaryimage\",\"inLanguage\":\"da-DK\",\"url\":\"https:\/\/stil-fit.com\/wp-content\/uploads\/2023\/03\/STIL-FIT-Ergometer-PURE-Smart.jpg\",\"width\":1772,\"height\":1772},{\"@type\":\"WebPage\",\"@id\":\"https:\/\/stil-fit.com\/da\/shop\/stil-fit-smart-package\/#webpage\",\"url\":\"https:\/\/stil-fit.com\/da\/shop\/stil-fit-smart-package\/\",\"name\":\"STIL-FIT Smart-Package | Den digitale fitnessverden af STIL-FIT\",\"isPartOf\":{\"@id\":\"https:\/\/stil-fit.com\/da\/#website\"},\"primaryImageOfPage\":{\"@id\":\"https:\/\/stil-fit.com\/da\/shop\/stil-fit-smart-package\/#primaryimage\"},\"datePublished\":\"2025-03-27T12:42:30+00:00\",\"dateModified\":\"2025-03-27T12:42:30+00:00\",\"description\":\"Nyd en endnu bedre tr\\u00e6ningsoplevelse med vores STIL-FIT Smart-Package. Bestil nu, og forbedr din tr\\u00e6ning med vores STIL-FIT App og andre fitness-apps.\",\"inLanguage\":\"da-DK\",\"potentialAction\":[{\"@type\":\"ReadAction\",\"target\":[\"https:\/\/stil-fit.com\/da\/shop\/stil-fit-smart-package\/\"]}]}]}<\/script>\n<!-- \/ Yoast SEO Premium plugin. -->","post_mailing_queue_ids":[],"_links":{"self":[{"href":"https:\/\/stil-fit.com\/da\/wp-json\/wp\/v2\/product\/35226","targetHints":{"allow":["GET"]}}],"collection":[{"href":"https:\/\/stil-fit.com\/da\/wp-json\/wp\/v2\/product"}],"about":[{"href":"https:\/\/stil-fit.com\/da\/wp-json\/wp\/v2\/types\/product"}],"replies":[{"embeddable":true,"href":"https:\/\/stil-fit.com\/da\/wp-json\/wp\/v2\/comments?post=35226"}],"wp:featuredmedia":[{"embeddable":true,"href":"https:\/\/stil-fit.com\/da\/wp-json\/wp\/v2\/media\/29821"}],"wp:attachment":[{"href":"https:\/\/stil-fit.com\/da\/wp-json\/wp\/v2\/media?parent=35226"}],"wp:term":[{"taxonomy":"product_brand","embeddable":true,"href":"https:\/\/stil-fit.com\/da\/wp-json\/wp\/v2\/product_brand?post=35226"},{"taxonomy":"product_cat","embeddable":true,"href":"https:\/\/stil-fit.com\/da\/wp-json\/wp\/v2\/product_cat?post=35226"},{"taxonomy":"product_tag","embeddable":true,"href":"https:\/\/stil-fit.com\/da\/wp-json\/wp\/v2\/product_tag?post=35226"},{"taxonomy":"yst_prominent_words","embeddable":true,"href":"https:\/\/stil-fit.com\/da\/wp-json\/wp\/v2\/yst_prominent_words?post=35226"}],"curies":[{"name":"wp","href":"https:\/\/api.w.org\/{rel}","templated":true}]}}