{"id":35246,"date":"2023-09-28T14:08:55","date_gmt":"2025-03-27T12:43:50","guid":{"rendered":"https:\/\/stil-fit.com\/shop\/stil-fit-bike-pro\/"},"modified":"2025-03-27T13:43:50","modified_gmt":"2025-03-27T12:43:50","slug":"stil-fit-bike-pro","status":"publish","type":"product","link":"https:\/\/stil-fit.com\/da\/shop\/stil-fit-bike-pro\/","title":{"rendered":"STIL-FIT Bike PRO"},"content":{"rendered":"<h1><strong>STIL-FIT Bike PRO<\/strong><\/h1>\n<p>&nbsp;<\/p>\n<p style=\"font-weight: 400;\"><span style=\"font-size: 120%;\">Vores STIL-FIT Bike PRO har alle de velkendte fordele fra vores tidligere cykler, som f.eks. den bedste ergonomi og den innovative tr\u00e6ningscomputer. Det elegante matsorte design og det nye sporty styr g\u00f8r cyklen til et absolut mesterv\u00e6rk. <\/span><\/p>\n<ul>\n<li style=\"font-weight: 400;\"><span style=\"font-size: 120%;\">Et stilfuldt og ergonomisk design, der giver den rigtige siddestilling til alle brugere.<\/span><\/li>\n<\/ul>\n<p>&nbsp;<\/p>\n<ul>\n<li style=\"font-weight: 400;\"><span style=\"font-size: 120%;\">En kraftfuld tr\u00e6ningscomputer med farvedisplay og touchscreen<\/span><\/li>\n<\/ul>\n<p>&nbsp;<\/p>\n<ul>\n<li style=\"font-weight: 400;\"><span style=\"font-size: 120%;\">Forskellige tr\u00e6ningsprogrammer, f.eks. intervaltr\u00e6ning, bakketure eller pulsstyrede programmer.<\/span><\/li>\n<\/ul>\n<p>&nbsp;<\/p>\n<ul>\n<li style=\"font-weight: 400;\"><span style=\"font-size: 120%;\">Kompatibilitet med STIL-FIT -appen samt Kinomap, Zwift, Rouvy og BKool<\/span><\/li>\n<\/ul>\n<p>&nbsp;<\/p>\n<ul>\n<li style=\"font-weight: 400;\"><span style=\"font-size: 120%;\">Et induktionsbremsesystem af h\u00f8j kvalitet med en generator, der eliminerer behovet for en str\u00f8mtilslutning.<\/span><\/li>\n<\/ul>\n","protected":false},"excerpt":{"rendered":"<p>&nbsp;<\/p>\n<p><span style=\"font-size: 100%;\">Bike PRO er den nyeste tilf\u00f8jelse til vores cykelsortiment. Top-ergonomi, den innovative tr\u00e6ningscomputer og et elegant matsort design definerer vores nye Bike PRO. <\/span><\/p>\n<p><span style=\"font-size: 100%;\"><strong>Forsendelse inden for 7 arbejdsdage<\/strong><\/span><\/p>\n<p><span style=\"font-size: 100%;\">&#8211; Fremstillet i Tyskland<\/span><\/p>\n<p><span style=\"font-size: 100%;\">&#8211; Gratis forsendelse (GER + AT)<\/span><\/p>\n<p><span style=\"font-size: 100%;\">&#8211; 0% Afbetaling<\/span><\/p>\n","protected":false},"featured_media":30634,"comment_status":"open","ping_status":"closed","template":"","meta":{"_monsterinsights_skip_tracking":false,"_monsterinsights_sitenote_active":false,"_monsterinsights_sitenote_note":"","_monsterinsights_sitenote_category":0},"product_brand":[],"product_cat":[2909,2930],"product_tag":[3205,3203,3204,3134,3202],"yst_prominent_words":[256,723,1446,1442,190,170,255,1447,284,1450,161,1441,1448,1444,1449,251,169,1445,593],"class_list":{"0":"post-35246","1":"product","2":"type-product","3":"status-publish","4":"has-post-thumbnail","6":"product_cat-motionscykel","7":"product_cat-uncategorised-da","8":"product_tag-designfitness-da","9":"product_tag-fitnesscykel-da","10":"product_tag-heimtrainer-da","11":"product_tag-hjemmefitness","12":"product_tag-motionscykel-da","13":"product_shipping_class-ergometer-2-da","15":"first","16":"instock","17":"taxable","18":"shipping-taxable","19":"purchasable","20":"product-type-simple"},"composite_virtual":false,"composite_layout":"","composite_add_to_cart_form_location":"","composite_editable_in_cart":false,"composite_sold_individually_context":"","composite_shop_price_calc":"","composite_components":[],"composite_scenarios":[],"bundled_by":[],"bundle_stock_status":"instock","bundle_stock_quantity":null,"bundle_virtual":false,"bundle_layout":"","bundle_add_to_cart_form_location":"","bundle_editable_in_cart":false,"bundle_sold_individually_context":"","bundle_item_grouping":"","bundle_min_size":"","bundle_max_size":"","bundle_price":[],"bundled_items":[],"bundle_sell_ids":[35226,35550,35372,35237,35524,35540],"yoast_head":"<!-- This site is optimized with the Yoast SEO Premium plugin v14.5 - https:\/\/yoast.com\/wordpress\/plugins\/seo\/ -->\n<title>STIL-FIT Bike PRO | Nyt matsort design, nyt performance-styr<\/title>\n<meta name=\"description\" content=\"Bestil direkte fra vores produktion i M\u00fcnchen, og f\u00e5 Motionscyklen leveret hurtigt og nemt. I Tyskland og \u00d8strig gratis.\" \/>\n<meta name=\"robots\" content=\"index, follow\" \/>\n<meta name=\"googlebot\" content=\"index, follow, max-snippet:-1, max-image-preview:large, max-video-preview:-1\" \/>\n<meta name=\"bingbot\" content=\"index, follow, max-snippet:-1, max-image-preview:large, max-video-preview:-1\" \/>\n<link rel=\"canonical\" href=\"https:\/\/stil-fit.com\/da\/shop\/stil-fit-bike-pro\/\" \/>\n<meta property=\"og:locale\" content=\"da_DK\" \/>\n<meta property=\"og:type\" content=\"article\" \/>\n<meta property=\"og:title\" content=\"STIL-FIT Bike PRO | Nyt matsort design, nyt performance-styr\" \/>\n<meta property=\"og:description\" content=\"Bestil direkte fra vores produktion i M\u00fcnchen, og f\u00e5 Motionscyklen leveret hurtigt og nemt. I Tyskland og \u00d8strig gratis.\" \/>\n<meta property=\"og:url\" content=\"https:\/\/stil-fit.com\/da\/shop\/stil-fit-bike-pro\/\" \/>\n<meta property=\"og:site_name\" content=\"STIL-FIT\" \/>\n<meta property=\"article:publisher\" content=\"https:\/\/de-de.facebook.com\/stilfit\/\" \/>\n<meta property=\"og:image\" content=\"https:\/\/stil-fit.com\/wp-content\/uploads\/2023\/09\/STIL-FIT-Ergometer-PRO-3.jpg\" \/>\n\t<meta property=\"og:image:width\" content=\"1181\" \/>\n\t<meta property=\"og:image:height\" content=\"1181\" \/>\n<meta name=\"twitter:card\" content=\"summary_large_image\" \/>\n<script type=\"application\/ld+json\" class=\"yoast-schema-graph\">{\"@context\":\"https:\/\/schema.org\",\"@graph\":[{\"@type\":\"Organization\",\"@id\":\"https:\/\/stil-fit.com\/da\/#organization\",\"name\":\"STIL-FIT International GmbH\",\"url\":\"https:\/\/stil-fit.com\/da\/\",\"sameAs\":[\"https:\/\/de-de.facebook.com\/stilfit\/\",\"https:\/\/www.instagram.com\/stil_fit_int\/\",\"https:\/\/www.linkedin.com\/company\/stil-fit-international-gmbh\",\"https:\/\/www.youtube.com\/channel\/UC2HA1BeZtFB0acPMfq1hKdQ\",\"https:\/\/www.pinterest.com\/STILFITInt\/\"],\"logo\":{\"@type\":\"ImageObject\",\"@id\":\"https:\/\/stil-fit.com\/da\/#logo\",\"inLanguage\":\"da-DK\",\"url\":\"https:\/\/stil-fit.com\/wp-content\/uploads\/2019\/02\/stilfit_logo.jpg\",\"width\":150,\"height\":150,\"caption\":\"STIL-FIT International GmbH\"},\"image\":{\"@id\":\"https:\/\/stil-fit.com\/da\/#logo\"}},{\"@type\":\"WebSite\",\"@id\":\"https:\/\/stil-fit.com\/da\/#website\",\"url\":\"https:\/\/stil-fit.com\/da\/\",\"name\":\"STIL-FIT\",\"description\":\"Stil-fit\",\"publisher\":{\"@id\":\"https:\/\/stil-fit.com\/da\/#organization\"},\"potentialAction\":[{\"@type\":\"SearchAction\",\"target\":\"https:\/\/stil-fit.com\/da\/?s={search_term_string}\",\"query-input\":\"required name=search_term_string\"}],\"inLanguage\":\"da-DK\"},{\"@type\":\"ImageObject\",\"@id\":\"https:\/\/stil-fit.com\/da\/shop\/stil-fit-bike-pro\/#primaryimage\",\"inLanguage\":\"da-DK\",\"url\":\"https:\/\/stil-fit.com\/wp-content\/uploads\/2023\/09\/STIL-FIT-Ergometer-PRO-3.jpg\",\"width\":1181,\"height\":1181},{\"@type\":\"WebPage\",\"@id\":\"https:\/\/stil-fit.com\/da\/shop\/stil-fit-bike-pro\/#webpage\",\"url\":\"https:\/\/stil-fit.com\/da\/shop\/stil-fit-bike-pro\/\",\"name\":\"STIL-FIT Bike PRO | Nyt matsort design, nyt performance-styr\",\"isPartOf\":{\"@id\":\"https:\/\/stil-fit.com\/da\/#website\"},\"primaryImageOfPage\":{\"@id\":\"https:\/\/stil-fit.com\/da\/shop\/stil-fit-bike-pro\/#primaryimage\"},\"datePublished\":\"2025-03-27T12:43:50+00:00\",\"dateModified\":\"2025-03-27T12:43:50+00:00\",\"description\":\"Bestil direkte fra vores produktion i M\\u00fcnchen, og f\\u00e5 Motionscyklen leveret hurtigt og nemt. I Tyskland og \\u00d8strig gratis.\",\"inLanguage\":\"da-DK\",\"potentialAction\":[{\"@type\":\"ReadAction\",\"target\":[\"https:\/\/stil-fit.com\/da\/shop\/stil-fit-bike-pro\/\"]}]}]}<\/script>\n<!-- \/ Yoast SEO Premium plugin. -->","post_mailing_queue_ids":[],"_links":{"self":[{"href":"https:\/\/stil-fit.com\/da\/wp-json\/wp\/v2\/product\/35246","targetHints":{"allow":["GET"]}}],"collection":[{"href":"https:\/\/stil-fit.com\/da\/wp-json\/wp\/v2\/product"}],"about":[{"href":"https:\/\/stil-fit.com\/da\/wp-json\/wp\/v2\/types\/product"}],"replies":[{"embeddable":true,"href":"https:\/\/stil-fit.com\/da\/wp-json\/wp\/v2\/comments?post=35246"}],"wp:featuredmedia":[{"embeddable":true,"href":"https:\/\/stil-fit.com\/da\/wp-json\/wp\/v2\/media\/30634"}],"wp:attachment":[{"href":"https:\/\/stil-fit.com\/da\/wp-json\/wp\/v2\/media?parent=35246"}],"wp:term":[{"taxonomy":"product_brand","embeddable":true,"href":"https:\/\/stil-fit.com\/da\/wp-json\/wp\/v2\/product_brand?post=35246"},{"taxonomy":"product_cat","embeddable":true,"href":"https:\/\/stil-fit.com\/da\/wp-json\/wp\/v2\/product_cat?post=35246"},{"taxonomy":"product_tag","embeddable":true,"href":"https:\/\/stil-fit.com\/da\/wp-json\/wp\/v2\/product_tag?post=35246"},{"taxonomy":"yst_prominent_words","embeddable":true,"href":"https:\/\/stil-fit.com\/da\/wp-json\/wp\/v2\/yst_prominent_words?post=35246"}],"curies":[{"name":"wp","href":"https:\/\/api.w.org\/{rel}","templated":true}]}}