{"id":35263,"date":"2023-09-28T14:37:19","date_gmt":"2025-03-27T12:44:25","guid":{"rendered":"https:\/\/stil-fit.com\/shop\/stil-fit-rower-pro\/"},"modified":"2025-03-27T13:44:25","modified_gmt":"2025-03-27T12:44:25","slug":"stil-fit-rower-pro","status":"publish","type":"product","link":"https:\/\/stil-fit.com\/da\/shop\/stil-fit-rower-pro\/","title":{"rendered":"STIL-FIT Rower PRO"},"content":{"rendered":"<h1><strong>STIL-FIT Rower PRO<\/strong><\/h1>\n<h2><strong>Den perfekte tr\u00e6ning for hele kroppen<\/strong><\/h2>\n<p>Roning er den perfekte kombination af styrke- og udholdenhedstr\u00e6ning. Alle st\u00f8rre muskelgrupper tr\u00e6nes intensivt, det stimulerer reduktionen af kropsfedt og styrker det kardiovaskul\u00e6re system. En fantastisk og meget effektiv tr\u00e6ning af hele kroppen.  <\/p>\n<h2><strong>Eksklusivt og moderne design<\/strong><\/h2>\n<p>Den nye STIL-FIT Rower PRO s\u00e6tter en ny standard med sit unikke design. Med det innovative udseende, den stabile ramme og den h\u00f8je siddeposition er det et helt unikt produkt, som vil opgradere din rooplevelse. <\/p>\n<h2><strong>Drevet af WaterRower<\/strong><\/h2>\n<p>Takket v\u00e6re samarbejdet med WaterRower er vores romaskine p\u00e5 det h\u00f8jeste teknologiske niveau. Da de komponenter, vi bruger, er leveret af WaterRower, ved vi, at der altid vil v\u00e6re en perfekt og j\u00e6vn rofornemmelse. Mens du ror, h\u00f8rer du kun den behagelige lyd af str\u00f8mmende vand.  <\/p>\n<h2><strong>Realistisk roning med vandmodstand<\/strong><\/h2>\n<p>Vand er naturens perfekte modstandsmedium, og det er derfor, vi bruger det i vores roer PRO. Modstanden er meget dynamisk og tilpasser sig \u00f8jeblikkeligt til intensiteten af dine rotag. Du indstiller modstandsniveauet efter din rohastighed. S\u00e5 realistisk og naturligt som muligt!   <\/p>\n<h2><strong>Sk\u00e5nsom, men effektiv<\/strong><\/h2>\n<p>Der er en anden vigtig grund til, at vi bruger vand &#8211; risikoen for skader og overdreven fysisk belastning minimeres, da modstanden tilpasser sig roerens kraft. Tr\u00e6ningen er meget sk\u00e5nsom for led, sener og ledb\u00e5nd takket v\u00e6re den j\u00e6vne og rytmiske bev\u00e6gelse. <\/p>\n<h2><strong>Kraftfuld tr\u00e6ningscomputer<\/strong><\/h2>\n<p>Vores Rower betjenes af en 4,3&#8243; TFT-ber\u00f8ringssk\u00e6rm. Touchsk\u00e6rmens brugergr\u00e6nseflade er selvforklarende og viser alle n\u00f8dvendige data tydeligt og smukt arrangeret. Den gemmer data for op til 6 brugere og viser tid, distance, tid for 500 m, antal slag pr. minut, kalorier, watt og puls. Der er ogs\u00e5 en pace-race-tilstand.<\/p>\n","protected":false},"excerpt":{"rendered":"<p>&nbsp;<\/p>\n<p>Den avancerede romaskine tilbyder et unikt design, en behagelig h\u00f8j siddeposition, en integreret pulsm\u00e5ling, fuld kompatibilitet med ro-apps og en absolut realistisk rooplevelse takket v\u00e6re dynamisk vandmodstand.<\/p>\n<p><strong>Levering inden for 7 arbejdsdage<\/strong><\/p>\n<p>&#8211; Fremstillet i Tyskland<\/p>\n<p>&#8211; Gratis forsendelse<\/p>\n<p>&#8211; 0% afbetaling<\/p>\n","protected":false},"featured_media":32988,"comment_status":"open","ping_status":"closed","template":"","meta":{"_monsterinsights_skip_tracking":false,"_monsterinsights_sitenote_active":false,"_monsterinsights_sitenote_note":"","_monsterinsights_sitenote_category":0},"product_brand":[],"product_cat":[2941,2930],"product_tag":[3316,3289,3246,3313,3315,3314],"yst_prominent_words":[424,170,216,421,413,215,214,161,601,415,416,553,419,412,423],"class_list":{"0":"post-35263","1":"product","2":"type-product","3":"status-publish","4":"has-post-thumbnail","6":"product_cat-romaskine","7":"product_cat-uncategorised-da","8":"product_tag-cardio-traening","9":"product_tag-fitness-da","10":"product_tag-fitness-i-hjemmet","11":"product_tag-roning-da","12":"product_tag-traening-for-hele-kroppen","13":"product_tag-vandroer-vandroer","14":"product_shipping_class-flow-one-2-da","16":"first","17":"instock","18":"taxable","19":"shipping-taxable","20":"purchasable","21":"product-type-simple"},"composite_virtual":false,"composite_layout":"","composite_add_to_cart_form_location":"","composite_editable_in_cart":false,"composite_sold_individually_context":"","composite_shop_price_calc":"","composite_components":[],"composite_scenarios":[],"bundled_by":[],"bundle_stock_status":"instock","bundle_stock_quantity":null,"bundle_virtual":false,"bundle_layout":"","bundle_add_to_cart_form_location":"","bundle_editable_in_cart":false,"bundle_sold_individually_context":"","bundle_item_grouping":"","bundle_min_size":"","bundle_max_size":"","bundle_price":[],"bundled_items":[],"bundle_sell_ids":[35145,9646,9946],"yoast_head":"<!-- This site is optimized with the Yoast SEO Premium plugin v14.5 - https:\/\/yoast.com\/wordpress\/plugins\/seo\/ -->\n<title>STIL-FIT Rower PRO | Performance-roer Fremstillet i Tyskland<\/title>\n<meta name=\"description\" content=\"Bestil STIL-FIT Rower PRO direkte fra producenten. Designet og udviklet i M\u00fcnchen, Tyskland. Gratis forsendelse i Tyskland og \u00d8strig.\" \/>\n<meta name=\"robots\" content=\"index, follow\" \/>\n<meta name=\"googlebot\" content=\"index, follow, max-snippet:-1, max-image-preview:large, max-video-preview:-1\" \/>\n<meta name=\"bingbot\" content=\"index, follow, max-snippet:-1, max-image-preview:large, max-video-preview:-1\" \/>\n<link rel=\"canonical\" href=\"https:\/\/stil-fit.com\/da\/shop\/stil-fit-rower-pro\/\" \/>\n<meta property=\"og:locale\" content=\"da_DK\" \/>\n<meta property=\"og:type\" content=\"article\" \/>\n<meta property=\"og:title\" content=\"STIL-FIT Rower PRO | Performance-roer Fremstillet i Tyskland\" \/>\n<meta property=\"og:description\" content=\"Bestil STIL-FIT Rower PRO direkte fra producenten. Designet og udviklet i M\u00fcnchen, Tyskland. Gratis forsendelse i Tyskland og \u00d8strig.\" \/>\n<meta property=\"og:url\" content=\"https:\/\/stil-fit.com\/da\/shop\/stil-fit-rower-pro\/\" \/>\n<meta property=\"og:site_name\" content=\"STIL-FIT\" \/>\n<meta property=\"article:publisher\" content=\"https:\/\/de-de.facebook.com\/stilfit\/\" \/>\n<meta property=\"og:image\" content=\"https:\/\/stil-fit.com\/wp-content\/uploads\/2025\/01\/STIL-FIT-Rudergeraet-PRO.jpg\" \/>\n\t<meta property=\"og:image:width\" content=\"1476\" \/>\n\t<meta property=\"og:image:height\" content=\"1476\" \/>\n<meta name=\"twitter:card\" content=\"summary_large_image\" \/>\n<script type=\"application\/ld+json\" class=\"yoast-schema-graph\">{\"@context\":\"https:\/\/schema.org\",\"@graph\":[{\"@type\":\"Organization\",\"@id\":\"https:\/\/stil-fit.com\/da\/#organization\",\"name\":\"STIL-FIT International GmbH\",\"url\":\"https:\/\/stil-fit.com\/da\/\",\"sameAs\":[\"https:\/\/de-de.facebook.com\/stilfit\/\",\"https:\/\/www.instagram.com\/stil_fit_int\/\",\"https:\/\/www.linkedin.com\/company\/stil-fit-international-gmbh\",\"https:\/\/www.youtube.com\/channel\/UC2HA1BeZtFB0acPMfq1hKdQ\",\"https:\/\/www.pinterest.com\/STILFITInt\/\"],\"logo\":{\"@type\":\"ImageObject\",\"@id\":\"https:\/\/stil-fit.com\/da\/#logo\",\"inLanguage\":\"da-DK\",\"url\":\"https:\/\/stil-fit.com\/wp-content\/uploads\/2019\/02\/stilfit_logo.jpg\",\"width\":150,\"height\":150,\"caption\":\"STIL-FIT International GmbH\"},\"image\":{\"@id\":\"https:\/\/stil-fit.com\/da\/#logo\"}},{\"@type\":\"WebSite\",\"@id\":\"https:\/\/stil-fit.com\/da\/#website\",\"url\":\"https:\/\/stil-fit.com\/da\/\",\"name\":\"STIL-FIT\",\"description\":\"Stil-fit\",\"publisher\":{\"@id\":\"https:\/\/stil-fit.com\/da\/#organization\"},\"potentialAction\":[{\"@type\":\"SearchAction\",\"target\":\"https:\/\/stil-fit.com\/da\/?s={search_term_string}\",\"query-input\":\"required name=search_term_string\"}],\"inLanguage\":\"da-DK\"},{\"@type\":\"ImageObject\",\"@id\":\"https:\/\/stil-fit.com\/da\/shop\/stil-fit-rower-pro\/#primaryimage\",\"inLanguage\":\"da-DK\",\"url\":\"https:\/\/stil-fit.com\/wp-content\/uploads\/2025\/01\/STIL-FIT-Rudergeraet-PRO.jpg\",\"width\":1476,\"height\":1476},{\"@type\":\"WebPage\",\"@id\":\"https:\/\/stil-fit.com\/da\/shop\/stil-fit-rower-pro\/#webpage\",\"url\":\"https:\/\/stil-fit.com\/da\/shop\/stil-fit-rower-pro\/\",\"name\":\"STIL-FIT Rower PRO | Performance-roer Fremstillet i Tyskland\",\"isPartOf\":{\"@id\":\"https:\/\/stil-fit.com\/da\/#website\"},\"primaryImageOfPage\":{\"@id\":\"https:\/\/stil-fit.com\/da\/shop\/stil-fit-rower-pro\/#primaryimage\"},\"datePublished\":\"2025-03-27T12:44:25+00:00\",\"dateModified\":\"2025-03-27T12:44:25+00:00\",\"description\":\"Bestil STIL-FIT Rower PRO direkte fra producenten. Designet og udviklet i M\\u00fcnchen, Tyskland. Gratis forsendelse i Tyskland og \\u00d8strig.\",\"inLanguage\":\"da-DK\",\"potentialAction\":[{\"@type\":\"ReadAction\",\"target\":[\"https:\/\/stil-fit.com\/da\/shop\/stil-fit-rower-pro\/\"]}]}]}<\/script>\n<!-- \/ Yoast SEO Premium plugin. -->","post_mailing_queue_ids":[],"_links":{"self":[{"href":"https:\/\/stil-fit.com\/da\/wp-json\/wp\/v2\/product\/35263","targetHints":{"allow":["GET"]}}],"collection":[{"href":"https:\/\/stil-fit.com\/da\/wp-json\/wp\/v2\/product"}],"about":[{"href":"https:\/\/stil-fit.com\/da\/wp-json\/wp\/v2\/types\/product"}],"replies":[{"embeddable":true,"href":"https:\/\/stil-fit.com\/da\/wp-json\/wp\/v2\/comments?post=35263"}],"wp:featuredmedia":[{"embeddable":true,"href":"https:\/\/stil-fit.com\/da\/wp-json\/wp\/v2\/media\/32988"}],"wp:attachment":[{"href":"https:\/\/stil-fit.com\/da\/wp-json\/wp\/v2\/media?parent=35263"}],"wp:term":[{"taxonomy":"product_brand","embeddable":true,"href":"https:\/\/stil-fit.com\/da\/wp-json\/wp\/v2\/product_brand?post=35263"},{"taxonomy":"product_cat","embeddable":true,"href":"https:\/\/stil-fit.com\/da\/wp-json\/wp\/v2\/product_cat?post=35263"},{"taxonomy":"product_tag","embeddable":true,"href":"https:\/\/stil-fit.com\/da\/wp-json\/wp\/v2\/product_tag?post=35263"},{"taxonomy":"yst_prominent_words","embeddable":true,"href":"https:\/\/stil-fit.com\/da\/wp-json\/wp\/v2\/yst_prominent_words?post=35263"}],"curies":[{"name":"wp","href":"https:\/\/api.w.org\/{rel}","templated":true}]}}