{"id":35288,"date":"2019-07-21T23:50:10","date_gmt":"2025-03-27T12:51:05","guid":{"rendered":"https:\/\/stil-fit.com\/shop\/stil-fit-ab-trainer-valnoed\/"},"modified":"2025-03-27T13:51:05","modified_gmt":"2025-03-27T12:51:05","slug":"stil-fit-ab-trainer-valnoed","status":"publish","type":"product","link":"https:\/\/stil-fit.com\/da\/shop\/stil-fit-ab-trainer-valnoed\/","title":{"rendered":"STIL-FIT AB Trainer (valn\u00f8d)"},"content":{"rendered":"<h1><strong>AB-tr\u00e6ning med stil<\/strong><\/h1>\n<div><\/div>\n<div>Den gennempr\u00f8vede og velkendte AB Trainer har f\u00e5et et helt nyt og unikt redesign af STIL-FIT. Takket v\u00e6re sit elegante <\/div>\n<div>Formen og brugen af tr\u00e6 giver stil til din lejlighed eller dit fitnesscenter. Under tr\u00e6ningen hviler hovedet p\u00e5 en h\u00f8j <\/div>\n<div>v\u00e6rdifuld l\u00e6derpude, som st\u00f8tter din krop og garanterer en j\u00e6vn bev\u00e6gelse.<\/div>\n<div><\/div>\n<h2><strong>Sund og effektiv<\/strong><\/h2>\n<div>At tr\u00e6ne med en AB Trainer er s\u00e6rligt effektivt, fordi du kan tr\u00e6ne alle mavens dele ved at lave forskellige \u00f8velser.<\/div>\n<div>\u00f8velser. At styrke kroppens kerne er afg\u00f8rende for at opretholde en god kropsholdning og en oprejst gang. <\/div>\n<div><\/div>\n<div>For at forhindre AB Trainer i at glide under tr\u00e6ningen er den udstyret med en gummiindsats i bunden.<\/div>\n","protected":false},"excerpt":{"rendered":"<p>&nbsp;<\/p>\n<ul>\n<li>Fremstillet i Tyskland<\/li>\n<li>Gratis forsendelse (D &amp; AT)<\/li>\n<li>Levering inkl. yogam\u00e5tte <\/li>\n<\/ul>\n","protected":false},"featured_media":22810,"comment_status":"open","ping_status":"closed","template":"","meta":{"_monsterinsights_skip_tracking":false,"_monsterinsights_sitenote_active":false,"_monsterinsights_sitenote_note":"","_monsterinsights_sitenote_category":0},"product_brand":[],"product_cat":[2901,2930],"product_tag":[],"yst_prominent_words":[256,712,713,535,259,260,266,711,251,261,499,593,529,267],"class_list":{"0":"post-35288","1":"product","2":"type-product","3":"status-publish","4":"has-post-thumbnail","6":"product_cat-tilbehoer","7":"product_cat-uncategorised-da","8":"product_shipping_class-kleingerate-da","10":"first","11":"outofstock","12":"taxable","13":"shipping-taxable","14":"purchasable","15":"product-type-simple"},"composite_virtual":false,"composite_layout":"","composite_add_to_cart_form_location":"","composite_editable_in_cart":false,"composite_sold_individually_context":"","composite_shop_price_calc":"","composite_components":[],"composite_scenarios":[],"bundled_by":[],"bundle_stock_status":"outofstock","bundle_stock_quantity":null,"bundle_virtual":false,"bundle_layout":"","bundle_add_to_cart_form_location":"","bundle_editable_in_cart":false,"bundle_sold_individually_context":"","bundle_item_grouping":"","bundle_min_size":"","bundle_max_size":"","bundle_price":[],"bundled_items":[],"bundle_sell_ids":[804],"yoast_head":"<!-- This site is optimized with the Yoast SEO Premium plugin v14.5 - https:\/\/yoast.com\/wordpress\/plugins\/seo\/ -->\n<title>STIL-FIT AB Trainer (valn\u00f8d) | STIL-FIT<\/title>\n<meta name=\"robots\" content=\"index, follow\" \/>\n<meta name=\"googlebot\" content=\"index, follow, max-snippet:-1, max-image-preview:large, max-video-preview:-1\" \/>\n<meta name=\"bingbot\" content=\"index, follow, max-snippet:-1, max-image-preview:large, max-video-preview:-1\" \/>\n<link rel=\"canonical\" href=\"https:\/\/stil-fit.com\/da\/shop\/stil-fit-ab-trainer-valnoed\/\" \/>\n<meta property=\"og:locale\" content=\"da_DK\" \/>\n<meta property=\"og:type\" content=\"article\" \/>\n<meta property=\"og:title\" content=\"STIL-FIT AB Trainer (valn\u00f8d) | STIL-FIT\" \/>\n<meta property=\"og:description\" content=\"&nbsp;  Fremstillet i Tyskland  Gratis forsendelse (D &amp; AT)  Levering inkl. yogam\u00e5tte\" \/>\n<meta property=\"og:url\" content=\"https:\/\/stil-fit.com\/da\/shop\/stil-fit-ab-trainer-valnoed\/\" \/>\n<meta property=\"og:site_name\" content=\"STIL-FIT\" \/>\n<meta property=\"article:publisher\" content=\"https:\/\/de-de.facebook.com\/stilfit\/\" \/>\n<meta property=\"og:image\" content=\"https:\/\/stil-fit.com\/wp-content\/uploads\/2019\/07\/STIL-FIT-ABTrainer-Design-Holz-Walnuss-scaled.jpg\" \/>\n\t<meta property=\"og:image:width\" content=\"2560\" \/>\n\t<meta property=\"og:image:height\" content=\"1792\" \/>\n<meta name=\"twitter:card\" content=\"summary_large_image\" \/>\n<script type=\"application\/ld+json\" class=\"yoast-schema-graph\">{\"@context\":\"https:\/\/schema.org\",\"@graph\":[{\"@type\":\"Organization\",\"@id\":\"https:\/\/stil-fit.com\/da\/#organization\",\"name\":\"STIL-FIT International GmbH\",\"url\":\"https:\/\/stil-fit.com\/da\/\",\"sameAs\":[\"https:\/\/de-de.facebook.com\/stilfit\/\",\"https:\/\/www.instagram.com\/stil_fit_int\/\",\"https:\/\/www.linkedin.com\/company\/stil-fit-international-gmbh\",\"https:\/\/www.youtube.com\/channel\/UC2HA1BeZtFB0acPMfq1hKdQ\",\"https:\/\/www.pinterest.com\/STILFITInt\/\"],\"logo\":{\"@type\":\"ImageObject\",\"@id\":\"https:\/\/stil-fit.com\/da\/#logo\",\"inLanguage\":\"da-DK\",\"url\":\"https:\/\/stil-fit.com\/wp-content\/uploads\/2019\/02\/stilfit_logo.jpg\",\"width\":150,\"height\":150,\"caption\":\"STIL-FIT International GmbH\"},\"image\":{\"@id\":\"https:\/\/stil-fit.com\/da\/#logo\"}},{\"@type\":\"WebSite\",\"@id\":\"https:\/\/stil-fit.com\/da\/#website\",\"url\":\"https:\/\/stil-fit.com\/da\/\",\"name\":\"STIL-FIT\",\"description\":\"Stil-fit\",\"publisher\":{\"@id\":\"https:\/\/stil-fit.com\/da\/#organization\"},\"potentialAction\":[{\"@type\":\"SearchAction\",\"target\":\"https:\/\/stil-fit.com\/da\/?s={search_term_string}\",\"query-input\":\"required name=search_term_string\"}],\"inLanguage\":\"da-DK\"},{\"@type\":\"ImageObject\",\"@id\":\"https:\/\/stil-fit.com\/da\/shop\/stil-fit-ab-trainer-valnoed\/#primaryimage\",\"inLanguage\":\"da-DK\",\"url\":\"https:\/\/stil-fit.com\/wp-content\/uploads\/2019\/07\/STIL-FIT-ABTrainer-Design-Holz-Walnuss-scaled.jpg\",\"width\":2560,\"height\":1792},{\"@type\":\"WebPage\",\"@id\":\"https:\/\/stil-fit.com\/da\/shop\/stil-fit-ab-trainer-valnoed\/#webpage\",\"url\":\"https:\/\/stil-fit.com\/da\/shop\/stil-fit-ab-trainer-valnoed\/\",\"name\":\"STIL-FIT AB Trainer (valn\\u00f8d) | STIL-FIT\",\"isPartOf\":{\"@id\":\"https:\/\/stil-fit.com\/da\/#website\"},\"primaryImageOfPage\":{\"@id\":\"https:\/\/stil-fit.com\/da\/shop\/stil-fit-ab-trainer-valnoed\/#primaryimage\"},\"datePublished\":\"2025-03-27T12:51:05+00:00\",\"dateModified\":\"2025-03-27T12:51:05+00:00\",\"inLanguage\":\"da-DK\",\"potentialAction\":[{\"@type\":\"ReadAction\",\"target\":[\"https:\/\/stil-fit.com\/da\/shop\/stil-fit-ab-trainer-valnoed\/\"]}]}]}<\/script>\n<!-- \/ Yoast SEO Premium plugin. -->","post_mailing_queue_ids":[],"_links":{"self":[{"href":"https:\/\/stil-fit.com\/da\/wp-json\/wp\/v2\/product\/35288","targetHints":{"allow":["GET"]}}],"collection":[{"href":"https:\/\/stil-fit.com\/da\/wp-json\/wp\/v2\/product"}],"about":[{"href":"https:\/\/stil-fit.com\/da\/wp-json\/wp\/v2\/types\/product"}],"replies":[{"embeddable":true,"href":"https:\/\/stil-fit.com\/da\/wp-json\/wp\/v2\/comments?post=35288"}],"wp:featuredmedia":[{"embeddable":true,"href":"https:\/\/stil-fit.com\/da\/wp-json\/wp\/v2\/media\/22810"}],"wp:attachment":[{"href":"https:\/\/stil-fit.com\/da\/wp-json\/wp\/v2\/media?parent=35288"}],"wp:term":[{"taxonomy":"product_brand","embeddable":true,"href":"https:\/\/stil-fit.com\/da\/wp-json\/wp\/v2\/product_brand?post=35288"},{"taxonomy":"product_cat","embeddable":true,"href":"https:\/\/stil-fit.com\/da\/wp-json\/wp\/v2\/product_cat?post=35288"},{"taxonomy":"product_tag","embeddable":true,"href":"https:\/\/stil-fit.com\/da\/wp-json\/wp\/v2\/product_tag?post=35288"},{"taxonomy":"yst_prominent_words","embeddable":true,"href":"https:\/\/stil-fit.com\/da\/wp-json\/wp\/v2\/yst_prominent_words?post=35288"}],"curies":[{"name":"wp","href":"https:\/\/api.w.org\/{rel}","templated":true}]}}