{"id":35291,"date":"2019-07-22T00:06:30","date_gmt":"2025-03-27T12:51:23","guid":{"rendered":"https:\/\/stil-fit.com\/shop\/stil-fit-back-stretch-valnoed\/"},"modified":"2025-03-27T13:51:23","modified_gmt":"2025-03-27T12:51:23","slug":"stil-fit-back-stretch-valnoed","status":"publish","type":"product","link":"https:\/\/stil-fit.com\/da\/shop\/stil-fit-back-stretch-valnoed\/","title":{"rendered":"STIL-FIT BACK Stretch (valn\u00f8d)"},"content":{"rendered":"<h1><strong>STIL-FIT BACK Stretch  <\/strong><\/h1>\n<h2>Afslapning for din ryg<\/h2>\n<div>Efter en intensiv tr\u00e6ning med vores produkter er BACK Stretch perfekt til at l\u00f8sne op for sp\u00e6ndinger og<\/div>\n<div>str\u00e6kker din ryg og rygs\u00f8jle. Det bidrager ogs\u00e5 positivt til at reducere en smertefuld ryg. <\/div>\n<div>og hals.<\/div>\n<div><\/div>\n<div>Bare l\u00e6g dig ned, slap af og tr\u00e6k vejret kontinuerligt og j\u00e6vnt i cirka fem minutter. Du kan bruge <\/div>\n<div>BACK Stretch i to forskellige positioner. For den \u00f8vre og den nedre del af ryggen. <\/div>\n","protected":false},"excerpt":{"rendered":"<p dir=\"ltr\" data-placeholder=\"\u00dcbersetzung\" data-ved=\"2ahUKEwjRp7uo4N-CAxVTgv0HHf8jDZkQ3ewLegQICRAQ\">\n<p id=\"tw-target-text\" class=\"tw-data-text tw-text-large tw-ta\" dir=\"ltr\" data-placeholder=\"\u00dcbersetzung\" data-ved=\"2ahUKEwjRp7uo4N-CAxVTgv0HHf8jDZkQ3ewLegQICRAQ\"><span class=\"Y2IQFc\" lang=\"en\">L\u00e6g dig p\u00e5 BACK Stretch og slap af. Du vil m\u00e6rke, hvordan din ryg bliver aflastet. <\/span><\/p>\n<ul>\n<li>Fremstillet i Tyskland<\/li>\n<li>Gratis forsendelse (Tyskland og \u00d8strig)<\/li>\n<\/ul>\n","protected":false},"featured_media":22820,"comment_status":"open","ping_status":"closed","template":"","meta":{"_monsterinsights_skip_tracking":false,"_monsterinsights_sitenote_active":false,"_monsterinsights_sitenote_note":"","_monsterinsights_sitenote_category":0},"product_brand":[],"product_cat":[2901,2930],"product_tag":[],"yst_prominent_words":[256,498,496,255,372,251,261,267,1944],"class_list":{"0":"post-35291","1":"product","2":"type-product","3":"status-publish","4":"has-post-thumbnail","6":"product_cat-tilbehoer","7":"product_cat-uncategorised-da","8":"product_shipping_class-kleingerate-da","10":"first","11":"instock","12":"taxable","13":"shipping-taxable","14":"purchasable","15":"product-type-simple"},"composite_virtual":false,"composite_layout":"","composite_add_to_cart_form_location":"","composite_editable_in_cart":false,"composite_sold_individually_context":"","composite_shop_price_calc":"","composite_components":[],"composite_scenarios":[],"bundled_by":[],"bundle_stock_status":"instock","bundle_stock_quantity":null,"bundle_virtual":false,"bundle_layout":"","bundle_add_to_cart_form_location":"","bundle_editable_in_cart":false,"bundle_sold_individually_context":"","bundle_item_grouping":"","bundle_min_size":"","bundle_max_size":"","bundle_price":[],"bundled_items":[],"bundle_sell_ids":[35288,804],"yoast_head":"<!-- This site is optimized with the Yoast SEO Premium plugin v14.5 - https:\/\/yoast.com\/wordpress\/plugins\/seo\/ -->\n<title>STIL-FIT BACK Stretch (valn\u00f8d) | Wellness for din ryg<\/title>\n<meta name=\"description\" content=\"Vores BACK Stretch er h\u00e5ndlavet p\u00e5 vores fabrik i M\u00fcnchen og hj\u00e6lper dig med at aflaste din ryg. Et kunstv\u00e6rk til din lejlighed.\" \/>\n<meta name=\"robots\" content=\"index, follow\" \/>\n<meta name=\"googlebot\" content=\"index, follow, max-snippet:-1, max-image-preview:large, max-video-preview:-1\" \/>\n<meta name=\"bingbot\" content=\"index, follow, max-snippet:-1, max-image-preview:large, max-video-preview:-1\" \/>\n<link rel=\"canonical\" href=\"https:\/\/stil-fit.com\/da\/shop\/stil-fit-back-stretch-valnoed\/\" \/>\n<meta property=\"og:locale\" content=\"da_DK\" \/>\n<meta property=\"og:type\" content=\"article\" \/>\n<meta property=\"og:title\" content=\"STIL-FIT BACK Stretch (valn\u00f8d) | Wellness for din ryg\" \/>\n<meta property=\"og:description\" content=\"Vores BACK Stretch er h\u00e5ndlavet p\u00e5 vores fabrik i M\u00fcnchen og hj\u00e6lper dig med at aflaste din ryg. Et kunstv\u00e6rk til din lejlighed.\" \/>\n<meta property=\"og:url\" content=\"https:\/\/stil-fit.com\/da\/shop\/stil-fit-back-stretch-valnoed\/\" \/>\n<meta property=\"og:site_name\" content=\"STIL-FIT\" \/>\n<meta property=\"article:publisher\" content=\"https:\/\/de-de.facebook.com\/stilfit\/\" \/>\n<meta property=\"og:image\" content=\"https:\/\/stil-fit.com\/wp-content\/uploads\/2019\/07\/STIL-FIT-Backstretch-Design-Holz-R\u00fcckentraining-scaled.jpg\" \/>\n\t<meta property=\"og:image:width\" content=\"2560\" \/>\n\t<meta property=\"og:image:height\" content=\"1792\" \/>\n<meta name=\"twitter:card\" content=\"summary_large_image\" \/>\n<script type=\"application\/ld+json\" class=\"yoast-schema-graph\">{\"@context\":\"https:\/\/schema.org\",\"@graph\":[{\"@type\":\"Organization\",\"@id\":\"https:\/\/stil-fit.com\/da\/#organization\",\"name\":\"STIL-FIT International GmbH\",\"url\":\"https:\/\/stil-fit.com\/da\/\",\"sameAs\":[\"https:\/\/de-de.facebook.com\/stilfit\/\",\"https:\/\/www.instagram.com\/stil_fit_int\/\",\"https:\/\/www.linkedin.com\/company\/stil-fit-international-gmbh\",\"https:\/\/www.youtube.com\/channel\/UC2HA1BeZtFB0acPMfq1hKdQ\",\"https:\/\/www.pinterest.com\/STILFITInt\/\"],\"logo\":{\"@type\":\"ImageObject\",\"@id\":\"https:\/\/stil-fit.com\/da\/#logo\",\"inLanguage\":\"da-DK\",\"url\":\"https:\/\/stil-fit.com\/wp-content\/uploads\/2019\/02\/stilfit_logo.jpg\",\"width\":150,\"height\":150,\"caption\":\"STIL-FIT International GmbH\"},\"image\":{\"@id\":\"https:\/\/stil-fit.com\/da\/#logo\"}},{\"@type\":\"WebSite\",\"@id\":\"https:\/\/stil-fit.com\/da\/#website\",\"url\":\"https:\/\/stil-fit.com\/da\/\",\"name\":\"STIL-FIT\",\"description\":\"Stil-fit\",\"publisher\":{\"@id\":\"https:\/\/stil-fit.com\/da\/#organization\"},\"potentialAction\":[{\"@type\":\"SearchAction\",\"target\":\"https:\/\/stil-fit.com\/da\/?s={search_term_string}\",\"query-input\":\"required name=search_term_string\"}],\"inLanguage\":\"da-DK\"},{\"@type\":\"ImageObject\",\"@id\":\"https:\/\/stil-fit.com\/da\/shop\/stil-fit-back-stretch-valnoed\/#primaryimage\",\"inLanguage\":\"da-DK\",\"url\":\"https:\/\/stil-fit.com\/wp-content\/uploads\/2019\/07\/STIL-FIT-Backstretch-Design-Holz-R\\u00fcckentraining-scaled.jpg\",\"width\":2560,\"height\":1792},{\"@type\":\"WebPage\",\"@id\":\"https:\/\/stil-fit.com\/da\/shop\/stil-fit-back-stretch-valnoed\/#webpage\",\"url\":\"https:\/\/stil-fit.com\/da\/shop\/stil-fit-back-stretch-valnoed\/\",\"name\":\"STIL-FIT BACK Stretch (valn\\u00f8d) | Wellness for din ryg\",\"isPartOf\":{\"@id\":\"https:\/\/stil-fit.com\/da\/#website\"},\"primaryImageOfPage\":{\"@id\":\"https:\/\/stil-fit.com\/da\/shop\/stil-fit-back-stretch-valnoed\/#primaryimage\"},\"datePublished\":\"2025-03-27T12:51:23+00:00\",\"dateModified\":\"2025-03-27T12:51:23+00:00\",\"description\":\"Vores BACK Stretch er h\\u00e5ndlavet p\\u00e5 vores fabrik i M\\u00fcnchen og hj\\u00e6lper dig med at aflaste din ryg. Et kunstv\\u00e6rk til din lejlighed.\",\"inLanguage\":\"da-DK\",\"potentialAction\":[{\"@type\":\"ReadAction\",\"target\":[\"https:\/\/stil-fit.com\/da\/shop\/stil-fit-back-stretch-valnoed\/\"]}]}]}<\/script>\n<!-- \/ Yoast SEO Premium plugin. -->","post_mailing_queue_ids":[],"_links":{"self":[{"href":"https:\/\/stil-fit.com\/da\/wp-json\/wp\/v2\/product\/35291","targetHints":{"allow":["GET"]}}],"collection":[{"href":"https:\/\/stil-fit.com\/da\/wp-json\/wp\/v2\/product"}],"about":[{"href":"https:\/\/stil-fit.com\/da\/wp-json\/wp\/v2\/types\/product"}],"replies":[{"embeddable":true,"href":"https:\/\/stil-fit.com\/da\/wp-json\/wp\/v2\/comments?post=35291"}],"wp:featuredmedia":[{"embeddable":true,"href":"https:\/\/stil-fit.com\/da\/wp-json\/wp\/v2\/media\/22820"}],"wp:attachment":[{"href":"https:\/\/stil-fit.com\/da\/wp-json\/wp\/v2\/media?parent=35291"}],"wp:term":[{"taxonomy":"product_brand","embeddable":true,"href":"https:\/\/stil-fit.com\/da\/wp-json\/wp\/v2\/product_brand?post=35291"},{"taxonomy":"product_cat","embeddable":true,"href":"https:\/\/stil-fit.com\/da\/wp-json\/wp\/v2\/product_cat?post=35291"},{"taxonomy":"product_tag","embeddable":true,"href":"https:\/\/stil-fit.com\/da\/wp-json\/wp\/v2\/product_tag?post=35291"},{"taxonomy":"yst_prominent_words","embeddable":true,"href":"https:\/\/stil-fit.com\/da\/wp-json\/wp\/v2\/yst_prominent_words?post=35291"}],"curies":[{"name":"wp","href":"https:\/\/api.w.org\/{rel}","templated":true}]}}