{"id":35372,"date":"2020-03-26T22:44:05","date_gmt":"2025-03-27T12:53:40","guid":{"rendered":"https:\/\/stil-fit.com\/shop\/polar-verity-sense-optisk-pulsmaaler\/"},"modified":"2025-03-27T13:53:40","modified_gmt":"2025-03-27T12:53:40","slug":"polar-verity-sense-optisk-pulsmaaler","status":"publish","type":"product","link":"https:\/\/stil-fit.com\/da\/shop\/polar-verity-sense-optisk-pulsmaaler\/","title":{"rendered":"Polar Verity Sense &#8211; optisk pulsm\u00e5ler"},"content":{"rendered":"<h1><\/h1>\n<h1 class=\"thin-font\">POLAR VERITY SENSE OPTISK PULSSENSOR<\/h1>\n<p>Den lille og handy Polar Verity Sense er din f\u00f8lgesvend i en verden af pulstr\u00e6ning. Den hj\u00e6lper dig med at tr\u00e6ne smartere, ikke h\u00e5rdere. Polar Verity Sense er en optisk pulsm\u00e5ler, der kombinerer alsidighed, komfort og enkelhed. Du kan bruge den som en selvst\u00e6ndig enhed eller parre den med forskellige fitness-apps, f.eks. vores STIL-FIT International App.   <\/p>\n<h2 class=\"thin-font\">Komfortabelt armb\u00e5nd<\/h2>\n<p>Du kan b\u00e6re Polar Verity Sense p\u00e5 b\u00e5de over- og underarmen. Den er nem at tage p\u00e5 og af hvor som helst og n\u00e5r som helst. Detaljer betyder noget, n\u00e5r pr\u00e6stationerne t\u00e6ller. Polar Verity Sense-armb\u00e5ndet er designet til at sidde sikkert og behageligt omkring din arm. Det er konstrueret til at v\u00e6re yderst behageligt at have p\u00e5 og er lavet af et bl\u00f8dt tekstilmateriale, der kan maskinvaskes til daglig brug.    <\/p>\n<h2 class=\"thin-font\">Optisk pulsm\u00e5ling<\/h2>\n<p>Du kr\u00e6ver pr\u00e6cision, n\u00e5r du tr\u00e6ner. Det f\u00e5r du med Polars egenudviklede pulsalgoritme og optiske sensor med 6 LED&#8217;er. <\/p>\n<h2 class=\"thin-font\">Indbygget hukommelse<\/h2>\n<p>Med sin indbyggede hukommelse kan Polar Verity Sense gemme op til 200 timers tr\u00e6ningsdata. Du kan synkronisere dine data med Polar Beat til analyse. <\/p>\n<h2 class=\"thin-font\">K\u00f8r l\u00e6ngere og l\u00e6ngere<\/h2>\n<p>Polar OH1 har en lang batterilevetid med op til 12 timers tr\u00e6ningstid p\u00e5 en enkelt opladning. Du kan nemt oplade batteriet med den medf\u00f8lgende Polar Verity Sense USB-adapter.<\/p>\n","protected":false},"excerpt":{"rendered":"<p>&nbsp;<\/p>\n<p>&nbsp;<\/p>\n","protected":false},"featured_media":26665,"comment_status":"open","ping_status":"closed","template":"","meta":{"_monsterinsights_skip_tracking":false,"_monsterinsights_sitenote_active":false,"_monsterinsights_sitenote_note":"","_monsterinsights_sitenote_category":0},"product_brand":[],"product_cat":[2909,2941],"product_tag":[],"yst_prominent_words":[853,832,825,856,854,259,851,857,850,852,849,847,848,833,251,261,855,593,594,634],"class_list":{"0":"post-35372","1":"product","2":"type-product","3":"status-publish","4":"has-post-thumbnail","6":"product_cat-motionscykel","7":"product_cat-romaskine","8":"product_shipping_class-kleingerate-da","10":"first","11":"outofstock","12":"taxable","13":"shipping-taxable","14":"purchasable","15":"product-type-simple"},"composite_virtual":false,"composite_layout":"","composite_add_to_cart_form_location":"","composite_editable_in_cart":false,"composite_sold_individually_context":"","composite_shop_price_calc":"","composite_components":[],"composite_scenarios":[],"bundled_by":[],"bundle_stock_status":"outofstock","bundle_stock_quantity":null,"bundle_virtual":false,"bundle_layout":"","bundle_add_to_cart_form_location":"","bundle_editable_in_cart":false,"bundle_sold_individually_context":"","bundle_item_grouping":"","bundle_min_size":"","bundle_max_size":"","bundle_price":[],"bundled_items":[],"bundle_sell_ids":[],"yoast_head":"<!-- This site is optimized with the Yoast SEO Premium plugin v14.5 - https:\/\/yoast.com\/wordpress\/plugins\/seo\/ -->\n<title>Polar Verity Sense - optisk pulsm\u00e5ler | STIL-FIT<\/title>\n<meta name=\"robots\" content=\"index, follow\" \/>\n<meta name=\"googlebot\" content=\"index, follow, max-snippet:-1, max-image-preview:large, max-video-preview:-1\" \/>\n<meta name=\"bingbot\" content=\"index, follow, max-snippet:-1, max-image-preview:large, max-video-preview:-1\" \/>\n<link rel=\"canonical\" href=\"https:\/\/stil-fit.com\/da\/shop\/polar-verity-sense-optisk-pulsmaaler\/\" \/>\n<meta property=\"og:locale\" content=\"da_DK\" \/>\n<meta property=\"og:type\" content=\"article\" \/>\n<meta property=\"og:title\" content=\"Polar Verity Sense - optisk pulsm\u00e5ler | STIL-FIT\" \/>\n<meta property=\"og:description\" content=\"&nbsp; &nbsp;\" \/>\n<meta property=\"og:url\" content=\"https:\/\/stil-fit.com\/da\/shop\/polar-verity-sense-optisk-pulsmaaler\/\" \/>\n<meta property=\"og:site_name\" content=\"STIL-FIT\" \/>\n<meta property=\"article:publisher\" content=\"https:\/\/de-de.facebook.com\/stilfit\/\" \/>\n<meta property=\"og:image\" content=\"https:\/\/stil-fit.com\/wp-content\/uploads\/2020\/03\/Polar-OH1-Pulssensor.jpg\" \/>\n\t<meta property=\"og:image:width\" content=\"600\" \/>\n\t<meta property=\"og:image:height\" content=\"600\" \/>\n<meta name=\"twitter:card\" content=\"summary_large_image\" \/>\n<script type=\"application\/ld+json\" class=\"yoast-schema-graph\">{\"@context\":\"https:\/\/schema.org\",\"@graph\":[{\"@type\":\"Organization\",\"@id\":\"https:\/\/stil-fit.com\/da\/#organization\",\"name\":\"STIL-FIT International GmbH\",\"url\":\"https:\/\/stil-fit.com\/da\/\",\"sameAs\":[\"https:\/\/de-de.facebook.com\/stilfit\/\",\"https:\/\/www.instagram.com\/stil_fit_int\/\",\"https:\/\/www.linkedin.com\/company\/stil-fit-international-gmbh\",\"https:\/\/www.youtube.com\/channel\/UC2HA1BeZtFB0acPMfq1hKdQ\",\"https:\/\/www.pinterest.com\/STILFITInt\/\"],\"logo\":{\"@type\":\"ImageObject\",\"@id\":\"https:\/\/stil-fit.com\/da\/#logo\",\"inLanguage\":\"da-DK\",\"url\":\"https:\/\/stil-fit.com\/wp-content\/uploads\/2019\/02\/stilfit_logo.jpg\",\"width\":150,\"height\":150,\"caption\":\"STIL-FIT International GmbH\"},\"image\":{\"@id\":\"https:\/\/stil-fit.com\/da\/#logo\"}},{\"@type\":\"WebSite\",\"@id\":\"https:\/\/stil-fit.com\/da\/#website\",\"url\":\"https:\/\/stil-fit.com\/da\/\",\"name\":\"STIL-FIT\",\"description\":\"Stil-fit\",\"publisher\":{\"@id\":\"https:\/\/stil-fit.com\/da\/#organization\"},\"potentialAction\":[{\"@type\":\"SearchAction\",\"target\":\"https:\/\/stil-fit.com\/da\/?s={search_term_string}\",\"query-input\":\"required name=search_term_string\"}],\"inLanguage\":\"da-DK\"},{\"@type\":\"ImageObject\",\"@id\":\"https:\/\/stil-fit.com\/da\/shop\/polar-verity-sense-optisk-pulsmaaler\/#primaryimage\",\"inLanguage\":\"da-DK\",\"url\":\"https:\/\/stil-fit.com\/wp-content\/uploads\/2020\/03\/Polar-OH1-Pulssensor.jpg\",\"width\":600,\"height\":600},{\"@type\":\"WebPage\",\"@id\":\"https:\/\/stil-fit.com\/da\/shop\/polar-verity-sense-optisk-pulsmaaler\/#webpage\",\"url\":\"https:\/\/stil-fit.com\/da\/shop\/polar-verity-sense-optisk-pulsmaaler\/\",\"name\":\"Polar Verity Sense - optisk pulsm\\u00e5ler | STIL-FIT\",\"isPartOf\":{\"@id\":\"https:\/\/stil-fit.com\/da\/#website\"},\"primaryImageOfPage\":{\"@id\":\"https:\/\/stil-fit.com\/da\/shop\/polar-verity-sense-optisk-pulsmaaler\/#primaryimage\"},\"datePublished\":\"2025-03-27T12:53:40+00:00\",\"dateModified\":\"2025-03-27T12:53:40+00:00\",\"inLanguage\":\"da-DK\",\"potentialAction\":[{\"@type\":\"ReadAction\",\"target\":[\"https:\/\/stil-fit.com\/da\/shop\/polar-verity-sense-optisk-pulsmaaler\/\"]}]}]}<\/script>\n<!-- \/ Yoast SEO Premium plugin. -->","post_mailing_queue_ids":[],"_links":{"self":[{"href":"https:\/\/stil-fit.com\/da\/wp-json\/wp\/v2\/product\/35372","targetHints":{"allow":["GET"]}}],"collection":[{"href":"https:\/\/stil-fit.com\/da\/wp-json\/wp\/v2\/product"}],"about":[{"href":"https:\/\/stil-fit.com\/da\/wp-json\/wp\/v2\/types\/product"}],"replies":[{"embeddable":true,"href":"https:\/\/stil-fit.com\/da\/wp-json\/wp\/v2\/comments?post=35372"}],"wp:featuredmedia":[{"embeddable":true,"href":"https:\/\/stil-fit.com\/da\/wp-json\/wp\/v2\/media\/26665"}],"wp:attachment":[{"href":"https:\/\/stil-fit.com\/da\/wp-json\/wp\/v2\/media?parent=35372"}],"wp:term":[{"taxonomy":"product_brand","embeddable":true,"href":"https:\/\/stil-fit.com\/da\/wp-json\/wp\/v2\/product_brand?post=35372"},{"taxonomy":"product_cat","embeddable":true,"href":"https:\/\/stil-fit.com\/da\/wp-json\/wp\/v2\/product_cat?post=35372"},{"taxonomy":"product_tag","embeddable":true,"href":"https:\/\/stil-fit.com\/da\/wp-json\/wp\/v2\/product_tag?post=35372"},{"taxonomy":"yst_prominent_words","embeddable":true,"href":"https:\/\/stil-fit.com\/da\/wp-json\/wp\/v2\/yst_prominent_words?post=35372"}],"curies":[{"name":"wp","href":"https:\/\/api.w.org\/{rel}","templated":true}]}}