{"id":35432,"date":"2021-05-21T23:40:30","date_gmt":"2025-03-27T12:54:15","guid":{"rendered":"https:\/\/stil-fit.com\/shop\/stil-fit-ergometer-pure\/"},"modified":"2025-05-05T01:54:10","modified_gmt":"2025-05-04T23:54:10","slug":"stil-fit-ergometer-pure","status":"publish","type":"product","link":"https:\/\/stil-fit.com\/da\/shop\/stil-fit-ergometer-pure\/","title":{"rendered":"STIL-FIT Ergometer PURE"},"content":{"rendered":"<h1><strong><span style=\"color: #282828;\">Den STIL-FIT Ergometer PURE<\/span><\/strong><\/h1>\n<p>G\u00f8r dig klar til en ny tr\u00e6ningsoplevelse.<\/p>\n<h2><strong>Unikt og enest\u00e5ende design<\/strong><\/h2>\n<p>Motionscyklen PURE med den elegante indbyggede tr\u00e6ningscomputer og det ergonomiske multifunktionsh\u00e5ndtag er et fremragende designkoncept. Sammen med materialer af h\u00f8jeste kvalitet og en perfekt finish kan vi tilbyde dig en fantastisk tr\u00e6ningsoplevelse. <\/p>\n<h2><strong>Kraftfuld tr\u00e6ningscomputer<\/strong><\/h2>\n<p>Vi har udstyret Motionscykel PURE med en 4,3&#8243; TFT-farveber\u00f8ringssk\u00e6rm og en brugergr\u00e6nseflade, der er selvforklarende og nem at bruge med en overskuelig brugervejledning. Tr\u00e6ningscomputeren giver dig en bred vifte af forskellige programmer og giver dig mulighed for at gemme tr\u00e6ningsdata for op til fem brugere. <\/p>\n<h1><\/h1>\n","protected":false},"excerpt":{"rendered":"<p>&nbsp;<\/p>\n<p>Motionscyklen PURE er en meget komfortabel og ergonomisk cykel, der tilbyder forskellige siddestillinger takket v\u00e6re det multifunktionelle styr. Det g\u00f8r den til den perfekte l\u00f8sning til at holde sig i form og sund i alle aldre. <\/p>\n<p><strong>Klar til afsendelse inden for 7 arbejdsdage<\/strong><\/p>\n<ul>\n<li>Fremstillet til dig p\u00e5 vores fabrik i M\u00fcnchen<\/li>\n<li>Gratis forsendelse<\/li>\n<li>0% afbetaling (kun Tyskland)<\/li>\n<li>Fremstillet i Tyskland<\/li>\n<\/ul>\n<p>&nbsp;<\/p>\n<p><strong>V\u00e6lg din model:<\/strong><\/p>\n","protected":false},"featured_media":29841,"comment_status":"open","ping_status":"closed","template":"","meta":{"_monsterinsights_skip_tracking":false,"_monsterinsights_sitenote_active":false,"_monsterinsights_sitenote_note":"","_monsterinsights_sitenote_category":0},"product_brand":[],"product_cat":[2909,2930],"product_tag":[3331,3289,3134,3202],"yst_prominent_words":[256,190,172,985,984,1070,255,987,986,251,598,983,982,261,189,186,593,529,989,594],"class_list":{"0":"post-35432","1":"product","2":"type-product","3":"status-publish","4":"has-post-thumbnail","6":"product_cat-motionscykel","7":"product_cat-uncategorised-da","8":"product_tag-cykel-da","9":"product_tag-fitness-da","10":"product_tag-hjemmefitness","11":"product_tag-motionscykel-da","12":"product_shipping_class-ergometer-2-da","14":"first","15":"instock","16":"taxable","17":"shipping-taxable","18":"purchasable","19":"product-type-variable","20":"has-default-attributes"},"composite_virtual":false,"composite_layout":"","composite_add_to_cart_form_location":"","composite_editable_in_cart":false,"composite_sold_individually_context":"","composite_shop_price_calc":"","composite_components":[],"composite_scenarios":[],"bundled_by":[],"bundle_stock_status":"instock","bundle_stock_quantity":null,"bundle_virtual":false,"bundle_layout":"","bundle_add_to_cart_form_location":"","bundle_editable_in_cart":false,"bundle_sold_individually_context":"","bundle_item_grouping":"","bundle_min_size":"","bundle_max_size":"","bundle_price":[],"bundled_items":[],"bundle_sell_ids":[35226,35550,35372,35524,35540],"yoast_head":"<!-- This site is optimized with the Yoast SEO Premium plugin v14.5 - https:\/\/yoast.com\/wordpress\/plugins\/seo\/ -->\n<title>STIL-FIT Ergometer PURE | Designcyklen f\u00e5s i sort og hvid<\/title>\n<meta name=\"description\" content=\"G\u00f8r dig klar og konfigurer din nye kraftfulde Motionscykel PURE nu. Designet og udviklet i M\u00fcnchen, Tyskland. Gratis forsendelse i Tyskland og \u00d8strig.\" \/>\n<meta name=\"robots\" content=\"index, follow\" \/>\n<meta name=\"googlebot\" content=\"index, follow, max-snippet:-1, max-image-preview:large, max-video-preview:-1\" \/>\n<meta name=\"bingbot\" content=\"index, follow, max-snippet:-1, max-image-preview:large, max-video-preview:-1\" \/>\n<link rel=\"canonical\" href=\"https:\/\/stil-fit.com\/da\/shop\/stil-fit-ergometer-pure\/\" \/>\n<meta property=\"og:locale\" content=\"da_DK\" \/>\n<meta property=\"og:type\" content=\"article\" \/>\n<meta property=\"og:title\" content=\"STIL-FIT Ergometer PURE | Designcyklen f\u00e5s i sort og hvid\" \/>\n<meta property=\"og:description\" content=\"G\u00f8r dig klar og konfigurer din nye kraftfulde Motionscykel PURE nu. Designet og udviklet i M\u00fcnchen, Tyskland. Gratis forsendelse i Tyskland og \u00d8strig.\" \/>\n<meta property=\"og:url\" content=\"https:\/\/stil-fit.com\/da\/shop\/stil-fit-ergometer-pure\/\" \/>\n<meta property=\"og:site_name\" content=\"STIL-FIT\" \/>\n<meta property=\"article:publisher\" content=\"https:\/\/de-de.facebook.com\/stilfit\/\" \/>\n<meta property=\"article:modified_time\" content=\"2025-05-04T23:54:10+00:00\" \/>\n<meta property=\"og:image\" content=\"https:\/\/stil-fit.com\/wp-content\/uploads\/2023\/03\/STIL-FIT-Ergometer-Pure-White-Edition-scaled.jpg\" \/>\n\t<meta property=\"og:image:width\" content=\"2560\" \/>\n\t<meta property=\"og:image:height\" content=\"1708\" \/>\n<meta name=\"twitter:card\" content=\"summary_large_image\" \/>\n<script type=\"application\/ld+json\" class=\"yoast-schema-graph\">{\"@context\":\"https:\/\/schema.org\",\"@graph\":[{\"@type\":\"Organization\",\"@id\":\"https:\/\/stil-fit.com\/da\/#organization\",\"name\":\"STIL-FIT International GmbH\",\"url\":\"https:\/\/stil-fit.com\/da\/\",\"sameAs\":[\"https:\/\/de-de.facebook.com\/stilfit\/\",\"https:\/\/www.instagram.com\/stil_fit_int\/\",\"https:\/\/www.linkedin.com\/company\/stil-fit-international-gmbh\",\"https:\/\/www.youtube.com\/channel\/UC2HA1BeZtFB0acPMfq1hKdQ\",\"https:\/\/www.pinterest.com\/STILFITInt\/\"],\"logo\":{\"@type\":\"ImageObject\",\"@id\":\"https:\/\/stil-fit.com\/da\/#logo\",\"inLanguage\":\"da-DK\",\"url\":\"https:\/\/stil-fit.com\/wp-content\/uploads\/2019\/02\/stilfit_logo.jpg\",\"width\":150,\"height\":150,\"caption\":\"STIL-FIT International GmbH\"},\"image\":{\"@id\":\"https:\/\/stil-fit.com\/da\/#logo\"}},{\"@type\":\"WebSite\",\"@id\":\"https:\/\/stil-fit.com\/da\/#website\",\"url\":\"https:\/\/stil-fit.com\/da\/\",\"name\":\"STIL-FIT\",\"description\":\"Stil-fit\",\"publisher\":{\"@id\":\"https:\/\/stil-fit.com\/da\/#organization\"},\"potentialAction\":[{\"@type\":\"SearchAction\",\"target\":\"https:\/\/stil-fit.com\/da\/?s={search_term_string}\",\"query-input\":\"required name=search_term_string\"}],\"inLanguage\":\"da-DK\"},{\"@type\":\"ImageObject\",\"@id\":\"https:\/\/stil-fit.com\/da\/shop\/stil-fit-ergometer-pure\/#primaryimage\",\"inLanguage\":\"da-DK\",\"url\":\"https:\/\/stil-fit.com\/wp-content\/uploads\/2023\/03\/STIL-FIT-Ergometer-Pure-White-Edition-scaled.jpg\",\"width\":2560,\"height\":1708},{\"@type\":\"WebPage\",\"@id\":\"https:\/\/stil-fit.com\/da\/shop\/stil-fit-ergometer-pure\/#webpage\",\"url\":\"https:\/\/stil-fit.com\/da\/shop\/stil-fit-ergometer-pure\/\",\"name\":\"STIL-FIT Ergometer PURE | Designcyklen f\\u00e5s i sort og hvid\",\"isPartOf\":{\"@id\":\"https:\/\/stil-fit.com\/da\/#website\"},\"primaryImageOfPage\":{\"@id\":\"https:\/\/stil-fit.com\/da\/shop\/stil-fit-ergometer-pure\/#primaryimage\"},\"datePublished\":\"2025-03-27T12:54:15+00:00\",\"dateModified\":\"2025-05-04T23:54:10+00:00\",\"description\":\"G\\u00f8r dig klar og konfigurer din nye kraftfulde Motionscykel PURE nu. Designet og udviklet i M\\u00fcnchen, Tyskland. Gratis forsendelse i Tyskland og \\u00d8strig.\",\"inLanguage\":\"da-DK\",\"potentialAction\":[{\"@type\":\"ReadAction\",\"target\":[\"https:\/\/stil-fit.com\/da\/shop\/stil-fit-ergometer-pure\/\"]}]}]}<\/script>\n<!-- \/ Yoast SEO Premium plugin. -->","post_mailing_queue_ids":[],"_links":{"self":[{"href":"https:\/\/stil-fit.com\/da\/wp-json\/wp\/v2\/product\/35432","targetHints":{"allow":["GET"]}}],"collection":[{"href":"https:\/\/stil-fit.com\/da\/wp-json\/wp\/v2\/product"}],"about":[{"href":"https:\/\/stil-fit.com\/da\/wp-json\/wp\/v2\/types\/product"}],"replies":[{"embeddable":true,"href":"https:\/\/stil-fit.com\/da\/wp-json\/wp\/v2\/comments?post=35432"}],"wp:featuredmedia":[{"embeddable":true,"href":"https:\/\/stil-fit.com\/da\/wp-json\/wp\/v2\/media\/29841"}],"wp:attachment":[{"href":"https:\/\/stil-fit.com\/da\/wp-json\/wp\/v2\/media?parent=35432"}],"wp:term":[{"taxonomy":"product_brand","embeddable":true,"href":"https:\/\/stil-fit.com\/da\/wp-json\/wp\/v2\/product_brand?post=35432"},{"taxonomy":"product_cat","embeddable":true,"href":"https:\/\/stil-fit.com\/da\/wp-json\/wp\/v2\/product_cat?post=35432"},{"taxonomy":"product_tag","embeddable":true,"href":"https:\/\/stil-fit.com\/da\/wp-json\/wp\/v2\/product_tag?post=35432"},{"taxonomy":"yst_prominent_words","embeddable":true,"href":"https:\/\/stil-fit.com\/da\/wp-json\/wp\/v2\/yst_prominent_words?post=35432"}],"curies":[{"name":"wp","href":"https:\/\/api.w.org\/{rel}","templated":true}]}}