{"id":35451,"date":"2021-10-28T09:53:24","date_gmt":"2025-03-27T12:54:42","guid":{"rendered":"https:\/\/stil-fit.com\/shop\/stil-fit-bordholder-flow-one\/"},"modified":"2025-03-27T13:54:42","modified_gmt":"2025-03-27T12:54:42","slug":"stil-fit-bordholder-flow-one","status":"publish","type":"product","link":"https:\/\/stil-fit.com\/da\/shop\/stil-fit-bordholder-flow-one\/","title":{"rendered":"STIL-FIT Bordholder FLOW ONE"},"content":{"rendered":"<h1>STIL-FIT Bordholder FLOW ONE<\/h1>\n<p>Med STIL-FIT tablet-holder kan du nyde fuld underholdning, mens du tr\u00e6ner. Se tv, din yndlingsserie p\u00e5 Netflix eller nyhederne. <\/p>\n<p>Tabletholderen kan justeres i h\u00f8jde og vinkel. Hvis du ikke bruger roeren, kan du folde den ind og gemme den v\u00e6k. <\/p>\n<h2>Nyd alle underholdningsmulighederne<\/h2>\n<p>STIL-FIT Rower FLOW ONE er kompatibel med appene Kinomap og EXR for ekstra motivation. Oplev verden med tusindvis af robaner, konkurrer mod dine venner, og eksporter dine tr\u00e6ningsdata.<\/p>\n","protected":false},"excerpt":{"rendered":"<p>&nbsp;<\/p>\n<p>Tablet-holderen er den perfekte tilf\u00f8jelse til din romaskine FLOW ONE. Den giver dig mulighed for at placere din tablet foran dig, s\u00e5 du kan se din yndlingsserie p\u00e5 Netflix eller TV. Derudover kan du forbedre din tr\u00e6ning ved at bruge appene Kinomap eller EXR for at f\u00e5 en endnu bedre tr\u00e6ningsoplevelse.  <\/p>\n<ul>\n<li>Lavet til dig p\u00e5 vores fabrik i M\u00fcnchen.<\/li>\n<li>Fremstillet i Tyskland<\/li>\n<li>Gratis forsendelse<\/li>\n<\/ul>\n","protected":false},"featured_media":27957,"comment_status":"open","ping_status":"closed","template":"","meta":{"_monsterinsights_skip_tracking":false,"_monsterinsights_sitenote_active":false,"_monsterinsights_sitenote_note":"","_monsterinsights_sitenote_category":0},"product_brand":[],"product_cat":[2941,2901],"product_tag":[3135,3137,3344,3134,3131,3343],"yst_prominent_words":[256,1183,1424,1425,409,296,260,554,527,161,1188,1189,251,602,261,593,594,1182,267],"class_list":{"0":"post-35451","1":"product","2":"type-product","3":"status-publish","4":"has-post-thumbnail","6":"product_cat-romaskine","7":"product_cat-tilbehoer","8":"product_tag-bordholder","9":"product_tag-design-fitness-da","10":"product_tag-digital-fitness-da","11":"product_tag-hjemmefitness","12":"product_tag-romaskine","13":"product_tag-traening","14":"product_shipping_class-kleingerate-da","16":"first","17":"instock","18":"taxable","19":"shipping-taxable","20":"purchasable","21":"product-type-simple"},"composite_virtual":false,"composite_layout":"","composite_add_to_cart_form_location":"","composite_editable_in_cart":false,"composite_sold_individually_context":"","composite_shop_price_calc":"","composite_components":[],"composite_scenarios":[],"bundled_by":[],"bundle_stock_status":"instock","bundle_stock_quantity":null,"bundle_virtual":false,"bundle_layout":"","bundle_add_to_cart_form_location":"","bundle_editable_in_cart":false,"bundle_sold_individually_context":"","bundle_item_grouping":"","bundle_min_size":"","bundle_max_size":"","bundle_price":[],"bundled_items":[],"bundle_sell_ids":[35372],"yoast_head":"<!-- This site is optimized with the Yoast SEO Premium plugin v14.5 - https:\/\/yoast.com\/wordpress\/plugins\/seo\/ -->\n<title>STIL-FIT Bordholder FLOW ONE | Tilf\u00f8jelsen til tablets i alle st\u00f8rrelser.<\/title>\n<meta name=\"description\" content=\"Tabletholderen FLOW ONE kan tilf\u00f8jes som ekstraudstyr. Passer til alle almindelige tabletst\u00f8rrelser. N\u00e5r den ikke er i brug, kan den foldes ind.\" \/>\n<meta name=\"robots\" content=\"index, follow\" \/>\n<meta name=\"googlebot\" content=\"index, follow, max-snippet:-1, max-image-preview:large, max-video-preview:-1\" \/>\n<meta name=\"bingbot\" content=\"index, follow, max-snippet:-1, max-image-preview:large, max-video-preview:-1\" \/>\n<link rel=\"canonical\" href=\"https:\/\/stil-fit.com\/da\/shop\/stil-fit-bordholder-flow-one\/\" \/>\n<meta property=\"og:locale\" content=\"da_DK\" \/>\n<meta property=\"og:type\" content=\"article\" \/>\n<meta property=\"og:title\" content=\"STIL-FIT Bordholder FLOW ONE | Tilf\u00f8jelsen til tablets i alle st\u00f8rrelser.\" \/>\n<meta property=\"og:description\" content=\"Tabletholderen FLOW ONE kan tilf\u00f8jes som ekstraudstyr. Passer til alle almindelige tabletst\u00f8rrelser. N\u00e5r den ikke er i brug, kan den foldes ind.\" \/>\n<meta property=\"og:url\" content=\"https:\/\/stil-fit.com\/da\/shop\/stil-fit-bordholder-flow-one\/\" \/>\n<meta property=\"og:site_name\" content=\"STIL-FIT\" \/>\n<meta property=\"article:publisher\" content=\"https:\/\/de-de.facebook.com\/stilfit\/\" \/>\n<meta property=\"og:image\" content=\"https:\/\/stil-fit.com\/wp-content\/uploads\/2021\/10\/STIL-FIT-Rowingmachine-FLOW-ONE-Tabletholder.jpg\" \/>\n\t<meta property=\"og:image:width\" content=\"2362\" \/>\n\t<meta property=\"og:image:height\" content=\"1743\" \/>\n<meta name=\"twitter:card\" content=\"summary_large_image\" \/>\n<script type=\"application\/ld+json\" class=\"yoast-schema-graph\">{\"@context\":\"https:\/\/schema.org\",\"@graph\":[{\"@type\":\"Organization\",\"@id\":\"https:\/\/stil-fit.com\/da\/#organization\",\"name\":\"STIL-FIT International GmbH\",\"url\":\"https:\/\/stil-fit.com\/da\/\",\"sameAs\":[\"https:\/\/de-de.facebook.com\/stilfit\/\",\"https:\/\/www.instagram.com\/stil_fit_int\/\",\"https:\/\/www.linkedin.com\/company\/stil-fit-international-gmbh\",\"https:\/\/www.youtube.com\/channel\/UC2HA1BeZtFB0acPMfq1hKdQ\",\"https:\/\/www.pinterest.com\/STILFITInt\/\"],\"logo\":{\"@type\":\"ImageObject\",\"@id\":\"https:\/\/stil-fit.com\/da\/#logo\",\"inLanguage\":\"da-DK\",\"url\":\"https:\/\/stil-fit.com\/wp-content\/uploads\/2019\/02\/stilfit_logo.jpg\",\"width\":150,\"height\":150,\"caption\":\"STIL-FIT International GmbH\"},\"image\":{\"@id\":\"https:\/\/stil-fit.com\/da\/#logo\"}},{\"@type\":\"WebSite\",\"@id\":\"https:\/\/stil-fit.com\/da\/#website\",\"url\":\"https:\/\/stil-fit.com\/da\/\",\"name\":\"STIL-FIT\",\"description\":\"Stil-fit\",\"publisher\":{\"@id\":\"https:\/\/stil-fit.com\/da\/#organization\"},\"potentialAction\":[{\"@type\":\"SearchAction\",\"target\":\"https:\/\/stil-fit.com\/da\/?s={search_term_string}\",\"query-input\":\"required name=search_term_string\"}],\"inLanguage\":\"da-DK\"},{\"@type\":\"ImageObject\",\"@id\":\"https:\/\/stil-fit.com\/da\/shop\/stil-fit-bordholder-flow-one\/#primaryimage\",\"inLanguage\":\"da-DK\",\"url\":\"https:\/\/stil-fit.com\/wp-content\/uploads\/2021\/10\/STIL-FIT-Rowingmachine-FLOW-ONE-Tabletholder.jpg\",\"width\":2362,\"height\":1743},{\"@type\":\"WebPage\",\"@id\":\"https:\/\/stil-fit.com\/da\/shop\/stil-fit-bordholder-flow-one\/#webpage\",\"url\":\"https:\/\/stil-fit.com\/da\/shop\/stil-fit-bordholder-flow-one\/\",\"name\":\"STIL-FIT Bordholder FLOW ONE | Tilf\\u00f8jelsen til tablets i alle st\\u00f8rrelser.\",\"isPartOf\":{\"@id\":\"https:\/\/stil-fit.com\/da\/#website\"},\"primaryImageOfPage\":{\"@id\":\"https:\/\/stil-fit.com\/da\/shop\/stil-fit-bordholder-flow-one\/#primaryimage\"},\"datePublished\":\"2025-03-27T12:54:42+00:00\",\"dateModified\":\"2025-03-27T12:54:42+00:00\",\"description\":\"Tabletholderen FLOW ONE kan tilf\\u00f8jes som ekstraudstyr. Passer til alle almindelige tabletst\\u00f8rrelser. N\\u00e5r den ikke er i brug, kan den foldes ind.\",\"inLanguage\":\"da-DK\",\"potentialAction\":[{\"@type\":\"ReadAction\",\"target\":[\"https:\/\/stil-fit.com\/da\/shop\/stil-fit-bordholder-flow-one\/\"]}]}]}<\/script>\n<!-- \/ Yoast SEO Premium plugin. -->","post_mailing_queue_ids":[],"_links":{"self":[{"href":"https:\/\/stil-fit.com\/da\/wp-json\/wp\/v2\/product\/35451","targetHints":{"allow":["GET"]}}],"collection":[{"href":"https:\/\/stil-fit.com\/da\/wp-json\/wp\/v2\/product"}],"about":[{"href":"https:\/\/stil-fit.com\/da\/wp-json\/wp\/v2\/types\/product"}],"replies":[{"embeddable":true,"href":"https:\/\/stil-fit.com\/da\/wp-json\/wp\/v2\/comments?post=35451"}],"wp:featuredmedia":[{"embeddable":true,"href":"https:\/\/stil-fit.com\/da\/wp-json\/wp\/v2\/media\/27957"}],"wp:attachment":[{"href":"https:\/\/stil-fit.com\/da\/wp-json\/wp\/v2\/media?parent=35451"}],"wp:term":[{"taxonomy":"product_brand","embeddable":true,"href":"https:\/\/stil-fit.com\/da\/wp-json\/wp\/v2\/product_brand?post=35451"},{"taxonomy":"product_cat","embeddable":true,"href":"https:\/\/stil-fit.com\/da\/wp-json\/wp\/v2\/product_cat?post=35451"},{"taxonomy":"product_tag","embeddable":true,"href":"https:\/\/stil-fit.com\/da\/wp-json\/wp\/v2\/product_tag?post=35451"},{"taxonomy":"yst_prominent_words","embeddable":true,"href":"https:\/\/stil-fit.com\/da\/wp-json\/wp\/v2\/yst_prominent_words?post=35451"}],"curies":[{"name":"wp","href":"https:\/\/api.w.org\/{rel}","templated":true}]}}