{"id":35532,"date":"2019-06-18T09:54:14","date_gmt":"2025-03-27T12:59:09","guid":{"rendered":"https:\/\/stil-fit.com\/shop\/stil-fit-rulle-af-trae\/"},"modified":"2025-03-27T13:59:09","modified_gmt":"2025-03-27T12:59:09","slug":"stil-fit-rulle-af-trae","status":"publish","type":"product","link":"https:\/\/stil-fit.com\/da\/shop\/stil-fit-rulle-af-trae\/","title":{"rendered":"STIL-FIT Rulle af tr\u00e6"},"content":{"rendered":"<div class=\"crossline\">\n<h1><strong>STIL-FIT Fascia Roller<\/strong><\/h1>\n<div>Vores design &#8216;fascia roller&#8217; er lavet af valn\u00f8ddetr\u00e6, bekl\u00e6dt med kunstl\u00e6der og forst\u00e6rket af to aluminiumsringe. Flot udseende kombineret med eksklusive materialer. <\/div>\n<div><\/div>\n<h2><strong>Effektiv og langtidsholdbar<\/strong><\/h2>\n<div>If\u00f8lge de seneste unders\u00f8gelser er fasciatr\u00e6ning afg\u00f8rende for en holistisk tr\u00e6ning. Fascien fungerer som et omsluttende og stabiliserende element for hele muskulaturen og kan stimuleres og aktiveres ved m\u00e5lrettet tr\u00e6ning. N\u00f8glen til succes er b\u00e6redygtighed &#8211; i mods\u00e6tning til en muskel \u00e6ndrer bindev\u00e6vet sig kun langsomt, men permanent.  <\/div>\n<div><\/div>\n<div>Allerede 10 minutters fascialtr\u00e6ning, to eller tre gange om ugen, er tilstr\u00e6kkeligt til at opn\u00e5 en m\u00e6rkbar forbedring.<\/div>\n<div><\/div>\n<\/div>\n<div>\n<h2><strong>Fordelene<\/strong><\/h2>\n<div>&#8211; Direkte aktivering og regenerering af musklerne.<\/div>\n<div>&#8211; Forbedrer de koordinative evner<\/div>\n<div>&#8211; Forbedrer musklernes ydeevne, mobilitet og fleksibilitet<\/div>\n<div>&#8211; Forebygger muskelsmerter og undg\u00e5r typiske skader<\/div>\n<div>&#8211; Stimulerer blodcirkulationen<\/div>\n<div>&#8211; \u00d8ger din generelle ydeevne og dit velbefindende<\/div>\n<\/div>\n","protected":false},"excerpt":{"rendered":"<p>&nbsp;<\/p>\n<p>Tr\u00e6ning med fascieruller er en enkel, men ekstremt effektiv metode til at l\u00f8sne og udglatte sp\u00e6ndte muskler og fascier.<\/p>\n<ul>\n<li>Den mest eksklusive Fascia Roll<\/li>\n<li>Ideel til regenerering<\/li>\n<li>Fremstillet i Tyskland<\/li>\n<li>Gratis forsendelse i Tyskland og \u00d8strig<\/li>\n<\/ul>\n","protected":false},"featured_media":22359,"comment_status":"open","ping_status":"closed","template":"","meta":{"_monsterinsights_skip_tracking":false,"_monsterinsights_sitenote_active":false,"_monsterinsights_sitenote_note":"","_monsterinsights_sitenote_category":0},"product_brand":[],"product_cat":[2901,2930],"product_tag":[],"yst_prominent_words":[256,712,962,776,255,1945,259,785,783,293,781,960,784,251,961,780,261,169,846,593],"class_list":{"0":"post-35532","1":"product","2":"type-product","3":"status-publish","4":"has-post-thumbnail","6":"product_cat-tilbehoer","7":"product_cat-uncategorised-da","8":"product_shipping_class-kleingerate-da","10":"first","11":"instock","12":"taxable","13":"shipping-taxable","14":"purchasable","15":"product-type-simple"},"composite_virtual":false,"composite_layout":"","composite_add_to_cart_form_location":"","composite_editable_in_cart":false,"composite_sold_individually_context":"","composite_shop_price_calc":"","composite_components":[],"composite_scenarios":[],"bundled_by":[],"bundle_stock_status":"instock","bundle_stock_quantity":null,"bundle_virtual":false,"bundle_layout":"","bundle_add_to_cart_form_location":"","bundle_editable_in_cart":false,"bundle_sold_individually_context":"","bundle_item_grouping":"","bundle_min_size":"","bundle_max_size":"","bundle_price":[],"bundled_items":[],"bundle_sell_ids":[35288,35291],"yoast_head":"<!-- This site is optimized with the Yoast SEO Premium plugin v14.5 - https:\/\/yoast.com\/wordpress\/plugins\/seo\/ -->\n<title>STIL-FIT Rulle af tr\u00e6 | Den mest eksklusive fascierulle<\/title>\n<meta name=\"description\" content=\"Den er fremstillet til dig p\u00e5 vores fabrik i M\u00fcnchen af de fineste materialer og vil hj\u00e6lpe dig med at forbedre din mobilitet og lindre smertefulde muskler.\" \/>\n<meta name=\"robots\" content=\"index, follow\" \/>\n<meta name=\"googlebot\" content=\"index, follow, max-snippet:-1, max-image-preview:large, max-video-preview:-1\" \/>\n<meta name=\"bingbot\" content=\"index, follow, max-snippet:-1, max-image-preview:large, max-video-preview:-1\" \/>\n<link rel=\"canonical\" href=\"https:\/\/stil-fit.com\/da\/shop\/stil-fit-rulle-af-trae\/\" \/>\n<meta property=\"og:locale\" content=\"da_DK\" \/>\n<meta property=\"og:type\" content=\"article\" \/>\n<meta property=\"og:title\" content=\"STIL-FIT Rulle af tr\u00e6 | Den mest eksklusive fascierulle\" \/>\n<meta property=\"og:description\" content=\"Den er fremstillet til dig p\u00e5 vores fabrik i M\u00fcnchen af de fineste materialer og vil hj\u00e6lpe dig med at forbedre din mobilitet og lindre smertefulde muskler.\" \/>\n<meta property=\"og:url\" content=\"https:\/\/stil-fit.com\/da\/shop\/stil-fit-rulle-af-trae\/\" \/>\n<meta property=\"og:site_name\" content=\"STIL-FIT\" \/>\n<meta property=\"article:publisher\" content=\"https:\/\/de-de.facebook.com\/stilfit\/\" \/>\n<meta property=\"og:image\" content=\"https:\/\/stil-fit.com\/wp-content\/uploads\/2019\/06\/csm_STIL-FIT-Foamroller-Design-Walnut-Training-web_70517bc41c.jpg\" \/>\n\t<meta property=\"og:image:width\" content=\"1500\" \/>\n\t<meta property=\"og:image:height\" content=\"1066\" \/>\n<meta name=\"twitter:card\" content=\"summary_large_image\" \/>\n<script type=\"application\/ld+json\" class=\"yoast-schema-graph\">{\"@context\":\"https:\/\/schema.org\",\"@graph\":[{\"@type\":\"Organization\",\"@id\":\"https:\/\/stil-fit.com\/da\/#organization\",\"name\":\"STIL-FIT International GmbH\",\"url\":\"https:\/\/stil-fit.com\/da\/\",\"sameAs\":[\"https:\/\/de-de.facebook.com\/stilfit\/\",\"https:\/\/www.instagram.com\/stil_fit_int\/\",\"https:\/\/www.linkedin.com\/company\/stil-fit-international-gmbh\",\"https:\/\/www.youtube.com\/channel\/UC2HA1BeZtFB0acPMfq1hKdQ\",\"https:\/\/www.pinterest.com\/STILFITInt\/\"],\"logo\":{\"@type\":\"ImageObject\",\"@id\":\"https:\/\/stil-fit.com\/da\/#logo\",\"inLanguage\":\"da-DK\",\"url\":\"https:\/\/stil-fit.com\/wp-content\/uploads\/2019\/02\/stilfit_logo.jpg\",\"width\":150,\"height\":150,\"caption\":\"STIL-FIT International GmbH\"},\"image\":{\"@id\":\"https:\/\/stil-fit.com\/da\/#logo\"}},{\"@type\":\"WebSite\",\"@id\":\"https:\/\/stil-fit.com\/da\/#website\",\"url\":\"https:\/\/stil-fit.com\/da\/\",\"name\":\"STIL-FIT\",\"description\":\"Stil-fit\",\"publisher\":{\"@id\":\"https:\/\/stil-fit.com\/da\/#organization\"},\"potentialAction\":[{\"@type\":\"SearchAction\",\"target\":\"https:\/\/stil-fit.com\/da\/?s={search_term_string}\",\"query-input\":\"required name=search_term_string\"}],\"inLanguage\":\"da-DK\"},{\"@type\":\"ImageObject\",\"@id\":\"https:\/\/stil-fit.com\/da\/shop\/stil-fit-rulle-af-trae\/#primaryimage\",\"inLanguage\":\"da-DK\",\"url\":\"https:\/\/stil-fit.com\/wp-content\/uploads\/2019\/06\/csm_STIL-FIT-Foamroller-Design-Walnut-Training-web_70517bc41c.jpg\",\"width\":1500,\"height\":1066},{\"@type\":\"WebPage\",\"@id\":\"https:\/\/stil-fit.com\/da\/shop\/stil-fit-rulle-af-trae\/#webpage\",\"url\":\"https:\/\/stil-fit.com\/da\/shop\/stil-fit-rulle-af-trae\/\",\"name\":\"STIL-FIT Rulle af tr\\u00e6 | Den mest eksklusive fascierulle\",\"isPartOf\":{\"@id\":\"https:\/\/stil-fit.com\/da\/#website\"},\"primaryImageOfPage\":{\"@id\":\"https:\/\/stil-fit.com\/da\/shop\/stil-fit-rulle-af-trae\/#primaryimage\"},\"datePublished\":\"2025-03-27T12:59:09+00:00\",\"dateModified\":\"2025-03-27T12:59:09+00:00\",\"description\":\"Den er fremstillet til dig p\\u00e5 vores fabrik i M\\u00fcnchen af de fineste materialer og vil hj\\u00e6lpe dig med at forbedre din mobilitet og lindre smertefulde muskler.\",\"inLanguage\":\"da-DK\",\"potentialAction\":[{\"@type\":\"ReadAction\",\"target\":[\"https:\/\/stil-fit.com\/da\/shop\/stil-fit-rulle-af-trae\/\"]}]}]}<\/script>\n<!-- \/ Yoast SEO Premium plugin. -->","post_mailing_queue_ids":[],"_links":{"self":[{"href":"https:\/\/stil-fit.com\/da\/wp-json\/wp\/v2\/product\/35532","targetHints":{"allow":["GET"]}}],"collection":[{"href":"https:\/\/stil-fit.com\/da\/wp-json\/wp\/v2\/product"}],"about":[{"href":"https:\/\/stil-fit.com\/da\/wp-json\/wp\/v2\/types\/product"}],"replies":[{"embeddable":true,"href":"https:\/\/stil-fit.com\/da\/wp-json\/wp\/v2\/comments?post=35532"}],"wp:featuredmedia":[{"embeddable":true,"href":"https:\/\/stil-fit.com\/da\/wp-json\/wp\/v2\/media\/22359"}],"wp:attachment":[{"href":"https:\/\/stil-fit.com\/da\/wp-json\/wp\/v2\/media?parent=35532"}],"wp:term":[{"taxonomy":"product_brand","embeddable":true,"href":"https:\/\/stil-fit.com\/da\/wp-json\/wp\/v2\/product_brand?post=35532"},{"taxonomy":"product_cat","embeddable":true,"href":"https:\/\/stil-fit.com\/da\/wp-json\/wp\/v2\/product_cat?post=35532"},{"taxonomy":"product_tag","embeddable":true,"href":"https:\/\/stil-fit.com\/da\/wp-json\/wp\/v2\/product_tag?post=35532"},{"taxonomy":"yst_prominent_words","embeddable":true,"href":"https:\/\/stil-fit.com\/da\/wp-json\/wp\/v2\/yst_prominent_words?post=35532"}],"curies":[{"name":"wp","href":"https:\/\/api.w.org\/{rel}","templated":true}]}}