{"id":38675,"date":"2023-09-28T15:45:04","date_gmt":"2025-06-25T09:53:55","guid":{"rendered":"https:\/\/stil-fit.com\/shop\/kabelzug-pro-2\/"},"modified":"2025-06-25T11:53:55","modified_gmt":"2025-06-25T09:53:55","slug":"kabelzug-pro-2","status":"publish","type":"product","link":"https:\/\/stil-fit.com\/da\/shop\/kabelzug-pro-2\/","title":{"rendered":"STIL-FIT Kabelzug PRO"},"content":{"rendered":"<h1><strong><span style=\"color: #282828;\">Der STIL-FIT <span style=\"caret-color: #282828;\">Kabelzug<\/span> PRO<\/span><\/strong><\/h1>\n<h2><strong><span style=\"font-size: 100%;\">Platzsparend  <\/span><\/strong><\/h2>\n<p>Der STIL-FIT Kabelzug optimiert den tilg\u00e6ngelige Platz durch die kompakten Abmessungen. Du beh\u00f8ver kun 0,5 qm jordoverflade for at kunne stille apparatet op. <\/p>\n<h2><span style=\"font-size: 100%;\"><strong>Multifunktionel kraftmaskine<\/strong><\/span><\/h2>\n<p>Griberne er sv\u00e6vebare og kan stufenlos h\u00f6henverstellt werden. Afstanden mellem de to greb er 90 cm og giver dermed s\u00e6rligt mange \u00f8velsesmuligheder. <\/p>\n<h2><strong>Uglaublich vielseitig<\/strong><\/h2>\n<p>Med de to Griffen, der Latzugeinheit und der Latzugstange ist der Kabelzug PRO bereits f\u00fcr unz\u00e4hlige \u00dcbungen ger\u00fcstet.<\/p>\n<h2><strong><span style=\"font-size: 100%;\">Brugervenlig  <\/span><\/strong><\/h2>\n<p>Markeringer p\u00e5 glideskinnerne muligg\u00f8r en enkel h\u00f8jdejustering. Takket v\u00e6re vores specielle v\u00e6gtblok er den minimale startv\u00e6gt 1,25 kg og den maksimale v\u00e6gt 42,5 kg pr. tr\u00e6kside. Den perfekte kraftmaskine til alle.<\/p>\n","protected":false},"excerpt":{"rendered":"<p>&nbsp;<\/p>\n<p>Vores Kabelzug PRO er et komplet fitnessstudie p\u00e5 kun 0,5 kvadratmeters grundflade. Dank der beiden Griffe, der optionalen Latzugeinheit und der Latzugstange ist der Kabelzug PRO f\u00fcr bereit f\u00fcr zahlreiche effektive \u00dcbungen. <\/p>\n<p><strong>Leveres i l\u00f8bet af 2-3 uger<\/strong><\/p>\n<ul>\n<li>For Sie handgefertigt in unserer M\u00fcnchner Manufaktur.<\/li>\n<li>Inkl. Latzug og Latzugstange <\/li>\n<li>Enkel montage, da apparatet hurtigt er f\u00e6rdigmonteret.<\/li>\n<li>Fremstillet i Tyskland<\/li>\n<li>Gratis forsendelse (Tyskland &amp; \u00d8strig)<\/li>\n<li>0% Ratenbetaling (kun Tyskland)<\/li>\n<\/ul>\n<p><strong>V\u00e6lg venligst din model:  <\/strong><\/p>\n","protected":false},"featured_media":30774,"comment_status":"open","ping_status":"closed","template":"","meta":{"_monsterinsights_skip_tracking":false,"_monsterinsights_sitenote_active":false,"_monsterinsights_sitenote_note":"","_monsterinsights_sitenote_category":0},"product_brand":[],"product_cat":[2917,2925],"product_tag":[3289,3134,3138],"yst_prominent_words":[256,723,255,610,609,604,259,611,608,607,251,602,1464,760,1939,1465,261,499,1940,603],"class_list":{"0":"post-38675","1":"product","2":"type-product","3":"status-publish","4":"has-post-thumbnail","6":"product_cat-fitness-vaeg","7":"product_cat-styrketraening","8":"product_tag-fitness-da","9":"product_tag-hjemmefitness","10":"product_tag-homegym-da","11":"product_shipping_class-kabelzug-2-da","13":"first","14":"instock","15":"taxable","16":"shipping-taxable","17":"purchasable","18":"product-type-variable","19":"has-default-attributes"},"composite_virtual":false,"composite_layout":"","composite_add_to_cart_form_location":"","composite_editable_in_cart":false,"composite_sold_individually_context":"","composite_shop_price_calc":"","composite_components":[],"composite_scenarios":[],"bundled_by":[],"bundle_stock_status":"instock","bundle_stock_quantity":null,"bundle_virtual":false,"bundle_layout":"","bundle_add_to_cart_form_location":"","bundle_editable_in_cart":false,"bundle_sold_individually_context":"","bundle_item_grouping":"","bundle_min_size":"","bundle_max_size":"","bundle_price":[],"bundled_items":[],"bundle_sell_ids":[35351,35310,35332,35172,35256],"yoast_head":"<!-- This site is optimized with the Yoast SEO Premium plugin v14.5 - https:\/\/yoast.com\/wordpress\/plugins\/seo\/ -->\n<title>STIL-FIT Kabelzug PRO | Vielseitiges Kraftger\u00e4t - Fremstillet i Tyskland<\/title>\n<meta name=\"description\" content=\"Entdecken Sie den exklusiven STIL-FIT Kabelzug PRO | Designet og udviklet i M\u00fcnchen. Bestil direkte hos producenten.\" \/>\n<meta name=\"robots\" content=\"index, follow\" \/>\n<meta name=\"googlebot\" content=\"index, follow, max-snippet:-1, max-image-preview:large, max-video-preview:-1\" \/>\n<meta name=\"bingbot\" content=\"index, follow, max-snippet:-1, max-image-preview:large, max-video-preview:-1\" \/>\n<link rel=\"canonical\" href=\"https:\/\/stil-fit.com\/da\/shop\/kabelzug-pro-2\/\" \/>\n<meta property=\"og:locale\" content=\"da_DK\" \/>\n<meta property=\"og:type\" content=\"article\" \/>\n<meta property=\"og:title\" content=\"STIL-FIT Kabelzug PRO | Vielseitiges Kraftger\u00e4t - Fremstillet i Tyskland\" \/>\n<meta property=\"og:description\" content=\"Entdecken Sie den exklusiven STIL-FIT Kabelzug PRO | Designet og udviklet i M\u00fcnchen. Bestil direkte hos producenten.\" \/>\n<meta property=\"og:url\" content=\"https:\/\/stil-fit.com\/da\/shop\/kabelzug-pro-2\/\" \/>\n<meta property=\"og:site_name\" content=\"STIL-FIT\" \/>\n<meta property=\"article:publisher\" content=\"https:\/\/de-de.facebook.com\/stilfit\/\" \/>\n<meta property=\"og:image\" content=\"https:\/\/stil-fit.com\/wp-content\/uploads\/2023\/09\/STIL-FIT-Functional-Trainer-PRO-mirror-1.jpg\" \/>\n\t<meta property=\"og:image:width\" content=\"1181\" \/>\n\t<meta property=\"og:image:height\" content=\"1185\" \/>\n<meta name=\"twitter:card\" content=\"summary_large_image\" \/>\n<script type=\"application\/ld+json\" class=\"yoast-schema-graph\">{\"@context\":\"https:\/\/schema.org\",\"@graph\":[{\"@type\":\"Organization\",\"@id\":\"https:\/\/stil-fit.com\/da\/#organization\",\"name\":\"STIL-FIT International GmbH\",\"url\":\"https:\/\/stil-fit.com\/da\/\",\"sameAs\":[\"https:\/\/de-de.facebook.com\/stilfit\/\",\"https:\/\/www.instagram.com\/stil_fit_int\/\",\"https:\/\/www.linkedin.com\/company\/stil-fit-international-gmbh\",\"https:\/\/www.youtube.com\/channel\/UC2HA1BeZtFB0acPMfq1hKdQ\",\"https:\/\/www.pinterest.com\/STILFITInt\/\"],\"logo\":{\"@type\":\"ImageObject\",\"@id\":\"https:\/\/stil-fit.com\/da\/#logo\",\"inLanguage\":\"da-DK\",\"url\":\"https:\/\/stil-fit.com\/wp-content\/uploads\/2019\/02\/stilfit_logo.jpg\",\"width\":150,\"height\":150,\"caption\":\"STIL-FIT International GmbH\"},\"image\":{\"@id\":\"https:\/\/stil-fit.com\/da\/#logo\"}},{\"@type\":\"WebSite\",\"@id\":\"https:\/\/stil-fit.com\/da\/#website\",\"url\":\"https:\/\/stil-fit.com\/da\/\",\"name\":\"STIL-FIT\",\"description\":\"Stil-fit\",\"publisher\":{\"@id\":\"https:\/\/stil-fit.com\/da\/#organization\"},\"potentialAction\":[{\"@type\":\"SearchAction\",\"target\":\"https:\/\/stil-fit.com\/da\/?s={search_term_string}\",\"query-input\":\"required name=search_term_string\"}],\"inLanguage\":\"da-DK\"},{\"@type\":\"ImageObject\",\"@id\":\"https:\/\/stil-fit.com\/da\/shop\/kabelzug-pro-2\/#primaryimage\",\"inLanguage\":\"da-DK\",\"url\":\"https:\/\/stil-fit.com\/wp-content\/uploads\/2023\/09\/STIL-FIT-Functional-Trainer-PRO-mirror-1.jpg\",\"width\":1181,\"height\":1185},{\"@type\":\"WebPage\",\"@id\":\"https:\/\/stil-fit.com\/da\/shop\/kabelzug-pro-2\/#webpage\",\"url\":\"https:\/\/stil-fit.com\/da\/shop\/kabelzug-pro-2\/\",\"name\":\"STIL-FIT Kabelzug PRO | Vielseitiges Kraftger\\u00e4t - Fremstillet i Tyskland\",\"isPartOf\":{\"@id\":\"https:\/\/stil-fit.com\/da\/#website\"},\"primaryImageOfPage\":{\"@id\":\"https:\/\/stil-fit.com\/da\/shop\/kabelzug-pro-2\/#primaryimage\"},\"datePublished\":\"2025-06-25T09:53:55+00:00\",\"dateModified\":\"2025-06-25T09:53:55+00:00\",\"description\":\"Entdecken Sie den exklusiven STIL-FIT Kabelzug PRO | Designet og udviklet i M\\u00fcnchen. Bestil direkte hos producenten.\",\"inLanguage\":\"da-DK\",\"potentialAction\":[{\"@type\":\"ReadAction\",\"target\":[\"https:\/\/stil-fit.com\/da\/shop\/kabelzug-pro-2\/\"]}]}]}<\/script>\n<!-- \/ Yoast SEO Premium plugin. -->","post_mailing_queue_ids":[],"_links":{"self":[{"href":"https:\/\/stil-fit.com\/da\/wp-json\/wp\/v2\/product\/38675","targetHints":{"allow":["GET"]}}],"collection":[{"href":"https:\/\/stil-fit.com\/da\/wp-json\/wp\/v2\/product"}],"about":[{"href":"https:\/\/stil-fit.com\/da\/wp-json\/wp\/v2\/types\/product"}],"replies":[{"embeddable":true,"href":"https:\/\/stil-fit.com\/da\/wp-json\/wp\/v2\/comments?post=38675"}],"wp:featuredmedia":[{"embeddable":true,"href":"https:\/\/stil-fit.com\/da\/wp-json\/wp\/v2\/media\/30774"}],"wp:attachment":[{"href":"https:\/\/stil-fit.com\/da\/wp-json\/wp\/v2\/media?parent=38675"}],"wp:term":[{"taxonomy":"product_brand","embeddable":true,"href":"https:\/\/stil-fit.com\/da\/wp-json\/wp\/v2\/product_brand?post=38675"},{"taxonomy":"product_cat","embeddable":true,"href":"https:\/\/stil-fit.com\/da\/wp-json\/wp\/v2\/product_cat?post=38675"},{"taxonomy":"product_tag","embeddable":true,"href":"https:\/\/stil-fit.com\/da\/wp-json\/wp\/v2\/product_tag?post=38675"},{"taxonomy":"yst_prominent_words","embeddable":true,"href":"https:\/\/stil-fit.com\/da\/wp-json\/wp\/v2\/yst_prominent_words?post=38675"}],"curies":[{"name":"wp","href":"https:\/\/api.w.org\/{rel}","templated":true}]}}