{"id":272,"date":"2019-03-14T10:48:54","date_gmt":"2019-03-14T09:48:54","guid":{"rendered":"https:\/\/stil-fit.com\/vertriebspartner\/"},"modified":"2019-12-10T00:50:12","modified_gmt":"2019-12-09T23:50:12","slug":"vertriebspartner","status":"publish","type":"page","link":"https:\/\/stil-fit.com\/es\/vertriebspartner\/","title":{"rendered":"Vertriebspartner"},"content":{"rendered":"\t<div id=\"gap-77467180\" class=\"gap-element clearfix\" style=\"display:block; height:auto;\">\n\t\t\n<style>\n#gap-77467180 {\n  padding-top: 100px;\n}\n<\/style>\n\t<\/div>\n\t<h2 class=\"uppercase\">Sie w\u00fcrden unsere Produkte gerne live erleben?<\/h2>\n<h3 class=\"thin-font\">Finden Sie einen passenden H\u00e4ndler in Ihrer N\u00e4he:<\/h3><p><strong><link rel='stylesheet' id='asl-plugin-css' href='https:\/\/stil-fit.com\/wp-content\/plugins\/codecanyon-16973546-agile-store-locator-google-maps-for-wordpress\/public\/css\/asl.css?version=4.5.1' type='text\/css' media='all' \/>\n<style type=\"text\/css\">\n  #asl-storelocator.asl-p-cont .Status_filter .onoffswitch-inner::before {content: \"ABIERTO\" !important}\n  #asl-storelocator.asl-p-cont .Status_filter .onoffswitch-inner::after {content: \"CERRAR\" !important}\n  #asl-storelocator.asl-p-cont .btn-red {background: #CC3333 !important;color: #fff !important;}\n<\/style>\n<div id=\"asl-storelocator\" class=\"container no-pad storelocator-main asl-p-cont asl-template-0 asl-layout-1 asl-bg-7 full-width asl-adv-lay1  asl-text-1\">\n    \n<div class=\"row Filter_section\">\n    <div class=\"col-xs-12 col-sm-4 search_filter\">\n        <p>ubicaci\u00f3n de b\u00fasqueda<\/p>\n        <p>\n          <input type=\"text\" data-submit=\"disable\" data-provide=\"typeahead\" tabindex=\"2\" id=\"auto-complete-search\" placeholder=\"Ingrese una ubicaci\u00f3n\"  class=\"asl-search-address form-control typeahead isp_ignore\">\n          <span><i class=\"asl-geo icon-direction-outline\" title=\"Ubicaci\u00f3n actual\"><\/i><\/span>\n        <\/p>\n    <\/div>\n    <div class=\"col-xs-12 col-sm-8\">\n      <div class=\" asl-advance-filters hide\">\n                <div class=\"col-sm-9 col-md-8\">\n            <div class=\"col-sm-5 col-xs-5 drop_box_filter\">\n                <p><span>Category<\/span><\/p>\n                <div class=\"categories_filter\">\n                <\/div>\n            <\/div>\n            <div class=\"col-sm-7 col-xs-7 range_filter hide\">\n                <p class=\"rangeFilter\">\n                  <span>Rango distancia<\/span>\n                  <input id=\"asl-radius-slide\" type=\"text\" class=\"span2\" \/>\n                  <span class=\"rad-unit\">Radio: <span id=\"asl-radius-input\"><\/span> <span id=\"asl-dist-unit\">KM<\/span><\/span>\n                <\/p>\n            <\/div>\n        <\/div>\n        <div class=\"col-sm-3 col-xs-4 col-md-3 col-md-push-1 col-sm-push-0 Status_filter\">\n            <p><span>Estado<\/span><\/p>\n            <div class=\"onoffswitch\">\n              <input type=\"checkbox\" name=\"onoffswitch\" class=\"onoffswitch-checkbox\" id=\"asl-open-close\" checked>\n              <label class=\"onoffswitch-label\" for=\"asl-open-close\">\n                  <span class=\"onoffswitch-inner\"><\/span>\n                  <span class=\"onoffswitch-switch\"><\/span>\n              <\/label>\n            <\/div>\n        <\/div>\n      <\/div>\n    <\/div>\n<\/div>\n  <div class=\"row asl-loc-sec\">\n    <div class=\"col-sm-8 col-xs-12 asl-map\">\n      <div class=\"store-locator\">\n        <div id=\"asl-map-canv\"><\/div>\n        <!-- agile-modal -->\n        <div id=\"agile-modal-direction\" class=\"agile-modal fade\">\n          <div class=\"agile-modal-backdrop-in\"><\/div>\n          <div class=\"agile-modal-dialog in\">\n            <div class=\"agile-modal-content\">\n              <div class=\"agile-modal-header\">\n                <button type=\"button\" class=\"close-directions close\" data-dismiss=\"agile-modal\" aria-label=\"Close\"><span aria-hidden=\"true\">&times;<\/span><\/button>\n                <h4>Obtenga su direcci\u00f3n<\/h4>\n              <\/div>\n              <div class=\"form-group\">\n                <label for=\"frm-lbl\">Desde:<\/label>\n                <input type=\"text\" class=\"form-control frm-place\" id=\"frm-lbl\" placeholder=\"Ingrese una ubicaci\u00f3n\">\n              <\/div>\n              <div class=\"form-group\">\n                <label for=\"frm-lbl\">A:<\/label>\n                <input readonly=\"true\" type=\"text\"  class=\"directions-to form-control\" id=\"to-lbl\" placeholder=\"Prepopulated Destination Address\">\n              <\/div>\n              <div class=\"form-group\">\n                <span for=\"frm-lbl\">Mostrar distancia en<\/span>\n                <label class=\"checkbox-inline\">\n                  <input type=\"radio\" name=\"dist-type\"  id=\"rbtn-km\" value=\"0\"> KM                <\/label>\n                <label class=\"checkbox-inline\">\n                  <input type=\"radio\" name=\"dist-type\" checked id=\"rbtn-mile\" value=\"1\"> Mile                <\/label>\n              <\/div>\n              <div class=\"form-group\">\n                <button type=\"submit\" class=\"btn btn-default btn-submit\">Como llegar<\/button>\n              <\/div>\n            <\/div>\n          <\/div>\n        <\/div>\n\n        <div id=\"asl-geolocation-agile-modal\" class=\"agile-modal fade\">\n          <div class=\"agile-modal-backdrop-in\"><\/div>\n          <div class=\"agile-modal-dialog in\">\n            <div class=\"agile-modal-content\">\n              <button type=\"button\" class=\"close-directions close\" data-dismiss=\"agile-modal\" aria-label=\"Close\"><span aria-hidden=\"true\">&times;<\/span><\/button>\n                            <div class=\"form-group\">\n                <h4>Usar mi ubicaci\u00f3n para encontrar el proveedor de servicios m\u00e1s cercano cerca de m\u00ed<\/h4>\n              <\/div>\n              <div class=\"form-group\">\n                <button type=\"button\" id=\"asl-btn-geolocation\" class=\"btn btn-default\">uso Localizaci\u00f3n<\/button>\n              <\/div>\n                          <\/div>\n          <\/div>\n        <\/div>\n        <!-- agile-modal end -->\n      <\/div>\n    <\/div>\n    <div class=\"col-sm-4 col-xs-12 asl-panel\">\n            <div class=\"Num_of_store\">\n        <span>Choose Partner: <span class=\"count-result\">0<\/span><\/span>\n      <\/div> \n            <!--  Panel Listing -->\n      <div id=\"panel\" class=\"storelocator-panel\">\n        <div class=\"asl-overlay\" id=\"map-loading\">\n          <div class=\"white\"><\/div>\n          <div class=\"loading\"><img decoding=\"async\" style=\"margin-right: 10px;\" class=\"loader\" src=\"https:\/\/stil-fit.com\/wp-content\/plugins\/codecanyon-16973546-agile-store-locator-google-maps-for-wordpress\/public\/Logo\/loading.gif\">Cargando<\/div>\n        <\/div>\n        <div class=\"panel-cont\">\n            <div class=\"panel-inner\">\n              <div class=\"col-md-12\">\n                  <ul id=\"p-statelist\"  role=\"tablist\" aria-multiselectable=\"true\">\n                  <\/ul>\n              <\/div>\n            <\/div>\n        <\/div>\n        <div class=\"directions-cont hide\">\n          <div class=\"agile-modal-header\">\n            <button type=\"button\" class=\"close\"><span aria-hidden=\"true\">&times;<\/span><\/button>\n            <h4>Direcciones<\/h4>\n          <\/div>\n          <div class=\"rendered-directions\"><\/div>\n        <\/div>\n      <\/div>\n    <\/div> \n  <\/div>\n<\/div>\n<!-- This plugin is developed by \"Agile Store Locator by WordPress\" https:\/\/agilestorelocator.com -->\n<script id=\"tmpl_list_item\" type=\"text\/x-jsrender\">\n  <div class=\"item\" data-id=\"{{:id}}\">\n    <div class=\"addr-sec\">\n    <p class=\"p-title\">{{:title}}<\/p>\n    <\/div>\n    <div class=\"clear\"><\/div>\n    <div class=\"col-md-9 col-xs-9 addr-sec\">\n      <p class=\"p-area\"><span class=\"glyphicon icon-location\"><\/span>{{:address}}<\/p>\n      {{if phone}}\n            <p class=\"p-area\"><span class=\"glyphicon icon-phone-outline\"><\/span>Tel\u00e9fono: <a href=\"tel:{{:phone}}\">{{:phone}}<\/a><\/p>\n      {{\/if}}\n      {{if email}}\n      <p class=\"p-area\"><span class=\"glyphicon icon-at\"><\/span><a href=\"mailto:{{:email}}\" style=\"text-transform: lowercase\">{{:email}}<\/a><\/p>\n      {{\/if}}\n      {{if fax}}\n        <p class=\"p-area\"><span class=\"glyphicon icon-fax\"><\/span> Fax:{{:fax}}<\/p>\n      {{\/if}}  \n      {{if c_names}}\n      <p class=\"p-area\"><span class=\"glyphicon icon-tag\"><\/span> {{:c_names}}<\/p>\n      {{\/if}}\n      {{if open_hours}}\n      <p class=\"p-area\"><span class=\"glyphicon icon-clock-1\"><\/span> {{:open_hours}}<\/p>\n      {{\/if}}\n      {{if days_str}}\n      <p class=\"p-area\"><span class=\"glyphicon icon-calendar\"><\/span> {{:days_str}}<\/p>\n      {{\/if}}\n      {{if description}}\n      <p class=\"p-description\">{{:description}}<\/p>\n      {{\/if}}\n    <\/div>\n    <div class=\"col-md-3 col-xs-3\">\n      <div class=\"col-xs-5 col-md-12 item-thumb\">\n          <a class=\"thumb-a\">\n            {{if path}}\n              <img decoding=\"async\" src=\"https:\/\/stil-fit.com\/wp-content\/plugins\/codecanyon-16973546-agile-store-locator-google-maps-for-wordpress\/public\/Logo\/{{:path}}\" alt=\"logo\">\n            {{\/if}}\n          <\/a>\n      <\/div>\n    <\/div>\n    <div class=\"col-xs-12 distance\">\n        <div class=\"col-xs-6\">\n          <p class=\"p-direction\"><span class=\"s-direction\">Direcciones<\/span><\/p>\n        <\/div>\n        {{if distance}}\n        <div class=\"col-xs-6\">\n            <a class=\"s-distance\">distancia: {{:dist_str}}<\/a>\n        <\/div>\n        {{\/if}}\n    <\/div>\n    {{if description_2}}\n    <div class=\"col-xs-12\">\n      <a onclick=\"javascript:jQuery(this).next().next().slideToggle(100);jQuery(this).next().show();jQuery(this).hide()\" class=\"asl_Readmore_button\">Lee mas<\/a>\n      <a onclick=\"javascript:jQuery(this).next().slideToggle(100);jQuery(this).prev().show();jQuery(this).hide()\" style=\"display:none\" class=\"asl_Readmore_button\">Ocultar detalles<\/a>\n    <p class=\"more_info\" style=\"display:none\">{{:description_2}}<\/p>\n    <\/div>\n    {{\/if}}\n    <div class=\"clear\"\/>\n  <\/div>\n<\/script>\n<script id=\"asl_too_tip\" type=\"text\/x-jsrender\">\n{{if path}}\n<div class=\"image_map_popup\" style=\"display:none\"><img decoding=\"async\" src=\"{{:URL}}public\/Logo\/{{:path}}\" \/><\/div>\n{{\/if}}\n  <h3>{{:title}}<\/h3>\n  <div class=\"infowindowContent\">\n    <div class=\"info-addr\">\n      <div class=\"address\"><span class=\"glyphicon icon-location\"><\/span>{{:address}}<\/div>\n      {{if phone}}\n      <div class=\"phone\"><span class=\"glyphicon icon-phone-outline\"><\/span><b>Tel\u00e9fono: <\/b><a href=\"tel:{{:phone}}\">{{:phone}}<\/a><\/div>\n      {{\/if}}\n      {{if open_hours}}\n      <div class=\"p-time\"><span class=\"glyphicon icon-clock-1\"><\/span> {{:open_hours}}<\/div>\n      {{\/if}}\n      {{if days_str}}\n      <div class=\"p-time\"><span class=\"glyphicon icon-calendar-outlilne\"><\/span> {{:days_str}}<\/div>\n      {{\/if}}\n      {{if email}}\n      <div class=\"p-time\"><span class=\"glyphicon icon-at\"><\/span><a href=\"mailto:{{:email}}\" style=\"text-transform: lowercase\">{{:email}}<\/a><\/div>\n      {{\/if}}\n      {{if show_categories && c_names}}\n      <div class=\"categories\"><span class=\"glyphicon icon-tag\"><\/span>{{:c_names}}<\/div>\n      {{\/if}}\n      {{if description}}\n      <div class=\"p-time\">{{:description}}<\/div>\n      {{\/if}}\n      {{if distance}}\n      <div class=\"distance\">distancia: {{:dist_str}}<\/div>\n      {{\/if}}\n    <\/div>\n    <div class=\"img_box\" style=\"display:none\">\n    <img decoding=\"async\" src=\"{{:URL}}public\/Logo\/{{:path}}\" alt=\"logo\">\n  <\/div>\n  <div class=\"asl-buttons\"><\/div>\n<\/div><div class=\"arrow-down\"><\/div>\n<\/script>\n<\/strong><\/p>","protected":false},"excerpt":{"rendered":"<p>Sie w\u00fcrden unsere Produkte gerne live erleben? Finden Sie einen passenden H\u00e4ndler in Ihrer N\u00e4he:<\/p>\n","protected":false},"author":1,"featured_media":0,"parent":0,"menu_order":0,"comment_status":"closed","ping_status":"closed","template":"","meta":{"_monsterinsights_skip_tracking":false,"_monsterinsights_sitenote_active":false,"_monsterinsights_sitenote_note":"","_monsterinsights_sitenote_category":0,"footnotes":""},"yst_prominent_words":[1862,1861,1869,1870,1872,1867,1868,1871,1865,1878,1877,1873,1879,1875,1864,1874,1863,1866,1876,1880],"class_list":["post-272","page","type-page","status-publish","hentry"],"yoast_head":"<!-- This site is optimized with the Yoast SEO Premium plugin v14.5 - https:\/\/yoast.com\/wordpress\/plugins\/seo\/ -->\n<title>Vertriebspartner | STIL-FIT<\/title>\n<meta name=\"robots\" content=\"index, follow\" \/>\n<meta name=\"googlebot\" content=\"index, follow, max-snippet:-1, max-image-preview:large, max-video-preview:-1\" \/>\n<meta name=\"bingbot\" content=\"index, follow, max-snippet:-1, max-image-preview:large, max-video-preview:-1\" \/>\n<link rel=\"canonical\" href=\"https:\/\/stil-fit.com\/es\/vertriebspartner\/\" \/>\n<meta property=\"og:locale\" content=\"es_ES\" \/>\n<meta property=\"og:type\" content=\"article\" \/>\n<meta property=\"og:title\" content=\"Vertriebspartner | STIL-FIT\" \/>\n<meta property=\"og:description\" content=\"Sie w\u00fcrden unsere Produkte gerne live erleben? Finden Sie einen passenden H\u00e4ndler in Ihrer N\u00e4he:\" \/>\n<meta property=\"og:url\" content=\"https:\/\/stil-fit.com\/es\/vertriebspartner\/\" \/>\n<meta property=\"og:site_name\" content=\"STIL-FIT\" \/>\n<meta property=\"article:publisher\" content=\"https:\/\/de-de.facebook.com\/stilfit\/\" \/>\n<meta property=\"article:modified_time\" content=\"2019-12-09T23:50:12+00:00\" \/>\n<meta name=\"twitter:card\" content=\"summary_large_image\" \/>\n<script type=\"application\/ld+json\" class=\"yoast-schema-graph\">{\"@context\":\"https:\/\/schema.org\",\"@graph\":[{\"@type\":\"Organization\",\"@id\":\"https:\/\/stil-fit.com\/es\/#organization\",\"name\":\"STIL-FIT Internacional GmbH\",\"url\":\"https:\/\/stil-fit.com\/es\/\",\"sameAs\":[\"https:\/\/de-de.facebook.com\/stilfit\/\",\"https:\/\/www.instagram.com\/stil_fit_int\/\",\"https:\/\/www.linkedin.com\/company\/stil-fit-international-gmbh\",\"https:\/\/www.youtube.com\/channel\/UC2HA1BeZtFB0acPMfq1hKdQ\",\"https:\/\/www.pinterest.com\/STILFITInt\/\"],\"logo\":{\"@type\":\"ImageObject\",\"@id\":\"https:\/\/stil-fit.com\/es\/#logo\",\"inLanguage\":\"es\",\"url\":\"https:\/\/stil-fit.com\/wp-content\/uploads\/2019\/02\/stilfit_logo.jpg\",\"width\":150,\"height\":150,\"caption\":\"STIL-FIT Internacional GmbH\"},\"image\":{\"@id\":\"https:\/\/stil-fit.com\/es\/#logo\"}},{\"@type\":\"WebSite\",\"@id\":\"https:\/\/stil-fit.com\/es\/#website\",\"url\":\"https:\/\/stil-fit.com\/es\/\",\"name\":\"STIL-FIT\",\"description\":\"Stil-fit\",\"publisher\":{\"@id\":\"https:\/\/stil-fit.com\/es\/#organization\"},\"potentialAction\":[{\"@type\":\"SearchAction\",\"target\":\"https:\/\/stil-fit.com\/es\/?s={search_term_string}\",\"query-input\":\"required name=search_term_string\"}],\"inLanguage\":\"es\"},{\"@type\":\"WebPage\",\"@id\":\"https:\/\/stil-fit.com\/es\/vertriebspartner\/#webpage\",\"url\":\"https:\/\/stil-fit.com\/es\/vertriebspartner\/\",\"name\":\"Vertriebspartner | STIL-FIT\",\"isPartOf\":{\"@id\":\"https:\/\/stil-fit.com\/es\/#website\"},\"datePublished\":\"2019-03-14T09:48:54+00:00\",\"dateModified\":\"2019-12-09T23:50:12+00:00\",\"inLanguage\":\"es\",\"potentialAction\":[{\"@type\":\"ReadAction\",\"target\":[\"https:\/\/stil-fit.com\/es\/vertriebspartner\/\"]}]}]}<\/script>\n<!-- \/ Yoast SEO Premium plugin. -->","post_mailing_queue_ids":[],"_links":{"self":[{"href":"https:\/\/stil-fit.com\/es\/wp-json\/wp\/v2\/pages\/272","targetHints":{"allow":["GET"]}}],"collection":[{"href":"https:\/\/stil-fit.com\/es\/wp-json\/wp\/v2\/pages"}],"about":[{"href":"https:\/\/stil-fit.com\/es\/wp-json\/wp\/v2\/types\/page"}],"author":[{"embeddable":true,"href":"https:\/\/stil-fit.com\/es\/wp-json\/wp\/v2\/users\/1"}],"replies":[{"embeddable":true,"href":"https:\/\/stil-fit.com\/es\/wp-json\/wp\/v2\/comments?post=272"}],"version-history":[{"count":6,"href":"https:\/\/stil-fit.com\/es\/wp-json\/wp\/v2\/pages\/272\/revisions"}],"predecessor-version":[{"id":8775,"href":"https:\/\/stil-fit.com\/es\/wp-json\/wp\/v2\/pages\/272\/revisions\/8775"}],"wp:attachment":[{"href":"https:\/\/stil-fit.com\/es\/wp-json\/wp\/v2\/media?parent=272"}],"wp:term":[{"taxonomy":"yst_prominent_words","embeddable":true,"href":"https:\/\/stil-fit.com\/es\/wp-json\/wp\/v2\/yst_prominent_words?post=272"}],"curies":[{"name":"wp","href":"https:\/\/api.w.org\/{rel}","templated":true}]}}