{"id":33906,"date":"2025-03-20T16:35:40","date_gmt":"2025-03-20T15:35:40","guid":{"rendered":"https:\/\/stil-fit.com\/remo\/"},"modified":"2025-03-20T16:36:33","modified_gmt":"2025-03-20T15:36:33","slug":"remo","status":"publish","type":"page","link":"https:\/\/stil-fit.com\/es\/pared-entrenamiento-instrucciones\/ejercicios-de-espalda\/remo\/","title":{"rendered":"Remo"},"content":{"rendered":"\n\t<section class=\"section hide-for-small\" id=\"section_340526185\">\n\t\t<div class=\"section-bg fill\" >\n\t\t\t\t\t\t\t\t\t\n\t\t\t\n\n\t\t<\/div>\n\n\t\t\n\n\t\t<div class=\"section-content relative\">\n\t\t\t\n\n<div class=\"row align-center\"  id=\"row-952338978\">\n\n\n\t<div id=\"col-118602286\" class=\"col medium-6 small-12 large-3\"  >\n\t\t\t\t<div class=\"col-inner text-left\"  >\n\t\t\t\n\t\t\t\n\n<a href=\"https:\/\/stil-fit.com\/workout-instruction\/\" class=\"button primary is-outline is-smaller\"  style=\"border-radius:99px;\">\n\t\t<span>Volver<\/span>\n\t<\/a>\n\n\n\t<div id=\"text-1486013455\" class=\"text\">\n\t\t\n\n\n\t\t\n<style>\n#text-1486013455 {\n  font-size: 2.25rem;\n  line-height: 0.75;\n  color: rgb(255,255,255);\n}\n#text-1486013455 > * {\n  color: rgb(255,255,255);\n}\n<\/style>\n\t<\/div>\n\t\n\n\t\t<\/div>\n\t\t\t\t\n<style>\n#col-118602286 > .col-inner {\n  margin: 0px 0px -40px 0px;\n}\n<\/style>\n\t<\/div>\n\n\t\n\n\t<div id=\"col-2057830269\" class=\"col medium-6 small-12 large-6\"  >\n\t\t\t\t<div class=\"col-inner text-center\"  >\n\t\t\t\n\t\t\t\n\n\t<div id=\"text-1868415473\" class=\"text\">\n\t\t\n\n<h3>Remo con movimiento vertical<\/h3>\n\t\t\n<style>\n#text-1868415473 {\n  font-size: 2.25rem;\n  line-height: 0.75;\n  color: rgb(255,255,255);\n}\n#text-1868415473 > * {\n  color: rgb(255,255,255);\n}\n<\/style>\n\t<\/div>\n\t\n\n\t\t<\/div>\n\t\t\t\t\t<\/div>\n\n\t\n\n\t<div id=\"col-641721572\" class=\"col medium-6 small-12 large-3\"  >\n\t\t\t\t<div class=\"col-inner text-center\"  >\n\t\t\t\n\t\t\t\n\n\t<div id=\"text-2853305850\" class=\"text\">\n\t\t\n\n\n\t\t\n<style>\n#text-2853305850 {\n  font-size: 2.25rem;\n  line-height: 0.75;\n  color: rgb(255,255,255);\n}\n#text-2853305850 > * {\n  color: rgb(255,255,255);\n}\n<\/style>\n\t<\/div>\n\t\n\n\t\t<\/div>\n\t\t\t\t\n<style>\n#col-641721572 > .col-inner {\n  margin: 0px 0px -40px 0px;\n}\n<\/style>\n\t<\/div>\n\n\t\n\n<\/div>\n<div class=\"row row-small align-equal align-center row-box-shadow-3-hover\"  id=\"row-1091590134\">\n\n\n\t<div id=\"col-871268472\" class=\"col medium-6 small-12 large-6\"  >\n\t\t\t\t<div class=\"col-inner\" style=\"background-color:rgb(227, 227, 227);\" >\n\t\t\t\n\t\t\t\n\n\n  <div class=\"banner has-hover has-video\" id=\"banner-761878517\">\n          <div class=\"banner-inner fill\">\n        <div class=\"banner-bg fill\" >\n                        \t<div class=\"video-overlay no-click fill hide-for-medium\"><\/div>\n\t<video class=\"video-bg fill hide-for-medium\" preload playsinline autoplay muted loop>\n\t\t<source src=\"https:\/\/stil-fit.com\/wp-content\/uploads\/2024\/04\/KA_Rudern_mit_Aufrichtbewegung.mp4\" type=\"video\/mp4\">\t<\/video>\n                        \n                    <\/div>\n\t\t\n        <div class=\"banner-layers container\">\n            <div class=\"fill banner-link\"><\/div>            \n\n   <div id=\"text-box-440259167\" class=\"text-box banner-layer x50 md-x50 lg-x50 y50 md-y50 lg-y50 res-text\">\n                                <div class=\"text-box-content text dark\">\n              \n              <div class=\"text-inner text-center\">\n                  \n\n\n              <\/div>\n           <\/div>\n                            \n<style>\n#text-box-440259167 {\n  width: 60%;\n}\n#text-box-440259167 .text-box-content {\n  font-size: 100%;\n}\n<\/style>\n    <\/div>\n \n\n        <\/div>\n      <\/div>\n\n            \n<style>\n#banner-761878517 {\n  padding-top: 500px;\n  background-color: rgb(255,255,255);\n}\n<\/style>\n  <\/div>\n\n\n\n\t\t<\/div>\n\t\t\t\t\n<style>\n#col-871268472 > .col-inner {\n  padding: 3px 3px 3px 3px;\n  margin: 0px 0px 0px 0px;\n  border-radius: 3px;\n}\n<\/style>\n\t<\/div>\n\n\t\n\n\t<div id=\"col-124746035\" class=\"col medium-6 small-12 large-6\"  >\n\t\t\t\t<div class=\"col-inner\" style=\"background-color:rgb(255,255,255);\" >\n\t\t\t\n\t\t\t\n\n\t<div id=\"text-2785083227\" class=\"text\">\n\t\t\n\n<p>\nPosici\u00f3n de pie Frontal al aparato, piernas paralelas, separadas a la anchura de los hombros<\/p>\n<p>Parte superior del cuerpo recta, caderas y piernas ligeramente flexionadas, postura estable<\/p>\n<p>Ejecuci\u00f3n:<br>Ponte de pie simult\u00e1neamente y tira de los brazos hacia atr\u00e1s<br>Tira de los hombros hacia atr\u00e1s y hacia abajo,  <\/p>\n<p>Abre el pecho, mant\u00e9n la espalda recta<\/p>\n\t\t\n<style>\n#text-2785083227 {\n  font-size: 1.35rem;\n  color: rgb(0,0,0);\n}\n#text-2785083227 > * {\n  color: rgb(0,0,0);\n}\n<\/style>\n\t<\/div>\n\t\n\n\t\t<\/div>\n\t\t\t\t\n<style>\n#col-124746035 > .col-inner {\n  padding: 50px 30px 0px 20px;\n  margin: 0px 0px 0px 0px;\n}\n<\/style>\n\t<\/div>\n\n\t\n\n\n<style>\n#row-1091590134 > .col > .col-inner {\n  border-radius: 5px;\n}\n<\/style>\n<\/div>\n\n\t\t<\/div>\n\n\t\t\n<style>\n#section_340526185 {\n  padding-top: 60px;\n  padding-bottom: 60px;\n  background-color: rgb(0,0,0);\n}\n@media (min-width:550px) {\n  #section_340526185 {\n    padding-top: 70px;\n    padding-bottom: 70px;\n  }\n}\n<\/style>\n\t<\/section>\n\t\n\n\t<section class=\"section show-for-small\" id=\"section_547885430\">\n\t\t<div class=\"section-bg fill\" >\n\t\t\t\t\t\t\t\t\t\n\t\t\t\n\n\t\t<\/div>\n\n\t\t\n\n\t\t<div class=\"section-content relative\">\n\t\t\t\n\n<div class=\"row align-center\"  id=\"row-324469789\">\n\n\n\t<div id=\"col-647241535\" class=\"col medium-6 small-12 large-5\"  >\n\t\t\t\t<div class=\"col-inner text-left\"  >\n\t\t\t\n\t\t\t\n\n<a href=\"https:\/\/stil-fit.com\/workout-instruction\/\" class=\"button primary is-outline is-smaller\"  style=\"border-radius:99px;\">\n\t\t<span>Volver<\/span>\n\t<\/a>\n\n\n\t<div id=\"text-1897091152\" class=\"text\">\n\t\t\n\n\n\t\t\n<style>\n#text-1897091152 {\n  font-size: 2.25rem;\n  line-height: 0.75;\n  color: rgb(255,255,255);\n}\n#text-1897091152 > * {\n  color: rgb(255,255,255);\n}\n<\/style>\n\t<\/div>\n\t\n\n\t\t<\/div>\n\t\t\t\t\n<style>\n#col-647241535 > .col-inner {\n  padding: 0px 0px 0px 0px;\n  margin: 0px 0px -30px 0px;\n}\n<\/style>\n\t<\/div>\n\n\t\n\n\t<div id=\"col-1719814301\" class=\"col medium-6 small-12 large-5\"  >\n\t\t\t\t<div class=\"col-inner text-center\"  >\n\t\t\t\n\t\t\t\n\n\t<div id=\"text-4011128695\" class=\"text\">\n\t\t\n\n<h3>Remo con movimiento vertical<\/h3>\n\t\t\n<style>\n#text-4011128695 {\n  font-size: 2rem;\n  line-height: 0.75;\n  color: rgb(255,255,255);\n}\n#text-4011128695 > * {\n  color: rgb(255,255,255);\n}\n@media (min-width:550px) {\n  #text-4011128695 {\n    font-size: 2.25rem;\n  }\n}\n<\/style>\n\t<\/div>\n\t\n\n\t\t<\/div>\n\t\t\t\t\n<style>\n#col-1719814301 > .col-inner {\n  padding: 10px 0px 0px 0px;\n}\n<\/style>\n\t<\/div>\n\n\t\n\n<\/div>\n<div class=\"row row-small align-equal align-center row-box-shadow-3-hover\"  id=\"row-2035906921\">\n\n\n\t<div id=\"col-2131048948\" class=\"col medium-6 small-12 large-6\"  >\n\t\t\t\t<div class=\"col-inner\" style=\"background-color:rgb(227, 227, 227);\" >\n\t\t\t\n\t\t\t\n\n\n  <div class=\"banner has-hover has-video\" id=\"banner-968652470\">\n          <div class=\"banner-inner fill\">\n        <div class=\"banner-bg fill\" >\n                        \t<div class=\"video-overlay no-click fill visible\"><\/div>\n\t<video class=\"video-bg fill visible\" preload playsinline autoplay muted loop>\n\t\t<source src=\"https:\/\/stil-fit.com\/wp-content\/uploads\/2024\/04\/KA_Rudern_mit_Aufrichtbewegung.mp4\" type=\"video\/mp4\">\t<\/video>\n                        \n                    <\/div>\n\t\t\n        <div class=\"banner-layers container\">\n            <div class=\"fill banner-link\"><\/div>            \n\n\n        <\/div>\n      <\/div>\n\n            \n<style>\n#banner-968652470 {\n  padding-top: 500px;\n  background-color: rgb(255,255,255);\n}\n<\/style>\n  <\/div>\n\n\n\n\t\t<\/div>\n\t\t\t\t\n<style>\n#col-2131048948 > .col-inner {\n  padding: 0px 0px 0px 0px;\n  margin: 0px 0px 0px 0px;\n  border-radius: 3px;\n}\n@media (min-width:550px) {\n  #col-2131048948 > .col-inner {\n    padding: 3px 3px 3px 3px;\n  }\n}\n<\/style>\n\t<\/div>\n\n\t\n\n\t<div id=\"col-816969213\" class=\"col medium-6 small-12 large-6\"  >\n\t\t\t\t<div class=\"col-inner\" style=\"background-color:rgb(255,255,255);\" >\n\t\t\t\n\t\t\t\n\n\t<div id=\"text-4010601407\" class=\"text\">\n\t\t\n\n<p>\nPosici\u00f3n de pie Frontal a la m\u00e1quina, piernas paralelas, separadas a la anchura de los hombros<br>Parte superior del cuerpo recta, caderas y piernas ligeramente flexionadas, postura estable<br>Ejecuci\u00f3n:<br>Ponte de pie simult\u00e1neamente y tira de los brazos hacia atr\u00e1s<br>Tira de los hombros hacia abajo, abre el pecho, mant\u00e9n la espalda recta<\/p>\n\t\t\n<style>\n#text-4010601407 {\n  font-size: 1.35rem;\n  text-align: left;\n  color: rgb(0,0,0);\n}\n#text-4010601407 > * {\n  color: rgb(0,0,0);\n}\n<\/style>\n\t<\/div>\n\t\n\n\t\t<\/div>\n\t\t\t\t\n<style>\n#col-816969213 > .col-inner {\n  padding: 50px 20px 50px 20px;\n  margin: 0px 0px 0px 0px;\n}\n@media (min-width:550px) {\n  #col-816969213 > .col-inner {\n    padding: 50px 30px 0px 20px;\n  }\n}\n<\/style>\n\t<\/div>\n\n\t\n\n\n<style>\n#row-2035906921 > .col > .col-inner {\n  border-radius: 5px;\n}\n<\/style>\n<\/div>\n\n\t\t<\/div>\n\n\t\t\n<style>\n#section_547885430 {\n  padding-top: 30px;\n  padding-bottom: 30px;\n  background-color: rgb(0,0,0);\n}\n@media (min-width:550px) {\n  #section_547885430 {\n    padding-top: 70px;\n    padding-bottom: 70px;\n  }\n}\n<\/style>\n\t<\/section>\n\t","protected":false},"excerpt":{"rendered":"","protected":false},"author":2,"featured_media":0,"parent":33932,"menu_order":0,"comment_status":"closed","ping_status":"closed","template":"page-blank.php","meta":{"_monsterinsights_skip_tracking":false,"_monsterinsights_sitenote_active":false,"_monsterinsights_sitenote_note":"","_monsterinsights_sitenote_category":0,"footnotes":""},"yst_prominent_words":[],"class_list":["post-33906","page","type-page","status-publish","hentry"],"yoast_head":"<!-- This site is optimized with the Yoast SEO Premium plugin v14.5 - https:\/\/yoast.com\/wordpress\/plugins\/seo\/ -->\n<title>Remo | STIL-FIT<\/title>\n<meta name=\"robots\" content=\"index, follow\" \/>\n<meta name=\"googlebot\" content=\"index, follow, max-snippet:-1, max-image-preview:large, max-video-preview:-1\" \/>\n<meta name=\"bingbot\" content=\"index, follow, max-snippet:-1, max-image-preview:large, max-video-preview:-1\" \/>\n<link rel=\"canonical\" href=\"https:\/\/stil-fit.com\/es\/pared-entrenamiento-instrucciones\/ejercicios-de-espalda\/remo\/\" \/>\n<meta property=\"og:locale\" content=\"es_ES\" \/>\n<meta property=\"og:type\" content=\"article\" \/>\n<meta property=\"og:title\" content=\"Remo | STIL-FIT\" \/>\n<meta property=\"og:url\" content=\"https:\/\/stil-fit.com\/es\/pared-entrenamiento-instrucciones\/ejercicios-de-espalda\/remo\/\" \/>\n<meta property=\"og:site_name\" content=\"STIL-FIT\" \/>\n<meta property=\"article:publisher\" content=\"https:\/\/de-de.facebook.com\/stilfit\/\" \/>\n<meta property=\"article:modified_time\" content=\"2025-03-20T15:36:33+00:00\" \/>\n<meta name=\"twitter:card\" content=\"summary_large_image\" \/>\n<script type=\"application\/ld+json\" class=\"yoast-schema-graph\">{\"@context\":\"https:\/\/schema.org\",\"@graph\":[{\"@type\":\"Organization\",\"@id\":\"https:\/\/stil-fit.com\/es\/#organization\",\"name\":\"STIL-FIT Internacional GmbH\",\"url\":\"https:\/\/stil-fit.com\/es\/\",\"sameAs\":[\"https:\/\/de-de.facebook.com\/stilfit\/\",\"https:\/\/www.instagram.com\/stil_fit_int\/\",\"https:\/\/www.linkedin.com\/company\/stil-fit-international-gmbh\",\"https:\/\/www.youtube.com\/channel\/UC2HA1BeZtFB0acPMfq1hKdQ\",\"https:\/\/www.pinterest.com\/STILFITInt\/\"],\"logo\":{\"@type\":\"ImageObject\",\"@id\":\"https:\/\/stil-fit.com\/es\/#logo\",\"inLanguage\":\"es\",\"url\":\"https:\/\/stil-fit.com\/wp-content\/uploads\/2019\/02\/stilfit_logo.jpg\",\"width\":150,\"height\":150,\"caption\":\"STIL-FIT Internacional GmbH\"},\"image\":{\"@id\":\"https:\/\/stil-fit.com\/es\/#logo\"}},{\"@type\":\"WebSite\",\"@id\":\"https:\/\/stil-fit.com\/es\/#website\",\"url\":\"https:\/\/stil-fit.com\/es\/\",\"name\":\"STIL-FIT\",\"description\":\"Stil-fit\",\"publisher\":{\"@id\":\"https:\/\/stil-fit.com\/es\/#organization\"},\"potentialAction\":[{\"@type\":\"SearchAction\",\"target\":\"https:\/\/stil-fit.com\/es\/?s={search_term_string}\",\"query-input\":\"required name=search_term_string\"}],\"inLanguage\":\"es\"},{\"@type\":\"WebPage\",\"@id\":\"https:\/\/stil-fit.com\/es\/pared-entrenamiento-instrucciones\/ejercicios-de-espalda\/remo\/#webpage\",\"url\":\"https:\/\/stil-fit.com\/es\/pared-entrenamiento-instrucciones\/ejercicios-de-espalda\/remo\/\",\"name\":\"Remo | STIL-FIT\",\"isPartOf\":{\"@id\":\"https:\/\/stil-fit.com\/es\/#website\"},\"datePublished\":\"2025-03-20T15:35:40+00:00\",\"dateModified\":\"2025-03-20T15:36:33+00:00\",\"inLanguage\":\"es\",\"potentialAction\":[{\"@type\":\"ReadAction\",\"target\":[\"https:\/\/stil-fit.com\/es\/pared-entrenamiento-instrucciones\/ejercicios-de-espalda\/remo\/\"]}]}]}<\/script>\n<!-- \/ Yoast SEO Premium plugin. -->","post_mailing_queue_ids":[],"_links":{"self":[{"href":"https:\/\/stil-fit.com\/es\/wp-json\/wp\/v2\/pages\/33906","targetHints":{"allow":["GET"]}}],"collection":[{"href":"https:\/\/stil-fit.com\/es\/wp-json\/wp\/v2\/pages"}],"about":[{"href":"https:\/\/stil-fit.com\/es\/wp-json\/wp\/v2\/types\/page"}],"author":[{"embeddable":true,"href":"https:\/\/stil-fit.com\/es\/wp-json\/wp\/v2\/users\/2"}],"replies":[{"embeddable":true,"href":"https:\/\/stil-fit.com\/es\/wp-json\/wp\/v2\/comments?post=33906"}],"version-history":[{"count":1,"href":"https:\/\/stil-fit.com\/es\/wp-json\/wp\/v2\/pages\/33906\/revisions"}],"predecessor-version":[{"id":33908,"href":"https:\/\/stil-fit.com\/es\/wp-json\/wp\/v2\/pages\/33906\/revisions\/33908"}],"up":[{"embeddable":true,"href":"https:\/\/stil-fit.com\/es\/wp-json\/wp\/v2\/pages\/33932"}],"wp:attachment":[{"href":"https:\/\/stil-fit.com\/es\/wp-json\/wp\/v2\/media?parent=33906"}],"wp:term":[{"taxonomy":"yst_prominent_words","embeddable":true,"href":"https:\/\/stil-fit.com\/es\/wp-json\/wp\/v2\/yst_prominent_words?post=33906"}],"curies":[{"name":"wp","href":"https:\/\/api.w.org\/{rel}","templated":true}]}}