{"id":34507,"date":"2025-03-20T16:47:46","date_gmt":"2025-03-20T15:47:46","guid":{"rendered":"https:\/\/stil-fit.com\/entrega\/"},"modified":"2025-03-20T16:48:02","modified_gmt":"2025-03-20T15:48:02","slug":"entrega","status":"publish","type":"page","link":"https:\/\/stil-fit.com\/es\/entrega\/","title":{"rendered":"entrega"},"content":{"rendered":"\n  <div class=\"banner has-hover\" id=\"banner-215178897\">\n          <div class=\"banner-inner fill\">\n        <div class=\"banner-bg fill\" >\n            <img decoding=\"async\" width=\"1020\" height=\"680\" src=\"https:\/\/stil-fit.com\/wp-content\/uploads\/2019\/11\/iStock-1038555870-scaled.jpg\" class=\"bg attachment-large size-large\" alt=\"\" \/>                                    \n                    <\/div>\n\t\t\n        <div class=\"banner-layers container\">\n            <div class=\"fill banner-link\"><\/div>            \n\n   <div id=\"text-box-121777033\" class=\"text-box banner-layer x50 md-x50 lg-x50 y50 md-y50 lg-y50 res-text\">\n                                <div class=\"text-box-content text dark\">\n              \n              <div class=\"text-inner text-center\">\n                  \n\n<h3 class=\"uppercase\"><strong>entrega<\/strong><\/h3>\n<p>R\u00e1pido y sin complicaciones  <\/p>\n\n              <\/div>\n           <\/div>\n                            \n<style>\n#text-box-121777033 {\n  width: 60%;\n}\n#text-box-121777033 .text-box-content {\n  font-size: 100%;\n}\n<\/style>\n    <\/div>\n \n\n        <\/div>\n      <\/div>\n\n            \n<style>\n#banner-215178897 {\n  padding-top: 600px;\n  background-color: rgb(255,255,255);\n}\n#banner-215178897 .banner-bg img {\n  object-position: 48% 85%;\n}\n<\/style>\n  <\/div>\n\n\n\n\t<section class=\"section\" id=\"section_296319997\">\n\t\t<div class=\"section-bg fill\" >\n\t\t\t\t\t\t\t\t\t\n\t\t\t\n\n\t\t<\/div>\n\n\t\t\n\n\t\t<div class=\"section-content relative\">\n\t\t\t\n\n<div class=\"row align-center\"  id=\"row-991164041\">\n\n\n\t<div id=\"col-1700485841\" class=\"col medium-6 small-9 large-6\"  >\n\t\t\t\t<div class=\"col-inner text-center\"  >\n\t\t\t\n\t\t\t\n\n\t<div id=\"gap-1486862153\" class=\"gap-element clearfix\" style=\"display:block; height:auto;\">\n\t\t\n<style>\n#gap-1486862153 {\n  padding-top: 30px;\n}\n<\/style>\n\t<\/div>\n\t\n\n<div>\n<h2 style=\"text-align: left;\"><span style=\"font-size: 100%;\">El servicio es muy importante para nosotros  <\/span><\/h2>\n<\/div>\n\n\t\t<\/div>\n\t\t\t\t\t<\/div>\n\n\t\n\n<\/div>\n\n\t\t<\/div>\n\n\t\t\n<style>\n#section_296319997 {\n  padding-top: 20px;\n  padding-bottom: 20px;\n}\n<\/style>\n\t<\/section>\n\t\n\n\t<section class=\"section\" id=\"section_1075347279\">\n\t\t<div class=\"section-bg fill\" >\n\t\t\t\t\t\t\t\t\t\n\t\t\t\n\n\t\t<\/div>\n\n\t\t\n\n\t\t<div class=\"section-content relative\">\n\t\t\t\n\n<div class=\"row\"  id=\"row-1188921925\">\n\n\n\t<div id=\"col-453307694\" class=\"col medium-4 small-12 large-4\"  >\n\t\t\t\t<div class=\"col-inner\"  >\n\t\t\t\n\t\t\t\n\n\n\t\t<div class=\"icon-box featured-box icon-box-center text-center\"  >\n\t\t\t\t\t<div class=\"icon-box-img\" style=\"width: 60px\">\n\t\t\t\t<div class=\"icon\">\n\t\t\t\t\t<div class=\"icon-inner\" style=\"color:rgb(129, 178, 189);\">\n\t\t\t\t\t\t<img decoding=\"async\" width=\"201\" height=\"201\" src=\"https:\/\/stil-fit.com\/wp-content\/uploads\/2019\/11\/Artboard-2-copy-6@4x.png\" class=\"attachment-medium size-medium\" alt=\"\" srcset=\"https:\/\/stil-fit.com\/wp-content\/uploads\/2019\/11\/Artboard-2-copy-6@4x.png 201w, https:\/\/stil-fit.com\/wp-content\/uploads\/2019\/11\/Artboard-2-copy-6@4x-100x100.png 100w\" sizes=\"(max-width: 201px) 100vw, 201px\" \/>\t\t\t\t\t<\/div>\n\t\t\t\t<\/div>\n\t\t\t<\/div>\n\t\t\t\t<div class=\"icon-box-text last-reset\">\n\t\t\t\t\t\t\t\t\t\n\n<h3 style=\"text-align: center;\"><span style=\"font-size: 90%;\">M\u00ednimo esfuerzo de instalaci\u00f3n<\/span><\/h3>\n<p style=\"text-align: center;\"><span style=\"font-size: 100%;\">La mayor\u00eda o la totalidad de nuestros productos est\u00e1n premontados y requieren poco trabajo de montaje.<\/span><\/p>\n<p style=\"text-align: center;\"> <\/p>\n\n\t\t<\/div>\n\t<\/div>\n\t\n\t\n\n\t\t<\/div>\n\t\t\t\t\t<\/div>\n\n\t\n\n\t<div id=\"col-1916154912\" class=\"col medium-4 small-12 large-4\"  >\n\t\t\t\t<div class=\"col-inner\"  >\n\t\t\t\n\t\t\t\n\n\n\t\t<div class=\"icon-box featured-box icon-box-center text-center\"  >\n\t\t\t\t\t<div class=\"icon-box-img\" style=\"width: 60px\">\n\t\t\t\t<div class=\"icon\">\n\t\t\t\t\t<div class=\"icon-inner\" style=\"color:rgb(129, 178, 189);\">\n\t\t\t\t\t\t<img decoding=\"async\" width=\"201\" height=\"201\" src=\"https:\/\/stil-fit.com\/wp-content\/uploads\/2019\/11\/Artboard-2-copy-16@4x.png\" class=\"attachment-medium size-medium\" alt=\"\" srcset=\"https:\/\/stil-fit.com\/wp-content\/uploads\/2019\/11\/Artboard-2-copy-16@4x.png 201w, https:\/\/stil-fit.com\/wp-content\/uploads\/2019\/11\/Artboard-2-copy-16@4x-100x100.png 100w\" sizes=\"(max-width: 201px) 100vw, 201px\" \/>\t\t\t\t\t<\/div>\n\t\t\t\t<\/div>\n\t\t\t<\/div>\n\t\t\t\t<div class=\"icon-box-text last-reset\">\n\t\t\t\t\t\t\t\t\t\n\n<h3 style=\"text-align: center;\"><span style=\"font-size: 90%;\">Entrega r\u00e1pida y fiable  <\/span><\/h3>\n<p style=\"text-align: center;\"><span style=\"font-size: 100%;\">Nuestros electrodom\u00e9sticos grandes los entrega una agencia de transportes. Todos los dem\u00e1s productos se entregan por DHL o Hermes. <\/span><\/p>\n<p style=\"text-align: center;\"> <\/p>\n\n\t\t<\/div>\n\t<\/div>\n\t\n\t\n\n\t\t<\/div>\n\t\t\t\t\t<\/div>\n\n\t\n\n\t<div id=\"col-1878119892\" class=\"col medium-4 small-12 large-4\"  >\n\t\t\t\t<div class=\"col-inner\"  >\n\t\t\t\n\t\t\t\n\n\n\t\t<div class=\"icon-box featured-box icon-box-center text-center\"  >\n\t\t\t\t\t<div class=\"icon-box-img\" style=\"width: 60px\">\n\t\t\t\t<div class=\"icon\">\n\t\t\t\t\t<div class=\"icon-inner\" style=\"color:rgb(129, 178, 189);\">\n\t\t\t\t\t\t<img decoding=\"async\" width=\"201\" height=\"201\" src=\"https:\/\/stil-fit.com\/wp-content\/uploads\/2019\/11\/Artboard-2-copy-28@4x.png\" class=\"attachment-medium size-medium\" alt=\"\" srcset=\"https:\/\/stil-fit.com\/wp-content\/uploads\/2019\/11\/Artboard-2-copy-28@4x.png 201w, https:\/\/stil-fit.com\/wp-content\/uploads\/2019\/11\/Artboard-2-copy-28@4x-100x100.png 100w\" sizes=\"(max-width: 201px) 100vw, 201px\" \/>\t\t\t\t\t<\/div>\n\t\t\t\t<\/div>\n\t\t\t<\/div>\n\t\t\t\t<div class=\"icon-box-text last-reset\">\n\t\t\t\t\t\t\t\t\t\n\n<h3 style=\"text-align: center;\"><span style=\"font-size: 90%;\">Pide cita  <\/span><\/h3>\n<p style=\"text-align: center;\"><span style=\"font-size: 100%;\">Puedes acordar la fecha de entrega que desees directamente con la empresa de transportes.  <\/span><\/p>\n<p style=\"text-align: center;\"> <\/p>\n\n\t\t<\/div>\n\t<\/div>\n\t\n\t\n\n\t\t<\/div>\n\t\t\t\t\t<\/div>\n\n\t\n\n<\/div>\n\n\t\t<\/div>\n\n\t\t\n<style>\n#section_1075347279 {\n  padding-top: 40px;\n  padding-bottom: 40px;\n  background-color: rgb(251, 251, 249);\n}\n<\/style>\n\t<\/section>\n\t\n\n\t<section class=\"section\" id=\"section_481109431\">\n\t\t<div class=\"section-bg fill\" >\n\t\t\t\t\t\t\t\t\t\n\t\t\t\n\n\t\t<\/div>\n\n\t\t\n\n\t\t<div class=\"section-content relative\">\n\t\t\t\n\n<div class=\"row align-middle\"  id=\"row-564096752\">\n\n\n\t<div id=\"col-653835248\" class=\"col medium-7 small-12 large-7\"  >\n\t\t\t\t<div class=\"col-inner\"  >\n\t\t\t\n\t\t\t\n\n<h2 class=\"uppercase\">Bicicleta Estatica STil-fit<\/h2>\n<p>La Bicicleta Estatica se te entrega casi montada. S\u00f3lo tienes que conectar un cable, apretar un tornillo y montar el manillar.   <\/p>\n<p>Entrega:<\/p>\n<p>1 caja 94 x 51 x 74 cm (L\/A\/A) &#8211; 42kg<\/p>\n<p>Tiempo de montaje aprox. 20 min.  <\/p>\n\n\t\t<\/div>\n\t\t\t\t\t<\/div>\n\n\t\n\n<\/div>\n<div class=\"text-center\"><div class=\"is-divider divider clearfix\" style=\"max-width:200px;height:2px;background-color:rgb(198, 198, 198);\"><\/div><\/div>\n\n\t<div id=\"gap-1858176731\" class=\"gap-element clearfix\" style=\"display:block; height:auto;\">\n\t\t\n<style>\n#gap-1858176731 {\n  padding-top: 50px;\n}\n<\/style>\n\t<\/div>\n\t\n\n<div class=\"row align-middle\"  id=\"row-1568256584\">\n\n\n\t<div id=\"col-1579391208\" class=\"col medium-7 small-12 large-7\"  >\n\t\t\t\t<div class=\"col-inner\"  >\n\t\t\t\n\t\t\t\n\n<h2 class=\"uppercase\">STIL-FIT Rowing Machine FLOW ONE<\/h2>\n<p><span style=\"font-size: 100%;\">La m\u00e1quina de remo se suministra como dos unidades premontadas. S\u00f3lo tienes que atornillar el bastidor a la unidad delantera y colocar el revestimiento. <\/span><\/p>\n<p><span style=\"font-size: 100%;\">Entrega:<\/span><\/p>\n<ol>\n<li><span style=\"font-size: 100%;\">Caja 57 x 46 x 106 (L\/A\/A) &#8211; aprox. 35 kg<\/span><\/li>\n<li><span style=\"font-size: 100%;\">Caja de cart\u00f3n 218 x 40 x 20 (L\/A\/A) &#8211; aprox. 25 kg<\/span><\/li>\n<\/ol>\n<p>A petici\u00f3n, tambi\u00e9n podemos entregar la m\u00e1quina de remo totalmente montada en un pal\u00e9. (recargo de 95,- EUR) <\/p>\n\n\t\t<\/div>\n\t\t\t\t\t<\/div>\n\n\t\n\n<\/div>\n<div class=\"text-center\"><div class=\"is-divider divider clearfix\" style=\"max-width:200px;height:2px;background-color:rgb(198, 198, 198);\"><\/div><\/div>\n\n\t<div id=\"gap-1088724836\" class=\"gap-element clearfix\" style=\"display:block; height:auto;\">\n\t\t\n<style>\n#gap-1088724836 {\n  padding-top: 50px;\n}\n<\/style>\n\t<\/div>\n\t\n\n<div class=\"row align-middle\"  id=\"row-2140203159\">\n\n\n\t<div id=\"col-2022871965\" class=\"col medium-7 small-12 large-7\"  >\n\t\t\t\t<div class=\"col-inner\"  >\n\t\t\t\n\t\t\t\n\n<h2 class=\"uppercase\">Pared Entrenamiento STIL-FIT<\/h2>\n<p>El Pared Entrenamiento se suministra pr\u00e1cticamente montado. El bastidor base est\u00e1 montado y todos los cables ya est\u00e1n introducidos. <\/p>\n<p>Basta con atornillar el Pared Entrenamiento a la pared, insertar los pesos y colocar los paneles.  <\/p>\n<p>Entrega:<\/p>\n<p>1 palet 220 x 80 x 130 (L\/A\/A) &#8211; aprox. 160 kg<\/p>\n<p>Ofrecemos un servicio de instalaci\u00f3n para Alemania y Austria (recargo de 495 EUR)<\/p>\n\n\t\t<\/div>\n\t\t\t\t\t<\/div>\n\n\t\n\n<\/div>\n\n\t\t<\/div>\n\n\t\t\n<style>\n#section_481109431 {\n  padding-top: 60px;\n  padding-bottom: 60px;\n}\n<\/style>\n\t<\/section>\n\t\n\n\n\t<section class=\"section\" id=\"section_1156290972\">\n\t\t<div class=\"section-bg fill\" >\n\t\t\t\t\t\t\t\t\t\n\t\t\t\n\n\t\t<\/div>\n\n\t\t\n\n\t\t<div class=\"section-content relative\">\n\t\t\t\n\n<div class=\"row\"  id=\"row-708718387\">\n\n\n\t<div id=\"col-853474220\" class=\"col small-12 large-12\"  >\n\t\t\t\t<div class=\"col-inner\"  >\n\t\t\t\n\t\t\t\n\n\t<div id=\"gap-1405081512\" class=\"gap-element clearfix\" style=\"display:block; height:auto;\">\n\t\t\n<style>\n#gap-1405081512 {\n  padding-top: 50px;\n}\n<\/style>\n\t<\/div>\n\t\n\n<h2 style=\"text-align: center;\">Gastos de env\u00edo<\/h2>\n\n\t\t<\/div>\n\t\t\t\t\t<\/div>\n\n\t\n\n<\/div>\n<div class=\"row row-divided\"  id=\"row-1005775937\">\n\n\n\t<div id=\"col-511291132\" class=\"col medium-4 small-12 large-4\"  >\n\t\t\t\t<div class=\"col-inner\"  >\n\t\t\t\n\t\t\t\n\n<h3>Alemania y Austria  <\/h3>\n<p><strong>Electrodom\u00e9sticos grandes:<\/strong><\/p>\n<ul>\n<li>Entrega gratuita con cita previa incluida en el precio de compra. <\/li>\n<\/ul>\n<p> <\/p>\n<ul>\n<li>Entrega premium con servicio de dos personas Punto de uso gratuito incl. Se puede reservar cita adicionalmente. <\/li>\n<\/ul>\n<ol>\n<li>  Bicicleta Estatica: + 39,- EUR<\/li>\n<li>M\u00e1quina de remo: + 39,- EUR<\/li>\n<li>Pared Entrenamiento: + 95,- EUR<\/li>\n<\/ol>\n<p><span style=\"font-size: 80%;\">(todos los precios incluyen 19. IVA)<\/span><\/p>\n<p> <\/p>\n<p><strong>Accesorios y peque\u00f1os electrodom\u00e9sticos<\/strong><\/p>\n<p>Env\u00edo gratuito con DHL o Hermes<\/p>\n\n\t\t<\/div>\n\t\t\t\t\t<\/div>\n\n\t\n\n\t<div id=\"col-1167296863\" class=\"col medium-4 small-12 large-4\"  >\n\t\t\t\t<div class=\"col-inner\"  >\n\t\t\t\n\t\t\t\n\n<h3>Europa<\/h3>\n<p><strong>Electrodom\u00e9sticos grandes:<\/strong><\/p>\n<p>Entrega gratuita en la acera incl. nota de asesoramiento <\/p>\n<ol>\n<li>Bicicleta Estatica: + 39,- EUR<\/li>\n<li>M\u00e1quinas de remo: + 39,- EUR<\/li>\n<li>Pared Entrenamiento: + 95,- EUR<\/li>\n<\/ol>\n<p> <\/p>\n<p><strong>Accesorios y peque\u00f1os electrodom\u00e9sticos<\/strong><\/p>\n<p>Entrega con DHL o Hermes por 15,99,- EUR<\/p>\n<p><span style=\"font-size: 80%;\">(todos los precios incluyen 19. IVA)<\/span><\/p>\n\n\t\t<\/div>\n\t\t\t\t\t<\/div>\n\n\t\n\n\t<div id=\"col-1573738424\" class=\"col medium-4 small-12 large-4\"  >\n\t\t\t\t<div class=\"col-inner\"  >\n\t\t\t\n\t\t\t\n\n<h3>Suiza<\/h3>\n<p>Gastos de env\u00edo a petici\u00f3n.  <\/p>\n<h3>En todo el mundo<\/h3>\n<p>Gastos de env\u00edo a petici\u00f3n.  <\/p>\n\n\t\t<\/div>\n\t\t\t\t\t<\/div>\n\n\t\n\n<\/div>\n\n\t\t<\/div>\n\n\t\t\n<style>\n#section_1156290972 {\n  padding-top: 30px;\n  padding-bottom: 30px;\n}\n<\/style>\n\t<\/section>\n\t\n\n\t<section class=\"section info-card-1\" id=\"section_1046351948\">\n\t\t<div class=\"section-bg fill\" >\n\t\t\t\t\t\t\t\t\t<div class=\"section-bg-overlay absolute fill\"><\/div>\n\t\t\t\n\n\t\t<\/div>\n\n\t\t\n\n\t\t<div class=\"section-content relative\">\n\t\t\t\n\n<div class=\"row\"  id=\"row-2113465196\">\n\n\n\t<div id=\"col-1185855537\" class=\"col small-12 large-12\"  >\n\t\t\t\t<div class=\"col-inner text-center\"  >\n\t\t\t\n\t\t\t\n\n<h2>Conoce nuestros excepcionales productos<\/h2>\n\n\t\t<\/div>\n\t\t\t\t\n<style>\n#col-1185855537 > .col-inner {\n  padding: 20px 0px 0px 0px;\n}\n<\/style>\n\t<\/div>\n\n\t\n\n<\/div>\n<div class=\"row row-small row-full-width align-bottom row-box-shadow-3\"  id=\"row-59474073\">\n\n\n\t<div id=\"col-160482234\" class=\"col medium-3 small-12 large-3\"  >\n\t\t\t\t<div class=\"col-inner\"  >\n\t\t\t\n\t\t\t\n\n\t<div class=\"box has-hover   has-hover box-push box-text-bottom\" >\n\n\t\t<div class=\"box-image\" >\n\t\t\t<a href=\"#\" >\t\t\t<div class=\"image-cover\" style=\"padding-top:100%;\">\n\t\t\t\t<img decoding=\"async\" width=\"1417\" height=\"1417\" src=\"https:\/\/stil-fit.com\/wp-content\/uploads\/2019\/05\/Ergo-1.jpeg\" class=\"attachment- size-\" alt=\"\" srcset=\"https:\/\/stil-fit.com\/wp-content\/uploads\/2019\/05\/Ergo-1.jpeg 1417w, https:\/\/stil-fit.com\/wp-content\/uploads\/2019\/05\/Ergo-1-100x100.jpeg 100w, https:\/\/stil-fit.com\/wp-content\/uploads\/2019\/05\/Ergo-1-510x510.jpeg 510w\" sizes=\"(max-width: 1417px) 100vw, 1417px\" \/>\t\t\t\t\t\t\t\t\t\t\t<\/div>\n\t\t\t<\/a>\t\t<\/div>\n\n\t\t<div class=\"box-text text-center\" style=\"background-color:rgb(255, 255, 255);padding:20px 5px 20px 5pxx;\">\n\t\t\t<div class=\"box-text-inner\">\n\t\t\t\t\n\n<h3>Bicicleta Estatica<\/h3>\n<a href=\"https:\/\/stil-fit.com\/ergometer\/\" class=\"button primary is-underline\"  >\n\t\t<span>Saber m\u00e1s<\/span>\n\t<\/a>\n\n\n\n\t\t\t<\/div>\n\t\t<\/div>\n\t<\/div>\n\t\n\n\t\t<\/div>\n\t\t\t\t\t<\/div>\n\n\t\n\n\t<div id=\"col-251826710\" class=\"col medium-3 small-12 large-3\"  >\n\t\t\t\t<div class=\"col-inner\"  >\n\t\t\t\n\t\t\t\n\n\t<div class=\"box has-hover   has-hover box-push box-text-bottom\" >\n\n\t\t<div class=\"box-image\" >\n\t\t\t<a href=\"#\" >\t\t\t<div class=\"image-cover\" style=\"padding-top:100%;\">\n\t\t\t\t<img decoding=\"async\" width=\"1417\" height=\"1417\" src=\"https:\/\/stil-fit.com\/wp-content\/uploads\/2019\/05\/row.jpg\" class=\"attachment- size-\" alt=\"\" srcset=\"https:\/\/stil-fit.com\/wp-content\/uploads\/2019\/05\/row.jpg 1417w, https:\/\/stil-fit.com\/wp-content\/uploads\/2019\/05\/row-100x100.jpg 100w, https:\/\/stil-fit.com\/wp-content\/uploads\/2019\/05\/row-510x510.jpg 510w\" sizes=\"(max-width: 1417px) 100vw, 1417px\" \/>\t\t\t\t\t\t\t\t\t\t\t<\/div>\n\t\t\t<\/a>\t\t<\/div>\n\n\t\t<div class=\"box-text text-center\" style=\"background-color:rgb(255, 255, 255);padding:20px 5px 20px 5pxx;\">\n\t\t\t<div class=\"box-text-inner\">\n\t\t\t\t\n\n<h3>m\u00e1quina de remo<\/h3>\n<a href=\"https:\/\/stil-fit.com\/es\/?page_id=21830\" class=\"button primary is-underline\"  >\n\t\t<span>Saber m\u00e1s<\/span>\n\t<\/a>\n\n\n\n\t\t\t<\/div>\n\t\t<\/div>\n\t<\/div>\n\t\n\n\t\t<\/div>\n\t\t\t\t\t<\/div>\n\n\t\n\n\t<div id=\"col-375473955\" class=\"col medium-3 small-12 large-3\"  >\n\t\t\t\t<div class=\"col-inner\"  >\n\t\t\t\n\t\t\t\n\n\t<div class=\"box has-hover   has-hover box-push box-text-bottom\" >\n\n\t\t<div class=\"box-image\" >\n\t\t\t<a href=\"#\" >\t\t\t<div class=\"image-cover\" style=\"padding-top:100%;\">\n\t\t\t\t<img decoding=\"async\" width=\"1417\" height=\"1417\" src=\"https:\/\/stil-fit.com\/wp-content\/uploads\/2019\/06\/kabel.jpg\" class=\"attachment- size-\" alt=\"\" srcset=\"https:\/\/stil-fit.com\/wp-content\/uploads\/2019\/06\/kabel.jpg 1417w, https:\/\/stil-fit.com\/wp-content\/uploads\/2019\/06\/kabel-100x100.jpg 100w, https:\/\/stil-fit.com\/wp-content\/uploads\/2019\/06\/kabel-510x510.jpg 510w\" sizes=\"(max-width: 1417px) 100vw, 1417px\" \/>\t\t\t\t\t\t\t\t\t\t\t<\/div>\n\t\t\t<\/a>\t\t<\/div>\n\n\t\t<div class=\"box-text text-center\" style=\"background-color:rgb(255, 255, 255);padding:20px 5px 20px 5pxx;\">\n\t\t\t<div class=\"box-text-inner\">\n\t\t\t\t\n\n<h3>Pared Entrenamiento<\/h3>\n<a href=\"https:\/\/stil-fit.com\/kabelzug\/\" class=\"button primary is-underline\"  >\n\t\t<span>Saber m\u00e1s<\/span>\n\t<\/a>\n\n\n\n\t\t\t<\/div>\n\t\t<\/div>\n\t<\/div>\n\t\n\n\t\t<\/div>\n\t\t\t\t\t<\/div>\n\n\t\n\n\t<div id=\"col-1617732232\" class=\"col medium-3 small-12 large-3\"  >\n\t\t\t\t<div class=\"col-inner\"  >\n\t\t\t\n\t\t\t\n\n\t<div class=\"box has-hover   has-hover box-push box-text-bottom\" >\n\n\t\t<div class=\"box-image\" >\n\t\t\t<a href=\"#\" >\t\t\t<div class=\"image-cover\" style=\"padding-top:100%;\">\n\t\t\t\t<img decoding=\"async\" width=\"1417\" height=\"1417\" src=\"https:\/\/stil-fit.com\/wp-content\/uploads\/2019\/05\/kleinteile.jpg\" class=\"attachment- size-\" alt=\"\" srcset=\"https:\/\/stil-fit.com\/wp-content\/uploads\/2019\/05\/kleinteile.jpg 1417w, https:\/\/stil-fit.com\/wp-content\/uploads\/2019\/05\/kleinteile-100x100.jpg 100w, https:\/\/stil-fit.com\/wp-content\/uploads\/2019\/05\/kleinteile-510x510.jpg 510w\" sizes=\"(max-width: 1417px) 100vw, 1417px\" \/>\t\t\t\t\t\t\t\t\t\t\t<\/div>\n\t\t\t<\/a>\t\t<\/div>\n\n\t\t<div class=\"box-text text-center\" style=\"background-color:rgb(255, 255, 255);padding:20px 5px 20px 5pxx;\">\n\t\t\t<div class=\"box-text-inner\">\n\t\t\t\t\n\n<h3>Accesorios<\/h3>\n<a href=\"https:\/\/stil-fit.com\/es\/accesorios\/\" class=\"button primary is-underline\"  >\n\t\t<span>Saber m\u00e1s<\/span>\n\t<\/a>\n\n\n\n\t\t\t<\/div>\n\t\t<\/div>\n\t<\/div>\n\t\n\n\t\t<\/div>\n\t\t\t\t\t<\/div>\n\n\t\n\n\n<style>\n#row-59474073 > .col > .col-inner {\n  background-color: rgb(255,255,255);\n}\n<\/style>\n<\/div>\n\n\t\t<\/div>\n\n\t\t\n<style>\n#section_1046351948 {\n  padding-top: 50px;\n  padding-bottom: 50px;\n  background-color: rgb(255,255,255);\n}\n#section_1046351948 .section-bg-overlay {\n  background-color: rgba(255,255,255,.5);\n}\n<\/style>\n\t<\/section>\n\t","protected":false},"excerpt":{"rendered":"","protected":false},"author":2,"featured_media":0,"parent":0,"menu_order":0,"comment_status":"closed","ping_status":"closed","template":"page-blank.php","meta":{"_monsterinsights_skip_tracking":false,"_monsterinsights_sitenote_active":false,"_monsterinsights_sitenote_note":"","_monsterinsights_sitenote_category":0,"footnotes":""},"yst_prominent_words":[243,234,246,235,237,239,248,244,241,236,231,240,230,242,233,245,247,249,238,232],"class_list":["post-34507","page","type-page","status-publish","hentry"],"yoast_head":"<!-- This site is optimized with the Yoast SEO Premium plugin v14.5 - https:\/\/yoast.com\/wordpress\/plugins\/seo\/ -->\n<title>entrega | STIL-FIT<\/title>\n<meta name=\"robots\" content=\"index, follow\" \/>\n<meta name=\"googlebot\" content=\"index, follow, max-snippet:-1, max-image-preview:large, max-video-preview:-1\" \/>\n<meta name=\"bingbot\" content=\"index, follow, max-snippet:-1, max-image-preview:large, max-video-preview:-1\" \/>\n<link rel=\"canonical\" href=\"https:\/\/stil-fit.com\/es\/entrega\/\" \/>\n<meta property=\"og:locale\" content=\"es_ES\" \/>\n<meta property=\"og:type\" content=\"article\" \/>\n<meta property=\"og:title\" content=\"entrega | STIL-FIT\" \/>\n<meta property=\"og:url\" content=\"https:\/\/stil-fit.com\/es\/entrega\/\" \/>\n<meta property=\"og:site_name\" content=\"STIL-FIT\" \/>\n<meta property=\"article:publisher\" content=\"https:\/\/de-de.facebook.com\/stilfit\/\" \/>\n<meta property=\"article:modified_time\" content=\"2025-03-20T15:48:02+00:00\" \/>\n<meta name=\"twitter:card\" content=\"summary_large_image\" \/>\n<script type=\"application\/ld+json\" class=\"yoast-schema-graph\">{\"@context\":\"https:\/\/schema.org\",\"@graph\":[{\"@type\":\"Organization\",\"@id\":\"https:\/\/stil-fit.com\/es\/#organization\",\"name\":\"STIL-FIT Internacional GmbH\",\"url\":\"https:\/\/stil-fit.com\/es\/\",\"sameAs\":[\"https:\/\/de-de.facebook.com\/stilfit\/\",\"https:\/\/www.instagram.com\/stil_fit_int\/\",\"https:\/\/www.linkedin.com\/company\/stil-fit-international-gmbh\",\"https:\/\/www.youtube.com\/channel\/UC2HA1BeZtFB0acPMfq1hKdQ\",\"https:\/\/www.pinterest.com\/STILFITInt\/\"],\"logo\":{\"@type\":\"ImageObject\",\"@id\":\"https:\/\/stil-fit.com\/es\/#logo\",\"inLanguage\":\"es\",\"url\":\"https:\/\/stil-fit.com\/wp-content\/uploads\/2019\/02\/stilfit_logo.jpg\",\"width\":150,\"height\":150,\"caption\":\"STIL-FIT Internacional GmbH\"},\"image\":{\"@id\":\"https:\/\/stil-fit.com\/es\/#logo\"}},{\"@type\":\"WebSite\",\"@id\":\"https:\/\/stil-fit.com\/es\/#website\",\"url\":\"https:\/\/stil-fit.com\/es\/\",\"name\":\"STIL-FIT\",\"description\":\"Stil-fit\",\"publisher\":{\"@id\":\"https:\/\/stil-fit.com\/es\/#organization\"},\"potentialAction\":[{\"@type\":\"SearchAction\",\"target\":\"https:\/\/stil-fit.com\/es\/?s={search_term_string}\",\"query-input\":\"required name=search_term_string\"}],\"inLanguage\":\"es\"},{\"@type\":\"WebPage\",\"@id\":\"https:\/\/stil-fit.com\/es\/entrega\/#webpage\",\"url\":\"https:\/\/stil-fit.com\/es\/entrega\/\",\"name\":\"entrega | STIL-FIT\",\"isPartOf\":{\"@id\":\"https:\/\/stil-fit.com\/es\/#website\"},\"datePublished\":\"2025-03-20T15:47:46+00:00\",\"dateModified\":\"2025-03-20T15:48:02+00:00\",\"inLanguage\":\"es\",\"potentialAction\":[{\"@type\":\"ReadAction\",\"target\":[\"https:\/\/stil-fit.com\/es\/entrega\/\"]}]}]}<\/script>\n<!-- \/ Yoast SEO Premium plugin. -->","post_mailing_queue_ids":[],"_links":{"self":[{"href":"https:\/\/stil-fit.com\/es\/wp-json\/wp\/v2\/pages\/34507","targetHints":{"allow":["GET"]}}],"collection":[{"href":"https:\/\/stil-fit.com\/es\/wp-json\/wp\/v2\/pages"}],"about":[{"href":"https:\/\/stil-fit.com\/es\/wp-json\/wp\/v2\/types\/page"}],"author":[{"embeddable":true,"href":"https:\/\/stil-fit.com\/es\/wp-json\/wp\/v2\/users\/2"}],"replies":[{"embeddable":true,"href":"https:\/\/stil-fit.com\/es\/wp-json\/wp\/v2\/comments?post=34507"}],"version-history":[{"count":2,"href":"https:\/\/stil-fit.com\/es\/wp-json\/wp\/v2\/pages\/34507\/revisions"}],"predecessor-version":[{"id":34530,"href":"https:\/\/stil-fit.com\/es\/wp-json\/wp\/v2\/pages\/34507\/revisions\/34530"}],"wp:attachment":[{"href":"https:\/\/stil-fit.com\/es\/wp-json\/wp\/v2\/media?parent=34507"}],"wp:term":[{"taxonomy":"yst_prominent_words","embeddable":true,"href":"https:\/\/stil-fit.com\/es\/wp-json\/wp\/v2\/yst_prominent_words?post=34507"}],"curies":[{"name":"wp","href":"https:\/\/api.w.org\/{rel}","templated":true}]}}