{"id":34555,"date":"2025-03-20T16:48:28","date_gmt":"2025-03-20T15:48:28","guid":{"rendered":"https:\/\/stil-fit.com\/financiacion\/"},"modified":"2025-03-20T16:48:42","modified_gmt":"2025-03-20T15:48:42","slug":"financiacion","status":"publish","type":"page","link":"https:\/\/stil-fit.com\/es\/financiacion\/","title":{"rendered":"Financiaci\u00f3n"},"content":{"rendered":"\n\t<section class=\"section\" id=\"section_1065340913\">\n\t\t<div class=\"section-bg fill\" >\n\t\t\t\t\t\t\t\t\t\n\t\t\t\n\n\t\t<\/div>\n\n\t\t\n\n\t\t<div class=\"section-content relative\">\n\t\t\t\n<div class=\"row align-center\"  id=\"row-1557619852\">\n\n\t<div id=\"col-814336392\" class=\"col medium-7 small-9 large-7\"  >\n\t\t\t\t<div class=\"col-inner text-center\"  >\n\t\t\t\n\t\t\t\n<h2><span style=\"font-size: 80%;\">Financiaci\u00f3n a plazos para tu nuevo gimnasio con Banco Santander<\/span><\/p>\n\t<div id=\"gap-1489605314\" class=\"gap-element clearfix\" style=\"display:block; height:auto;\">\n\t\t\n<style>\n#gap-1489605314 {\n  padding-top: 70px;\n}\n<\/style>\n\t<\/div>\n\t\n<\/h2>\n<h3><span style=\"font-size: 140%;\">Entrena primero y luego paga<\/span><\/h3>\n\t\t<\/div>\n\t\t\t\t\t<\/div>\n\n\t\n<\/div>\n<div class=\"row align-center\"  id=\"row-1327077087\">\n\n\t<div id=\"col-1483522064\" class=\"col medium-4 small-9 large-4\"  >\n\t\t\t\t<div class=\"col-inner\"  >\n\t\t\t\n\t\t\t\n<h3 style=\"text-align: center;\"><span style=\"font-size: 90%;\">0% de financiaci\u00f3n&nbsp;<\/span><\/h3>\n<p style=\"text-align: center;\"><span style=\"font-size: 90%;\">Con nuestro pr\u00e9stamo a plazos al 0% del Banco Santander, podr\u00e1s entrenar con a\u00fan m\u00e1s motivaci\u00f3n.&nbsp;<\/span><\/p>\n\t\t<\/div>\n\t\t\t\t\t<\/div>\n\n\t\n\n\t<div id=\"col-929215419\" class=\"col medium-4 small-9 large-4\"  >\n\t\t\t\t<div class=\"col-inner\"  >\n\t\t\t\n\t\t\t\n<h3 style=\"text-align: center;\"><span style=\"font-size: 90%;\">Pago fraccionado mensual<\/span><\/h3>\n<p class=\"bodytext\" style=\"text-align: center;\"><span style=\"font-size: 90%;\">Elige un plazo entre 6 y 24 meses para tu pago a plazos.<\/span><\/p>\n\t\t<\/div>\n\t\t\t\t\t<\/div>\n\n\t\n\n\t<div id=\"col-1808873858\" class=\"col medium-4 small-9 large-4\"  >\n\t\t\t\t<div class=\"col-inner\"  >\n\t\t\t\n\t\t\t\n<h3 style=\"text-align: center;\"><span style=\"font-size: 90%;\">Pago sin complicaciones<\/span><\/h3>\n<p style=\"text-align: center;\"><span style=\"font-size: 90%;\">Recibes la mercanc\u00eda y luego empiezas a pagar c\u00f3modamente a plazos.&nbsp;<\/span><\/p>\n\t\t<\/div>\n\t\t\t\t\t<\/div>\n\n\t\n\n\t<div id=\"col-1645598956\" class=\"col medium-9 small-12 large-9\"  >\n\t\t\t\t<div class=\"col-inner text-center\"  >\n\t\t\t\n\t\t\t\n\t<div id=\"gap-2072226697\" class=\"gap-element clearfix\" style=\"display:block; height:auto;\">\n\t\t\n<style>\n#gap-2072226697 {\n  padding-top: 50px;\n}\n<\/style>\n\t<\/div>\n\t\n<h2><span style=\"font-size: 70%;\">Tu salud es importante para nosotros. Con nuestra pr\u00e1ctica opci\u00f3n de financiaci\u00f3n al 0%, el precio de compra se convierte en un asunto menor. Nuestro socio, el Banco Santander, gestiona tu financiaci\u00f3n en unos pocos y sencillos pasos. Recibes tu nuevo equipo de fitness y s\u00f3lo entonces empiezas a pagar.   <\/span><\/p>\n\t\t<\/div>\n\t\t\t\t\t<\/div>\n\n\t\n<\/div>\n\t<div id=\"gap-1147734019\" class=\"gap-element clearfix\" style=\"display:block; height:auto;\">\n\t\t\n<style>\n#gap-1147734019 {\n  padding-top: 80px;\n}\n<\/style>\n\t<\/div>\n\t\n<div class=\"row align-middle align-center\"  id=\"row-318841615\">\n\n\t<div id=\"col-1301460468\" class=\"col medium-6 small-12 large-6\"  >\n\t\t\t\t<div class=\"col-inner\"  >\n\t\t\t\n\t\t\t\n<a href=\"https:\/\/stil-fit.com\/ergometer\/\" class=\"button primary is-outline is-small\"  style=\"border-radius:99px;\">\n\t\t<span>Bicicleta Estatica<\/span>\n\t<\/a>\n\n<a href=\"https:\/\/stil-fit.com\/es\/?page_id=21830\" class=\"button primary is-outline is-small\"  style=\"border-radius:99px;\">\n\t\t<span>m\u00e1quina de remo<\/span>\n\t<\/a>\n\n<a href=\"https:\/\/stil-fit.com\/kabelzug\/\" class=\"button primary is-outline is-small\"  style=\"border-radius:99px;\">\n\t\t<span>Pared Entrenamiento<\/span>\n\t<\/a>\n\n<a href=\"https:\/\/stil-fit.com\/es\/accesorios\/\" class=\"button primary is-outline is-small\"  style=\"border-radius:99px;\">\n\t\t<span>Accesorios<\/span>\n\t<\/a>\n\n\t\t<\/div>\n\t\t\t\t\t<\/div>\n\n\t\n<\/div>\n\t\t<\/div>\n\n\t\t\n<style>\n#section_1065340913 {\n  padding-top: 100px;\n  padding-bottom: 100px;\n  background-color: rgb(255,255,255);\n}\n<\/style>\n\t<\/section>\n\t","protected":false},"excerpt":{"rendered":"","protected":false},"author":2,"featured_media":0,"parent":0,"menu_order":1,"comment_status":"closed","ping_status":"closed","template":"page-blank.php","meta":{"_monsterinsights_skip_tracking":false,"_monsterinsights_sitenote_active":false,"_monsterinsights_sitenote_note":"","_monsterinsights_sitenote_category":0,"footnotes":""},"yst_prominent_words":[570,564,172,573,576,575,569,567,579,565,581,578,577,572,571,161,566,574,568,580],"class_list":["post-34555","page","type-page","status-publish","hentry"],"yoast_head":"<!-- This site is optimized with the Yoast SEO Premium plugin v14.5 - https:\/\/yoast.com\/wordpress\/plugins\/seo\/ -->\n<title>Financiaci\u00f3n | STIL-FIT<\/title>\n<meta name=\"robots\" content=\"index, follow\" \/>\n<meta name=\"googlebot\" content=\"index, follow, max-snippet:-1, max-image-preview:large, max-video-preview:-1\" \/>\n<meta name=\"bingbot\" content=\"index, follow, max-snippet:-1, max-image-preview:large, max-video-preview:-1\" \/>\n<link rel=\"canonical\" href=\"https:\/\/stil-fit.com\/es\/financiacion\/\" \/>\n<meta property=\"og:locale\" content=\"es_ES\" \/>\n<meta property=\"og:type\" content=\"article\" \/>\n<meta property=\"og:title\" content=\"Financiaci\u00f3n | STIL-FIT\" \/>\n<meta property=\"og:url\" content=\"https:\/\/stil-fit.com\/es\/financiacion\/\" \/>\n<meta property=\"og:site_name\" content=\"STIL-FIT\" \/>\n<meta property=\"article:publisher\" content=\"https:\/\/de-de.facebook.com\/stilfit\/\" \/>\n<meta property=\"article:modified_time\" content=\"2025-03-20T15:48:42+00:00\" \/>\n<meta name=\"twitter:card\" content=\"summary_large_image\" \/>\n<script type=\"application\/ld+json\" class=\"yoast-schema-graph\">{\"@context\":\"https:\/\/schema.org\",\"@graph\":[{\"@type\":\"Organization\",\"@id\":\"https:\/\/stil-fit.com\/es\/#organization\",\"name\":\"STIL-FIT Internacional GmbH\",\"url\":\"https:\/\/stil-fit.com\/es\/\",\"sameAs\":[\"https:\/\/de-de.facebook.com\/stilfit\/\",\"https:\/\/www.instagram.com\/stil_fit_int\/\",\"https:\/\/www.linkedin.com\/company\/stil-fit-international-gmbh\",\"https:\/\/www.youtube.com\/channel\/UC2HA1BeZtFB0acPMfq1hKdQ\",\"https:\/\/www.pinterest.com\/STILFITInt\/\"],\"logo\":{\"@type\":\"ImageObject\",\"@id\":\"https:\/\/stil-fit.com\/es\/#logo\",\"inLanguage\":\"es\",\"url\":\"https:\/\/stil-fit.com\/wp-content\/uploads\/2019\/02\/stilfit_logo.jpg\",\"width\":150,\"height\":150,\"caption\":\"STIL-FIT Internacional GmbH\"},\"image\":{\"@id\":\"https:\/\/stil-fit.com\/es\/#logo\"}},{\"@type\":\"WebSite\",\"@id\":\"https:\/\/stil-fit.com\/es\/#website\",\"url\":\"https:\/\/stil-fit.com\/es\/\",\"name\":\"STIL-FIT\",\"description\":\"Stil-fit\",\"publisher\":{\"@id\":\"https:\/\/stil-fit.com\/es\/#organization\"},\"potentialAction\":[{\"@type\":\"SearchAction\",\"target\":\"https:\/\/stil-fit.com\/es\/?s={search_term_string}\",\"query-input\":\"required name=search_term_string\"}],\"inLanguage\":\"es\"},{\"@type\":\"WebPage\",\"@id\":\"https:\/\/stil-fit.com\/es\/financiacion\/#webpage\",\"url\":\"https:\/\/stil-fit.com\/es\/financiacion\/\",\"name\":\"Financiaci\\u00f3n | STIL-FIT\",\"isPartOf\":{\"@id\":\"https:\/\/stil-fit.com\/es\/#website\"},\"datePublished\":\"2025-03-20T15:48:28+00:00\",\"dateModified\":\"2025-03-20T15:48:42+00:00\",\"inLanguage\":\"es\",\"potentialAction\":[{\"@type\":\"ReadAction\",\"target\":[\"https:\/\/stil-fit.com\/es\/financiacion\/\"]}]}]}<\/script>\n<!-- \/ Yoast SEO Premium plugin. -->","post_mailing_queue_ids":[],"_links":{"self":[{"href":"https:\/\/stil-fit.com\/es\/wp-json\/wp\/v2\/pages\/34555","targetHints":{"allow":["GET"]}}],"collection":[{"href":"https:\/\/stil-fit.com\/es\/wp-json\/wp\/v2\/pages"}],"about":[{"href":"https:\/\/stil-fit.com\/es\/wp-json\/wp\/v2\/types\/page"}],"author":[{"embeddable":true,"href":"https:\/\/stil-fit.com\/es\/wp-json\/wp\/v2\/users\/2"}],"replies":[{"embeddable":true,"href":"https:\/\/stil-fit.com\/es\/wp-json\/wp\/v2\/comments?post=34555"}],"version-history":[{"count":1,"href":"https:\/\/stil-fit.com\/es\/wp-json\/wp\/v2\/pages\/34555\/revisions"}],"predecessor-version":[{"id":34557,"href":"https:\/\/stil-fit.com\/es\/wp-json\/wp\/v2\/pages\/34555\/revisions\/34557"}],"wp:attachment":[{"href":"https:\/\/stil-fit.com\/es\/wp-json\/wp\/v2\/media?parent=34555"}],"wp:term":[{"taxonomy":"yst_prominent_words","embeddable":true,"href":"https:\/\/stil-fit.com\/es\/wp-json\/wp\/v2\/yst_prominent_words?post=34555"}],"curies":[{"name":"wp","href":"https:\/\/api.w.org\/{rel}","templated":true}]}}