{"id":34573,"date":"2025-03-20T16:48:49","date_gmt":"2025-03-20T15:48:49","guid":{"rendered":"https:\/\/stil-fit.com\/gtc\/"},"modified":"2025-03-20T16:49:05","modified_gmt":"2025-03-20T15:49:05","slug":"gtc","status":"publish","type":"page","link":"https:\/\/stil-fit.com\/es\/gtc\/","title":{"rendered":"GTC"},"content":{"rendered":"<div class=\"row\"  id=\"row-1163786718\">\n\n\n\t<div id=\"col-1032958380\" class=\"col small-12 large-12\"  >\n\t\t\t\t<div class=\"col-inner\"  >\n\t\t\t\n\t\t\t\n\n\t<div id=\"gap-1758081682\" class=\"gap-element clearfix\" style=\"display:block; height:auto;\">\n\t\t\n<style>\n#gap-1758081682 {\n  padding-top: 100px;\n}\n<\/style>\n\t<\/div>\n\t\n\n<h1>Condiciones generales \/\/ STIL-FIT International GmbH<\/h1>\n<p> <\/p>\n<ol>\n<li>Informaci\u00f3n general<\/li>\n<\/ol>\n<p>Nuestras Condiciones Generales se aplican a todas nuestras relaciones comerciales con nuestros clientes. Tambi\u00e9n se aplican como acuerdo marco para futuros contratos de venta y\/o entrega de bienes muebles con los mismos clientes, sin que tengamos que volver a referirnos a ellas en cada caso individual. Las condiciones generales del cliente no formar\u00e1n parte de los contratos celebrados con nosotros a menos que hayamos aceptado expresamente su inclusi\u00f3n por escrito.  <\/p>\n<ol start=\"2\">\n<li>Conclusi\u00f3n del contrato<\/li>\n<\/ol>\n<p>El pedido de mercanc\u00edas por parte del cliente se considerar\u00e1 una oferta contractual vinculante. En tales casos, el contrato con nosotros se perfecciona con nuestra confirmaci\u00f3n del pedido (basta con un correo electr\u00f3nico). Salvo que se indique lo contrario en el pedido del cliente, tendremos derecho a aceptar esta oferta contractual en un plazo de cuatro semanas a partir de su recepci\u00f3n por nuestra parte. Si el pedido del cliente va precedido de una oferta jur\u00eddicamente vinculante por nuestra parte, el contrato se perfeccionar\u00e1 cuando el cliente nos haga el pedido, sin necesidad de una confirmaci\u00f3n posterior por nuestra parte.   <\/p>\n<ol start=\"3\">\n<li>Precios<\/li>\n<\/ol>\n<p>3.1 Salvo que se acuerde expresamente lo contrario, los precios son franco almac\u00e9n, m\u00e1s el impuesto sobre el valor a\u00f1adido legal aplicable y, si se indica en la confirmaci\u00f3n del pedido, otros gastos, en particular los de transporte y franqueo. <\/p>\n<p>3.2 Si un cliente con sede fuera de la Rep\u00fablica Federal de Alemania (cliente externo) o su representante autorizado recoge mercanc\u00edas y las transporta o env\u00eda al territorio externo, el cliente deber\u00e1 facilitarnos la prueba de exportaci\u00f3n necesaria a efectos fiscales. Si no se proporciona esta prueba, el cliente deber\u00e1 abonarnos el importe del IVA aplicable a las entregas dentro de Alemania a partir del importe de la factura.  <\/p>\n<ol start=\"4\">\n<li>Plazos de entrega, imposibilidad y reclamaci\u00f3n de da\u00f1os y perjuicios<\/li>\n<\/ol>\n<p>4.1 Las fechas fijadas s\u00f3lo son v\u00e1lidas si las hemos confirmado por escrito. <\/p>\n<p>4.2 Si no podemos cumplir los plazos de entrega vinculantes o las fechas de entrega acordadas por motivos de los que no somos responsables, en particular en caso de indisponibilidad del servicio, informaremos de ello al Comprador inmediatamente y, al mismo tiempo, le comunicaremos el nuevo plazo de entrega previsto. Si el servicio tampoco est\u00e1 disponible en el nuevo plazo de entrega, tendremos derecho a rescindir el contrato total o parcialmente; reembolsaremos inmediatamente cualquier contraprestaci\u00f3n ya abonada por el Comprador. Un caso de no disponibilidad del servicio en este sentido es, en particular, el incumplimiento por parte de nuestro proveedor de entregarnos a tiempo si hemos concluido una transacci\u00f3n de cobertura espec\u00edfica, si ni nosotros ni nuestro proveedor somos culpables o si no estamos obligados a procurar en el caso individual.   <\/p>\n<p>4.3 En caso de retraso en el cumplimiento o imposibilidad de cumplimiento de los que seamos responsables, quedan excluidas las reclamaciones por da\u00f1os y perjuicios por parte del cliente. Esto no se aplicar\u00e1 si la responsabilidad es obligatoria en casos de dolo, negligencia grave o lesiones a la vida, la integridad f\u00edsica o la salud. Por lo dem\u00e1s, se aplicar\u00e1 el \u00a7 323 BGB con la condici\u00f3n de que el plazo de gracia que se nos conceda sea de al menos cuatro semanas.   <\/p>\n<p>4.4 Quedan excluidas otras reclamaciones de indemnizaci\u00f3n por da\u00f1os y perjuicios y de reembolso de gastos por parte del cliente, independientemente del fundamento jur\u00eddico, en particular por incumplimiento de deberes derivados de la obligaci\u00f3n contractual y de actos no autorizados. Esto no se aplicar\u00e1 cuando la responsabilidad sea obligatoria, por ejemplo, en virtud de la Ley de Responsabilidad por Productos Defectuosos, en casos de dolo, negligencia grave, lesiones a la vida, la integridad f\u00edsica o la salud, o incumplimiento de obligaciones contractuales materiales. Sin embargo, la reclamaci\u00f3n de da\u00f1os y perjuicios por incumplimiento de obligaciones contractuales esenciales se limita a los da\u00f1os previsibles t\u00edpicos del contrato, a menos que haya dolo o negligencia grave o responsabilidad por lesiones a la vida, la integridad f\u00edsica o la salud. La modificaci\u00f3n de la carga de la prueba en perjuicio del cliente no est\u00e1 asociada a las disposiciones anteriores.    <\/p>\n<p>4.5 Quedan excluidos los da\u00f1os indirectos consecuentes y las reclamaciones del cliente por lucro cesante. <\/p>\n<ol start=\"5\">\n<li>Pago<\/li>\n<\/ol>\n<p>5.1 Las facturas vencen inmediatamente y son pagaderas sin deducci\u00f3n de descuento, a menos que se estipule lo contrario en la factura. <\/p>\n<p>5.2 A partir de la fecha de vencimiento, tendremos derecho a percibir intereses por un importe de 8 puntos porcentuales por encima del tipo de inter\u00e9s b\u00e1sico correspondiente. Nos reservamos el derecho a probar otros da\u00f1os causados por el impago.  <\/p>\n<ol start=\"6\">\n<li>Garant\u00eda por defectos materiales<\/li>\n<\/ol>\n<p>6.1 Si la mercanc\u00eda entregada es defectuosa, inicialmente tendremos derecho a un cumplimiento posterior. Podemos elegir entre subsanar el defecto (reparaci\u00f3n) o entregar un nuevo art\u00edculo libre de defectos. La reparaci\u00f3n ser\u00e1 efectuada in situ por nuestro equipo de servicio, o bien el aparato ser\u00e1 recogido y entregado de nuevo al cliente una vez finalizada la reparaci\u00f3n. El transporte es gratuito. Si el cumplimiento posterior falla o no se lleva a cabo en un plazo razonable, el cliente puede, a su discreci\u00f3n, reducir el precio o rescindir el contrato.     <\/p>\n<p>6.2 Los da\u00f1os derivados de una manipulaci\u00f3n incorrecta, del incumplimiento de las instrucciones de uso, de un cuidado inadecuado, del uso de la fuerza o del desgaste normal no est\u00e1n cubiertos por la garant\u00eda anterior. <\/p>\n<p>6.3 El cliente debe informarnos inmediatamente por escrito si descubre defectos. <\/p>\n<p>6.4 El plazo de prescripci\u00f3n de acuerdo con las disposiciones legales es de 2 a\u00f1os.<\/p>\n<ol start=\"7\">\n<li>Conservaci\u00f3n del t\u00edtulo<\/li>\n<\/ol>\n<p>7.1 Nos reservamos la propiedad de la mercanc\u00eda entregada hasta que se hayan satisfecho todas las reclamaciones derivadas de nuestra relaci\u00f3n comercial con el cliente. <\/p>\n<p>7.2 El cliente tendr\u00e1 derecho a revender la mercanc\u00eda sujeta a reserva de dominio en el curso ordinario de los negocios, siempre que cumpla debidamente sus obligaciones derivadas de la relaci\u00f3n comercial con nosotros. No obstante, no podr\u00e1 pignorar la mercanc\u00eda ni cederla en garant\u00eda. Deber\u00e1 informarnos inmediatamente por escrito si, y en la medida en que, terceros se apoderen de las mercanc\u00edas que nos pertenecen o de los cr\u00e9ditos que nos han sido cedidos como garant\u00eda. El cliente debe facilitarnos inmediatamente los documentos necesarios para una intervenci\u00f3n.    <\/p>\n<p>7.3 Si el cliente incumple el contrato, se retrasa en el pago o si la situaci\u00f3n financiera del cliente se deteriora significativamente, tendremos derecho a exigir la devoluci\u00f3n de la mercanc\u00eda sujeta a reserva de dominio a expensas del cliente y a entrar en los locales comerciales de nuestro cliente para recoger la mercanc\u00eda, incluso sin ejercer el derecho de desistimiento y sin establecer un periodo de gracia. Tenemos derecho a revender los bienes recuperados en el curso ordinario de los negocios.  <\/p>\n<p>7.4 Si la mercanc\u00eda reservada es vendida por el cliente, \u00e9ste nos cede las reclamaciones derivadas de la reventa por el importe del valor de factura de la mercanc\u00eda reservada con todos los derechos accesorios y prioridad sobre el resto; tambi\u00e9n se nos ceden las reclamaciones por da\u00f1os y perjuicios contra terceros relativas a la mercanc\u00eda reservada; por la presente aceptamos la cesi\u00f3n. <\/p>\n<p>7.5 La cesi\u00f3n de los cr\u00e9ditos del cliente frente a terceros (incluida la cesi\u00f3n mediante un aut\u00e9ntico factoring) s\u00f3lo es admisible en caso de venta de mercanc\u00eda sujeta a reserva de dominio si hemos dado nuestro consentimiento previo por escrito a la cesi\u00f3n. En caso de consentimiento, el cliente nos cede por la presente su reclamaci\u00f3n frente al tercero.  <\/p>\n<p>7.6 Si el valor realizable de las garant\u00edas a las que tenemos derecho de acuerdo con las disposiciones anteriores supera nuestras reclamaciones contra el cliente en m\u00e1s de un 10%, liberaremos garant\u00edas de nuestra elecci\u00f3n a petici\u00f3n del cliente. <\/p>\n<ol start=\"8\">\n<li>Reparaciones fuera de garant\u00eda<\/li>\n<\/ol>\n<p>Las reparaciones que no estemos obligados a realizar debido a reclamaciones justificadas por defectos materiales por parte del cliente, ser\u00e1n realizadas por nosotros contra el pago de la remuneraci\u00f3n acordada, o de la remuneraci\u00f3n habitual. El cliente correr\u00e1 con los gastos y riesgos de env\u00edo y devoluci\u00f3n. S\u00f3lo aceptamos pedidos de reparaci\u00f3n previo acuerdo.  <\/p>\n<ol start=\"11\">\n<li>El derecho de devoluci\u00f3n del cliente en las ventas online<\/li>\n<\/ol>\n<p>El cliente dispone de 14 d\u00edas a partir de la entrega para decidir si desea conservar la mercanc\u00eda. Puede solicitar la devoluci\u00f3n del env\u00edo por correo postal a STIL-FIT International GmbH, Sch\u00e4ftlarnstr 156, 81371 M\u00fanich, enviando un correo electr\u00f3nico a info@stil-fit.com o por fax al +49 89.13.93 60 43. La devoluci\u00f3n es gratuita.  <\/p>\n<ol start=\"12\">\n<li>Protecci\u00f3n de datos<\/li>\n<\/ol>\n<p>Todos los datos personales se tratar\u00e1n de forma confidencial. Los datos necesarios para las transacciones comerciales se almacenar\u00e1n y, si es necesario, se transmitir\u00e1n a empresas afiliadas como parte de la tramitaci\u00f3n del pedido. <\/p>\n<ol start=\"13\">\n<li>Lugar de jurisdicci\u00f3n<\/li>\n<\/ol>\n<p>Toda la relaci\u00f3n jur\u00eddica con el cliente est\u00e1 sujeta a la legislaci\u00f3n de la Rep\u00fablica Federal de Alemania, con exclusi\u00f3n de la Convenci\u00f3n de las Naciones Unidas sobre los Contratos de Compraventa Internacional de Mercader\u00edas (CISG).<\/p>\n<ol start=\"14\">\n<li>Cl\u00e1usula de salvedad<\/li>\n<\/ol>\n<p>Si algunas disposiciones de estas CGC o del contrato subyacente son o resultan inv\u00e1lidas, ello no afectar\u00e1 a la validez de las restantes disposiciones y acuerdos. Una disposici\u00f3n inv\u00e1lida se considerar\u00e1 sustituida por una disposici\u00f3n que se acerque lo m\u00e1s posible a la intenci\u00f3n econ\u00f3mica de las partes. <\/p>\n<p>Estado: Noviembre de 2019<\/p>\n\n\t\t<\/div>\n\t\t\t\t\t<\/div>\n\n\t\n\n<\/div>","protected":false},"excerpt":{"rendered":"","protected":false},"author":2,"featured_media":0,"parent":0,"menu_order":0,"comment_status":"closed","ping_status":"closed","template":"page-blank.php","meta":{"_monsterinsights_skip_tracking":false,"_monsterinsights_sitenote_active":false,"_monsterinsights_sitenote_note":"","_monsterinsights_sitenote_category":0,"footnotes":""},"yst_prominent_words":[],"class_list":["post-34573","page","type-page","status-publish","hentry"],"yoast_head":"<!-- This site is optimized with the Yoast SEO Premium plugin v14.5 - https:\/\/yoast.com\/wordpress\/plugins\/seo\/ -->\n<title>GTC | STIL-FIT<\/title>\n<meta name=\"robots\" content=\"index, follow\" \/>\n<meta name=\"googlebot\" content=\"index, follow, max-snippet:-1, max-image-preview:large, max-video-preview:-1\" \/>\n<meta name=\"bingbot\" content=\"index, follow, max-snippet:-1, max-image-preview:large, max-video-preview:-1\" \/>\n<link rel=\"canonical\" href=\"https:\/\/stil-fit.com\/es\/gtc\/\" \/>\n<meta property=\"og:locale\" content=\"es_ES\" \/>\n<meta property=\"og:type\" content=\"article\" \/>\n<meta property=\"og:title\" content=\"GTC | STIL-FIT\" \/>\n<meta property=\"og:url\" content=\"https:\/\/stil-fit.com\/es\/gtc\/\" \/>\n<meta property=\"og:site_name\" content=\"STIL-FIT\" \/>\n<meta property=\"article:publisher\" content=\"https:\/\/de-de.facebook.com\/stilfit\/\" \/>\n<meta property=\"article:modified_time\" content=\"2025-03-20T15:49:05+00:00\" \/>\n<meta name=\"twitter:card\" content=\"summary_large_image\" \/>\n<script type=\"application\/ld+json\" class=\"yoast-schema-graph\">{\"@context\":\"https:\/\/schema.org\",\"@graph\":[{\"@type\":\"Organization\",\"@id\":\"https:\/\/stil-fit.com\/es\/#organization\",\"name\":\"STIL-FIT Internacional GmbH\",\"url\":\"https:\/\/stil-fit.com\/es\/\",\"sameAs\":[\"https:\/\/de-de.facebook.com\/stilfit\/\",\"https:\/\/www.instagram.com\/stil_fit_int\/\",\"https:\/\/www.linkedin.com\/company\/stil-fit-international-gmbh\",\"https:\/\/www.youtube.com\/channel\/UC2HA1BeZtFB0acPMfq1hKdQ\",\"https:\/\/www.pinterest.com\/STILFITInt\/\"],\"logo\":{\"@type\":\"ImageObject\",\"@id\":\"https:\/\/stil-fit.com\/es\/#logo\",\"inLanguage\":\"es\",\"url\":\"https:\/\/stil-fit.com\/wp-content\/uploads\/2019\/02\/stilfit_logo.jpg\",\"width\":150,\"height\":150,\"caption\":\"STIL-FIT Internacional GmbH\"},\"image\":{\"@id\":\"https:\/\/stil-fit.com\/es\/#logo\"}},{\"@type\":\"WebSite\",\"@id\":\"https:\/\/stil-fit.com\/es\/#website\",\"url\":\"https:\/\/stil-fit.com\/es\/\",\"name\":\"STIL-FIT\",\"description\":\"Stil-fit\",\"publisher\":{\"@id\":\"https:\/\/stil-fit.com\/es\/#organization\"},\"potentialAction\":[{\"@type\":\"SearchAction\",\"target\":\"https:\/\/stil-fit.com\/es\/?s={search_term_string}\",\"query-input\":\"required name=search_term_string\"}],\"inLanguage\":\"es\"},{\"@type\":\"WebPage\",\"@id\":\"https:\/\/stil-fit.com\/es\/gtc\/#webpage\",\"url\":\"https:\/\/stil-fit.com\/es\/gtc\/\",\"name\":\"GTC | STIL-FIT\",\"isPartOf\":{\"@id\":\"https:\/\/stil-fit.com\/es\/#website\"},\"datePublished\":\"2025-03-20T15:48:49+00:00\",\"dateModified\":\"2025-03-20T15:49:05+00:00\",\"inLanguage\":\"es\",\"potentialAction\":[{\"@type\":\"ReadAction\",\"target\":[\"https:\/\/stil-fit.com\/es\/gtc\/\"]}]}]}<\/script>\n<!-- \/ Yoast SEO Premium plugin. -->","post_mailing_queue_ids":[],"_links":{"self":[{"href":"https:\/\/stil-fit.com\/es\/wp-json\/wp\/v2\/pages\/34573","targetHints":{"allow":["GET"]}}],"collection":[{"href":"https:\/\/stil-fit.com\/es\/wp-json\/wp\/v2\/pages"}],"about":[{"href":"https:\/\/stil-fit.com\/es\/wp-json\/wp\/v2\/types\/page"}],"author":[{"embeddable":true,"href":"https:\/\/stil-fit.com\/es\/wp-json\/wp\/v2\/users\/2"}],"replies":[{"embeddable":true,"href":"https:\/\/stil-fit.com\/es\/wp-json\/wp\/v2\/comments?post=34573"}],"version-history":[{"count":1,"href":"https:\/\/stil-fit.com\/es\/wp-json\/wp\/v2\/pages\/34573\/revisions"}],"predecessor-version":[{"id":34575,"href":"https:\/\/stil-fit.com\/es\/wp-json\/wp\/v2\/pages\/34573\/revisions\/34575"}],"wp:attachment":[{"href":"https:\/\/stil-fit.com\/es\/wp-json\/wp\/v2\/media?parent=34573"}],"wp:term":[{"taxonomy":"yst_prominent_words","embeddable":true,"href":"https:\/\/stil-fit.com\/es\/wp-json\/wp\/v2\/yst_prominent_words?post=34573"}],"curies":[{"name":"wp","href":"https:\/\/api.w.org\/{rel}","templated":true}]}}