{"id":21847,"date":"2023-09-28T15:45:04","date_gmt":"2025-03-18T11:58:26","guid":{"rendered":"https:\/\/stil-fit.com\/shop\/pared-entrenamiento-stil-fit-pro\/"},"modified":"2025-06-25T11:53:49","modified_gmt":"2025-06-25T09:53:49","slug":"kabelzug-pro","status":"publish","type":"product","link":"https:\/\/stil-fit.com\/es\/shop\/kabelzug-pro\/","title":{"rendered":"STIL-FIT Functional Trainer PRO"},"content":{"rendered":"<h1><strong><span style=\"color: #282828;\">El STIL-FIT <span style=\"caret-color: #282828;\">Pared<\/span> entrenamiento pro<\/span><\/strong><\/h1>\n<h2><strong><span style=\"font-size: 100%;\">Ahorra espacio  <\/span><\/strong><\/h2>\n<p>El Pared entrenamiento STIL-FIT optimiza el espacio disponible gracias a sus dimensiones compactas. S\u00f3lo necesita 0,5 metros cuadrados de superficie para instalar el dispositivo. <\/p>\n<h2><span style=\"font-size: 100%;\"><strong>M\u00e1quina fuerza multifuncional<\/strong><\/span><\/h2>\n<p>Las empu\u00f1aduras son giratorias y regulables en altura sin escalonamientos. La distancia entre las dos empu\u00f1aduras es de 90 cm, por lo que ofrece una gama especialmente amplia de opciones de ejercicio. <\/p>\n<h2><strong>Incre\u00edblemente vers\u00e1til<\/strong><\/h2>\n<p>Con las dos empu\u00f1aduras, la unidad de jalones lat y la barra de jalones lat, la Pared entrenamiento pro ya est\u00e1 equipada para innumerables ejercicios.<\/p>\n<h2><strong><span style=\"font-size: 100%;\">F\u00e1cil de usar  <\/span><\/strong><\/h2>\n<p>Las marcas en los ra\u00edles de deslizamiento permiten ajustar f\u00e1cilmente la altura. Gracias a nuestro bloque de peso especial, el peso m\u00ednimo inicial es de 1,25 kg y el peso m\u00e1ximo es de 42,5 kg por lado de tracci\u00f3n. La m\u00e1quina de fuerza perfecta para todos.<\/p>\n","protected":false},"excerpt":{"rendered":"<p>&nbsp;<\/p>\n<p>Nuestra Pared entrenamiento pro es un gimnasio completo en un espacio de s\u00f3lo 0,5 metros cuadrados. Gracias a las dos empu\u00f1aduras, la unidad opcional de tracci\u00f3n de dorsales y la barra de tracci\u00f3n de dorsales, la Pared entrenamiento pro est\u00e1 preparada para realizar numerosos ejercicios eficaces. <\/p>\n<p><strong>Listo para enviar en 2-3 semanas<\/strong><\/p>\n<ul>\n<li>Hecho a mano para ti en nuestra f\u00e1brica de M\u00fanich.<\/li>\n<li>Incluye barra de tracci\u00f3n lateral y barra de tracci\u00f3n lateral <\/li>\n<li>F\u00e1cil instalaci\u00f3n, ya que el aparato est\u00e1 casi completamente premontado.<\/li>\n<li>Fabricado en Alemania<\/li>\n<li>Env\u00edo gratuito (Alemania y Austria)<\/li>\n<li>0% de pago a plazos (s\u00f3lo Alemania)<\/li>\n<\/ul>\n<p><strong>Selecciona tu modelo:  <\/strong><\/p>\n","protected":false},"featured_media":21848,"comment_status":"open","ping_status":"closed","template":"","meta":{"_monsterinsights_skip_tracking":false,"_monsterinsights_sitenote_active":false,"_monsterinsights_sitenote_note":"","_monsterinsights_sitenote_category":0},"product_brand":[],"product_cat":[2476,2478],"product_tag":[2602,2555,2612,2558,2556,2538],"yst_prominent_words":[164,1463,179,620,161,515],"class_list":{"0":"post-21847","1":"product","2":"type-product","3":"status-publish","4":"has-post-thumbnail","6":"product_cat-entrenamiento-de-fuerza","7":"product_cat-pared-entrenamiento","8":"product_tag-aptitud-fisica","9":"product_tag-entrenamiento-de-fuerza-es","10":"product_tag-entrenamiento-funcional","11":"product_tag-fitness-en-casa","12":"product_tag-gimnasios-para-hogar","13":"product_tag-pared-entrenamiento-es","14":"product_shipping_class-pared-entrenamiento","16":"first","17":"instock","18":"taxable","19":"shipping-taxable","20":"purchasable","21":"product-type-variable","22":"has-default-attributes"},"composite_virtual":false,"composite_layout":"","composite_add_to_cart_form_location":"","composite_editable_in_cart":false,"composite_sold_individually_context":"","composite_shop_price_calc":"","composite_components":[],"composite_scenarios":[],"bundled_by":[],"bundle_stock_status":"instock","bundle_stock_quantity":null,"bundle_virtual":false,"bundle_layout":"","bundle_add_to_cart_form_location":"","bundle_editable_in_cart":false,"bundle_sold_individually_context":"","bundle_item_grouping":"","bundle_min_size":"","bundle_max_size":"","bundle_price":[],"bundled_items":[],"bundle_sell_ids":[35348,35297,35327,35168,35243],"yoast_head":"<!-- This site is optimized with the Yoast SEO Premium plugin v14.5 - https:\/\/yoast.com\/wordpress\/plugins\/seo\/ -->\n<title>STIL-FIT Functional Trainer PRO | Dispositivo de fuerza vers\u00e1til - Fabricado en Alemania<\/title>\n<meta name=\"description\" content=\"Descubra la exclusiva STIL-FIT Pared entrenamiento pro | Dise\u00f1ada y desarrollada en M\u00fanich. P\u00eddala directamente al fabricante.\" \/>\n<meta name=\"robots\" content=\"index, follow\" \/>\n<meta name=\"googlebot\" content=\"index, follow, max-snippet:-1, max-image-preview:large, max-video-preview:-1\" \/>\n<meta name=\"bingbot\" content=\"index, follow, max-snippet:-1, max-image-preview:large, max-video-preview:-1\" \/>\n<link rel=\"canonical\" href=\"https:\/\/stil-fit.com\/es\/shop\/kabelzug-pro\/\" \/>\n<meta property=\"og:locale\" content=\"es_ES\" \/>\n<meta property=\"og:type\" content=\"article\" \/>\n<meta property=\"og:title\" content=\"STIL-FIT Functional Trainer PRO | Dispositivo de fuerza vers\u00e1til - Fabricado en Alemania\" \/>\n<meta property=\"og:description\" content=\"Descubra la exclusiva STIL-FIT Pared entrenamiento pro | Dise\u00f1ada y desarrollada en M\u00fanich. P\u00eddala directamente al fabricante.\" \/>\n<meta property=\"og:url\" content=\"https:\/\/stil-fit.com\/es\/shop\/kabelzug-pro\/\" \/>\n<meta property=\"og:site_name\" content=\"STIL-FIT\" \/>\n<meta property=\"article:publisher\" content=\"https:\/\/de-de.facebook.com\/stilfit\/\" \/>\n<meta property=\"article:modified_time\" content=\"2025-06-25T09:53:49+00:00\" \/>\n<meta property=\"og:image\" content=\"https:\/\/stil-fit.com\/wp-content\/uploads\/2023\/09\/STIL-FIT-Functional-Trainer-PRO-mirror-1.jpg\" \/>\n\t<meta property=\"og:image:width\" content=\"1181\" \/>\n\t<meta property=\"og:image:height\" content=\"1185\" \/>\n<meta name=\"twitter:card\" content=\"summary_large_image\" \/>\n<script type=\"application\/ld+json\" class=\"yoast-schema-graph\">{\"@context\":\"https:\/\/schema.org\",\"@graph\":[{\"@type\":\"Organization\",\"@id\":\"https:\/\/stil-fit.com\/es\/#organization\",\"name\":\"STIL-FIT Internacional GmbH\",\"url\":\"https:\/\/stil-fit.com\/es\/\",\"sameAs\":[\"https:\/\/de-de.facebook.com\/stilfit\/\",\"https:\/\/www.instagram.com\/stil_fit_int\/\",\"https:\/\/www.linkedin.com\/company\/stil-fit-international-gmbh\",\"https:\/\/www.youtube.com\/channel\/UC2HA1BeZtFB0acPMfq1hKdQ\",\"https:\/\/www.pinterest.com\/STILFITInt\/\"],\"logo\":{\"@type\":\"ImageObject\",\"@id\":\"https:\/\/stil-fit.com\/es\/#logo\",\"inLanguage\":\"es\",\"url\":\"https:\/\/stil-fit.com\/wp-content\/uploads\/2019\/02\/stilfit_logo.jpg\",\"width\":150,\"height\":150,\"caption\":\"STIL-FIT Internacional GmbH\"},\"image\":{\"@id\":\"https:\/\/stil-fit.com\/es\/#logo\"}},{\"@type\":\"WebSite\",\"@id\":\"https:\/\/stil-fit.com\/es\/#website\",\"url\":\"https:\/\/stil-fit.com\/es\/\",\"name\":\"STIL-FIT\",\"description\":\"Stil-fit\",\"publisher\":{\"@id\":\"https:\/\/stil-fit.com\/es\/#organization\"},\"potentialAction\":[{\"@type\":\"SearchAction\",\"target\":\"https:\/\/stil-fit.com\/es\/?s={search_term_string}\",\"query-input\":\"required name=search_term_string\"}],\"inLanguage\":\"es\"},{\"@type\":\"ImageObject\",\"@id\":\"https:\/\/stil-fit.com\/es\/shop\/kabelzug-pro\/#primaryimage\",\"inLanguage\":\"es\",\"url\":\"https:\/\/stil-fit.com\/wp-content\/uploads\/2023\/09\/STIL-FIT-Functional-Trainer-PRO-mirror-1.jpg\",\"width\":1181,\"height\":1185},{\"@type\":\"WebPage\",\"@id\":\"https:\/\/stil-fit.com\/es\/shop\/kabelzug-pro\/#webpage\",\"url\":\"https:\/\/stil-fit.com\/es\/shop\/kabelzug-pro\/\",\"name\":\"STIL-FIT Functional Trainer PRO | Dispositivo de fuerza vers\\u00e1til - Fabricado en Alemania\",\"isPartOf\":{\"@id\":\"https:\/\/stil-fit.com\/es\/#website\"},\"primaryImageOfPage\":{\"@id\":\"https:\/\/stil-fit.com\/es\/shop\/kabelzug-pro\/#primaryimage\"},\"datePublished\":\"2025-03-18T11:58:26+00:00\",\"dateModified\":\"2025-06-25T09:53:49+00:00\",\"description\":\"Descubra la exclusiva STIL-FIT Pared entrenamiento pro | Dise\\u00f1ada y desarrollada en M\\u00fanich. P\\u00eddala directamente al fabricante.\",\"inLanguage\":\"es\",\"potentialAction\":[{\"@type\":\"ReadAction\",\"target\":[\"https:\/\/stil-fit.com\/es\/shop\/kabelzug-pro\/\"]}]}]}<\/script>\n<!-- \/ Yoast SEO Premium plugin. -->","post_mailing_queue_ids":[],"_links":{"self":[{"href":"https:\/\/stil-fit.com\/es\/wp-json\/wp\/v2\/product\/21847","targetHints":{"allow":["GET"]}}],"collection":[{"href":"https:\/\/stil-fit.com\/es\/wp-json\/wp\/v2\/product"}],"about":[{"href":"https:\/\/stil-fit.com\/es\/wp-json\/wp\/v2\/types\/product"}],"replies":[{"embeddable":true,"href":"https:\/\/stil-fit.com\/es\/wp-json\/wp\/v2\/comments?post=21847"}],"wp:featuredmedia":[{"embeddable":true,"href":"https:\/\/stil-fit.com\/es\/wp-json\/wp\/v2\/media\/21848"}],"wp:attachment":[{"href":"https:\/\/stil-fit.com\/es\/wp-json\/wp\/v2\/media?parent=21847"}],"wp:term":[{"taxonomy":"product_brand","embeddable":true,"href":"https:\/\/stil-fit.com\/es\/wp-json\/wp\/v2\/product_brand?post=21847"},{"taxonomy":"product_cat","embeddable":true,"href":"https:\/\/stil-fit.com\/es\/wp-json\/wp\/v2\/product_cat?post=21847"},{"taxonomy":"product_tag","embeddable":true,"href":"https:\/\/stil-fit.com\/es\/wp-json\/wp\/v2\/product_tag?post=21847"},{"taxonomy":"yst_prominent_words","embeddable":true,"href":"https:\/\/stil-fit.com\/es\/wp-json\/wp\/v2\/yst_prominent_words?post=21847"}],"curies":[{"name":"wp","href":"https:\/\/api.w.org\/{rel}","templated":true}]}}