{"id":35140,"date":"2023-11-09T10:51:27","date_gmt":"2025-03-27T12:31:10","guid":{"rendered":"https:\/\/stil-fit.com\/shop\/stil-fit-soporte-de-mesa-rower-pro\/"},"modified":"2025-03-27T13:31:10","modified_gmt":"2025-03-27T12:31:10","slug":"stil-fit-soporte-de-mesa-rower-pro","status":"publish","type":"product","link":"https:\/\/stil-fit.com\/es\/shop\/stil-fit-soporte-de-mesa-rower-pro\/","title":{"rendered":"STIL-FIT Soporte de mesa Rower PRO"},"content":{"rendered":"<h1>STIL-FIT Soporte de mesa Rower PRO<\/h1>\n<p>El soporte para tableta STIL-FIT te permite disfrutar de un entretenimiento completo mientras haces ejercicio. Mira la televisi\u00f3n, tus series favoritas de Netflix o las noticias. <\/p>\n<p>El soporte de la tableta es ajustable en altura e inclinaci\u00f3n. Si no utilizas el remo, puedes plegarlo para guardarlo. <\/p>\n<h2>Disfruta de todas las opciones de entretenimiento<\/h2>\n<p>El STIL-FIT Rower PRO es compatible con las Apps Kinomap y EXR para una motivaci\u00f3n adicional. Descubre el mundo con miles de pistas de remo, compite contra tus amigos y exporta tus datos de entrenamiento.<\/p>\n","protected":false},"excerpt":{"rendered":"<p>&nbsp;<\/p>\n<p>El soporte para tableta es el complemento perfecto para tu M\u00e1quina de remo PRO STIL-FIT. Te permite colocar tu tableta delante de ti, para que puedas ver tu programa favorito en Netflix o en la televisi\u00f3n. Adem\u00e1s, puedes mejorar tu entrenamiento utilizando las aplicaciones Kinomap o EXR para una experiencia de entrenamiento a\u00fan mejor.  <\/p>\n<ul>\n<li>Hecho para ti en nuestra f\u00e1brica de M\u00fanich.<\/li>\n<li>Fabricado en Alemania<\/li>\n<li>Env\u00edo gratuito<\/li>\n<\/ul>\n","protected":false},"featured_media":31627,"comment_status":"open","ping_status":"closed","template":"","meta":{"_monsterinsights_skip_tracking":false,"_monsterinsights_sitenote_active":false,"_monsterinsights_sitenote_note":"","_monsterinsights_sitenote_category":0},"product_brand":[],"product_cat":[2479,2474],"product_tag":[2605,2558,2556,2544,2545,2565],"yst_prominent_words":[256,1183,1424,1425,1440,1439,260,527,161,1188,1189,251,602,261,593,594,1182,267],"class_list":{"0":"post-35140","1":"product","2":"type-product","3":"status-publish","4":"has-post-thumbnail","6":"product_cat-accesorios","7":"product_cat-remo","8":"product_tag-diseno-de-fitness-es","9":"product_tag-fitness-en-casa","10":"product_tag-gimnasios-para-hogar","11":"product_tag-remo-es","12":"product_tag-remo-es-2","13":"product_tag-soporte-para-tableta","14":"product_shipping_class-kleingerate-es","16":"first","17":"instock","18":"taxable","19":"shipping-taxable","20":"purchasable","21":"product-type-simple"},"composite_virtual":false,"composite_layout":"","composite_add_to_cart_form_location":"","composite_editable_in_cart":false,"composite_sold_individually_context":"","composite_shop_price_calc":"","composite_components":[],"composite_scenarios":[],"bundled_by":[],"bundle_stock_status":"instock","bundle_stock_quantity":null,"bundle_virtual":false,"bundle_layout":"","bundle_add_to_cart_form_location":"","bundle_editable_in_cart":false,"bundle_sold_individually_context":"","bundle_item_grouping":"","bundle_min_size":"","bundle_max_size":"","bundle_price":[],"bundled_items":[],"bundle_sell_ids":[9946],"yoast_head":"<!-- This site is optimized with the Yoast SEO Premium plugin v14.5 - https:\/\/yoast.com\/wordpress\/plugins\/seo\/ -->\n<title>STIL-FIT Soporte de mesa Rower PRO | Mejora tu M\u00e1quina de remo PRO<\/title>\n<meta name=\"description\" content=\"El soporte para tableta STIL-FIT est\u00e1 dise\u00f1ado para que tengas tu tableta siempre visible durante el entrenamiento. Adecuado para todos los tama\u00f1os de tableta.\" \/>\n<meta name=\"robots\" content=\"index, follow\" \/>\n<meta name=\"googlebot\" content=\"index, follow, max-snippet:-1, max-image-preview:large, max-video-preview:-1\" \/>\n<meta name=\"bingbot\" content=\"index, follow, max-snippet:-1, max-image-preview:large, max-video-preview:-1\" \/>\n<link rel=\"canonical\" href=\"https:\/\/stil-fit.com\/es\/shop\/stil-fit-soporte-de-mesa-rower-pro\/\" \/>\n<meta property=\"og:locale\" content=\"es_ES\" \/>\n<meta property=\"og:type\" content=\"article\" \/>\n<meta property=\"og:title\" content=\"STIL-FIT Soporte de mesa Rower PRO | Mejora tu M\u00e1quina de remo PRO\" \/>\n<meta property=\"og:description\" content=\"El soporte para tableta STIL-FIT est\u00e1 dise\u00f1ado para que tengas tu tableta siempre visible durante el entrenamiento. Adecuado para todos los tama\u00f1os de tableta.\" \/>\n<meta property=\"og:url\" content=\"https:\/\/stil-fit.com\/es\/shop\/stil-fit-soporte-de-mesa-rower-pro\/\" \/>\n<meta property=\"og:site_name\" content=\"STIL-FIT\" \/>\n<meta property=\"article:publisher\" content=\"https:\/\/de-de.facebook.com\/stilfit\/\" \/>\n<meta property=\"og:image\" content=\"https:\/\/stil-fit.com\/wp-content\/uploads\/2023\/11\/STIL-FIT-Rower-PRO-Tablet-holder.jpg\" \/>\n\t<meta property=\"og:image:width\" content=\"785\" \/>\n\t<meta property=\"og:image:height\" content=\"785\" \/>\n<meta name=\"twitter:card\" content=\"summary_large_image\" \/>\n<script type=\"application\/ld+json\" class=\"yoast-schema-graph\">{\"@context\":\"https:\/\/schema.org\",\"@graph\":[{\"@type\":\"Organization\",\"@id\":\"https:\/\/stil-fit.com\/es\/#organization\",\"name\":\"STIL-FIT Internacional GmbH\",\"url\":\"https:\/\/stil-fit.com\/es\/\",\"sameAs\":[\"https:\/\/de-de.facebook.com\/stilfit\/\",\"https:\/\/www.instagram.com\/stil_fit_int\/\",\"https:\/\/www.linkedin.com\/company\/stil-fit-international-gmbh\",\"https:\/\/www.youtube.com\/channel\/UC2HA1BeZtFB0acPMfq1hKdQ\",\"https:\/\/www.pinterest.com\/STILFITInt\/\"],\"logo\":{\"@type\":\"ImageObject\",\"@id\":\"https:\/\/stil-fit.com\/es\/#logo\",\"inLanguage\":\"es\",\"url\":\"https:\/\/stil-fit.com\/wp-content\/uploads\/2019\/02\/stilfit_logo.jpg\",\"width\":150,\"height\":150,\"caption\":\"STIL-FIT Internacional GmbH\"},\"image\":{\"@id\":\"https:\/\/stil-fit.com\/es\/#logo\"}},{\"@type\":\"WebSite\",\"@id\":\"https:\/\/stil-fit.com\/es\/#website\",\"url\":\"https:\/\/stil-fit.com\/es\/\",\"name\":\"STIL-FIT\",\"description\":\"Stil-fit\",\"publisher\":{\"@id\":\"https:\/\/stil-fit.com\/es\/#organization\"},\"potentialAction\":[{\"@type\":\"SearchAction\",\"target\":\"https:\/\/stil-fit.com\/es\/?s={search_term_string}\",\"query-input\":\"required name=search_term_string\"}],\"inLanguage\":\"es\"},{\"@type\":\"ImageObject\",\"@id\":\"https:\/\/stil-fit.com\/es\/shop\/stil-fit-soporte-de-mesa-rower-pro\/#primaryimage\",\"inLanguage\":\"es\",\"url\":\"https:\/\/stil-fit.com\/wp-content\/uploads\/2023\/11\/STIL-FIT-Rower-PRO-Tablet-holder.jpg\",\"width\":785,\"height\":785},{\"@type\":\"WebPage\",\"@id\":\"https:\/\/stil-fit.com\/es\/shop\/stil-fit-soporte-de-mesa-rower-pro\/#webpage\",\"url\":\"https:\/\/stil-fit.com\/es\/shop\/stil-fit-soporte-de-mesa-rower-pro\/\",\"name\":\"STIL-FIT Soporte de mesa Rower PRO | Mejora tu M\\u00e1quina de remo PRO\",\"isPartOf\":{\"@id\":\"https:\/\/stil-fit.com\/es\/#website\"},\"primaryImageOfPage\":{\"@id\":\"https:\/\/stil-fit.com\/es\/shop\/stil-fit-soporte-de-mesa-rower-pro\/#primaryimage\"},\"datePublished\":\"2025-03-27T12:31:10+00:00\",\"dateModified\":\"2025-03-27T12:31:10+00:00\",\"description\":\"El soporte para tableta STIL-FIT est\\u00e1 dise\\u00f1ado para que tengas tu tableta siempre visible durante el entrenamiento. Adecuado para todos los tama\\u00f1os de tableta.\",\"inLanguage\":\"es\",\"potentialAction\":[{\"@type\":\"ReadAction\",\"target\":[\"https:\/\/stil-fit.com\/es\/shop\/stil-fit-soporte-de-mesa-rower-pro\/\"]}]}]}<\/script>\n<!-- \/ Yoast SEO Premium plugin. -->","post_mailing_queue_ids":[],"_links":{"self":[{"href":"https:\/\/stil-fit.com\/es\/wp-json\/wp\/v2\/product\/35140","targetHints":{"allow":["GET"]}}],"collection":[{"href":"https:\/\/stil-fit.com\/es\/wp-json\/wp\/v2\/product"}],"about":[{"href":"https:\/\/stil-fit.com\/es\/wp-json\/wp\/v2\/types\/product"}],"replies":[{"embeddable":true,"href":"https:\/\/stil-fit.com\/es\/wp-json\/wp\/v2\/comments?post=35140"}],"wp:featuredmedia":[{"embeddable":true,"href":"https:\/\/stil-fit.com\/es\/wp-json\/wp\/v2\/media\/31627"}],"wp:attachment":[{"href":"https:\/\/stil-fit.com\/es\/wp-json\/wp\/v2\/media?parent=35140"}],"wp:term":[{"taxonomy":"product_brand","embeddable":true,"href":"https:\/\/stil-fit.com\/es\/wp-json\/wp\/v2\/product_brand?post=35140"},{"taxonomy":"product_cat","embeddable":true,"href":"https:\/\/stil-fit.com\/es\/wp-json\/wp\/v2\/product_cat?post=35140"},{"taxonomy":"product_tag","embeddable":true,"href":"https:\/\/stil-fit.com\/es\/wp-json\/wp\/v2\/product_tag?post=35140"},{"taxonomy":"yst_prominent_words","embeddable":true,"href":"https:\/\/stil-fit.com\/es\/wp-json\/wp\/v2\/yst_prominent_words?post=35140"}],"curies":[{"name":"wp","href":"https:\/\/api.w.org\/{rel}","templated":true}]}}