{"id":35178,"date":"2023-05-17T16:16:58","date_gmt":"2025-03-27T12:40:41","guid":{"rendered":"https:\/\/stil-fit.com\/shop\/stil-fit-bike-nero-edicion\/"},"modified":"2025-03-27T13:40:41","modified_gmt":"2025-03-27T12:40:41","slug":"stil-fit-bike-nero-edicion","status":"publish","type":"product","link":"https:\/\/stil-fit.com\/es\/shop\/stil-fit-bike-nero-edicion\/","title":{"rendered":"STIL-FIT Bike NERO Edici\u00f3n"},"content":{"rendered":"<h1><strong>Un icono dentro de las Bicicletas de Fitness &#8211; STIL-FIT Bike NERO Edici\u00f3n<\/strong><\/h1>\n<p>&nbsp;<\/p>\n<h2><strong>Los mejores materiales<\/strong><\/h2>\n<p>Trabajamos con la Bici NERO con aluminio, acero, madera de nogal y cuero: calidad hasta el \u00faltimo detalle.<\/p>\n<h2><\/h2>\n<h2><strong>Completamente interactivo<\/strong><\/h2>\n<p>Empareja la Bike Nero con la aplicaci\u00f3n STIL-FIT u otras aplicaciones como Kinomap, Zwift o Rouvy.<\/p>\n<h2><\/h2>\n<h2><strong>Autosuficiente y sostenible<\/strong><\/h2>\n<p>T\u00fa generas la electricidad necesaria mediante tu entrenamiento. No es necesario ning\u00fan enchufe. <\/p>\n<p>&nbsp;<\/p>\n","protected":false},"excerpt":{"rendered":"<p>&nbsp;<\/p>\n<p>La Bicicleta NERO &#8220;Edition&#8221; es la nueva obra maestra de nuestro dise\u00f1ador Anton Maria Rief. Combina un dise\u00f1o excepcional con componentes elegantes y una funcionalidad perfecta. <\/p>\n<p><strong>Env\u00edo en 7 d\u00edas laborables<\/strong><\/p>\n<p>&#8211; Fabricado en Alemania<\/p>\n<p>&#8211; Env\u00edo gratuito<\/p>\n<p>&#8211; 0% Plazo<\/p>\n","protected":false},"featured_media":29942,"comment_status":"open","ping_status":"closed","template":"","meta":{"_monsterinsights_skip_tracking":false,"_monsterinsights_sitenote_active":false,"_monsterinsights_sitenote_note":"","_monsterinsights_sitenote_category":0},"product_brand":[],"product_cat":[2472,2938],"product_tag":[2595,2600,2558,3195,3197],"yst_prominent_words":[256,1442,1456,1460,1457,1462,591,161,251,1461,1459,1458,593,648],"class_list":{"0":"post-35178","1":"product","2":"type-product","3":"status-publish","4":"has-post-thumbnail","6":"product_cat-bicicleta-estatica","7":"product_cat-uncategorised-es","8":"product_tag-diseno-de-fitness","9":"product_tag-ergometro-es","10":"product_tag-fitness-en-casa","11":"product_tag-fitnessbike-es","12":"product_tag-heimtrainer-es","13":"product_shipping_class-ergometro","15":"first","16":"instock","17":"taxable","18":"shipping-taxable","19":"purchasable","20":"product-type-simple"},"composite_virtual":false,"composite_layout":"","composite_add_to_cart_form_location":"","composite_editable_in_cart":false,"composite_sold_individually_context":"","composite_shop_price_calc":"","composite_components":[],"composite_scenarios":[],"bundled_by":[],"bundle_stock_status":"instock","bundle_stock_quantity":null,"bundle_virtual":false,"bundle_layout":"","bundle_add_to_cart_form_location":"","bundle_editable_in_cart":false,"bundle_sold_individually_context":"","bundle_item_grouping":"","bundle_min_size":"","bundle_max_size":"","bundle_price":[],"bundled_items":[],"bundle_sell_ids":[9946],"yoast_head":"<!-- This site is optimized with the Yoast SEO Premium plugin v14.5 - https:\/\/yoast.com\/wordpress\/plugins\/seo\/ -->\n<title>STIL-FIT Bike NERO Edici\u00f3n | Edici\u00f3n especial exclusiva Made in Germany<\/title>\n<meta name=\"description\" content=\"Pide el STIL-FIT Bike NERO Edici\u00f3n directamente a nuestra f\u00e1brica, donde se ensambla a mano. Dise\u00f1ado y desarrollado en M\u00fanich, Alemania.\" \/>\n<meta name=\"robots\" content=\"index, follow\" \/>\n<meta name=\"googlebot\" content=\"index, follow, max-snippet:-1, max-image-preview:large, max-video-preview:-1\" \/>\n<meta name=\"bingbot\" content=\"index, follow, max-snippet:-1, max-image-preview:large, max-video-preview:-1\" \/>\n<link rel=\"canonical\" href=\"https:\/\/stil-fit.com\/es\/shop\/stil-fit-bike-nero-edicion\/\" \/>\n<meta property=\"og:locale\" content=\"es_ES\" \/>\n<meta property=\"og:type\" content=\"article\" \/>\n<meta property=\"og:title\" content=\"STIL-FIT Bike NERO Edici\u00f3n | Edici\u00f3n especial exclusiva Made in Germany\" \/>\n<meta property=\"og:description\" content=\"Pide el STIL-FIT Bike NERO Edici\u00f3n directamente a nuestra f\u00e1brica, donde se ensambla a mano. Dise\u00f1ado y desarrollado en M\u00fanich, Alemania.\" \/>\n<meta property=\"og:url\" content=\"https:\/\/stil-fit.com\/es\/shop\/stil-fit-bike-nero-edicion\/\" \/>\n<meta property=\"og:site_name\" content=\"STIL-FIT\" \/>\n<meta property=\"article:publisher\" content=\"https:\/\/de-de.facebook.com\/stilfit\/\" \/>\n<meta property=\"og:image\" content=\"https:\/\/stil-fit.com\/wp-content\/uploads\/2023\/05\/STIL-FIT-Ergometer-NERO-1.jpg\" \/>\n\t<meta property=\"og:image:width\" content=\"1772\" \/>\n\t<meta property=\"og:image:height\" content=\"1772\" \/>\n<meta name=\"twitter:card\" content=\"summary_large_image\" \/>\n<script type=\"application\/ld+json\" class=\"yoast-schema-graph\">{\"@context\":\"https:\/\/schema.org\",\"@graph\":[{\"@type\":\"Organization\",\"@id\":\"https:\/\/stil-fit.com\/es\/#organization\",\"name\":\"STIL-FIT Internacional GmbH\",\"url\":\"https:\/\/stil-fit.com\/es\/\",\"sameAs\":[\"https:\/\/de-de.facebook.com\/stilfit\/\",\"https:\/\/www.instagram.com\/stil_fit_int\/\",\"https:\/\/www.linkedin.com\/company\/stil-fit-international-gmbh\",\"https:\/\/www.youtube.com\/channel\/UC2HA1BeZtFB0acPMfq1hKdQ\",\"https:\/\/www.pinterest.com\/STILFITInt\/\"],\"logo\":{\"@type\":\"ImageObject\",\"@id\":\"https:\/\/stil-fit.com\/es\/#logo\",\"inLanguage\":\"es\",\"url\":\"https:\/\/stil-fit.com\/wp-content\/uploads\/2019\/02\/stilfit_logo.jpg\",\"width\":150,\"height\":150,\"caption\":\"STIL-FIT Internacional GmbH\"},\"image\":{\"@id\":\"https:\/\/stil-fit.com\/es\/#logo\"}},{\"@type\":\"WebSite\",\"@id\":\"https:\/\/stil-fit.com\/es\/#website\",\"url\":\"https:\/\/stil-fit.com\/es\/\",\"name\":\"STIL-FIT\",\"description\":\"Stil-fit\",\"publisher\":{\"@id\":\"https:\/\/stil-fit.com\/es\/#organization\"},\"potentialAction\":[{\"@type\":\"SearchAction\",\"target\":\"https:\/\/stil-fit.com\/es\/?s={search_term_string}\",\"query-input\":\"required name=search_term_string\"}],\"inLanguage\":\"es\"},{\"@type\":\"ImageObject\",\"@id\":\"https:\/\/stil-fit.com\/es\/shop\/stil-fit-bike-nero-edicion\/#primaryimage\",\"inLanguage\":\"es\",\"url\":\"https:\/\/stil-fit.com\/wp-content\/uploads\/2023\/05\/STIL-FIT-Ergometer-NERO-1.jpg\",\"width\":1772,\"height\":1772},{\"@type\":\"WebPage\",\"@id\":\"https:\/\/stil-fit.com\/es\/shop\/stil-fit-bike-nero-edicion\/#webpage\",\"url\":\"https:\/\/stil-fit.com\/es\/shop\/stil-fit-bike-nero-edicion\/\",\"name\":\"STIL-FIT Bike NERO Edici\\u00f3n | Edici\\u00f3n especial exclusiva Made in Germany\",\"isPartOf\":{\"@id\":\"https:\/\/stil-fit.com\/es\/#website\"},\"primaryImageOfPage\":{\"@id\":\"https:\/\/stil-fit.com\/es\/shop\/stil-fit-bike-nero-edicion\/#primaryimage\"},\"datePublished\":\"2025-03-27T12:40:41+00:00\",\"dateModified\":\"2025-03-27T12:40:41+00:00\",\"description\":\"Pide el STIL-FIT Bike NERO Edici\\u00f3n directamente a nuestra f\\u00e1brica, donde se ensambla a mano. Dise\\u00f1ado y desarrollado en M\\u00fanich, Alemania.\",\"inLanguage\":\"es\",\"potentialAction\":[{\"@type\":\"ReadAction\",\"target\":[\"https:\/\/stil-fit.com\/es\/shop\/stil-fit-bike-nero-edicion\/\"]}]}]}<\/script>\n<!-- \/ Yoast SEO Premium plugin. -->","post_mailing_queue_ids":[],"_links":{"self":[{"href":"https:\/\/stil-fit.com\/es\/wp-json\/wp\/v2\/product\/35178","targetHints":{"allow":["GET"]}}],"collection":[{"href":"https:\/\/stil-fit.com\/es\/wp-json\/wp\/v2\/product"}],"about":[{"href":"https:\/\/stil-fit.com\/es\/wp-json\/wp\/v2\/types\/product"}],"replies":[{"embeddable":true,"href":"https:\/\/stil-fit.com\/es\/wp-json\/wp\/v2\/comments?post=35178"}],"wp:featuredmedia":[{"embeddable":true,"href":"https:\/\/stil-fit.com\/es\/wp-json\/wp\/v2\/media\/29942"}],"wp:attachment":[{"href":"https:\/\/stil-fit.com\/es\/wp-json\/wp\/v2\/media?parent=35178"}],"wp:term":[{"taxonomy":"product_brand","embeddable":true,"href":"https:\/\/stil-fit.com\/es\/wp-json\/wp\/v2\/product_brand?post=35178"},{"taxonomy":"product_cat","embeddable":true,"href":"https:\/\/stil-fit.com\/es\/wp-json\/wp\/v2\/product_cat?post=35178"},{"taxonomy":"product_tag","embeddable":true,"href":"https:\/\/stil-fit.com\/es\/wp-json\/wp\/v2\/product_tag?post=35178"},{"taxonomy":"yst_prominent_words","embeddable":true,"href":"https:\/\/stil-fit.com\/es\/wp-json\/wp\/v2\/yst_prominent_words?post=35178"}],"curies":[{"name":"wp","href":"https:\/\/api.w.org\/{rel}","templated":true}]}}