{"id":35189,"date":"2023-09-28T14:08:55","date_gmt":"2025-03-27T12:40:59","guid":{"rendered":"https:\/\/stil-fit.com\/shop\/stil-fit-bike-pro\/"},"modified":"2025-03-27T13:40:59","modified_gmt":"2025-03-27T12:40:59","slug":"stil-fit-bike-pro","status":"publish","type":"product","link":"https:\/\/stil-fit.com\/es\/shop\/stil-fit-bike-pro\/","title":{"rendered":"STIL-FIT Bike PRO"},"content":{"rendered":"<h1><strong>STIL-FIT Bike PRO<\/strong><\/h1>\n<p>&nbsp;<\/p>\n<p style=\"font-weight: 400;\"><span style=\"font-size: 120%;\">Nuestra STIL-FIT Bike PRO ofrece todas las conocidas ventajas de nuestras bicicletas anteriores, como la m\u00e1xima ergonom\u00eda y el innovador training computer. El elegante dise\u00f1o en negro mate y el nuevo manillar deportivo hacen de la bicicleta una obra maestra absoluta. <\/span><\/p>\n<ul>\n<li style=\"font-weight: 400;\"><span style=\"font-size: 120%;\">Un dise\u00f1o elegante y ergon\u00f3mico que ofrece la posici\u00f3n de asiento adecuada para cada usuario.<\/span><\/li>\n<\/ul>\n<p>&nbsp;<\/p>\n<ul>\n<li style=\"font-weight: 400;\"><span style=\"font-size: 120%;\">Un potente training computer con pantalla en color y pantalla t\u00e1ctil<\/span><\/li>\n<\/ul>\n<p>&nbsp;<\/p>\n<ul>\n<li style=\"font-weight: 400;\"><span style=\"font-size: 120%;\">Diversos programas de entrenamiento, como entrenamiento por intervalos, paseos en cuesta o programas de pulso controlado.<\/span><\/li>\n<\/ul>\n<p>&nbsp;<\/p>\n<ul>\n<li style=\"font-weight: 400;\"><span style=\"font-size: 120%;\">Compatibilidad con la app STIL-FIT as\u00ed como con Kinomap, Zwift, Rouvy y BKool<\/span><\/li>\n<\/ul>\n<p>&nbsp;<\/p>\n<ul>\n<li style=\"font-weight: 400;\"><span style=\"font-size: 120%;\">Un sistema de frenado por inducci\u00f3n de alta calidad con un generador que elimina la necesidad de conexi\u00f3n a la red el\u00e9ctrica.<\/span><\/li>\n<\/ul>\n","protected":false},"excerpt":{"rendered":"<p>&nbsp;<\/p>\n<p><span style=\"font-size: 100%;\">La Bike PRO es la \u00faltima incorporaci\u00f3n a nuestra gama de bicicletas. La mejor ergonom\u00eda, el innovador training computer y un elegante dise\u00f1o en negro mate definen nuestra nueva Bike PRO. <\/span><\/p>\n<p><span style=\"font-size: 100%;\"><strong>Env\u00edo en 7 d\u00edas laborables<\/strong><\/span><\/p>\n<p><span style=\"font-size: 100%;\">&#8211; Fabricado en Alemania<\/span><\/p>\n<p><span style=\"font-size: 100%;\">&#8211; Env\u00edo gratuito (GER + AT)<\/span><\/p>\n<p><span style=\"font-size: 100%;\">&#8211; 0% Plazo<\/span><\/p>\n","protected":false},"featured_media":30641,"comment_status":"open","ping_status":"closed","template":"","meta":{"_monsterinsights_skip_tracking":false,"_monsterinsights_sitenote_active":false,"_monsterinsights_sitenote_note":"","_monsterinsights_sitenote_category":0},"product_brand":[],"product_cat":[2472,2938],"product_tag":[2595,2600,2558,3195,3197],"yst_prominent_words":[256,723,1446,1442,190,170,255,1447,284,1450,161,1441,1448,1444,1449,251,169,1445,593],"class_list":{"0":"post-35189","1":"product","2":"type-product","3":"status-publish","4":"has-post-thumbnail","6":"product_cat-bicicleta-estatica","7":"product_cat-uncategorised-es","8":"product_tag-diseno-de-fitness","9":"product_tag-ergometro-es","10":"product_tag-fitness-en-casa","11":"product_tag-fitnessbike-es","12":"product_tag-heimtrainer-es","13":"product_shipping_class-ergometro","15":"first","16":"instock","17":"taxable","18":"shipping-taxable","19":"purchasable","20":"product-type-simple"},"composite_virtual":false,"composite_layout":"","composite_add_to_cart_form_location":"","composite_editable_in_cart":false,"composite_sold_individually_context":"","composite_shop_price_calc":"","composite_components":[],"composite_scenarios":[],"bundled_by":[],"bundle_stock_status":"instock","bundle_stock_quantity":null,"bundle_virtual":false,"bundle_layout":"","bundle_add_to_cart_form_location":"","bundle_editable_in_cart":false,"bundle_sold_individually_context":"","bundle_item_grouping":"","bundle_min_size":"","bundle_max_size":"","bundle_price":[],"bundled_items":[],"bundle_sell_ids":[35195,35547,35367,35223,35521,35539],"yoast_head":"<!-- This site is optimized with the Yoast SEO Premium plugin v14.5 - https:\/\/yoast.com\/wordpress\/plugins\/seo\/ -->\n<title>STIL-FIT Bike PRO | Nuevo dise\u00f1o negro mate, nuevo manillar de alto rendimiento<\/title>\n<meta name=\"description\" content=\"Haz tu pedido directamente a nuestra f\u00e1brica de M\u00fanich y te enviaremos la Bicicleta Estatica de forma r\u00e1pida y sencilla. En Alemania y Austria, gratis.\" \/>\n<meta name=\"robots\" content=\"index, follow\" \/>\n<meta name=\"googlebot\" content=\"index, follow, max-snippet:-1, max-image-preview:large, max-video-preview:-1\" \/>\n<meta name=\"bingbot\" content=\"index, follow, max-snippet:-1, max-image-preview:large, max-video-preview:-1\" \/>\n<link rel=\"canonical\" href=\"https:\/\/stil-fit.com\/es\/shop\/stil-fit-bike-pro\/\" \/>\n<meta property=\"og:locale\" content=\"es_ES\" \/>\n<meta property=\"og:type\" content=\"article\" \/>\n<meta property=\"og:title\" content=\"STIL-FIT Bike PRO | Nuevo dise\u00f1o negro mate, nuevo manillar de alto rendimiento\" \/>\n<meta property=\"og:description\" content=\"Haz tu pedido directamente a nuestra f\u00e1brica de M\u00fanich y te enviaremos la Bicicleta Estatica de forma r\u00e1pida y sencilla. En Alemania y Austria, gratis.\" \/>\n<meta property=\"og:url\" content=\"https:\/\/stil-fit.com\/es\/shop\/stil-fit-bike-pro\/\" \/>\n<meta property=\"og:site_name\" content=\"STIL-FIT\" \/>\n<meta property=\"article:publisher\" content=\"https:\/\/de-de.facebook.com\/stilfit\/\" \/>\n<meta property=\"og:image\" content=\"https:\/\/stil-fit.com\/wp-content\/uploads\/2023\/09\/STIL-FIT-Ergometer-PRO-3.jpg\" \/>\n\t<meta property=\"og:image:width\" content=\"1181\" \/>\n\t<meta property=\"og:image:height\" content=\"1181\" \/>\n<meta name=\"twitter:card\" content=\"summary_large_image\" \/>\n<script type=\"application\/ld+json\" class=\"yoast-schema-graph\">{\"@context\":\"https:\/\/schema.org\",\"@graph\":[{\"@type\":\"Organization\",\"@id\":\"https:\/\/stil-fit.com\/es\/#organization\",\"name\":\"STIL-FIT Internacional GmbH\",\"url\":\"https:\/\/stil-fit.com\/es\/\",\"sameAs\":[\"https:\/\/de-de.facebook.com\/stilfit\/\",\"https:\/\/www.instagram.com\/stil_fit_int\/\",\"https:\/\/www.linkedin.com\/company\/stil-fit-international-gmbh\",\"https:\/\/www.youtube.com\/channel\/UC2HA1BeZtFB0acPMfq1hKdQ\",\"https:\/\/www.pinterest.com\/STILFITInt\/\"],\"logo\":{\"@type\":\"ImageObject\",\"@id\":\"https:\/\/stil-fit.com\/es\/#logo\",\"inLanguage\":\"es\",\"url\":\"https:\/\/stil-fit.com\/wp-content\/uploads\/2019\/02\/stilfit_logo.jpg\",\"width\":150,\"height\":150,\"caption\":\"STIL-FIT Internacional GmbH\"},\"image\":{\"@id\":\"https:\/\/stil-fit.com\/es\/#logo\"}},{\"@type\":\"WebSite\",\"@id\":\"https:\/\/stil-fit.com\/es\/#website\",\"url\":\"https:\/\/stil-fit.com\/es\/\",\"name\":\"STIL-FIT\",\"description\":\"Stil-fit\",\"publisher\":{\"@id\":\"https:\/\/stil-fit.com\/es\/#organization\"},\"potentialAction\":[{\"@type\":\"SearchAction\",\"target\":\"https:\/\/stil-fit.com\/es\/?s={search_term_string}\",\"query-input\":\"required name=search_term_string\"}],\"inLanguage\":\"es\"},{\"@type\":\"ImageObject\",\"@id\":\"https:\/\/stil-fit.com\/es\/shop\/stil-fit-bike-pro\/#primaryimage\",\"inLanguage\":\"es\",\"url\":\"https:\/\/stil-fit.com\/wp-content\/uploads\/2023\/09\/STIL-FIT-Ergometer-PRO-3.jpg\",\"width\":1181,\"height\":1181},{\"@type\":\"WebPage\",\"@id\":\"https:\/\/stil-fit.com\/es\/shop\/stil-fit-bike-pro\/#webpage\",\"url\":\"https:\/\/stil-fit.com\/es\/shop\/stil-fit-bike-pro\/\",\"name\":\"STIL-FIT Bike PRO | Nuevo dise\\u00f1o negro mate, nuevo manillar de alto rendimiento\",\"isPartOf\":{\"@id\":\"https:\/\/stil-fit.com\/es\/#website\"},\"primaryImageOfPage\":{\"@id\":\"https:\/\/stil-fit.com\/es\/shop\/stil-fit-bike-pro\/#primaryimage\"},\"datePublished\":\"2025-03-27T12:40:59+00:00\",\"dateModified\":\"2025-03-27T12:40:59+00:00\",\"description\":\"Haz tu pedido directamente a nuestra f\\u00e1brica de M\\u00fanich y te enviaremos la Bicicleta Estatica de forma r\\u00e1pida y sencilla. En Alemania y Austria, gratis.\",\"inLanguage\":\"es\",\"potentialAction\":[{\"@type\":\"ReadAction\",\"target\":[\"https:\/\/stil-fit.com\/es\/shop\/stil-fit-bike-pro\/\"]}]}]}<\/script>\n<!-- \/ Yoast SEO Premium plugin. -->","post_mailing_queue_ids":[],"_links":{"self":[{"href":"https:\/\/stil-fit.com\/es\/wp-json\/wp\/v2\/product\/35189","targetHints":{"allow":["GET"]}}],"collection":[{"href":"https:\/\/stil-fit.com\/es\/wp-json\/wp\/v2\/product"}],"about":[{"href":"https:\/\/stil-fit.com\/es\/wp-json\/wp\/v2\/types\/product"}],"replies":[{"embeddable":true,"href":"https:\/\/stil-fit.com\/es\/wp-json\/wp\/v2\/comments?post=35189"}],"wp:featuredmedia":[{"embeddable":true,"href":"https:\/\/stil-fit.com\/es\/wp-json\/wp\/v2\/media\/30641"}],"wp:attachment":[{"href":"https:\/\/stil-fit.com\/es\/wp-json\/wp\/v2\/media?parent=35189"}],"wp:term":[{"taxonomy":"product_brand","embeddable":true,"href":"https:\/\/stil-fit.com\/es\/wp-json\/wp\/v2\/product_brand?post=35189"},{"taxonomy":"product_cat","embeddable":true,"href":"https:\/\/stil-fit.com\/es\/wp-json\/wp\/v2\/product_cat?post=35189"},{"taxonomy":"product_tag","embeddable":true,"href":"https:\/\/stil-fit.com\/es\/wp-json\/wp\/v2\/product_tag?post=35189"},{"taxonomy":"yst_prominent_words","embeddable":true,"href":"https:\/\/stil-fit.com\/es\/wp-json\/wp\/v2\/yst_prominent_words?post=35189"}],"curies":[{"name":"wp","href":"https:\/\/api.w.org\/{rel}","templated":true}]}}