{"id":35253,"date":"2023-09-28T14:37:19","date_gmt":"2025-03-27T12:44:03","guid":{"rendered":"https:\/\/stil-fit.com\/shop\/stil-fit-rower-pro\/"},"modified":"2025-03-27T13:44:03","modified_gmt":"2025-03-27T12:44:03","slug":"stil-fit-rower-pro","status":"publish","type":"product","link":"https:\/\/stil-fit.com\/es\/shop\/stil-fit-rower-pro\/","title":{"rendered":"STIL-FIT Rower PRO"},"content":{"rendered":"<h1><strong>El STIL-FIT Rower PRO<\/strong><\/h1>\n<h2><strong>El entrenamiento perfecto para todo el cuerpo<\/strong><\/h2>\n<p>El remo es la combinaci\u00f3n perfecta de entrenamiento de fuerza y resistencia. Se entrenan intensamente todos los grupos musculares principales, estimula la reducci\u00f3n de la grasa corporal y fortalece el sistema cardiovascular. Un entrenamiento de todo el cuerpo estupendo y muy eficaz.  <\/p>\n<h2><strong>Dise\u00f1o exclusivo y moderno<\/strong><\/h2>\n<p>El nuevo STIL-FIT Rower PRO establece un nuevo est\u00e1ndar con su dise\u00f1o \u00fanico. Con su aspecto innovador, su chasis estable y la posici\u00f3n elevada del asiento, es una pieza absolutamente \u00fanica que mejorar\u00e1 tu experiencia de remo. <\/p>\n<h2><strong>Desarrollado por WaterRower<\/strong><\/h2>\n<p>Gracias a la cooperaci\u00f3n con WaterRower, nuestra m\u00e1quina de remo est\u00e1 al m\u00e1s alto nivel tecnol\u00f3gico. Como los componentes que utilizamos son suministrados por WaterRower, sabemos que siempre habr\u00e1 una sensaci\u00f3n de remo perfecta y suave. Mientras remas s\u00f3lo oir\u00e1s el agradable sonido del agua fluyendo.  <\/p>\n<h2><strong>Remo realista con resistencia al agua<\/strong><\/h2>\n<p>El agua es el medio de resistencia perfecto de la naturaleza y por eso la utilizamos con nuestro remo PRO. La resistencia es muy din\u00e1mica y se adapta instant\u00e1neamente a la intensidad de tu brazada. Ajustas el nivel de resistencia en funci\u00f3n de la velocidad de tu brazada. \u00a1Lo m\u00e1s realista y natural posible!   <\/p>\n<h2><strong>Suave pero eficaz<\/strong><\/h2>\n<p>Hay otra raz\u00f3n importante por la que utilizamos el agua: se minimiza el riesgo de lesiones y de esfuerzo f\u00edsico excesivo, ya que la resistencia se adapta a la potencia del remero. El entrenamiento es muy suave para las articulaciones, los tendones y los ligamentos, gracias al movimiento suave y r\u00edtmico. <\/p>\n<h2><strong>Potente ordenador de entrenamiento<\/strong><\/h2>\n<p>Nuestro Rower se maneja mediante una pantalla t\u00e1ctil TFT de 4,3&#8243;. La interfaz de usuario de la pantalla t\u00e1ctil es autoexplicativa y muestra todos los datos necesarios de forma clara y ordenada. Almacena los datos de hasta 6 usuarios y muestra el tiempo, la distancia, el tiempo para 500 m, el n\u00famero de brazadas por minuto, las calor\u00edas, los vatios y el pulso. Tambi\u00e9n dispone de un modo de ritmo de carrera.<\/p>\n","protected":false},"excerpt":{"rendered":"<p>&nbsp;<\/p>\n<p>La m\u00e1quina de remo de alta gama ofrece un dise\u00f1o \u00fanico, una c\u00f3moda posici\u00f3n elevada del asiento, un medidor de frecuencia cardiaca integrado, compatibilidad total con aplicaciones de remo y una experiencia de remo absolutamente realista gracias a la resistencia din\u00e1mica al agua.<\/p>\n<p><strong>Env\u00edo en 7 d\u00edas laborables<\/strong><\/p>\n<p>&#8211; Made in Germany<\/p>\n<p>&#8211; Env\u00edo gratuito<\/p>\n<p>&#8211; 0% de pago a plazos<\/p>\n","protected":false},"featured_media":32995,"comment_status":"open","ping_status":"closed","template":"","meta":{"_monsterinsights_skip_tracking":false,"_monsterinsights_sitenote_active":false,"_monsterinsights_sitenote_note":"","_monsterinsights_sitenote_category":0},"product_brand":[],"product_cat":[2474,2938],"product_tag":[2602,2592,2617,2611,2546,2550],"yst_prominent_words":[424,170,216,421,413,215,214,161,601,415,416,553,419,412,423],"class_list":{"0":"post-35253","1":"product","2":"type-product","3":"status-publish","4":"has-post-thumbnail","6":"product_cat-remo","7":"product_cat-uncategorised-es","8":"product_tag-aptitud-fisica","9":"product_tag-entrenamiento-cardiovascular","10":"product_tag-entrenamiento-de-cuerpo-completo","11":"product_tag-fitness-en-casa-es","12":"product_tag-remo-es-3","13":"product_tag-remo-de-agua","14":"product_shipping_class-flow-one-2-es","16":"first","17":"instock","18":"taxable","19":"shipping-taxable","20":"purchasable","21":"product-type-simple"},"composite_virtual":false,"composite_layout":"","composite_add_to_cart_form_location":"","composite_editable_in_cart":false,"composite_sold_individually_context":"","composite_shop_price_calc":"","composite_components":[],"composite_scenarios":[],"bundled_by":[],"bundle_stock_status":"instock","bundle_stock_quantity":null,"bundle_virtual":false,"bundle_layout":"","bundle_add_to_cart_form_location":"","bundle_editable_in_cart":false,"bundle_sold_individually_context":"","bundle_item_grouping":"","bundle_min_size":"","bundle_max_size":"","bundle_price":[],"bundled_items":[],"bundle_sell_ids":[35140,9646,9946],"yoast_head":"<!-- This site is optimized with the Yoast SEO Premium plugin v14.5 - https:\/\/yoast.com\/wordpress\/plugins\/seo\/ -->\n<title>STIL-FIT Rower PRO | Remo de alto rendimiento Fabricado en Alemania<\/title>\n<meta name=\"description\" content=\"Pide la STIL-FIT Rower PRO directamente al fabricante. Dise\u00f1ado y desarrollado en M\u00fanich, Alemania. Env\u00edo gratuito en Alemania y Austria.\" \/>\n<meta name=\"robots\" content=\"index, follow\" \/>\n<meta name=\"googlebot\" content=\"index, follow, max-snippet:-1, max-image-preview:large, max-video-preview:-1\" \/>\n<meta name=\"bingbot\" content=\"index, follow, max-snippet:-1, max-image-preview:large, max-video-preview:-1\" \/>\n<link rel=\"canonical\" href=\"https:\/\/stil-fit.com\/es\/shop\/stil-fit-rower-pro\/\" \/>\n<meta property=\"og:locale\" content=\"es_ES\" \/>\n<meta property=\"og:type\" content=\"article\" \/>\n<meta property=\"og:title\" content=\"STIL-FIT Rower PRO | Remo de alto rendimiento Fabricado en Alemania\" \/>\n<meta property=\"og:description\" content=\"Pide la STIL-FIT Rower PRO directamente al fabricante. Dise\u00f1ado y desarrollado en M\u00fanich, Alemania. Env\u00edo gratuito en Alemania y Austria.\" \/>\n<meta property=\"og:url\" content=\"https:\/\/stil-fit.com\/es\/shop\/stil-fit-rower-pro\/\" \/>\n<meta property=\"og:site_name\" content=\"STIL-FIT\" \/>\n<meta property=\"article:publisher\" content=\"https:\/\/de-de.facebook.com\/stilfit\/\" \/>\n<meta property=\"og:image\" content=\"https:\/\/stil-fit.com\/wp-content\/uploads\/2025\/01\/STIL-FIT-Rudergeraet-PRO.jpg\" \/>\n\t<meta property=\"og:image:width\" content=\"1476\" \/>\n\t<meta property=\"og:image:height\" content=\"1476\" \/>\n<meta name=\"twitter:card\" content=\"summary_large_image\" \/>\n<script type=\"application\/ld+json\" class=\"yoast-schema-graph\">{\"@context\":\"https:\/\/schema.org\",\"@graph\":[{\"@type\":\"Organization\",\"@id\":\"https:\/\/stil-fit.com\/es\/#organization\",\"name\":\"STIL-FIT Internacional GmbH\",\"url\":\"https:\/\/stil-fit.com\/es\/\",\"sameAs\":[\"https:\/\/de-de.facebook.com\/stilfit\/\",\"https:\/\/www.instagram.com\/stil_fit_int\/\",\"https:\/\/www.linkedin.com\/company\/stil-fit-international-gmbh\",\"https:\/\/www.youtube.com\/channel\/UC2HA1BeZtFB0acPMfq1hKdQ\",\"https:\/\/www.pinterest.com\/STILFITInt\/\"],\"logo\":{\"@type\":\"ImageObject\",\"@id\":\"https:\/\/stil-fit.com\/es\/#logo\",\"inLanguage\":\"es\",\"url\":\"https:\/\/stil-fit.com\/wp-content\/uploads\/2019\/02\/stilfit_logo.jpg\",\"width\":150,\"height\":150,\"caption\":\"STIL-FIT Internacional GmbH\"},\"image\":{\"@id\":\"https:\/\/stil-fit.com\/es\/#logo\"}},{\"@type\":\"WebSite\",\"@id\":\"https:\/\/stil-fit.com\/es\/#website\",\"url\":\"https:\/\/stil-fit.com\/es\/\",\"name\":\"STIL-FIT\",\"description\":\"Stil-fit\",\"publisher\":{\"@id\":\"https:\/\/stil-fit.com\/es\/#organization\"},\"potentialAction\":[{\"@type\":\"SearchAction\",\"target\":\"https:\/\/stil-fit.com\/es\/?s={search_term_string}\",\"query-input\":\"required name=search_term_string\"}],\"inLanguage\":\"es\"},{\"@type\":\"ImageObject\",\"@id\":\"https:\/\/stil-fit.com\/es\/shop\/stil-fit-rower-pro\/#primaryimage\",\"inLanguage\":\"es\",\"url\":\"https:\/\/stil-fit.com\/wp-content\/uploads\/2025\/01\/STIL-FIT-Rudergeraet-PRO.jpg\",\"width\":1476,\"height\":1476},{\"@type\":\"WebPage\",\"@id\":\"https:\/\/stil-fit.com\/es\/shop\/stil-fit-rower-pro\/#webpage\",\"url\":\"https:\/\/stil-fit.com\/es\/shop\/stil-fit-rower-pro\/\",\"name\":\"STIL-FIT Rower PRO | Remo de alto rendimiento Fabricado en Alemania\",\"isPartOf\":{\"@id\":\"https:\/\/stil-fit.com\/es\/#website\"},\"primaryImageOfPage\":{\"@id\":\"https:\/\/stil-fit.com\/es\/shop\/stil-fit-rower-pro\/#primaryimage\"},\"datePublished\":\"2025-03-27T12:44:03+00:00\",\"dateModified\":\"2025-03-27T12:44:03+00:00\",\"description\":\"Pide la STIL-FIT Rower PRO directamente al fabricante. Dise\\u00f1ado y desarrollado en M\\u00fanich, Alemania. Env\\u00edo gratuito en Alemania y Austria.\",\"inLanguage\":\"es\",\"potentialAction\":[{\"@type\":\"ReadAction\",\"target\":[\"https:\/\/stil-fit.com\/es\/shop\/stil-fit-rower-pro\/\"]}]}]}<\/script>\n<!-- \/ Yoast SEO Premium plugin. -->","post_mailing_queue_ids":[],"_links":{"self":[{"href":"https:\/\/stil-fit.com\/es\/wp-json\/wp\/v2\/product\/35253","targetHints":{"allow":["GET"]}}],"collection":[{"href":"https:\/\/stil-fit.com\/es\/wp-json\/wp\/v2\/product"}],"about":[{"href":"https:\/\/stil-fit.com\/es\/wp-json\/wp\/v2\/types\/product"}],"replies":[{"embeddable":true,"href":"https:\/\/stil-fit.com\/es\/wp-json\/wp\/v2\/comments?post=35253"}],"wp:featuredmedia":[{"embeddable":true,"href":"https:\/\/stil-fit.com\/es\/wp-json\/wp\/v2\/media\/32995"}],"wp:attachment":[{"href":"https:\/\/stil-fit.com\/es\/wp-json\/wp\/v2\/media?parent=35253"}],"wp:term":[{"taxonomy":"product_brand","embeddable":true,"href":"https:\/\/stil-fit.com\/es\/wp-json\/wp\/v2\/product_brand?post=35253"},{"taxonomy":"product_cat","embeddable":true,"href":"https:\/\/stil-fit.com\/es\/wp-json\/wp\/v2\/product_cat?post=35253"},{"taxonomy":"product_tag","embeddable":true,"href":"https:\/\/stil-fit.com\/es\/wp-json\/wp\/v2\/product_tag?post=35253"},{"taxonomy":"yst_prominent_words","embeddable":true,"href":"https:\/\/stil-fit.com\/es\/wp-json\/wp\/v2\/yst_prominent_words?post=35253"}],"curies":[{"name":"wp","href":"https:\/\/api.w.org\/{rel}","templated":true}]}}