{"id":35367,"date":"2020-03-26T22:44:05","date_gmt":"2025-03-27T12:53:25","guid":{"rendered":"https:\/\/stil-fit.com\/shop\/polar-verity-sense-sensor-optico-de-frecuencia-cardiaca\/"},"modified":"2025-03-27T13:53:25","modified_gmt":"2025-03-27T12:53:25","slug":"polar-verity-sense-sensor-optico-de-frecuencia-cardiaca","status":"publish","type":"product","link":"https:\/\/stil-fit.com\/es\/shop\/polar-verity-sense-sensor-optico-de-frecuencia-cardiaca\/","title":{"rendered":"Polar Verity Sense &#8211; Sensor \u00d3ptico de Frecuencia Card\u00edaca"},"content":{"rendered":"<h1><\/h1>\n<h1 class=\"thin-font\">SENSOR \u00d3PTICO DE FRECUENCIA CARDIACA POLAR VERITY SENSE<\/h1>\n<p>El peque\u00f1o y manejable Polar Verity Sense es tu compa\u00f1ero en el mundo del entrenamiento de frecuencia card\u00edaca. Te ayuda a entrenar de forma m\u00e1s inteligente, no m\u00e1s dura. Polar Verity Sense es un puls\u00f3metro \u00f3ptico que combina versatilidad, comodidad y sencillez. Puedes utilizarlo como dispositivo independiente o vincularlo con varias aplicaciones de fitness, por ejemplo, nuestra STIL-FIT International App.   <\/p>\n<h2 class=\"thin-font\">C\u00f3modo brazalete<\/h2>\n<p>Puedes llevar Polar Verity Sense tanto en la parte superior como en la inferior del brazo. Es f\u00e1cil de poner y quitar en cualquier momento y lugar. Los detalles importan cuando el rendimiento cuenta. El brazalete Polar Verity Sense est\u00e1 dise\u00f1ado para ajustarse de forma segura y c\u00f3moda alrededor de tu brazo. Est\u00e1 fabricado con un material textil suave que se puede lavar a m\u00e1quina para su uso diario.    <\/p>\n<h2 class=\"thin-font\">Seguimiento \u00f3ptico de la frecuencia cardiaca<\/h2>\n<p>Exiges precisi\u00f3n cuando entrenas. Cons\u00edguela con el algoritmo de frecuencia card\u00edaca patentado por Polar y el sensor \u00f3ptico de 6 LED. <\/p>\n<h2 class=\"thin-font\">Memoria interna<\/h2>\n<p>Con su memoria integrada, Polar Verity Sense puede almacenar hasta 200 horas de datos de entrenamiento. Puedes sincronizar tus datos con Polar Beat para analizarlos. <\/p>\n<h2 class=\"thin-font\">Pedalea m\u00e1s lejos y durante m\u00e1s tiempo<\/h2>\n<p>El Polar OH1 dispone de una bater\u00eda de larga duraci\u00f3n con hasta 12 horas de entrenamiento con una sola carga. Carga f\u00e1cilmente la bater\u00eda con el adaptador USB Polar Verity Sense incluido.<\/p>\n","protected":false},"excerpt":{"rendered":"<p>&nbsp;<\/p>\n<p>&nbsp;<\/p>\n","protected":false},"featured_media":26672,"comment_status":"open","ping_status":"closed","template":"","meta":{"_monsterinsights_skip_tracking":false,"_monsterinsights_sitenote_active":false,"_monsterinsights_sitenote_note":"","_monsterinsights_sitenote_category":0},"product_brand":[],"product_cat":[2472,2474],"product_tag":[],"yst_prominent_words":[853,832,825,856,854,259,851,857,850,852,849,847,848,833,251,261,855,593,594,634],"class_list":{"0":"post-35367","1":"product","2":"type-product","3":"status-publish","4":"has-post-thumbnail","6":"product_cat-bicicleta-estatica","7":"product_cat-remo","8":"product_shipping_class-kleingerate-es","10":"first","11":"outofstock","12":"taxable","13":"shipping-taxable","14":"purchasable","15":"product-type-simple"},"composite_virtual":false,"composite_layout":"","composite_add_to_cart_form_location":"","composite_editable_in_cart":false,"composite_sold_individually_context":"","composite_shop_price_calc":"","composite_components":[],"composite_scenarios":[],"bundled_by":[],"bundle_stock_status":"outofstock","bundle_stock_quantity":null,"bundle_virtual":false,"bundle_layout":"","bundle_add_to_cart_form_location":"","bundle_editable_in_cart":false,"bundle_sold_individually_context":"","bundle_item_grouping":"","bundle_min_size":"","bundle_max_size":"","bundle_price":[],"bundled_items":[],"bundle_sell_ids":[],"yoast_head":"<!-- This site is optimized with the Yoast SEO Premium plugin v14.5 - https:\/\/yoast.com\/wordpress\/plugins\/seo\/ -->\n<title>Polar Verity Sense - Sensor \u00d3ptico de Frecuencia Card\u00edaca | STIL-FIT<\/title>\n<meta name=\"robots\" content=\"index, follow\" \/>\n<meta name=\"googlebot\" content=\"index, follow, max-snippet:-1, max-image-preview:large, max-video-preview:-1\" \/>\n<meta name=\"bingbot\" content=\"index, follow, max-snippet:-1, max-image-preview:large, max-video-preview:-1\" \/>\n<link rel=\"canonical\" href=\"https:\/\/stil-fit.com\/es\/shop\/polar-verity-sense-sensor-optico-de-frecuencia-cardiaca\/\" \/>\n<meta property=\"og:locale\" content=\"es_ES\" \/>\n<meta property=\"og:type\" content=\"article\" \/>\n<meta property=\"og:title\" content=\"Polar Verity Sense - Sensor \u00d3ptico de Frecuencia Card\u00edaca | STIL-FIT\" \/>\n<meta property=\"og:description\" content=\"&nbsp; &nbsp;\" \/>\n<meta property=\"og:url\" content=\"https:\/\/stil-fit.com\/es\/shop\/polar-verity-sense-sensor-optico-de-frecuencia-cardiaca\/\" \/>\n<meta property=\"og:site_name\" content=\"STIL-FIT\" \/>\n<meta property=\"article:publisher\" content=\"https:\/\/de-de.facebook.com\/stilfit\/\" \/>\n<meta property=\"og:image\" content=\"https:\/\/stil-fit.com\/wp-content\/uploads\/2020\/03\/Polar-OH1-Pulssensor.jpg\" \/>\n\t<meta property=\"og:image:width\" content=\"600\" \/>\n\t<meta property=\"og:image:height\" content=\"600\" \/>\n<meta name=\"twitter:card\" content=\"summary_large_image\" \/>\n<script type=\"application\/ld+json\" class=\"yoast-schema-graph\">{\"@context\":\"https:\/\/schema.org\",\"@graph\":[{\"@type\":\"Organization\",\"@id\":\"https:\/\/stil-fit.com\/es\/#organization\",\"name\":\"STIL-FIT Internacional GmbH\",\"url\":\"https:\/\/stil-fit.com\/es\/\",\"sameAs\":[\"https:\/\/de-de.facebook.com\/stilfit\/\",\"https:\/\/www.instagram.com\/stil_fit_int\/\",\"https:\/\/www.linkedin.com\/company\/stil-fit-international-gmbh\",\"https:\/\/www.youtube.com\/channel\/UC2HA1BeZtFB0acPMfq1hKdQ\",\"https:\/\/www.pinterest.com\/STILFITInt\/\"],\"logo\":{\"@type\":\"ImageObject\",\"@id\":\"https:\/\/stil-fit.com\/es\/#logo\",\"inLanguage\":\"es\",\"url\":\"https:\/\/stil-fit.com\/wp-content\/uploads\/2019\/02\/stilfit_logo.jpg\",\"width\":150,\"height\":150,\"caption\":\"STIL-FIT Internacional GmbH\"},\"image\":{\"@id\":\"https:\/\/stil-fit.com\/es\/#logo\"}},{\"@type\":\"WebSite\",\"@id\":\"https:\/\/stil-fit.com\/es\/#website\",\"url\":\"https:\/\/stil-fit.com\/es\/\",\"name\":\"STIL-FIT\",\"description\":\"Stil-fit\",\"publisher\":{\"@id\":\"https:\/\/stil-fit.com\/es\/#organization\"},\"potentialAction\":[{\"@type\":\"SearchAction\",\"target\":\"https:\/\/stil-fit.com\/es\/?s={search_term_string}\",\"query-input\":\"required name=search_term_string\"}],\"inLanguage\":\"es\"},{\"@type\":\"ImageObject\",\"@id\":\"https:\/\/stil-fit.com\/es\/shop\/polar-verity-sense-sensor-optico-de-frecuencia-cardiaca\/#primaryimage\",\"inLanguage\":\"es\",\"url\":\"https:\/\/stil-fit.com\/wp-content\/uploads\/2020\/03\/Polar-OH1-Pulssensor.jpg\",\"width\":600,\"height\":600},{\"@type\":\"WebPage\",\"@id\":\"https:\/\/stil-fit.com\/es\/shop\/polar-verity-sense-sensor-optico-de-frecuencia-cardiaca\/#webpage\",\"url\":\"https:\/\/stil-fit.com\/es\/shop\/polar-verity-sense-sensor-optico-de-frecuencia-cardiaca\/\",\"name\":\"Polar Verity Sense - Sensor \\u00d3ptico de Frecuencia Card\\u00edaca | STIL-FIT\",\"isPartOf\":{\"@id\":\"https:\/\/stil-fit.com\/es\/#website\"},\"primaryImageOfPage\":{\"@id\":\"https:\/\/stil-fit.com\/es\/shop\/polar-verity-sense-sensor-optico-de-frecuencia-cardiaca\/#primaryimage\"},\"datePublished\":\"2025-03-27T12:53:25+00:00\",\"dateModified\":\"2025-03-27T12:53:25+00:00\",\"inLanguage\":\"es\",\"potentialAction\":[{\"@type\":\"ReadAction\",\"target\":[\"https:\/\/stil-fit.com\/es\/shop\/polar-verity-sense-sensor-optico-de-frecuencia-cardiaca\/\"]}]}]}<\/script>\n<!-- \/ Yoast SEO Premium plugin. -->","post_mailing_queue_ids":[],"_links":{"self":[{"href":"https:\/\/stil-fit.com\/es\/wp-json\/wp\/v2\/product\/35367","targetHints":{"allow":["GET"]}}],"collection":[{"href":"https:\/\/stil-fit.com\/es\/wp-json\/wp\/v2\/product"}],"about":[{"href":"https:\/\/stil-fit.com\/es\/wp-json\/wp\/v2\/types\/product"}],"replies":[{"embeddable":true,"href":"https:\/\/stil-fit.com\/es\/wp-json\/wp\/v2\/comments?post=35367"}],"wp:featuredmedia":[{"embeddable":true,"href":"https:\/\/stil-fit.com\/es\/wp-json\/wp\/v2\/media\/26672"}],"wp:attachment":[{"href":"https:\/\/stil-fit.com\/es\/wp-json\/wp\/v2\/media?parent=35367"}],"wp:term":[{"taxonomy":"product_brand","embeddable":true,"href":"https:\/\/stil-fit.com\/es\/wp-json\/wp\/v2\/product_brand?post=35367"},{"taxonomy":"product_cat","embeddable":true,"href":"https:\/\/stil-fit.com\/es\/wp-json\/wp\/v2\/product_cat?post=35367"},{"taxonomy":"product_tag","embeddable":true,"href":"https:\/\/stil-fit.com\/es\/wp-json\/wp\/v2\/product_tag?post=35367"},{"taxonomy":"yst_prominent_words","embeddable":true,"href":"https:\/\/stil-fit.com\/es\/wp-json\/wp\/v2\/yst_prominent_words?post=35367"}],"curies":[{"name":"wp","href":"https:\/\/api.w.org\/{rel}","templated":true}]}}