{"id":35485,"date":"2019-07-03T16:09:59","date_gmt":"2025-03-27T12:55:50","guid":{"rendered":"https:\/\/stil-fit.com\/shop\/stil-fit-rowing-machine-flow-one\/"},"modified":"2025-03-27T13:55:50","modified_gmt":"2025-03-27T12:55:50","slug":"stil-fit-rowing-machine-flow-one","status":"publish","type":"product","link":"https:\/\/stil-fit.com\/es\/shop\/stil-fit-rowing-machine-flow-one\/","title":{"rendered":"STIL-FIT Rowing machine FLOW ONE"},"content":{"rendered":"<h1><strong>STIL-FIT Rowing machine FLOW ONE<\/strong><\/h1>\n<h2><strong>El entrenamiento perfecto para todo el cuerpo<\/strong><\/h2>\n<p>El remo es la combinaci\u00f3n perfecta de entrenamiento de fuerza y resistencia. Se entrenan intensamente todos los grupos musculares principales, estimula la reducci\u00f3n de la grasa corporal y fortalece el sistema cardiovascular. Un entrenamiento de todo el cuerpo estupendo y muy eficaz.  <\/p>\n<h2><strong>Dise\u00f1o exclusivo y moderno<\/strong><\/h2>\n<p>El nuevo STIL-FIT Rower FLOW ONE establece un nuevo est\u00e1ndar con su dise\u00f1o \u00fanico. Su esbelto cuerpo, con una hermosa carcasa de madera, se integra perfectamente en cualquier interior. Est\u00e1 disponible en diferentes dise\u00f1os.  <\/p>\n<h2><strong>Desarrollado por WaterRower<\/strong><\/h2>\n<p>Gracias a la colaboraci\u00f3n con WaterRower, nuestra M\u00e1quina de remo est\u00e1 al m\u00e1s alto nivel tecnol\u00f3gico. Como los componentes que utilizamos son suministrados por WaterRower, sabemos que siempre habr\u00e1 una sensaci\u00f3n de remo perfecta y suave. Mientras remas, s\u00f3lo oir\u00e1s el agradable sonido del agua fluyendo.  <\/p>\n<h2><strong>Remo realista con resistencia al agua<\/strong><\/h2>\n<p>El agua es el medio de resistencia perfecto de la naturaleza y por eso la utilizamos con nuestra nueva m\u00e1quina de remo FLOW ONE. La resistencia es muy din\u00e1mica y se adapta instant\u00e1neamente a la intensidad de tu brazada. Ajustas el nivel de resistencia en funci\u00f3n de la velocidad de tu brazada. \u00a1Lo m\u00e1s realista y natural posible!   <\/p>\n<h2><strong>Suave pero eficaz<\/strong><\/h2>\n<p>Hay otra raz\u00f3n importante por la que utilizamos el agua: el riesgo de lesiones y de esfuerzo f\u00edsico excesivo se reduce al m\u00ednimo, ya que la resistencia se adapta a la potencia del remero. El entrenamiento es muy suave para las articulaciones, los tendones y los ligamentos, gracias al movimiento suave y r\u00edtmico. <\/p>\n<h2><strong>Potente ordenador de entrenamiento<\/strong><\/h2>\n<p>Nuestro Rower se maneja mediante una pantalla t\u00e1ctil TFT de 4,3&#8243;. La interfaz de usuario de la pantalla t\u00e1ctil es autoexplicativa y muestra todos los datos necesarios de forma clara y ordenada. El training computer almacena los datos de hasta 6 usuarios y muestra el tiempo, la distancia, el tiempo para 500 m, el n\u00famero de brazadas por minuto, las calor\u00edas, los vatios y el pulso. Tambi\u00e9n dispone de un modo de ritmo de carrera.<\/p>\n","protected":false},"excerpt":{"rendered":"<p>&nbsp;<\/p>\n<p>La m\u00e1quina de remo de gama alta ofrece un medidor de frecuencia cardiaca integrado, compatibilidad total con las aplicaciones de remo y una experiencia de remo absolutamente realista gracias a la resistencia din\u00e1mica al agua.<\/p>\n<p>&#8211; Fabricado en Alemania &#8211; Construido para durar<\/p>\n<p>&#8211; Env\u00edo gratuito (Alemania y Austria)<\/p>\n<p>&#8211; 0% de pago a plazos<\/p>\n","protected":false},"featured_media":33338,"comment_status":"open","ping_status":"closed","template":"","meta":{"_monsterinsights_skip_tracking":false,"_monsterinsights_sitenote_active":false,"_monsterinsights_sitenote_note":"","_monsterinsights_sitenote_category":0},"product_brand":[],"product_cat":[2474,2938],"product_tag":[3360,2592,2611,3359,2544],"yst_prominent_words":[304,301,296,299,659,647,293,303,291,646,538,302,289,297,292,254,796,290,298,300],"class_list":{"0":"post-35485","1":"product","2":"type-product","3":"status-publish","4":"has-post-thumbnail","6":"product_cat-remo","7":"product_cat-uncategorised-es","8":"product_tag-de-cuerpo-entero","9":"product_tag-entrenamiento-cardiovascular","10":"product_tag-fitness-en-casa-es","11":"product_tag-lujo","12":"product_tag-remo-es","13":"product_shipping_class-flow-one-2-es","14":"pa_rower-negro-mate","15":"pa_rower-nuez","16":"pa_rower-roble","18":"first","19":"instock","20":"taxable","21":"shipping-taxable","22":"purchasable","23":"product-type-variable","24":"has-default-attributes"},"composite_virtual":false,"composite_layout":"","composite_add_to_cart_form_location":"","composite_editable_in_cart":false,"composite_sold_individually_context":"","composite_shop_price_calc":"","composite_components":[],"composite_scenarios":[],"bundled_by":[],"bundle_stock_status":"instock","bundle_stock_quantity":null,"bundle_virtual":false,"bundle_layout":"","bundle_add_to_cart_form_location":"","bundle_editable_in_cart":false,"bundle_sold_individually_context":"","bundle_item_grouping":"","bundle_min_size":"","bundle_max_size":"","bundle_price":[],"bundled_items":[],"bundle_sell_ids":[35358,35378,35367],"yoast_head":"<!-- This site is optimized with the Yoast SEO Premium plugin v14.5 - https:\/\/yoast.com\/wordpress\/plugins\/seo\/ -->\n<title>M\u00e1quina de remo FLOW ONE | M\u00e1quina de remo de lujo con resistencia al agua<\/title>\n<meta name=\"description\" content=\"Dise\u00f1ada y desarrollada en M\u00fanich, Alemania. Pide tu nueva m\u00e1quina de remo directamente a nuestra f\u00e1brica de M\u00fanich. Env\u00edo gratuito en Alemania y Austria.\" \/>\n<meta name=\"robots\" content=\"index, follow\" \/>\n<meta name=\"googlebot\" content=\"index, follow, max-snippet:-1, max-image-preview:large, max-video-preview:-1\" \/>\n<meta name=\"bingbot\" content=\"index, follow, max-snippet:-1, max-image-preview:large, max-video-preview:-1\" \/>\n<link rel=\"canonical\" href=\"https:\/\/stil-fit.com\/es\/shop\/stil-fit-rowing-machine-flow-one\/\" \/>\n<meta property=\"og:locale\" content=\"es_ES\" \/>\n<meta property=\"og:type\" content=\"article\" \/>\n<meta property=\"og:title\" content=\"M\u00e1quina de remo FLOW ONE | M\u00e1quina de remo de lujo con resistencia al agua\" \/>\n<meta property=\"og:description\" content=\"Dise\u00f1ada y desarrollada en M\u00fanich, Alemania. Pide tu nueva m\u00e1quina de remo directamente a nuestra f\u00e1brica de M\u00fanich. Env\u00edo gratuito en Alemania y Austria.\" \/>\n<meta property=\"og:url\" content=\"https:\/\/stil-fit.com\/es\/shop\/stil-fit-rowing-machine-flow-one\/\" \/>\n<meta property=\"og:site_name\" content=\"STIL-FIT\" \/>\n<meta property=\"article:publisher\" content=\"https:\/\/de-de.facebook.com\/stilfit\/\" \/>\n<meta property=\"og:image\" content=\"https:\/\/stil-fit.com\/wp-content\/uploads\/2025\/01\/STIL-FIT-Rudergeraet-FLOW-ONE-Walnuss-frontal.jpg\" \/>\n\t<meta property=\"og:image:width\" content=\"1575\" \/>\n\t<meta property=\"og:image:height\" content=\"1575\" \/>\n<meta name=\"twitter:card\" content=\"summary_large_image\" \/>\n<script type=\"application\/ld+json\" class=\"yoast-schema-graph\">{\"@context\":\"https:\/\/schema.org\",\"@graph\":[{\"@type\":\"Organization\",\"@id\":\"https:\/\/stil-fit.com\/es\/#organization\",\"name\":\"STIL-FIT Internacional GmbH\",\"url\":\"https:\/\/stil-fit.com\/es\/\",\"sameAs\":[\"https:\/\/de-de.facebook.com\/stilfit\/\",\"https:\/\/www.instagram.com\/stil_fit_int\/\",\"https:\/\/www.linkedin.com\/company\/stil-fit-international-gmbh\",\"https:\/\/www.youtube.com\/channel\/UC2HA1BeZtFB0acPMfq1hKdQ\",\"https:\/\/www.pinterest.com\/STILFITInt\/\"],\"logo\":{\"@type\":\"ImageObject\",\"@id\":\"https:\/\/stil-fit.com\/es\/#logo\",\"inLanguage\":\"es\",\"url\":\"https:\/\/stil-fit.com\/wp-content\/uploads\/2019\/02\/stilfit_logo.jpg\",\"width\":150,\"height\":150,\"caption\":\"STIL-FIT Internacional GmbH\"},\"image\":{\"@id\":\"https:\/\/stil-fit.com\/es\/#logo\"}},{\"@type\":\"WebSite\",\"@id\":\"https:\/\/stil-fit.com\/es\/#website\",\"url\":\"https:\/\/stil-fit.com\/es\/\",\"name\":\"STIL-FIT\",\"description\":\"Stil-fit\",\"publisher\":{\"@id\":\"https:\/\/stil-fit.com\/es\/#organization\"},\"potentialAction\":[{\"@type\":\"SearchAction\",\"target\":\"https:\/\/stil-fit.com\/es\/?s={search_term_string}\",\"query-input\":\"required name=search_term_string\"}],\"inLanguage\":\"es\"},{\"@type\":\"ImageObject\",\"@id\":\"https:\/\/stil-fit.com\/es\/shop\/stil-fit-rowing-machine-flow-one\/#primaryimage\",\"inLanguage\":\"es\",\"url\":\"https:\/\/stil-fit.com\/wp-content\/uploads\/2025\/01\/STIL-FIT-Rudergeraet-FLOW-ONE-Walnuss-frontal.jpg\",\"width\":1575,\"height\":1575},{\"@type\":\"WebPage\",\"@id\":\"https:\/\/stil-fit.com\/es\/shop\/stil-fit-rowing-machine-flow-one\/#webpage\",\"url\":\"https:\/\/stil-fit.com\/es\/shop\/stil-fit-rowing-machine-flow-one\/\",\"name\":\"M\\u00e1quina de remo FLOW ONE | M\\u00e1quina de remo de lujo con resistencia al agua\",\"isPartOf\":{\"@id\":\"https:\/\/stil-fit.com\/es\/#website\"},\"primaryImageOfPage\":{\"@id\":\"https:\/\/stil-fit.com\/es\/shop\/stil-fit-rowing-machine-flow-one\/#primaryimage\"},\"datePublished\":\"2025-03-27T12:55:50+00:00\",\"dateModified\":\"2025-03-27T12:55:50+00:00\",\"description\":\"Dise\\u00f1ada y desarrollada en M\\u00fanich, Alemania. Pide tu nueva m\\u00e1quina de remo directamente a nuestra f\\u00e1brica de M\\u00fanich. Env\\u00edo gratuito en Alemania y Austria.\",\"inLanguage\":\"es\",\"potentialAction\":[{\"@type\":\"ReadAction\",\"target\":[\"https:\/\/stil-fit.com\/es\/shop\/stil-fit-rowing-machine-flow-one\/\"]}]}]}<\/script>\n<!-- \/ Yoast SEO Premium plugin. -->","post_mailing_queue_ids":[],"_links":{"self":[{"href":"https:\/\/stil-fit.com\/es\/wp-json\/wp\/v2\/product\/35485","targetHints":{"allow":["GET"]}}],"collection":[{"href":"https:\/\/stil-fit.com\/es\/wp-json\/wp\/v2\/product"}],"about":[{"href":"https:\/\/stil-fit.com\/es\/wp-json\/wp\/v2\/types\/product"}],"replies":[{"embeddable":true,"href":"https:\/\/stil-fit.com\/es\/wp-json\/wp\/v2\/comments?post=35485"}],"wp:featuredmedia":[{"embeddable":true,"href":"https:\/\/stil-fit.com\/es\/wp-json\/wp\/v2\/media\/33338"}],"wp:attachment":[{"href":"https:\/\/stil-fit.com\/es\/wp-json\/wp\/v2\/media?parent=35485"}],"wp:term":[{"taxonomy":"product_brand","embeddable":true,"href":"https:\/\/stil-fit.com\/es\/wp-json\/wp\/v2\/product_brand?post=35485"},{"taxonomy":"product_cat","embeddable":true,"href":"https:\/\/stil-fit.com\/es\/wp-json\/wp\/v2\/product_cat?post=35485"},{"taxonomy":"product_tag","embeddable":true,"href":"https:\/\/stil-fit.com\/es\/wp-json\/wp\/v2\/product_tag?post=35485"},{"taxonomy":"yst_prominent_words","embeddable":true,"href":"https:\/\/stil-fit.com\/es\/wp-json\/wp\/v2\/yst_prominent_words?post=35485"}],"curies":[{"name":"wp","href":"https:\/\/api.w.org\/{rel}","templated":true}]}}