{"id":35531,"date":"2019-06-18T09:54:14","date_gmt":"2025-03-27T12:59:08","guid":{"rendered":"https:\/\/stil-fit.com\/shop\/stil-fit-rollo-de-madera\/"},"modified":"2025-03-27T13:59:08","modified_gmt":"2025-03-27T12:59:08","slug":"stil-fit-rollo-de-madera","status":"publish","type":"product","link":"https:\/\/stil-fit.com\/es\/shop\/stil-fit-rollo-de-madera\/","title":{"rendered":"STIL-FIT Rollo de madera"},"content":{"rendered":"<div class=\"crossline\">\n<h1><strong>STIL-FIT Fascia Roller<\/strong><\/h1>\n<div>Nuestro &#8220;rodillo salpicadero&#8221; de dise\u00f1o est\u00e1 hecho de madera de nogal, recubierto de piel artificial y reforzado con dos anillos de aluminio. Gran aspecto combinado con materiales exclusivos. <\/div>\n<div><\/div>\n<h2><strong>Eficaz y duradero<\/strong><\/h2>\n<div>Seg\u00fan los \u00faltimos estudios, el entrenamiento de la fascia es esencial para un entrenamiento hol\u00edstico. La fascia act\u00faa como elemento envolvente y estabilizador de toda la musculatura y puede estimularse y activarse mediante un entrenamiento espec\u00edfico. La clave del \u00e9xito es la sostenibilidad: a diferencia de un m\u00fasculo, el tejido conjuntivo s\u00f3lo cambia lentamente, pero de forma permanente.  <\/div>\n<div><\/div>\n<div>Bastan 10 minutos de entrenamiento fascial, dos o tres veces por semana, para obtener una mejora reconocible<\/div>\n<div><\/div>\n<\/div>\n<div>\n<h2><strong>Los beneficios<\/strong><\/h2>\n<div>&#8211; Activaci\u00f3n directa y regeneraci\u00f3n de los m\u00fasculos.<\/div>\n<div>&#8211; Mejora la capacidad de coordinaci\u00f3n<\/div>\n<div>&#8211; Mejora el rendimiento, la movilidad y la flexibilidad de los m\u00fasculos<\/div>\n<div>&#8211; Previene el dolor muscular y evita las lesiones t\u00edpicas<\/div>\n<div>&#8211; Estimula la circulaci\u00f3n sangu\u00ednea<\/div>\n<div>&#8211; Aumenta tu rendimiento y bienestar general<\/div>\n<\/div>\n","protected":false},"excerpt":{"rendered":"<p>&nbsp;<\/p>\n<p>El entrenamiento con rodillos de fascia es un m\u00e9todo sencillo pero extremadamente eficaz para aflojar y suavizar los m\u00fasculos tensos y la fascia.<\/p>\n<ul>\n<li>El rollo de fascia m\u00e1s exclusivo<\/li>\n<li>Ideal para la regeneraci\u00f3n<\/li>\n<li>Fabricado en Alemania<\/li>\n<li>Env\u00edo gratuito en Alemania y Austria<\/li>\n<\/ul>\n","protected":false},"featured_media":22366,"comment_status":"open","ping_status":"closed","template":"","meta":{"_monsterinsights_skip_tracking":false,"_monsterinsights_sitenote_active":false,"_monsterinsights_sitenote_note":"","_monsterinsights_sitenote_category":0},"product_brand":[],"product_cat":[2479,2938],"product_tag":[],"yst_prominent_words":[256,712,962,776,255,1945,259,785,783,293,781,960,784,251,961,780,261,169,846,593],"class_list":{"0":"post-35531","1":"product","2":"type-product","3":"status-publish","4":"has-post-thumbnail","6":"product_cat-accesorios","7":"product_cat-uncategorised-es","8":"product_shipping_class-kleingerate-es","10":"first","11":"instock","12":"taxable","13":"shipping-taxable","14":"purchasable","15":"product-type-simple"},"composite_virtual":false,"composite_layout":"","composite_add_to_cart_form_location":"","composite_editable_in_cart":false,"composite_sold_individually_context":"","composite_shop_price_calc":"","composite_components":[],"composite_scenarios":[],"bundled_by":[],"bundle_stock_status":"instock","bundle_stock_quantity":null,"bundle_virtual":false,"bundle_layout":"","bundle_add_to_cart_form_location":"","bundle_editable_in_cart":false,"bundle_sold_individually_context":"","bundle_item_grouping":"","bundle_min_size":"","bundle_max_size":"","bundle_price":[],"bundled_items":[],"bundle_sell_ids":[35503,35294],"yoast_head":"<!-- This site is optimized with the Yoast SEO Premium plugin v14.5 - https:\/\/yoast.com\/wordpress\/plugins\/seo\/ -->\n<title>STIL-FIT Rollo de madera | El rollo de fascia m\u00e1s exclusivo<\/title>\n<meta name=\"description\" content=\"Producido para ti en nuestra f\u00e1brica de Munich, utilizando s\u00f3lo los mejores materiales, te ayudar\u00e1 a mejorar tu movilidad y aliviar los m\u00fasculos doloridos.\" \/>\n<meta name=\"robots\" content=\"index, follow\" \/>\n<meta name=\"googlebot\" content=\"index, follow, max-snippet:-1, max-image-preview:large, max-video-preview:-1\" \/>\n<meta name=\"bingbot\" content=\"index, follow, max-snippet:-1, max-image-preview:large, max-video-preview:-1\" \/>\n<link rel=\"canonical\" href=\"https:\/\/stil-fit.com\/es\/shop\/stil-fit-rollo-de-madera\/\" \/>\n<meta property=\"og:locale\" content=\"es_ES\" \/>\n<meta property=\"og:type\" content=\"article\" \/>\n<meta property=\"og:title\" content=\"STIL-FIT Rollo de madera | El rollo de fascia m\u00e1s exclusivo\" \/>\n<meta property=\"og:description\" content=\"Producido para ti en nuestra f\u00e1brica de Munich, utilizando s\u00f3lo los mejores materiales, te ayudar\u00e1 a mejorar tu movilidad y aliviar los m\u00fasculos doloridos.\" \/>\n<meta property=\"og:url\" content=\"https:\/\/stil-fit.com\/es\/shop\/stil-fit-rollo-de-madera\/\" \/>\n<meta property=\"og:site_name\" content=\"STIL-FIT\" \/>\n<meta property=\"article:publisher\" content=\"https:\/\/de-de.facebook.com\/stilfit\/\" \/>\n<meta property=\"og:image\" content=\"https:\/\/stil-fit.com\/wp-content\/uploads\/2019\/06\/csm_STIL-FIT-Foamroller-Design-Walnut-Training-web_70517bc41c.jpg\" \/>\n\t<meta property=\"og:image:width\" content=\"1500\" \/>\n\t<meta property=\"og:image:height\" content=\"1066\" \/>\n<meta name=\"twitter:card\" content=\"summary_large_image\" \/>\n<script type=\"application\/ld+json\" class=\"yoast-schema-graph\">{\"@context\":\"https:\/\/schema.org\",\"@graph\":[{\"@type\":\"Organization\",\"@id\":\"https:\/\/stil-fit.com\/es\/#organization\",\"name\":\"STIL-FIT Internacional GmbH\",\"url\":\"https:\/\/stil-fit.com\/es\/\",\"sameAs\":[\"https:\/\/de-de.facebook.com\/stilfit\/\",\"https:\/\/www.instagram.com\/stil_fit_int\/\",\"https:\/\/www.linkedin.com\/company\/stil-fit-international-gmbh\",\"https:\/\/www.youtube.com\/channel\/UC2HA1BeZtFB0acPMfq1hKdQ\",\"https:\/\/www.pinterest.com\/STILFITInt\/\"],\"logo\":{\"@type\":\"ImageObject\",\"@id\":\"https:\/\/stil-fit.com\/es\/#logo\",\"inLanguage\":\"es\",\"url\":\"https:\/\/stil-fit.com\/wp-content\/uploads\/2019\/02\/stilfit_logo.jpg\",\"width\":150,\"height\":150,\"caption\":\"STIL-FIT Internacional GmbH\"},\"image\":{\"@id\":\"https:\/\/stil-fit.com\/es\/#logo\"}},{\"@type\":\"WebSite\",\"@id\":\"https:\/\/stil-fit.com\/es\/#website\",\"url\":\"https:\/\/stil-fit.com\/es\/\",\"name\":\"STIL-FIT\",\"description\":\"Stil-fit\",\"publisher\":{\"@id\":\"https:\/\/stil-fit.com\/es\/#organization\"},\"potentialAction\":[{\"@type\":\"SearchAction\",\"target\":\"https:\/\/stil-fit.com\/es\/?s={search_term_string}\",\"query-input\":\"required name=search_term_string\"}],\"inLanguage\":\"es\"},{\"@type\":\"ImageObject\",\"@id\":\"https:\/\/stil-fit.com\/es\/shop\/stil-fit-rollo-de-madera\/#primaryimage\",\"inLanguage\":\"es\",\"url\":\"https:\/\/stil-fit.com\/wp-content\/uploads\/2019\/06\/csm_STIL-FIT-Foamroller-Design-Walnut-Training-web_70517bc41c.jpg\",\"width\":1500,\"height\":1066},{\"@type\":\"WebPage\",\"@id\":\"https:\/\/stil-fit.com\/es\/shop\/stil-fit-rollo-de-madera\/#webpage\",\"url\":\"https:\/\/stil-fit.com\/es\/shop\/stil-fit-rollo-de-madera\/\",\"name\":\"STIL-FIT Rollo de madera | El rollo de fascia m\\u00e1s exclusivo\",\"isPartOf\":{\"@id\":\"https:\/\/stil-fit.com\/es\/#website\"},\"primaryImageOfPage\":{\"@id\":\"https:\/\/stil-fit.com\/es\/shop\/stil-fit-rollo-de-madera\/#primaryimage\"},\"datePublished\":\"2025-03-27T12:59:08+00:00\",\"dateModified\":\"2025-03-27T12:59:08+00:00\",\"description\":\"Producido para ti en nuestra f\\u00e1brica de Munich, utilizando s\\u00f3lo los mejores materiales, te ayudar\\u00e1 a mejorar tu movilidad y aliviar los m\\u00fasculos doloridos.\",\"inLanguage\":\"es\",\"potentialAction\":[{\"@type\":\"ReadAction\",\"target\":[\"https:\/\/stil-fit.com\/es\/shop\/stil-fit-rollo-de-madera\/\"]}]}]}<\/script>\n<!-- \/ Yoast SEO Premium plugin. -->","post_mailing_queue_ids":[],"_links":{"self":[{"href":"https:\/\/stil-fit.com\/es\/wp-json\/wp\/v2\/product\/35531","targetHints":{"allow":["GET"]}}],"collection":[{"href":"https:\/\/stil-fit.com\/es\/wp-json\/wp\/v2\/product"}],"about":[{"href":"https:\/\/stil-fit.com\/es\/wp-json\/wp\/v2\/types\/product"}],"replies":[{"embeddable":true,"href":"https:\/\/stil-fit.com\/es\/wp-json\/wp\/v2\/comments?post=35531"}],"wp:featuredmedia":[{"embeddable":true,"href":"https:\/\/stil-fit.com\/es\/wp-json\/wp\/v2\/media\/22366"}],"wp:attachment":[{"href":"https:\/\/stil-fit.com\/es\/wp-json\/wp\/v2\/media?parent=35531"}],"wp:term":[{"taxonomy":"product_brand","embeddable":true,"href":"https:\/\/stil-fit.com\/es\/wp-json\/wp\/v2\/product_brand?post=35531"},{"taxonomy":"product_cat","embeddable":true,"href":"https:\/\/stil-fit.com\/es\/wp-json\/wp\/v2\/product_cat?post=35531"},{"taxonomy":"product_tag","embeddable":true,"href":"https:\/\/stil-fit.com\/es\/wp-json\/wp\/v2\/product_tag?post=35531"},{"taxonomy":"yst_prominent_words","embeddable":true,"href":"https:\/\/stil-fit.com\/es\/wp-json\/wp\/v2\/yst_prominent_words?post=35531"}],"curies":[{"name":"wp","href":"https:\/\/api.w.org\/{rel}","templated":true}]}}