{"id":35547,"date":"2019-06-24T00:58:41","date_gmt":"2025-03-27T12:59:28","guid":{"rendered":"https:\/\/stil-fit.com\/shop\/stil-fit-sillin-confort-de-ciudad\/"},"modified":"2025-03-27T13:59:28","modified_gmt":"2025-03-27T12:59:28","slug":"stil-fit-sillin-confort-de-ciudad","status":"publish","type":"product","link":"https:\/\/stil-fit.com\/es\/shop\/stil-fit-sillin-confort-de-ciudad\/","title":{"rendered":"STIL-FIT Sill\u00edn &#8220;Confort de ciudad&#8221;"},"content":{"rendered":"<h1><span style=\"font-size: 75%;\">STIL-FIT Sill\u00edn &#8220;Confort urbano&#8221;<\/span><\/h1>\n<p>Sill\u00edn c\u00f3modo y muy ancho con un relleno suave y funda de piel sint\u00e9tica. Ideal para una posici\u00f3n sentada m\u00e1s erguida y para quienes les gusta un poco m\u00e1s suave. <\/p>\n<p>Se entregar\u00e1 con tija de sill\u00edn incluida.<\/p>\n","protected":false},"excerpt":{"rendered":"<p>STIL-FIT Sill\u00edn &#8220;Confort urbano&#8221; Sill\u00edn c\u00f3modo y muy ancho con un relleno suave y funda de piel sint\u00e9tica. Ideal para una posici\u00f3n sentada m\u00e1s erguida y para quienes les gusta un poco m\u00e1s suave. Se entregar\u00e1 con tija de sill\u00edn incluida.<\/p>\n","protected":false},"featured_media":26951,"comment_status":"closed","ping_status":"closed","template":"","meta":{"_monsterinsights_skip_tracking":false,"_monsterinsights_sitenote_active":false,"_monsterinsights_sitenote_note":"","_monsterinsights_sitenote_category":0},"product_brand":[],"product_cat":[2472,2938],"product_tag":[],"yst_prominent_words":[256,255,710],"class_list":{"0":"post-35547","1":"product","2":"type-product","3":"status-publish","4":"has-post-thumbnail","6":"product_cat-bicicleta-estatica","7":"product_cat-uncategorised-es","8":"product_shipping_class-kleingerate-es","10":"first","11":"instock","12":"taxable","13":"shipping-taxable","14":"purchasable","15":"product-type-simple"},"composite_virtual":false,"composite_layout":"","composite_add_to_cart_form_location":"","composite_editable_in_cart":false,"composite_sold_individually_context":"","composite_shop_price_calc":"","composite_components":[],"composite_scenarios":[],"bundled_by":[],"bundle_stock_status":"instock","bundle_stock_quantity":null,"bundle_virtual":false,"bundle_layout":"","bundle_add_to_cart_form_location":"","bundle_editable_in_cart":false,"bundle_sold_individually_context":"","bundle_item_grouping":"","bundle_min_size":"","bundle_max_size":"","bundle_price":[],"bundled_items":[],"bundle_sell_ids":[],"yoast_head":"<!-- This site is optimized with the Yoast SEO Premium plugin v14.5 - https:\/\/yoast.com\/wordpress\/plugins\/seo\/ -->\n<title>STIL-FIT Sill\u00edn &quot;Confort de ciudad&quot; | La forma f\u00e1cil de ir en bici<\/title>\n<meta name=\"robots\" content=\"index, follow\" \/>\n<meta name=\"googlebot\" content=\"index, follow, max-snippet:-1, max-image-preview:large, max-video-preview:-1\" \/>\n<meta name=\"bingbot\" content=\"index, follow, max-snippet:-1, max-image-preview:large, max-video-preview:-1\" \/>\n<link rel=\"canonical\" href=\"https:\/\/stil-fit.com\/es\/shop\/stil-fit-sillin-confort-de-ciudad\/\" \/>\n<meta property=\"og:locale\" content=\"es_ES\" \/>\n<meta property=\"og:type\" content=\"article\" \/>\n<meta property=\"og:title\" content=\"STIL-FIT Sill\u00edn &quot;Confort de ciudad&quot; | La forma f\u00e1cil de ir en bici\" \/>\n<meta property=\"og:description\" content=\"STIL-FIT Sill\u00edn &#8220;Confort urbano&#8221; Sill\u00edn c\u00f3modo y muy ancho con un relleno suave y funda de piel sint\u00e9tica. Ideal para una posici\u00f3n sentada m\u00e1s erguida y para quienes les gusta un poco m\u00e1s suave. Se entregar\u00e1 con tija de sill\u00edn incluida.\" \/>\n<meta property=\"og:url\" content=\"https:\/\/stil-fit.com\/es\/shop\/stil-fit-sillin-confort-de-ciudad\/\" \/>\n<meta property=\"og:site_name\" content=\"STIL-FIT\" \/>\n<meta property=\"article:publisher\" content=\"https:\/\/de-de.facebook.com\/stilfit\/\" \/>\n<meta property=\"og:image\" content=\"https:\/\/stil-fit.com\/wp-content\/uploads\/2021\/08\/STIL-FIT-Ergometer-Komfortsattel-e1628115380934.jpg\" \/>\n\t<meta property=\"og:image:width\" content=\"1200\" \/>\n\t<meta property=\"og:image:height\" content=\"933\" \/>\n<meta name=\"twitter:card\" content=\"summary_large_image\" \/>\n<script type=\"application\/ld+json\" class=\"yoast-schema-graph\">{\"@context\":\"https:\/\/schema.org\",\"@graph\":[{\"@type\":\"Organization\",\"@id\":\"https:\/\/stil-fit.com\/es\/#organization\",\"name\":\"STIL-FIT Internacional GmbH\",\"url\":\"https:\/\/stil-fit.com\/es\/\",\"sameAs\":[\"https:\/\/de-de.facebook.com\/stilfit\/\",\"https:\/\/www.instagram.com\/stil_fit_int\/\",\"https:\/\/www.linkedin.com\/company\/stil-fit-international-gmbh\",\"https:\/\/www.youtube.com\/channel\/UC2HA1BeZtFB0acPMfq1hKdQ\",\"https:\/\/www.pinterest.com\/STILFITInt\/\"],\"logo\":{\"@type\":\"ImageObject\",\"@id\":\"https:\/\/stil-fit.com\/es\/#logo\",\"inLanguage\":\"es\",\"url\":\"https:\/\/stil-fit.com\/wp-content\/uploads\/2019\/02\/stilfit_logo.jpg\",\"width\":150,\"height\":150,\"caption\":\"STIL-FIT Internacional GmbH\"},\"image\":{\"@id\":\"https:\/\/stil-fit.com\/es\/#logo\"}},{\"@type\":\"WebSite\",\"@id\":\"https:\/\/stil-fit.com\/es\/#website\",\"url\":\"https:\/\/stil-fit.com\/es\/\",\"name\":\"STIL-FIT\",\"description\":\"Stil-fit\",\"publisher\":{\"@id\":\"https:\/\/stil-fit.com\/es\/#organization\"},\"potentialAction\":[{\"@type\":\"SearchAction\",\"target\":\"https:\/\/stil-fit.com\/es\/?s={search_term_string}\",\"query-input\":\"required name=search_term_string\"}],\"inLanguage\":\"es\"},{\"@type\":\"ImageObject\",\"@id\":\"https:\/\/stil-fit.com\/es\/shop\/stil-fit-sillin-confort-de-ciudad\/#primaryimage\",\"inLanguage\":\"es\",\"url\":\"https:\/\/stil-fit.com\/wp-content\/uploads\/2021\/08\/STIL-FIT-Ergometer-Komfortsattel-e1628115380934.jpg\",\"width\":1200,\"height\":933,\"caption\":\"Komfort-Sattel: Komfortabler, breiter Sattel mit weicher, anpassungsf\\u00e4higer F\\u00fcllung und Kunstleder-Bezug. Ideal bei einer aufrechteren Sitzposition und f\\u00fcr alle die es gerne etwas weicher haben. (Inkl. Sattelstange) Kaufpreis: 79,95,- EUR\"},{\"@type\":\"WebPage\",\"@id\":\"https:\/\/stil-fit.com\/es\/shop\/stil-fit-sillin-confort-de-ciudad\/#webpage\",\"url\":\"https:\/\/stil-fit.com\/es\/shop\/stil-fit-sillin-confort-de-ciudad\/\",\"name\":\"STIL-FIT Sill\\u00edn \\\"Confort de ciudad\\\" | La forma f\\u00e1cil de ir en bici\",\"isPartOf\":{\"@id\":\"https:\/\/stil-fit.com\/es\/#website\"},\"primaryImageOfPage\":{\"@id\":\"https:\/\/stil-fit.com\/es\/shop\/stil-fit-sillin-confort-de-ciudad\/#primaryimage\"},\"datePublished\":\"2025-03-27T12:59:28+00:00\",\"dateModified\":\"2025-03-27T12:59:28+00:00\",\"inLanguage\":\"es\",\"potentialAction\":[{\"@type\":\"ReadAction\",\"target\":[\"https:\/\/stil-fit.com\/es\/shop\/stil-fit-sillin-confort-de-ciudad\/\"]}]}]}<\/script>\n<!-- \/ Yoast SEO Premium plugin. -->","post_mailing_queue_ids":[],"_links":{"self":[{"href":"https:\/\/stil-fit.com\/es\/wp-json\/wp\/v2\/product\/35547","targetHints":{"allow":["GET"]}}],"collection":[{"href":"https:\/\/stil-fit.com\/es\/wp-json\/wp\/v2\/product"}],"about":[{"href":"https:\/\/stil-fit.com\/es\/wp-json\/wp\/v2\/types\/product"}],"replies":[{"embeddable":true,"href":"https:\/\/stil-fit.com\/es\/wp-json\/wp\/v2\/comments?post=35547"}],"wp:featuredmedia":[{"embeddable":true,"href":"https:\/\/stil-fit.com\/es\/wp-json\/wp\/v2\/media\/26951"}],"wp:attachment":[{"href":"https:\/\/stil-fit.com\/es\/wp-json\/wp\/v2\/media?parent=35547"}],"wp:term":[{"taxonomy":"product_brand","embeddable":true,"href":"https:\/\/stil-fit.com\/es\/wp-json\/wp\/v2\/product_brand?post=35547"},{"taxonomy":"product_cat","embeddable":true,"href":"https:\/\/stil-fit.com\/es\/wp-json\/wp\/v2\/product_cat?post=35547"},{"taxonomy":"product_tag","embeddable":true,"href":"https:\/\/stil-fit.com\/es\/wp-json\/wp\/v2\/product_tag?post=35547"},{"taxonomy":"yst_prominent_words","embeddable":true,"href":"https:\/\/stil-fit.com\/es\/wp-json\/wp\/v2\/yst_prominent_words?post=35547"}],"curies":[{"name":"wp","href":"https:\/\/api.w.org\/{rel}","templated":true}]}}