{"id":37143,"date":"2021-05-21T23:40:30","date_gmt":"2025-05-04T23:54:08","guid":{"rendered":"https:\/\/stil-fit.com\/shop\/stil-fit-bicicleta-estatica-pure\/"},"modified":"2025-05-05T01:56:26","modified_gmt":"2025-05-04T23:56:26","slug":"stil-fit-bicicleta-estatica-pure","status":"publish","type":"product","link":"https:\/\/stil-fit.com\/es\/shop\/stil-fit-bicicleta-estatica-pure\/","title":{"rendered":"STIL-FIT Bicicleta Estatica PURE"},"content":{"rendered":"<h1><strong><span style=\"color: #282828;\">El STIL-FIT Bicicleta Estatica PURE<\/span><\/strong><\/h1>\n<p>Prep\u00e1rese para una nueva experiencia de entrenamiento.<\/p>\n<h2><strong>Dise\u00f1o \u00fanico y excepcional<\/strong><\/h2>\n<p>La Bicicleta Estatica PURE con el elegante ordenador de entrenamiento a bordo y el manillar ergon\u00f3mico multifuncional ofrece un excelente concepto de dise\u00f1o. Emparejado con materiales de la m\u00e1s alta calidad y un acabado perfecto podemos ofrecerle una gran experiencia de entrenamiento. <\/p>\n<h2><strong>Potente ordenador de formaci\u00f3n<\/strong><\/h2>\n<p>Hemos equipado nuestra Bicicleta Estatica PURE con un monitor de pantalla t\u00e1ctil en color TFT de 4,3&#8243; y una interfaz de usuario autoexplicativa y f\u00e1cil de usar con un sistema de gu\u00eda del operador claramente dispuesto. El ordenador de entrenamiento le ofrece una amplia gama de programas diferentes y le brinda la oportunidad de almacenar los datos de entrenamiento de hasta cinco usuarios. <\/p>\n<h1><\/h1>\n","protected":false},"excerpt":{"rendered":"<p>&nbsp;<\/p>\n<p>La Bicicleta Estatica PURE es una bicicleta muy c\u00f3moda y ergon\u00f3mica que ofrece varias posiciones de asiento, gracias a su manillar multifuncional. Esto la convierte en la soluci\u00f3n perfecta para mantenerse en forma y sano a cualquier edad. <\/p>\n<p><strong>Listo para su env\u00edo en 7 d\u00edas laborables<\/strong><\/p>\n<ul>\n<li>Hecho para usted en nuestra f\u00e1brica de M\u00fanich<\/li>\n<li>Env\u00edo gratuito<\/li>\n<li>0% Plazo (s\u00f3lo Alemania)<\/li>\n<li>Fabricado en Alemania<\/li>\n<\/ul>\n<p>&nbsp;<\/p>\n<p><strong>Elija su modelo:<\/strong><\/p>\n","protected":false},"featured_media":29848,"comment_status":"open","ping_status":"closed","template":"","meta":{"_monsterinsights_skip_tracking":false,"_monsterinsights_sitenote_active":false,"_monsterinsights_sitenote_note":"","_monsterinsights_sitenote_category":0},"product_brand":[],"product_cat":[2472,2938],"product_tag":[2602,2584,2600,2558],"yst_prominent_words":[256,190,172,985,984,1070,255,987,986,251,598,983,982,261,189,186,593,529,989,594],"class_list":{"0":"post-37143","1":"product","2":"type-product","3":"status-publish","4":"has-post-thumbnail","6":"product_cat-bicicleta-estatica","7":"product_cat-uncategorised-es","8":"product_tag-aptitud-fisica","9":"product_tag-bicicleta","10":"product_tag-ergometro-es","11":"product_tag-fitness-en-casa","12":"product_shipping_class-ergometro","14":"first","15":"instock","16":"taxable","17":"shipping-taxable","18":"purchasable","19":"product-type-variable","20":"has-default-attributes"},"composite_virtual":false,"composite_layout":"","composite_add_to_cart_form_location":"","composite_editable_in_cart":false,"composite_sold_individually_context":"","composite_shop_price_calc":"","composite_components":[],"composite_scenarios":[],"bundled_by":[],"bundle_stock_status":"instock","bundle_stock_quantity":null,"bundle_virtual":false,"bundle_layout":"","bundle_add_to_cart_form_location":"","bundle_editable_in_cart":false,"bundle_sold_individually_context":"","bundle_item_grouping":"","bundle_min_size":"","bundle_max_size":"","bundle_price":[],"bundled_items":[],"bundle_sell_ids":[35195,35547,35367,35521,35539],"yoast_head":"<!-- This site is optimized with the Yoast SEO Premium plugin v14.5 - https:\/\/yoast.com\/wordpress\/plugins\/seo\/ -->\n<title>STIL-FIT Bicicleta Estatica PURE | La bicicleta de dise\u00f1o disponible en blanco y negro<\/title>\n<meta name=\"description\" content=\"Prep\u00e1rese y configure ya su nueva y potente Bicicleta Estatica PURE. Dise\u00f1ado y desarrollado en Munich, Alemania. Env\u00edo gratuito en Alemania y Austria.\" \/>\n<meta name=\"robots\" content=\"index, follow\" \/>\n<meta name=\"googlebot\" content=\"index, follow, max-snippet:-1, max-image-preview:large, max-video-preview:-1\" \/>\n<meta name=\"bingbot\" content=\"index, follow, max-snippet:-1, max-image-preview:large, max-video-preview:-1\" \/>\n<link rel=\"canonical\" href=\"https:\/\/stil-fit.com\/es\/shop\/stil-fit-bicicleta-estatica-pure\/\" \/>\n<meta property=\"og:locale\" content=\"es_ES\" \/>\n<meta property=\"og:type\" content=\"article\" \/>\n<meta property=\"og:title\" content=\"STIL-FIT Bicicleta Estatica PURE | La bicicleta de dise\u00f1o disponible en blanco y negro\" \/>\n<meta property=\"og:description\" content=\"Prep\u00e1rese y configure ya su nueva y potente Bicicleta Estatica PURE. Dise\u00f1ado y desarrollado en Munich, Alemania. Env\u00edo gratuito en Alemania y Austria.\" \/>\n<meta property=\"og:url\" content=\"https:\/\/stil-fit.com\/es\/shop\/stil-fit-bicicleta-estatica-pure\/\" \/>\n<meta property=\"og:site_name\" content=\"STIL-FIT\" \/>\n<meta property=\"article:publisher\" content=\"https:\/\/de-de.facebook.com\/stilfit\/\" \/>\n<meta property=\"article:modified_time\" content=\"2025-05-04T23:56:26+00:00\" \/>\n<meta property=\"og:image\" content=\"https:\/\/stil-fit.com\/wp-content\/uploads\/2023\/03\/STIL-FIT-Ergometer-Pure-White-Edition-scaled.jpg\" \/>\n\t<meta property=\"og:image:width\" content=\"2560\" \/>\n\t<meta property=\"og:image:height\" content=\"1708\" \/>\n<meta name=\"twitter:card\" content=\"summary_large_image\" \/>\n<script type=\"application\/ld+json\" class=\"yoast-schema-graph\">{\"@context\":\"https:\/\/schema.org\",\"@graph\":[{\"@type\":\"Organization\",\"@id\":\"https:\/\/stil-fit.com\/es\/#organization\",\"name\":\"STIL-FIT Internacional GmbH\",\"url\":\"https:\/\/stil-fit.com\/es\/\",\"sameAs\":[\"https:\/\/de-de.facebook.com\/stilfit\/\",\"https:\/\/www.instagram.com\/stil_fit_int\/\",\"https:\/\/www.linkedin.com\/company\/stil-fit-international-gmbh\",\"https:\/\/www.youtube.com\/channel\/UC2HA1BeZtFB0acPMfq1hKdQ\",\"https:\/\/www.pinterest.com\/STILFITInt\/\"],\"logo\":{\"@type\":\"ImageObject\",\"@id\":\"https:\/\/stil-fit.com\/es\/#logo\",\"inLanguage\":\"es\",\"url\":\"https:\/\/stil-fit.com\/wp-content\/uploads\/2019\/02\/stilfit_logo.jpg\",\"width\":150,\"height\":150,\"caption\":\"STIL-FIT Internacional GmbH\"},\"image\":{\"@id\":\"https:\/\/stil-fit.com\/es\/#logo\"}},{\"@type\":\"WebSite\",\"@id\":\"https:\/\/stil-fit.com\/es\/#website\",\"url\":\"https:\/\/stil-fit.com\/es\/\",\"name\":\"STIL-FIT\",\"description\":\"Stil-fit\",\"publisher\":{\"@id\":\"https:\/\/stil-fit.com\/es\/#organization\"},\"potentialAction\":[{\"@type\":\"SearchAction\",\"target\":\"https:\/\/stil-fit.com\/es\/?s={search_term_string}\",\"query-input\":\"required name=search_term_string\"}],\"inLanguage\":\"es\"},{\"@type\":\"ImageObject\",\"@id\":\"https:\/\/stil-fit.com\/es\/shop\/stil-fit-bicicleta-estatica-pure\/#primaryimage\",\"inLanguage\":\"es\",\"url\":\"https:\/\/stil-fit.com\/wp-content\/uploads\/2023\/03\/STIL-FIT-Ergometer-Pure-White-Edition-scaled.jpg\",\"width\":2560,\"height\":1708},{\"@type\":\"WebPage\",\"@id\":\"https:\/\/stil-fit.com\/es\/shop\/stil-fit-bicicleta-estatica-pure\/#webpage\",\"url\":\"https:\/\/stil-fit.com\/es\/shop\/stil-fit-bicicleta-estatica-pure\/\",\"name\":\"STIL-FIT Bicicleta Estatica PURE | La bicicleta de dise\\u00f1o disponible en blanco y negro\",\"isPartOf\":{\"@id\":\"https:\/\/stil-fit.com\/es\/#website\"},\"primaryImageOfPage\":{\"@id\":\"https:\/\/stil-fit.com\/es\/shop\/stil-fit-bicicleta-estatica-pure\/#primaryimage\"},\"datePublished\":\"2025-05-04T23:54:08+00:00\",\"dateModified\":\"2025-05-04T23:56:26+00:00\",\"description\":\"Prep\\u00e1rese y configure ya su nueva y potente Bicicleta Estatica PURE. Dise\\u00f1ado y desarrollado en Munich, Alemania. Env\\u00edo gratuito en Alemania y Austria.\",\"inLanguage\":\"es\",\"potentialAction\":[{\"@type\":\"ReadAction\",\"target\":[\"https:\/\/stil-fit.com\/es\/shop\/stil-fit-bicicleta-estatica-pure\/\"]}]}]}<\/script>\n<!-- \/ Yoast SEO Premium plugin. -->","post_mailing_queue_ids":[],"_links":{"self":[{"href":"https:\/\/stil-fit.com\/es\/wp-json\/wp\/v2\/product\/37143","targetHints":{"allow":["GET"]}}],"collection":[{"href":"https:\/\/stil-fit.com\/es\/wp-json\/wp\/v2\/product"}],"about":[{"href":"https:\/\/stil-fit.com\/es\/wp-json\/wp\/v2\/types\/product"}],"replies":[{"embeddable":true,"href":"https:\/\/stil-fit.com\/es\/wp-json\/wp\/v2\/comments?post=37143"}],"wp:featuredmedia":[{"embeddable":true,"href":"https:\/\/stil-fit.com\/es\/wp-json\/wp\/v2\/media\/29848"}],"wp:attachment":[{"href":"https:\/\/stil-fit.com\/es\/wp-json\/wp\/v2\/media?parent=37143"}],"wp:term":[{"taxonomy":"product_brand","embeddable":true,"href":"https:\/\/stil-fit.com\/es\/wp-json\/wp\/v2\/product_brand?post=37143"},{"taxonomy":"product_cat","embeddable":true,"href":"https:\/\/stil-fit.com\/es\/wp-json\/wp\/v2\/product_cat?post=37143"},{"taxonomy":"product_tag","embeddable":true,"href":"https:\/\/stil-fit.com\/es\/wp-json\/wp\/v2\/product_tag?post=37143"},{"taxonomy":"yst_prominent_words","embeddable":true,"href":"https:\/\/stil-fit.com\/es\/wp-json\/wp\/v2\/yst_prominent_words?post=37143"}],"curies":[{"name":"wp","href":"https:\/\/api.w.org\/{rel}","templated":true}]}}