{"id":34420,"date":"2025-03-20T16:46:37","date_gmt":"2025-03-20T15:46:37","guid":{"rendered":"https:\/\/stil-fit.com\/commande-dessai\/"},"modified":"2025-05-05T01:04:46","modified_gmt":"2025-05-04T23:04:46","slug":"commande-dessai","status":"publish","type":"page","link":"https:\/\/stil-fit.com\/fr\/ergometer\/commande-dessai\/","title":{"rendered":"Commande d&#8217;essai"},"content":{"rendered":"\n\t<section class=\"section show-for-small\" id=\"section_154066135\">\n\t\t<div class=\"section-bg fill\" >\n\t\t\t\t\t\t\t\t\t\n\t\t\t\n\n\t\t<\/div>\n\n\t\t\n\n\t\t<div class=\"section-content relative\">\n\t\t\t\n\n<div class=\"row\"  id=\"row-684534250\">\n\n\n\t<div id=\"col-7591565\" class=\"col small-12 large-12\"  >\n\t\t\t\t<div class=\"col-inner\"  >\n\t\t\t\n\t\t\t\n\n<div class=\"nav-wrapper\"><ul class=\"nav show-for-small nav-uppercase nav-horizontal nav-size-small nav-line text-center nav-center\"><p class=\"lead shortcode-error text-center\">Sorry, no pages was found<\/p><\/ul><\/div>\n\n\n\t\t<\/div>\n\t\t\t\t\n<style>\n#col-7591565 > .col-inner {\n  margin: 0px 0px -30px 0px;\n}\n<\/style>\n\t<\/div>\n\n\t\n\n<\/div>\n\n\t\t<\/div>\n\n\t\t\n<style>\n#section_154066135 {\n  padding-top: 1px;\n  padding-bottom: 1px;\n  background-color: rgb(225, 225, 225);\n}\n<\/style>\n\t<\/section>\n\t\n\n  <div class=\"banner has-hover show-for-small\" id=\"banner-856812609\">\n          <div class=\"banner-inner fill\">\n        <div class=\"banner-bg fill\" >\n                                                \n                    <\/div>\n\t\t\n        <div class=\"banner-layers container\">\n            <div class=\"fill banner-link\"><\/div>            \n\n   <div id=\"text-box-10534535\" class=\"text-box banner-layer x50 md-x50 lg-x50 y50 md-y50 lg-y50 res-text\">\n                                <div class=\"text-box-content text \">\n              \n              <div class=\"text-inner text-center\">\n                  \n\n<h1><strong>Livraison \u00e0 l&#8217;essai<\/strong><\/h1>\n<div class=\"crossline\">\n<p class=\"bodytext\"><span style=\"font-size: 120%;\"><span style=\"font-size: 140%;\">Vous pouvez tester notre V\u00e9lo d&#8217;int\u00e9rieur chez vous pendant une semaine, sans engagement. (valable uniquement pour l&#8217;Allemagne) <\/span>&nbsp;<\/span><\/p>\n<\/div>\n\n              <\/div>\n           <\/div>\n                            \n<style>\n#text-box-10534535 {\n  width: 91%;\n}\n#text-box-10534535 .text-box-content {\n  font-size: 100%;\n}\n@media (min-width:550px) {\n  #text-box-10534535 {\n    width: 60%;\n  }\n}\n<\/style>\n    <\/div>\n \n\n        <\/div>\n      <\/div>\n\n            \n<style>\n#banner-856812609 {\n  padding-top: 350px;\n  background-color: rgb(255,255,255);\n}\n<\/style>\n  <\/div>\n\n\n\n\t<section class=\"section dark hide-for-small\" id=\"section_1062412203\">\n\t\t<div class=\"section-bg fill\" >\n\t\t\t\t\t\t\t\t\t\n\t\t\t\n\n\t\t<\/div>\n\n\t\t\n\n\t\t<div class=\"section-content relative\">\n\t\t\t\n\n<div class=\"row\"  id=\"row-1295184207\">\n\n\n\t<div id=\"col-1025946327\" class=\"col small-12 large-12\"  >\n\t\t\t\t<div class=\"col-inner\"  >\n\t\t\t\n\t\t\t\n\n<div class=\"nav-wrapper\"><ul class=\"nav hide-for-small nav-uppercase nav-horizontal nav-line text-center nav-center\"><p class=\"lead shortcode-error text-center\">Sorry, no pages was found<\/p><\/ul><\/div>\n\n\n\t\t<\/div>\n\t\t\t\t\n<style>\n#col-1025946327 > .col-inner {\n  margin: 0px 0px -30px 0px;\n}\n<\/style>\n\t<\/div>\n\n\t\n\n<\/div>\n\n\t\t<\/div>\n\n\t\t\n<style>\n#section_1062412203 {\n  padding-top: 1px;\n  padding-bottom: 1px;\n  background-color: rgb(155, 155, 155);\n}\n<\/style>\n\t<\/section>\n\t\n\n  <div class=\"banner has-hover hide-for-small\" id=\"banner-1549178054\">\n          <div class=\"banner-inner fill\">\n        <div class=\"banner-bg fill\" >\n            <img decoding=\"async\" width=\"1020\" height=\"583\" src=\"https:\/\/stil-fit.com\/wp-content\/uploads\/2023\/09\/STIL-FIT-Ergometer-teaser-1024x585.jpg\" class=\"bg attachment-large size-large\" alt=\"\" \/>                                    \n                    <\/div>\n\t\t\n        <div class=\"banner-layers container\">\n            <div class=\"fill banner-link\"><\/div>            \n\n   <div id=\"text-box-553401395\" class=\"text-box banner-layer x5 md-x5 lg-x5 y50 md-y50 lg-y50 res-text\">\n                                <div class=\"text-box-content text dark\">\n              \n              <div class=\"text-inner text-left\">\n                  \n\n<h1><span style=\"font-size: 80%;\"><strong>Livraison \u00e0 l&#8217;essai<\/strong><\/span><\/h1>\n<div class=\"crossline\">\n<p class=\"bodytext\"><strong><span style=\"font-size: 120%;\">Vous pouvez tester notre V\u00e9lo d&#8217;int\u00e9rieur chez vous pendant une semaine, sans engagement. (valable uniquement pour D &amp; AT)   <\/span><\/strong><\/p>\n<\/div>\n<a href=\"https:\/\/stil-fit.com\/fr\/shop\/commande-dessai-dergometres\/\" class=\"button primary box-shadow-4-hover\"  style=\"border-radius:99px;\">\n\t\t<span>Tester maintenant<\/span>\n\t<\/a>\n\n\n\n              <\/div>\n           <\/div>\n                            \n<style>\n#text-box-553401395 {\n  width: 82%;\n}\n#text-box-553401395 .text-box-content {\n  font-size: 100%;\n}\n@media (min-width:550px) {\n  #text-box-553401395 {\n    width: 41%;\n  }\n}\n<\/style>\n    <\/div>\n \n\n        <\/div>\n      <\/div>\n\n            \n<style>\n#banner-1549178054 {\n  padding-top: 350px;\n  background-color: rgb(255,255,255);\n}\n<\/style>\n  <\/div>\n\n\n<div class=\"row align-center\"  id=\"row-1470525854\">\n\n\n\t<div id=\"col-1190473458\" class=\"col medium-8 small-12 large-8\"  >\n\t\t\t\t<div class=\"col-inner\"  >\n\t\t\t\n\t\t\t\n\n<h3><span id=\"1295600283177S\"><span style=\"font-size: 120%;\">ET VOICI COMMENT FONCTIONNE LA COMMANDE D&#8217;ESSAI<\/span>&nbsp;<\/span><\/h3>\n<p class=\"bodytext\"><span id=\"1295600283177S\"><br><\/span>Apr\u00e8s avoir pass\u00e9 votre commande par e-mail, nous vous livrons un V\u00e9lo d&#8217;int\u00e9rieur neuf et inutilis\u00e9 \u00e0 votre domicile.<\/p>\n<p class=\"bodytext\">Le V\u00e9lo d&#8217;int\u00e9rieur est enti\u00e8rement assembl\u00e9, il vous suffit d&#8217;ins\u00e9rer le tube avant dans le cadre et de le fixer \u00e0 l&#8217;aide d&#8217;une vis.<\/p>\n<p class=\"bodytext\">A partir de l\u00e0, vous pourrez faire un essai d&#8217;une semaine.<\/p>\n<p class=\"bodytext\"><b>Pour cela, nous vous facturons une participation aux frais de 75,- EUR.&nbsp;<\/b><\/p>\n<p class=\"bodytext\">Si vous ne souhaitez pas garder le V\u00e9lo d&#8217;int\u00e9rieur, remballez-le et nous viendrons le chercher chez vous. Il n&#8217;y a pas de frais suppl\u00e9mentaires pour vous. <\/p>\n<p class=\"bodytext\">Si vous d\u00e9cidez d&#8217;acheter, vous gardez l&#8217;appareil et nous vous envoyons la facture.  <b>Dans ce cas, nous vous facturons la participation aux frais de 75,- EUR.<\/b><\/p>\n\n\t\t<\/div>\n\t\t\t\t\t<\/div>\n\n\t\n\n<\/div>\n\n\t<section class=\"section\" id=\"section_159154538\">\n\t\t<div class=\"section-bg fill\" >\n\t\t\t\t\t\t\t\t\t\n\t\t\t\n\n\t\t<\/div>\n\n\t\t\n\n\t\t<div class=\"section-content relative\">\n\t\t\t\n\n\t<div id=\"gap-1244376135\" class=\"gap-element clearfix\" style=\"display:block; height:auto;\">\n\t\t\n<style>\n#gap-1244376135 {\n  padding-top: 50px;\n}\n<\/style>\n\t<\/div>\n\t\n\n<div class=\"row align-center\"  id=\"row-224386730\">\n\n\n\t<div id=\"col-498715224\" class=\"col medium-8 small-12 large-8\"  >\n\t\t\t\t<div class=\"col-inner text-center\"  >\n\t\t\t\n\t\t\t\n\n<h2 style=\"text-align: center;\"><strong><span style=\"font-size: 120%;\">D\u00e9couvrez maintenant nos V\u00e9los d&#8217;int\u00e9rieur Design<\/span><\/strong><\/h2>\n<h3 class=\"thin-font\" style=\"text-align: center;\">&nbsp;<\/h3>\n<a href=\"https:\/\/stil-fit.com\/fr\/velo-dinterieur-pure\/\" class=\"button primary is-outline\"  style=\"border-radius:17px;\">\n\t\t<span>Mod\u00e8le PURE<\/span>\n\t<\/a>\n\n\n<a href=\"https:\/\/stil-fit.com\/fr\/bike-pro\/\" class=\"button primary is-outline\"  style=\"border-radius:17px;\">\n\t\t<span>Bike PRO<\/span>\n\t<\/a>\n\n\n<a href=\"https:\/\/stil-fit.com\/ergometer\/bike-nero-edition\/\" class=\"button primary is-outline\"  style=\"border-radius:99px;\">\n\t\t<span>V\u00e9lo NERO<\/span>\n\t<\/a>\n\n\n\n\t\t<\/div>\n\t\t\t\t\t<\/div>\n\n\t\n\n<\/div>\n\n\t\t<\/div>\n\n\t\t\n<style>\n#section_159154538 {\n  padding-top: 30px;\n  padding-bottom: 30px;\n}\n<\/style>\n\t<\/section>\n\t","protected":false},"excerpt":{"rendered":"","protected":false},"author":2,"featured_media":0,"parent":34594,"menu_order":5,"comment_status":"closed","ping_status":"closed","template":"page-blank.php","meta":{"_monsterinsights_skip_tracking":false,"_monsterinsights_sitenote_active":false,"_monsterinsights_sitenote_note":"","_monsterinsights_sitenote_category":0,"footnotes":""},"yst_prominent_words":[1230,1229,958,1658,172,1652,957,955,1653,1654,1651,1655,1657,956,1228,1227,1656],"class_list":["post-34420","page","type-page","status-publish","hentry"],"yoast_head":"<!-- This site is optimized with the Yoast SEO Premium plugin v14.5 - https:\/\/yoast.com\/wordpress\/plugins\/seo\/ -->\n<title>Commande d&#039;essai | Testez facilement notre V\u00e9lo d&#039;int\u00e9rieur \u00e0 domicile<\/title>\n<meta name=\"description\" content=\"Essayez nos v\u00e9los d&#039;int\u00e9rieur chez vous pendant une semaine - sans aucune obligation d&#039;achat. La participation aux frais de 75,- EUR sera d\u00e9duite de votre achat.\" \/>\n<meta name=\"robots\" content=\"index, follow\" \/>\n<meta name=\"googlebot\" content=\"index, follow, max-snippet:-1, max-image-preview:large, max-video-preview:-1\" \/>\n<meta name=\"bingbot\" content=\"index, follow, max-snippet:-1, max-image-preview:large, max-video-preview:-1\" \/>\n<link rel=\"canonical\" href=\"https:\/\/stil-fit.com\/fr\/ergometer\/commande-dessai\/\" \/>\n<meta property=\"og:locale\" content=\"fr_FR\" \/>\n<meta property=\"og:type\" content=\"article\" \/>\n<meta property=\"og:title\" content=\"Commande d&#039;essai | Testez facilement notre V\u00e9lo d&#039;int\u00e9rieur \u00e0 domicile\" \/>\n<meta property=\"og:description\" content=\"Essayez nos v\u00e9los d&#039;int\u00e9rieur chez vous pendant une semaine - sans aucune obligation d&#039;achat. La participation aux frais de 75,- EUR sera d\u00e9duite de votre achat.\" \/>\n<meta property=\"og:url\" content=\"https:\/\/stil-fit.com\/fr\/ergometer\/commande-dessai\/\" \/>\n<meta property=\"og:site_name\" content=\"STIL-FIT\" \/>\n<meta property=\"article:publisher\" content=\"https:\/\/de-de.facebook.com\/stilfit\/\" \/>\n<meta property=\"article:modified_time\" content=\"2025-05-04T23:04:46+00:00\" \/>\n<meta name=\"twitter:card\" content=\"summary_large_image\" \/>\n<script type=\"application\/ld+json\" class=\"yoast-schema-graph\">{\"@context\":\"https:\/\/schema.org\",\"@graph\":[{\"@type\":\"Organization\",\"@id\":\"https:\/\/stil-fit.com\/fr\/#organization\",\"name\":\"STIL-FIT International GmbH\",\"url\":\"https:\/\/stil-fit.com\/fr\/\",\"sameAs\":[\"https:\/\/de-de.facebook.com\/stilfit\/\",\"https:\/\/www.instagram.com\/stil_fit_int\/\",\"https:\/\/www.linkedin.com\/company\/stil-fit-international-gmbh\",\"https:\/\/www.youtube.com\/channel\/UC2HA1BeZtFB0acPMfq1hKdQ\",\"https:\/\/www.pinterest.com\/STILFITInt\/\"],\"logo\":{\"@type\":\"ImageObject\",\"@id\":\"https:\/\/stil-fit.com\/fr\/#logo\",\"inLanguage\":\"fr-FR\",\"url\":\"https:\/\/stil-fit.com\/wp-content\/uploads\/2019\/02\/stilfit_logo.jpg\",\"width\":150,\"height\":150,\"caption\":\"STIL-FIT International GmbH\"},\"image\":{\"@id\":\"https:\/\/stil-fit.com\/fr\/#logo\"}},{\"@type\":\"WebSite\",\"@id\":\"https:\/\/stil-fit.com\/fr\/#website\",\"url\":\"https:\/\/stil-fit.com\/fr\/\",\"name\":\"STIL-FIT\",\"description\":\"Stil-fit\",\"publisher\":{\"@id\":\"https:\/\/stil-fit.com\/fr\/#organization\"},\"potentialAction\":[{\"@type\":\"SearchAction\",\"target\":\"https:\/\/stil-fit.com\/fr\/?s={search_term_string}\",\"query-input\":\"required name=search_term_string\"}],\"inLanguage\":\"fr-FR\"},{\"@type\":\"WebPage\",\"@id\":\"https:\/\/stil-fit.com\/fr\/ergometer\/commande-dessai\/#webpage\",\"url\":\"https:\/\/stil-fit.com\/fr\/ergometer\/commande-dessai\/\",\"name\":\"Commande d'essai | Testez facilement notre V\\u00e9lo d'int\\u00e9rieur \\u00e0 domicile\",\"isPartOf\":{\"@id\":\"https:\/\/stil-fit.com\/fr\/#website\"},\"datePublished\":\"2025-03-20T15:46:37+00:00\",\"dateModified\":\"2025-05-04T23:04:46+00:00\",\"description\":\"Essayez nos v\\u00e9los d'int\\u00e9rieur chez vous pendant une semaine - sans aucune obligation d'achat. La participation aux frais de 75,- EUR sera d\\u00e9duite de votre achat.\",\"inLanguage\":\"fr-FR\",\"potentialAction\":[{\"@type\":\"ReadAction\",\"target\":[\"https:\/\/stil-fit.com\/fr\/ergometer\/commande-dessai\/\"]}]}]}<\/script>\n<!-- \/ Yoast SEO Premium plugin. -->","post_mailing_queue_ids":[],"_links":{"self":[{"href":"https:\/\/stil-fit.com\/fr\/wp-json\/wp\/v2\/pages\/34420","targetHints":{"allow":["GET"]}}],"collection":[{"href":"https:\/\/stil-fit.com\/fr\/wp-json\/wp\/v2\/pages"}],"about":[{"href":"https:\/\/stil-fit.com\/fr\/wp-json\/wp\/v2\/types\/page"}],"author":[{"embeddable":true,"href":"https:\/\/stil-fit.com\/fr\/wp-json\/wp\/v2\/users\/2"}],"replies":[{"embeddable":true,"href":"https:\/\/stil-fit.com\/fr\/wp-json\/wp\/v2\/comments?post=34420"}],"version-history":[{"count":4,"href":"https:\/\/stil-fit.com\/fr\/wp-json\/wp\/v2\/pages\/34420\/revisions"}],"predecessor-version":[{"id":37072,"href":"https:\/\/stil-fit.com\/fr\/wp-json\/wp\/v2\/pages\/34420\/revisions\/37072"}],"up":[{"embeddable":true,"href":"https:\/\/stil-fit.com\/fr\/wp-json\/wp\/v2\/pages\/34594"}],"wp:attachment":[{"href":"https:\/\/stil-fit.com\/fr\/wp-json\/wp\/v2\/media?parent=34420"}],"wp:term":[{"taxonomy":"yst_prominent_words","embeddable":true,"href":"https:\/\/stil-fit.com\/fr\/wp-json\/wp\/v2\/yst_prominent_words?post=34420"}],"curies":[{"name":"wp","href":"https:\/\/api.w.org\/{rel}","templated":true}]}}