{"id":34549,"date":"2025-03-20T16:48:16","date_gmt":"2025-03-20T15:48:16","guid":{"rendered":"https:\/\/stil-fit.com\/financement\/"},"modified":"2025-03-20T16:48:22","modified_gmt":"2025-03-20T15:48:22","slug":"financement","status":"publish","type":"page","link":"https:\/\/stil-fit.com\/fr\/financement\/","title":{"rendered":"Financement"},"content":{"rendered":"\n\t<section class=\"section\" id=\"section_878112262\">\n\t\t<div class=\"section-bg fill\" >\n\t\t\t\t\t\t\t\t\t\n\t\t\t\n\n\t\t<\/div>\n\n\t\t\n\n\t\t<div class=\"section-content relative\">\n\t\t\t\n<div class=\"row align-center\"  id=\"row-1980809649\">\n\n\t<div id=\"col-2003662095\" class=\"col medium-7 small-9 large-7\"  >\n\t\t\t\t<div class=\"col-inner text-center\"  >\n\t\t\t\n\t\t\t\n<h2><span style=\"font-size: 80%;\">Financement \u00e0 temp\u00e9rament de votre nouvel appareil de fitness avec la Santander Bank<\/span><\/p>\n\t<div id=\"gap-291181777\" class=\"gap-element clearfix\" style=\"display:block; height:auto;\">\n\t\t\n<style>\n#gap-291181777 {\n  padding-top: 70px;\n}\n<\/style>\n\t<\/div>\n\t\n<\/h2>\n<h3><span style=\"font-size: 140%;\">S&#8217;entra\u00eener avant de payer<\/span><\/h3>\n\t\t<\/div>\n\t\t\t\t\t<\/div>\n\n\t\n<\/div>\n<div class=\"row align-center\"  id=\"row-1781707112\">\n\n\t<div id=\"col-370766644\" class=\"col medium-4 small-9 large-4\"  >\n\t\t\t\t<div class=\"col-inner\"  >\n\t\t\t\n\t\t\t\n<h3 style=\"text-align: center;\"><span style=\"font-size: 90%;\">0% de financement&nbsp;<\/span><\/h3>\n<p style=\"text-align: center;\"><span style=\"font-size: 90%;\">Avec notre cr\u00e9dit \u00e0 temp\u00e9rament \u00e0 0% de la banque Santander, vous pouvez vous entra\u00eener avec encore plus de motivation.&nbsp;<\/span><\/p>\n\t\t<\/div>\n\t\t\t\t\t<\/div>\n\n\t\n\n\t<div id=\"col-1425144904\" class=\"col medium-4 small-9 large-4\"  >\n\t\t\t\t<div class=\"col-inner\"  >\n\t\t\t\n\t\t\t\n<h3 style=\"text-align: center;\"><span style=\"font-size: 90%;\">Paiement par mensualit\u00e9s<\/span><\/h3>\n<p class=\"bodytext\" style=\"text-align: center;\"><span style=\"font-size: 90%;\">Choisissez une dur\u00e9e comprise entre 6 et 24 mois pour votre paiement \u00e9chelonn\u00e9.<\/span><\/p>\n\t\t<\/div>\n\t\t\t\t\t<\/div>\n\n\t\n\n\t<div id=\"col-520260746\" class=\"col medium-4 small-9 large-4\"  >\n\t\t\t\t<div class=\"col-inner\"  >\n\t\t\t\n\t\t\t\n<h3 style=\"text-align: center;\"><span style=\"font-size: 90%;\">Payer en toute simplicit\u00e9<\/span><\/h3>\n<p style=\"text-align: center;\"><span style=\"font-size: 90%;\">Vous recevez la marchandise et commencez ensuite \u00e0 payer en plusieurs fois en toute simplicit\u00e9.&nbsp;<\/span><\/p>\n\t\t<\/div>\n\t\t\t\t\t<\/div>\n\n\t\n\n\t<div id=\"col-1998429069\" class=\"col medium-9 small-12 large-9\"  >\n\t\t\t\t<div class=\"col-inner text-center\"  >\n\t\t\t\n\t\t\t\n\t<div id=\"gap-580004511\" class=\"gap-element clearfix\" style=\"display:block; height:auto;\">\n\t\t\n<style>\n#gap-580004511 {\n  padding-top: 50px;\n}\n<\/style>\n\t<\/div>\n\t\n<h2><span style=\"font-size: 70%;\">Votre sant\u00e9 nous tient \u00e0 c\u0153ur. Avec notre option de financement pratique \u00e0 0%, le prix d&#8217;achat devient secondaire. Notre partenaire, la banque Santander, g\u00e8re votre financement en quelques \u00e9tapes simples. Vous recevez votre nouvel appareil de fitness et vous commencez \u00e0 le payer.   <\/span><\/p>\n\t\t<\/div>\n\t\t\t\t\t<\/div>\n\n\t\n<\/div>\n\t<div id=\"gap-190612920\" class=\"gap-element clearfix\" style=\"display:block; height:auto;\">\n\t\t\n<style>\n#gap-190612920 {\n  padding-top: 80px;\n}\n<\/style>\n\t<\/div>\n\t\n<div class=\"row align-middle align-center\"  id=\"row-38421115\">\n\n\t<div id=\"col-104240340\" class=\"col medium-6 small-12 large-6\"  >\n\t\t\t\t<div class=\"col-inner\"  >\n\t\t\t\n\t\t\t\n<a href=\"https:\/\/stil-fit.com\/ergometer\/\" class=\"button primary is-outline is-small\"  style=\"border-radius:99px;\">\n\t\t<span>V\u00e9lo d&apos;int\u00e9rieur<\/span>\n\t<\/a>\n\n<a href=\"https:\/\/stil-fit.com\/fr\/?page_id=21836\" class=\"button primary is-outline is-small\"  style=\"border-radius:99px;\">\n\t\t<span>Rameur<\/span>\n\t<\/a>\n\n<a href=\"https:\/\/stil-fit.com\/kabelzug\/\" class=\"button primary is-outline is-small\"  style=\"border-radius:99px;\">\n\t\t<span>Mur Fitness<\/span>\n\t<\/a>\n\n<a href=\"https:\/\/stil-fit.com\/fr\/accessoires\/\" class=\"button primary is-outline is-small\"  style=\"border-radius:99px;\">\n\t\t<span>Accessoires<\/span>\n\t<\/a>\n\n\t\t<\/div>\n\t\t\t\t\t<\/div>\n\n\t\n<\/div>\n\t\t<\/div>\n\n\t\t\n<style>\n#section_878112262 {\n  padding-top: 100px;\n  padding-bottom: 100px;\n  background-color: rgb(255,255,255);\n}\n<\/style>\n\t<\/section>\n\t","protected":false},"excerpt":{"rendered":"","protected":false},"author":2,"featured_media":0,"parent":0,"menu_order":1,"comment_status":"closed","ping_status":"closed","template":"page-blank.php","meta":{"_monsterinsights_skip_tracking":false,"_monsterinsights_sitenote_active":false,"_monsterinsights_sitenote_note":"","_monsterinsights_sitenote_category":0,"footnotes":""},"yst_prominent_words":[570,564,172,573,576,575,569,567,579,565,581,578,577,572,571,161,566,574,568,580],"class_list":["post-34549","page","type-page","status-publish","hentry"],"yoast_head":"<!-- This site is optimized with the Yoast SEO Premium plugin v14.5 - https:\/\/yoast.com\/wordpress\/plugins\/seo\/ -->\n<title>Financement | STIL-FIT<\/title>\n<meta name=\"robots\" content=\"index, follow\" \/>\n<meta name=\"googlebot\" content=\"index, follow, max-snippet:-1, max-image-preview:large, max-video-preview:-1\" \/>\n<meta name=\"bingbot\" content=\"index, follow, max-snippet:-1, max-image-preview:large, max-video-preview:-1\" \/>\n<link rel=\"canonical\" href=\"https:\/\/stil-fit.com\/fr\/financement\/\" \/>\n<meta property=\"og:locale\" content=\"fr_FR\" \/>\n<meta property=\"og:type\" content=\"article\" \/>\n<meta property=\"og:title\" content=\"Financement | STIL-FIT\" \/>\n<meta property=\"og:url\" content=\"https:\/\/stil-fit.com\/fr\/financement\/\" \/>\n<meta property=\"og:site_name\" content=\"STIL-FIT\" \/>\n<meta property=\"article:publisher\" content=\"https:\/\/de-de.facebook.com\/stilfit\/\" \/>\n<meta property=\"article:modified_time\" content=\"2025-03-20T15:48:22+00:00\" \/>\n<meta name=\"twitter:card\" content=\"summary_large_image\" \/>\n<script type=\"application\/ld+json\" class=\"yoast-schema-graph\">{\"@context\":\"https:\/\/schema.org\",\"@graph\":[{\"@type\":\"Organization\",\"@id\":\"https:\/\/stil-fit.com\/fr\/#organization\",\"name\":\"STIL-FIT International GmbH\",\"url\":\"https:\/\/stil-fit.com\/fr\/\",\"sameAs\":[\"https:\/\/de-de.facebook.com\/stilfit\/\",\"https:\/\/www.instagram.com\/stil_fit_int\/\",\"https:\/\/www.linkedin.com\/company\/stil-fit-international-gmbh\",\"https:\/\/www.youtube.com\/channel\/UC2HA1BeZtFB0acPMfq1hKdQ\",\"https:\/\/www.pinterest.com\/STILFITInt\/\"],\"logo\":{\"@type\":\"ImageObject\",\"@id\":\"https:\/\/stil-fit.com\/fr\/#logo\",\"inLanguage\":\"fr-FR\",\"url\":\"https:\/\/stil-fit.com\/wp-content\/uploads\/2019\/02\/stilfit_logo.jpg\",\"width\":150,\"height\":150,\"caption\":\"STIL-FIT International GmbH\"},\"image\":{\"@id\":\"https:\/\/stil-fit.com\/fr\/#logo\"}},{\"@type\":\"WebSite\",\"@id\":\"https:\/\/stil-fit.com\/fr\/#website\",\"url\":\"https:\/\/stil-fit.com\/fr\/\",\"name\":\"STIL-FIT\",\"description\":\"Stil-fit\",\"publisher\":{\"@id\":\"https:\/\/stil-fit.com\/fr\/#organization\"},\"potentialAction\":[{\"@type\":\"SearchAction\",\"target\":\"https:\/\/stil-fit.com\/fr\/?s={search_term_string}\",\"query-input\":\"required name=search_term_string\"}],\"inLanguage\":\"fr-FR\"},{\"@type\":\"WebPage\",\"@id\":\"https:\/\/stil-fit.com\/fr\/financement\/#webpage\",\"url\":\"https:\/\/stil-fit.com\/fr\/financement\/\",\"name\":\"Financement | STIL-FIT\",\"isPartOf\":{\"@id\":\"https:\/\/stil-fit.com\/fr\/#website\"},\"datePublished\":\"2025-03-20T15:48:16+00:00\",\"dateModified\":\"2025-03-20T15:48:22+00:00\",\"inLanguage\":\"fr-FR\",\"potentialAction\":[{\"@type\":\"ReadAction\",\"target\":[\"https:\/\/stil-fit.com\/fr\/financement\/\"]}]}]}<\/script>\n<!-- \/ Yoast SEO Premium plugin. -->","post_mailing_queue_ids":[],"_links":{"self":[{"href":"https:\/\/stil-fit.com\/fr\/wp-json\/wp\/v2\/pages\/34549","targetHints":{"allow":["GET"]}}],"collection":[{"href":"https:\/\/stil-fit.com\/fr\/wp-json\/wp\/v2\/pages"}],"about":[{"href":"https:\/\/stil-fit.com\/fr\/wp-json\/wp\/v2\/types\/page"}],"author":[{"embeddable":true,"href":"https:\/\/stil-fit.com\/fr\/wp-json\/wp\/v2\/users\/2"}],"replies":[{"embeddable":true,"href":"https:\/\/stil-fit.com\/fr\/wp-json\/wp\/v2\/comments?post=34549"}],"version-history":[{"count":1,"href":"https:\/\/stil-fit.com\/fr\/wp-json\/wp\/v2\/pages\/34549\/revisions"}],"predecessor-version":[{"id":34551,"href":"https:\/\/stil-fit.com\/fr\/wp-json\/wp\/v2\/pages\/34549\/revisions\/34551"}],"wp:attachment":[{"href":"https:\/\/stil-fit.com\/fr\/wp-json\/wp\/v2\/media?parent=34549"}],"wp:term":[{"taxonomy":"yst_prominent_words","embeddable":true,"href":"https:\/\/stil-fit.com\/fr\/wp-json\/wp\/v2\/yst_prominent_words?post=34549"}],"curies":[{"name":"wp","href":"https:\/\/api.w.org\/{rel}","templated":true}]}}