{"id":35131,"date":"2023-10-30T11:42:25","date_gmt":"2025-03-27T12:30:57","guid":{"rendered":"https:\/\/stil-fit.com\/shop\/stil-fit-porte-bouteille\/"},"modified":"2025-03-27T13:30:57","modified_gmt":"2025-03-27T12:30:57","slug":"stil-fit-porte-bouteille","status":"publish","type":"product","link":"https:\/\/stil-fit.com\/fr\/shop\/stil-fit-porte-bouteille\/","title":{"rendered":"STIL-FIT Porte-bouteille"},"content":{"rendered":"<h1><strong>STIL-FIT Porte-bouteille<\/strong><\/h1>\n<p>La solution id\u00e9ale qui vous permet d&#8217;avoir votre gourde \u00e0 port\u00e9e de main \u00e0 tout moment.<\/p>\n<p>Quelle que soit l&#8217;intensit\u00e9 de votre entra\u00eenement, vous ne devez pas l&#8217;interrompre en descendant du v\u00e9lo pour aller chercher votre bouteille.<\/p>\n","protected":false},"excerpt":{"rendered":"<p>&nbsp;<\/p>\n<ul>\n<li>Facile \u00e0 installer<\/li>\n<li>Conception compacte et \u00e9l\u00e9gante<\/li>\n<li>Livraison gratuite (GER &amp; AT)<\/li>\n<\/ul>\n","protected":false},"featured_media":31502,"comment_status":"closed","ping_status":"closed","template":"","meta":{"_monsterinsights_skip_tracking":false,"_monsterinsights_sitenote_active":false,"_monsterinsights_sitenote_note":"","_monsterinsights_sitenote_category":0},"product_brand":[],"product_cat":[2937,2471],"product_tag":[],"yst_prominent_words":[],"class_list":{"0":"post-35131","1":"product","2":"type-product","3":"status-publish","4":"has-post-thumbnail","6":"product_cat-uncategorised-fr","7":"product_cat-velos-dinterieur","9":"first","10":"instock","11":"taxable","12":"shipping-taxable","13":"purchasable","14":"product-type-simple"},"composite_virtual":false,"composite_layout":"","composite_add_to_cart_form_location":"","composite_editable_in_cart":false,"composite_sold_individually_context":"","composite_shop_price_calc":"","composite_components":[],"composite_scenarios":[],"bundled_by":[],"bundle_stock_status":"instock","bundle_stock_quantity":null,"bundle_virtual":false,"bundle_layout":"","bundle_add_to_cart_form_location":"","bundle_editable_in_cart":false,"bundle_sold_individually_context":"","bundle_item_grouping":"","bundle_min_size":"","bundle_max_size":"","bundle_price":[],"bundled_items":[],"bundle_sell_ids":[],"yoast_head":"<!-- This site is optimized with the Yoast SEO Premium plugin v14.5 - https:\/\/yoast.com\/wordpress\/plugins\/seo\/ -->\n<title>STIL-FIT Porte-bouteille | STIL-FIT<\/title>\n<meta name=\"robots\" content=\"index, follow\" \/>\n<meta name=\"googlebot\" content=\"index, follow, max-snippet:-1, max-image-preview:large, max-video-preview:-1\" \/>\n<meta name=\"bingbot\" content=\"index, follow, max-snippet:-1, max-image-preview:large, max-video-preview:-1\" \/>\n<link rel=\"canonical\" href=\"https:\/\/stil-fit.com\/fr\/shop\/stil-fit-porte-bouteille\/\" \/>\n<meta property=\"og:locale\" content=\"fr_FR\" \/>\n<meta property=\"og:type\" content=\"article\" \/>\n<meta property=\"og:title\" content=\"STIL-FIT Porte-bouteille | STIL-FIT\" \/>\n<meta property=\"og:description\" content=\"&nbsp;  Facile \u00e0 installer  Conception compacte et \u00e9l\u00e9gante  Livraison gratuite (GER &amp; AT)\" \/>\n<meta property=\"og:url\" content=\"https:\/\/stil-fit.com\/fr\/shop\/stil-fit-porte-bouteille\/\" \/>\n<meta property=\"og:site_name\" content=\"STIL-FIT\" \/>\n<meta property=\"article:publisher\" content=\"https:\/\/de-de.facebook.com\/stilfit\/\" \/>\n<meta property=\"og:image\" content=\"https:\/\/stil-fit.com\/wp-content\/uploads\/2023\/10\/FLaschenhalter-1.jpg\" \/>\n\t<meta property=\"og:image:width\" content=\"787\" \/>\n\t<meta property=\"og:image:height\" content=\"787\" \/>\n<meta name=\"twitter:card\" content=\"summary_large_image\" \/>\n<script type=\"application\/ld+json\" class=\"yoast-schema-graph\">{\"@context\":\"https:\/\/schema.org\",\"@graph\":[{\"@type\":\"Organization\",\"@id\":\"https:\/\/stil-fit.com\/fr\/#organization\",\"name\":\"STIL-FIT International GmbH\",\"url\":\"https:\/\/stil-fit.com\/fr\/\",\"sameAs\":[\"https:\/\/de-de.facebook.com\/stilfit\/\",\"https:\/\/www.instagram.com\/stil_fit_int\/\",\"https:\/\/www.linkedin.com\/company\/stil-fit-international-gmbh\",\"https:\/\/www.youtube.com\/channel\/UC2HA1BeZtFB0acPMfq1hKdQ\",\"https:\/\/www.pinterest.com\/STILFITInt\/\"],\"logo\":{\"@type\":\"ImageObject\",\"@id\":\"https:\/\/stil-fit.com\/fr\/#logo\",\"inLanguage\":\"fr-FR\",\"url\":\"https:\/\/stil-fit.com\/wp-content\/uploads\/2019\/02\/stilfit_logo.jpg\",\"width\":150,\"height\":150,\"caption\":\"STIL-FIT International GmbH\"},\"image\":{\"@id\":\"https:\/\/stil-fit.com\/fr\/#logo\"}},{\"@type\":\"WebSite\",\"@id\":\"https:\/\/stil-fit.com\/fr\/#website\",\"url\":\"https:\/\/stil-fit.com\/fr\/\",\"name\":\"STIL-FIT\",\"description\":\"Stil-fit\",\"publisher\":{\"@id\":\"https:\/\/stil-fit.com\/fr\/#organization\"},\"potentialAction\":[{\"@type\":\"SearchAction\",\"target\":\"https:\/\/stil-fit.com\/fr\/?s={search_term_string}\",\"query-input\":\"required name=search_term_string\"}],\"inLanguage\":\"fr-FR\"},{\"@type\":\"ImageObject\",\"@id\":\"https:\/\/stil-fit.com\/fr\/shop\/stil-fit-porte-bouteille\/#primaryimage\",\"inLanguage\":\"fr-FR\",\"url\":\"https:\/\/stil-fit.com\/wp-content\/uploads\/2023\/10\/FLaschenhalter-1.jpg\",\"width\":787,\"height\":787},{\"@type\":\"WebPage\",\"@id\":\"https:\/\/stil-fit.com\/fr\/shop\/stil-fit-porte-bouteille\/#webpage\",\"url\":\"https:\/\/stil-fit.com\/fr\/shop\/stil-fit-porte-bouteille\/\",\"name\":\"STIL-FIT Porte-bouteille | STIL-FIT\",\"isPartOf\":{\"@id\":\"https:\/\/stil-fit.com\/fr\/#website\"},\"primaryImageOfPage\":{\"@id\":\"https:\/\/stil-fit.com\/fr\/shop\/stil-fit-porte-bouteille\/#primaryimage\"},\"datePublished\":\"2025-03-27T12:30:57+00:00\",\"dateModified\":\"2025-03-27T12:30:57+00:00\",\"inLanguage\":\"fr-FR\",\"potentialAction\":[{\"@type\":\"ReadAction\",\"target\":[\"https:\/\/stil-fit.com\/fr\/shop\/stil-fit-porte-bouteille\/\"]}]}]}<\/script>\n<!-- \/ Yoast SEO Premium plugin. -->","post_mailing_queue_ids":[],"_links":{"self":[{"href":"https:\/\/stil-fit.com\/fr\/wp-json\/wp\/v2\/product\/35131","targetHints":{"allow":["GET"]}}],"collection":[{"href":"https:\/\/stil-fit.com\/fr\/wp-json\/wp\/v2\/product"}],"about":[{"href":"https:\/\/stil-fit.com\/fr\/wp-json\/wp\/v2\/types\/product"}],"replies":[{"embeddable":true,"href":"https:\/\/stil-fit.com\/fr\/wp-json\/wp\/v2\/comments?post=35131"}],"wp:featuredmedia":[{"embeddable":true,"href":"https:\/\/stil-fit.com\/fr\/wp-json\/wp\/v2\/media\/31502"}],"wp:attachment":[{"href":"https:\/\/stil-fit.com\/fr\/wp-json\/wp\/v2\/media?parent=35131"}],"wp:term":[{"taxonomy":"product_brand","embeddable":true,"href":"https:\/\/stil-fit.com\/fr\/wp-json\/wp\/v2\/product_brand?post=35131"},{"taxonomy":"product_cat","embeddable":true,"href":"https:\/\/stil-fit.com\/fr\/wp-json\/wp\/v2\/product_cat?post=35131"},{"taxonomy":"product_tag","embeddable":true,"href":"https:\/\/stil-fit.com\/fr\/wp-json\/wp\/v2\/product_tag?post=35131"},{"taxonomy":"yst_prominent_words","embeddable":true,"href":"https:\/\/stil-fit.com\/fr\/wp-json\/wp\/v2\/yst_prominent_words?post=35131"}],"curies":[{"name":"wp","href":"https:\/\/api.w.org\/{rel}","templated":true}]}}