{"id":35141,"date":"2023-11-09T10:51:27","date_gmt":"2025-03-27T12:31:10","guid":{"rendered":"https:\/\/stil-fit.com\/shop\/stil-fit-porte-tablette-rower-pro\/"},"modified":"2025-03-27T13:31:10","modified_gmt":"2025-03-27T12:31:10","slug":"stil-fit-porte-tablette-rower-pro","status":"publish","type":"product","link":"https:\/\/stil-fit.com\/fr\/shop\/stil-fit-porte-tablette-rower-pro\/","title":{"rendered":"STIL-FIT Porte-tablette Rower PRO"},"content":{"rendered":"<h1>STIL-FIT Porte-tablette Rower PRO<\/h1>\n<p>Le support de tablette STIL-FIT vous permet de profiter d&#8217;un divertissement complet pendant que vous vous entra\u00eenez. Regardez la t\u00e9l\u00e9vision, votre s\u00e9rie Netflix pr\u00e9f\u00e9r\u00e9e ou les actualit\u00e9s. <\/p>\n<p>Le support de tablette est r\u00e9glable en hauteur et en angle. Si vous n&#8217;utilisez pas le rameur, vous pouvez le replier pour le ranger. <\/p>\n<h2>Profitez de toutes les options de divertissement<\/h2>\n<p>Le STIL-FIT Rower PRO est compatible avec les applications Kinomap et EXR pour une motivation suppl\u00e9mentaire. D\u00e9couvrez le monde avec des milliers de pistes d&#8217;aviron, affrontez vos amis et exportez vos donn\u00e9es d&#8217;entra\u00eenement.<\/p>\n","protected":false},"excerpt":{"rendered":"<p>&nbsp;<\/p>\n<p>Le support de tablette est le compl\u00e9ment id\u00e9al pour votre rameur STIL-FIT Rowing Machine PRO. Il vous permet de placer votre tablette devant vous, afin que vous puissiez regarder votre \u00e9mission pr\u00e9f\u00e9r\u00e9e sur Netflix ou la t\u00e9l\u00e9vision. En outre, vous pouvez am\u00e9liorer votre entra\u00eenement en utilisant les applications Kinomap ou EXR pour une exp\u00e9rience d&#8217;entra\u00eenement encore meilleure.  <\/p>\n<ul>\n<li>Fabriqu\u00e9 pour vous dans notre usine de Munich.<\/li>\n<li>Fabriqu\u00e9 en Allemagne<\/li>\n<li>Livraison gratuite<\/li>\n<\/ul>\n","protected":false},"featured_media":31622,"comment_status":"open","ping_status":"closed","template":"","meta":{"_monsterinsights_skip_tracking":false,"_monsterinsights_sitenote_active":false,"_monsterinsights_sitenote_note":"","_monsterinsights_sitenote_category":0},"product_brand":[],"product_cat":[2480,2473],"product_tag":[2548,2606,2557,2543,2559,2564],"yst_prominent_words":[256,1183,1424,1425,1440,1439,260,527,161,1188,1189,251,602,261,593,594,1182,267],"class_list":{"0":"post-35141","1":"product","2":"type-product","3":"status-publish","4":"has-post-thumbnail","6":"product_cat-accessoires-fr","7":"product_cat-rameur","8":"product_tag-aviron-fr","9":"product_tag-conception-de-fitness-fr","10":"product_tag-fitness-a-domicile","11":"product_tag-rameur-fr","12":"product_tag-studio-de-fitness-maison","13":"product_tag-support-de-tablette","14":"product_shipping_class-kleingerate-fr","16":"first","17":"instock","18":"taxable","19":"shipping-taxable","20":"purchasable","21":"product-type-simple"},"composite_virtual":false,"composite_layout":"","composite_add_to_cart_form_location":"","composite_editable_in_cart":false,"composite_sold_individually_context":"","composite_shop_price_calc":"","composite_components":[],"composite_scenarios":[],"bundled_by":[],"bundle_stock_status":"instock","bundle_stock_quantity":null,"bundle_virtual":false,"bundle_layout":"","bundle_add_to_cart_form_location":"","bundle_editable_in_cart":false,"bundle_sold_individually_context":"","bundle_item_grouping":"","bundle_min_size":"","bundle_max_size":"","bundle_price":[],"bundled_items":[],"bundle_sell_ids":[9946],"yoast_head":"<!-- This site is optimized with the Yoast SEO Premium plugin v14.5 - https:\/\/yoast.com\/wordpress\/plugins\/seo\/ -->\n<title>STIL-FIT Porte-tablette Rower PRO | Am\u00e9liorez votre Rameur PRO<\/title>\n<meta name=\"description\" content=\"Le support de tablette STIL-FIT est con\u00e7u pour que votre tablette soit toujours visible pendant votre entra\u00eenement. Convient \u00e0 toutes les tailles de tablettes.\" \/>\n<meta name=\"robots\" content=\"index, follow\" \/>\n<meta name=\"googlebot\" content=\"index, follow, max-snippet:-1, max-image-preview:large, max-video-preview:-1\" \/>\n<meta name=\"bingbot\" content=\"index, follow, max-snippet:-1, max-image-preview:large, max-video-preview:-1\" \/>\n<link rel=\"canonical\" href=\"https:\/\/stil-fit.com\/fr\/shop\/stil-fit-porte-tablette-rower-pro\/\" \/>\n<meta property=\"og:locale\" content=\"fr_FR\" \/>\n<meta property=\"og:type\" content=\"article\" \/>\n<meta property=\"og:title\" content=\"STIL-FIT Porte-tablette Rower PRO | Am\u00e9liorez votre Rameur PRO\" \/>\n<meta property=\"og:description\" content=\"Le support de tablette STIL-FIT est con\u00e7u pour que votre tablette soit toujours visible pendant votre entra\u00eenement. Convient \u00e0 toutes les tailles de tablettes.\" \/>\n<meta property=\"og:url\" content=\"https:\/\/stil-fit.com\/fr\/shop\/stil-fit-porte-tablette-rower-pro\/\" \/>\n<meta property=\"og:site_name\" content=\"STIL-FIT\" \/>\n<meta property=\"article:publisher\" content=\"https:\/\/de-de.facebook.com\/stilfit\/\" \/>\n<meta property=\"og:image\" content=\"https:\/\/stil-fit.com\/wp-content\/uploads\/2023\/11\/STIL-FIT-Rower-PRO-Tablet-holder.jpg\" \/>\n\t<meta property=\"og:image:width\" content=\"785\" \/>\n\t<meta property=\"og:image:height\" content=\"785\" \/>\n<meta name=\"twitter:card\" content=\"summary_large_image\" \/>\n<script type=\"application\/ld+json\" class=\"yoast-schema-graph\">{\"@context\":\"https:\/\/schema.org\",\"@graph\":[{\"@type\":\"Organization\",\"@id\":\"https:\/\/stil-fit.com\/fr\/#organization\",\"name\":\"STIL-FIT International GmbH\",\"url\":\"https:\/\/stil-fit.com\/fr\/\",\"sameAs\":[\"https:\/\/de-de.facebook.com\/stilfit\/\",\"https:\/\/www.instagram.com\/stil_fit_int\/\",\"https:\/\/www.linkedin.com\/company\/stil-fit-international-gmbh\",\"https:\/\/www.youtube.com\/channel\/UC2HA1BeZtFB0acPMfq1hKdQ\",\"https:\/\/www.pinterest.com\/STILFITInt\/\"],\"logo\":{\"@type\":\"ImageObject\",\"@id\":\"https:\/\/stil-fit.com\/fr\/#logo\",\"inLanguage\":\"fr-FR\",\"url\":\"https:\/\/stil-fit.com\/wp-content\/uploads\/2019\/02\/stilfit_logo.jpg\",\"width\":150,\"height\":150,\"caption\":\"STIL-FIT International GmbH\"},\"image\":{\"@id\":\"https:\/\/stil-fit.com\/fr\/#logo\"}},{\"@type\":\"WebSite\",\"@id\":\"https:\/\/stil-fit.com\/fr\/#website\",\"url\":\"https:\/\/stil-fit.com\/fr\/\",\"name\":\"STIL-FIT\",\"description\":\"Stil-fit\",\"publisher\":{\"@id\":\"https:\/\/stil-fit.com\/fr\/#organization\"},\"potentialAction\":[{\"@type\":\"SearchAction\",\"target\":\"https:\/\/stil-fit.com\/fr\/?s={search_term_string}\",\"query-input\":\"required name=search_term_string\"}],\"inLanguage\":\"fr-FR\"},{\"@type\":\"ImageObject\",\"@id\":\"https:\/\/stil-fit.com\/fr\/shop\/stil-fit-porte-tablette-rower-pro\/#primaryimage\",\"inLanguage\":\"fr-FR\",\"url\":\"https:\/\/stil-fit.com\/wp-content\/uploads\/2023\/11\/STIL-FIT-Rower-PRO-Tablet-holder.jpg\",\"width\":785,\"height\":785},{\"@type\":\"WebPage\",\"@id\":\"https:\/\/stil-fit.com\/fr\/shop\/stil-fit-porte-tablette-rower-pro\/#webpage\",\"url\":\"https:\/\/stil-fit.com\/fr\/shop\/stil-fit-porte-tablette-rower-pro\/\",\"name\":\"STIL-FIT Porte-tablette Rower PRO | Am\\u00e9liorez votre Rameur PRO\",\"isPartOf\":{\"@id\":\"https:\/\/stil-fit.com\/fr\/#website\"},\"primaryImageOfPage\":{\"@id\":\"https:\/\/stil-fit.com\/fr\/shop\/stil-fit-porte-tablette-rower-pro\/#primaryimage\"},\"datePublished\":\"2025-03-27T12:31:10+00:00\",\"dateModified\":\"2025-03-27T12:31:10+00:00\",\"description\":\"Le support de tablette STIL-FIT est con\\u00e7u pour que votre tablette soit toujours visible pendant votre entra\\u00eenement. Convient \\u00e0 toutes les tailles de tablettes.\",\"inLanguage\":\"fr-FR\",\"potentialAction\":[{\"@type\":\"ReadAction\",\"target\":[\"https:\/\/stil-fit.com\/fr\/shop\/stil-fit-porte-tablette-rower-pro\/\"]}]}]}<\/script>\n<!-- \/ Yoast SEO Premium plugin. -->","post_mailing_queue_ids":[],"_links":{"self":[{"href":"https:\/\/stil-fit.com\/fr\/wp-json\/wp\/v2\/product\/35141","targetHints":{"allow":["GET"]}}],"collection":[{"href":"https:\/\/stil-fit.com\/fr\/wp-json\/wp\/v2\/product"}],"about":[{"href":"https:\/\/stil-fit.com\/fr\/wp-json\/wp\/v2\/types\/product"}],"replies":[{"embeddable":true,"href":"https:\/\/stil-fit.com\/fr\/wp-json\/wp\/v2\/comments?post=35141"}],"wp:featuredmedia":[{"embeddable":true,"href":"https:\/\/stil-fit.com\/fr\/wp-json\/wp\/v2\/media\/31622"}],"wp:attachment":[{"href":"https:\/\/stil-fit.com\/fr\/wp-json\/wp\/v2\/media?parent=35141"}],"wp:term":[{"taxonomy":"product_brand","embeddable":true,"href":"https:\/\/stil-fit.com\/fr\/wp-json\/wp\/v2\/product_brand?post=35141"},{"taxonomy":"product_cat","embeddable":true,"href":"https:\/\/stil-fit.com\/fr\/wp-json\/wp\/v2\/product_cat?post=35141"},{"taxonomy":"product_tag","embeddable":true,"href":"https:\/\/stil-fit.com\/fr\/wp-json\/wp\/v2\/product_tag?post=35141"},{"taxonomy":"yst_prominent_words","embeddable":true,"href":"https:\/\/stil-fit.com\/fr\/wp-json\/wp\/v2\/yst_prominent_words?post=35141"}],"curies":[{"name":"wp","href":"https:\/\/api.w.org\/{rel}","templated":true}]}}