{"id":35151,"date":"2023-02-03T11:01:38","date_gmt":"2025-03-27T12:39:53","guid":{"rendered":"https:\/\/stil-fit.com\/shop\/stil-fit-selle-edition-blanche\/"},"modified":"2025-03-27T13:39:53","modified_gmt":"2025-03-27T12:39:53","slug":"stil-fit-selle-edition-blanche","status":"publish","type":"product","link":"https:\/\/stil-fit.com\/fr\/shop\/stil-fit-selle-edition-blanche\/","title":{"rendered":"STIL-FIT Selle &#8220;\u00c9dition blanche&#8221;"},"content":{"rendered":"<h1><span style=\"font-size: 75%;\">STIL-FIT Selle &#8220;\u00c9dition blanche&#8221;<\/span><\/h1>\n<p>Ajoutez un peu de style \u00e0 votre v\u00e9lo avec notre selle blanche avec notre logo STIL-FIT.<\/p>\n<p>Une selle en gel sportive mais toujours confortable pour votre ergom\u00e8tre produite exclusivement pour nous par notre partenaire ERGON.<\/p>\n","protected":false},"excerpt":{"rendered":"<p>&nbsp;<\/p>\n<ul>\n<li>Selle en gel blanc<\/li>\n<li>Y compris notre logo STIL-FIT <\/li>\n<li>Livraison gratuite<\/li>\n<\/ul>\n","protected":false},"featured_media":24035,"comment_status":"closed","ping_status":"closed","template":"","meta":{"_monsterinsights_skip_tracking":false,"_monsterinsights_sitenote_active":false,"_monsterinsights_sitenote_note":"","_monsterinsights_sitenote_category":0},"product_brand":[],"product_cat":[2937,2471],"product_tag":[],"yst_prominent_words":[],"class_list":{"0":"post-35151","1":"product","2":"type-product","3":"status-publish","4":"has-post-thumbnail","6":"product_cat-uncategorised-fr","7":"product_cat-velos-dinterieur","8":"product_shipping_class-kleingerate-fr","10":"first","11":"outofstock","12":"taxable","13":"shipping-taxable","14":"purchasable","15":"product-type-simple"},"composite_virtual":false,"composite_layout":"","composite_add_to_cart_form_location":"","composite_editable_in_cart":false,"composite_sold_individually_context":"","composite_shop_price_calc":"","composite_components":[],"composite_scenarios":[],"bundled_by":[],"bundle_stock_status":"outofstock","bundle_stock_quantity":null,"bundle_virtual":false,"bundle_layout":"","bundle_add_to_cart_form_location":"","bundle_editable_in_cart":false,"bundle_sold_individually_context":"","bundle_item_grouping":"","bundle_min_size":"","bundle_max_size":"","bundle_price":[],"bundled_items":[],"bundle_sell_ids":[],"yoast_head":"<!-- This site is optimized with the Yoast SEO Premium plugin v14.5 - https:\/\/yoast.com\/wordpress\/plugins\/seo\/ -->\n<title>STIL-FIT Selle &quot;\u00c9dition blanche&quot; | Le v\u00e9lo en toute simplicit\u00e9<\/title>\n<meta name=\"robots\" content=\"index, follow\" \/>\n<meta name=\"googlebot\" content=\"index, follow, max-snippet:-1, max-image-preview:large, max-video-preview:-1\" \/>\n<meta name=\"bingbot\" content=\"index, follow, max-snippet:-1, max-image-preview:large, max-video-preview:-1\" \/>\n<link rel=\"canonical\" href=\"https:\/\/stil-fit.com\/fr\/shop\/stil-fit-selle-edition-blanche\/\" \/>\n<meta property=\"og:locale\" content=\"fr_FR\" \/>\n<meta property=\"og:type\" content=\"article\" \/>\n<meta property=\"og:title\" content=\"STIL-FIT Selle &quot;\u00c9dition blanche&quot; | Le v\u00e9lo en toute simplicit\u00e9\" \/>\n<meta property=\"og:description\" content=\"&nbsp;  Selle en gel blanc  Y compris notre logo STIL-FIT  Livraison gratuite\" \/>\n<meta property=\"og:url\" content=\"https:\/\/stil-fit.com\/fr\/shop\/stil-fit-selle-edition-blanche\/\" \/>\n<meta property=\"og:site_name\" content=\"STIL-FIT\" \/>\n<meta property=\"article:publisher\" content=\"https:\/\/de-de.facebook.com\/stilfit\/\" \/>\n<meta property=\"og:image\" content=\"https:\/\/stil-fit.com\/wp-content\/uploads\/2019\/07\/STIL-FIT-Sattel-Ergon-weiss.jpg\" \/>\n\t<meta property=\"og:image:width\" content=\"1200\" \/>\n\t<meta property=\"og:image:height\" content=\"1200\" \/>\n<meta name=\"twitter:card\" content=\"summary_large_image\" \/>\n<script type=\"application\/ld+json\" class=\"yoast-schema-graph\">{\"@context\":\"https:\/\/schema.org\",\"@graph\":[{\"@type\":\"Organization\",\"@id\":\"https:\/\/stil-fit.com\/fr\/#organization\",\"name\":\"STIL-FIT International GmbH\",\"url\":\"https:\/\/stil-fit.com\/fr\/\",\"sameAs\":[\"https:\/\/de-de.facebook.com\/stilfit\/\",\"https:\/\/www.instagram.com\/stil_fit_int\/\",\"https:\/\/www.linkedin.com\/company\/stil-fit-international-gmbh\",\"https:\/\/www.youtube.com\/channel\/UC2HA1BeZtFB0acPMfq1hKdQ\",\"https:\/\/www.pinterest.com\/STILFITInt\/\"],\"logo\":{\"@type\":\"ImageObject\",\"@id\":\"https:\/\/stil-fit.com\/fr\/#logo\",\"inLanguage\":\"fr-FR\",\"url\":\"https:\/\/stil-fit.com\/wp-content\/uploads\/2019\/02\/stilfit_logo.jpg\",\"width\":150,\"height\":150,\"caption\":\"STIL-FIT International GmbH\"},\"image\":{\"@id\":\"https:\/\/stil-fit.com\/fr\/#logo\"}},{\"@type\":\"WebSite\",\"@id\":\"https:\/\/stil-fit.com\/fr\/#website\",\"url\":\"https:\/\/stil-fit.com\/fr\/\",\"name\":\"STIL-FIT\",\"description\":\"Stil-fit\",\"publisher\":{\"@id\":\"https:\/\/stil-fit.com\/fr\/#organization\"},\"potentialAction\":[{\"@type\":\"SearchAction\",\"target\":\"https:\/\/stil-fit.com\/fr\/?s={search_term_string}\",\"query-input\":\"required name=search_term_string\"}],\"inLanguage\":\"fr-FR\"},{\"@type\":\"ImageObject\",\"@id\":\"https:\/\/stil-fit.com\/fr\/shop\/stil-fit-selle-edition-blanche\/#primaryimage\",\"inLanguage\":\"fr-FR\",\"url\":\"https:\/\/stil-fit.com\/wp-content\/uploads\/2019\/07\/STIL-FIT-Sattel-Ergon-weiss.jpg\",\"width\":1200,\"height\":1200},{\"@type\":\"WebPage\",\"@id\":\"https:\/\/stil-fit.com\/fr\/shop\/stil-fit-selle-edition-blanche\/#webpage\",\"url\":\"https:\/\/stil-fit.com\/fr\/shop\/stil-fit-selle-edition-blanche\/\",\"name\":\"STIL-FIT Selle \\\"\\u00c9dition blanche\\\" | Le v\\u00e9lo en toute simplicit\\u00e9\",\"isPartOf\":{\"@id\":\"https:\/\/stil-fit.com\/fr\/#website\"},\"primaryImageOfPage\":{\"@id\":\"https:\/\/stil-fit.com\/fr\/shop\/stil-fit-selle-edition-blanche\/#primaryimage\"},\"datePublished\":\"2025-03-27T12:39:53+00:00\",\"dateModified\":\"2025-03-27T12:39:53+00:00\",\"inLanguage\":\"fr-FR\",\"potentialAction\":[{\"@type\":\"ReadAction\",\"target\":[\"https:\/\/stil-fit.com\/fr\/shop\/stil-fit-selle-edition-blanche\/\"]}]}]}<\/script>\n<!-- \/ Yoast SEO Premium plugin. -->","post_mailing_queue_ids":[],"_links":{"self":[{"href":"https:\/\/stil-fit.com\/fr\/wp-json\/wp\/v2\/product\/35151","targetHints":{"allow":["GET"]}}],"collection":[{"href":"https:\/\/stil-fit.com\/fr\/wp-json\/wp\/v2\/product"}],"about":[{"href":"https:\/\/stil-fit.com\/fr\/wp-json\/wp\/v2\/types\/product"}],"replies":[{"embeddable":true,"href":"https:\/\/stil-fit.com\/fr\/wp-json\/wp\/v2\/comments?post=35151"}],"wp:featuredmedia":[{"embeddable":true,"href":"https:\/\/stil-fit.com\/fr\/wp-json\/wp\/v2\/media\/24035"}],"wp:attachment":[{"href":"https:\/\/stil-fit.com\/fr\/wp-json\/wp\/v2\/media?parent=35151"}],"wp:term":[{"taxonomy":"product_brand","embeddable":true,"href":"https:\/\/stil-fit.com\/fr\/wp-json\/wp\/v2\/product_brand?post=35151"},{"taxonomy":"product_cat","embeddable":true,"href":"https:\/\/stil-fit.com\/fr\/wp-json\/wp\/v2\/product_cat?post=35151"},{"taxonomy":"product_tag","embeddable":true,"href":"https:\/\/stil-fit.com\/fr\/wp-json\/wp\/v2\/product_tag?post=35151"},{"taxonomy":"yst_prominent_words","embeddable":true,"href":"https:\/\/stil-fit.com\/fr\/wp-json\/wp\/v2\/yst_prominent_words?post=35151"}],"curies":[{"name":"wp","href":"https:\/\/api.w.org\/{rel}","templated":true}]}}