{"id":35179,"date":"2023-05-17T16:16:58","date_gmt":"2025-03-27T12:40:41","guid":{"rendered":"https:\/\/stil-fit.com\/shop\/stil-fit-bike-nero-edition\/"},"modified":"2025-03-27T13:40:41","modified_gmt":"2025-03-27T12:40:41","slug":"stil-fit-bike-nero-edition","status":"publish","type":"product","link":"https:\/\/stil-fit.com\/fr\/shop\/stil-fit-bike-nero-edition\/","title":{"rendered":"STIL-FIT Bike NERO Edition"},"content":{"rendered":"<h1><strong>Une ic\u00f4ne dans le domaine des v\u00e9los de fitness &#8211; STIL-FIT Bike NERO Edition<\/strong><\/h1>\n<p>&nbsp;<\/p>\n<h2><strong>Mat\u00e9riaux les plus nobles<\/strong><\/h2>\n<p>Nous travaillons avec le v\u00e9lo NERO en aluminium, en acier, en bois de noyer et en cuir &#8211; la qualit\u00e9 jusque dans les moindres d\u00e9tails.<\/p>\n<h2><\/h2>\n<h2><strong>Compl\u00e8tement interactif<\/strong><\/h2>\n<p>Associez le Bike Nero \u00e0 l&#8217;application STIL-FIT ou \u00e0 d&#8217;autres applications telles que Kinomap, Zwift ou Rouvy.<\/p>\n<h2><\/h2>\n<h2><strong>Autosuffisance et durabilit\u00e9<\/strong><\/h2>\n<p>Vous produisez l&#8217;\u00e9lectricit\u00e9 n\u00e9cessaire gr\u00e2ce \u00e0 votre entra\u00eenement. Aucune prise de courant n&#8217;est n\u00e9cessaire. <\/p>\n<p>&nbsp;<\/p>\n","protected":false},"excerpt":{"rendered":"<p>&nbsp;<\/p>\n<p>Le v\u00e9lo NERO &#8216;Edition&#8217; est le nouveau chef-d&#8217;\u0153uvre de notre designer Anton Maria Rief. Il combine un design exceptionnel avec des composants \u00e9l\u00e9gants et une fonctionnalit\u00e9 parfaite. <\/p>\n<p><strong>Exp\u00e9dition dans les 7 jours ouvrables<\/strong><\/p>\n<p>&#8211; Fabriqu\u00e9 en Allemagne<\/p>\n<p>&#8211; Livraison gratuite<\/p>\n<p>&#8211; 0% Paiement \u00e9chelonn\u00e9<\/p>\n","protected":false},"featured_media":29937,"comment_status":"open","ping_status":"closed","template":"","meta":{"_monsterinsights_skip_tracking":false,"_monsterinsights_sitenote_active":false,"_monsterinsights_sitenote_note":"","_monsterinsights_sitenote_category":0},"product_brand":[],"product_cat":[2937,2471],"product_tag":[2594,2598,2557,3194,3196],"yst_prominent_words":[256,1442,1456,1460,1457,1462,591,161,251,1461,1459,1458,593,648],"class_list":{"0":"post-35179","1":"product","2":"type-product","3":"status-publish","4":"has-post-thumbnail","6":"product_cat-uncategorised-fr","7":"product_cat-velos-dinterieur","8":"product_tag-conception-de-fitness","9":"product_tag-ergometre-fr","10":"product_tag-fitness-a-domicile","11":"product_tag-fitnessbike-fr","12":"product_tag-heimtrainer-fr","13":"product_shipping_class-ergometre","15":"first","16":"instock","17":"taxable","18":"shipping-taxable","19":"purchasable","20":"product-type-simple"},"composite_virtual":false,"composite_layout":"","composite_add_to_cart_form_location":"","composite_editable_in_cart":false,"composite_sold_individually_context":"","composite_shop_price_calc":"","composite_components":[],"composite_scenarios":[],"bundled_by":[],"bundle_stock_status":"instock","bundle_stock_quantity":null,"bundle_virtual":false,"bundle_layout":"","bundle_add_to_cart_form_location":"","bundle_editable_in_cart":false,"bundle_sold_individually_context":"","bundle_item_grouping":"","bundle_min_size":"","bundle_max_size":"","bundle_price":[],"bundled_items":[],"bundle_sell_ids":[9946],"yoast_head":"<!-- This site is optimized with the Yoast SEO Premium plugin v14.5 - https:\/\/yoast.com\/wordpress\/plugins\/seo\/ -->\n<title>STIL-FIT Bike NERO Edition | \u00c9dition sp\u00e9ciale exclusive fabriqu\u00e9e en Allemagne<\/title>\n<meta name=\"description\" content=\"Commandez le STIL-FIT Bike NERO Edition directement \u00e0 notre usine o\u00f9 il est assembl\u00e9 \u00e0 la main. Con\u00e7u et d\u00e9velopp\u00e9 \u00e0 Munich, en Allemagne.\" \/>\n<meta name=\"robots\" content=\"index, follow\" \/>\n<meta name=\"googlebot\" content=\"index, follow, max-snippet:-1, max-image-preview:large, max-video-preview:-1\" \/>\n<meta name=\"bingbot\" content=\"index, follow, max-snippet:-1, max-image-preview:large, max-video-preview:-1\" \/>\n<link rel=\"canonical\" href=\"https:\/\/stil-fit.com\/fr\/shop\/stil-fit-bike-nero-edition\/\" \/>\n<meta property=\"og:locale\" content=\"fr_FR\" \/>\n<meta property=\"og:type\" content=\"article\" \/>\n<meta property=\"og:title\" content=\"STIL-FIT Bike NERO Edition | \u00c9dition sp\u00e9ciale exclusive fabriqu\u00e9e en Allemagne\" \/>\n<meta property=\"og:description\" content=\"Commandez le STIL-FIT Bike NERO Edition directement \u00e0 notre usine o\u00f9 il est assembl\u00e9 \u00e0 la main. Con\u00e7u et d\u00e9velopp\u00e9 \u00e0 Munich, en Allemagne.\" \/>\n<meta property=\"og:url\" content=\"https:\/\/stil-fit.com\/fr\/shop\/stil-fit-bike-nero-edition\/\" \/>\n<meta property=\"og:site_name\" content=\"STIL-FIT\" \/>\n<meta property=\"article:publisher\" content=\"https:\/\/de-de.facebook.com\/stilfit\/\" \/>\n<meta property=\"og:image\" content=\"https:\/\/stil-fit.com\/wp-content\/uploads\/2023\/05\/STIL-FIT-Ergometer-NERO-1.jpg\" \/>\n\t<meta property=\"og:image:width\" content=\"1772\" \/>\n\t<meta property=\"og:image:height\" content=\"1772\" \/>\n<meta name=\"twitter:card\" content=\"summary_large_image\" \/>\n<script type=\"application\/ld+json\" class=\"yoast-schema-graph\">{\"@context\":\"https:\/\/schema.org\",\"@graph\":[{\"@type\":\"Organization\",\"@id\":\"https:\/\/stil-fit.com\/fr\/#organization\",\"name\":\"STIL-FIT International GmbH\",\"url\":\"https:\/\/stil-fit.com\/fr\/\",\"sameAs\":[\"https:\/\/de-de.facebook.com\/stilfit\/\",\"https:\/\/www.instagram.com\/stil_fit_int\/\",\"https:\/\/www.linkedin.com\/company\/stil-fit-international-gmbh\",\"https:\/\/www.youtube.com\/channel\/UC2HA1BeZtFB0acPMfq1hKdQ\",\"https:\/\/www.pinterest.com\/STILFITInt\/\"],\"logo\":{\"@type\":\"ImageObject\",\"@id\":\"https:\/\/stil-fit.com\/fr\/#logo\",\"inLanguage\":\"fr-FR\",\"url\":\"https:\/\/stil-fit.com\/wp-content\/uploads\/2019\/02\/stilfit_logo.jpg\",\"width\":150,\"height\":150,\"caption\":\"STIL-FIT International GmbH\"},\"image\":{\"@id\":\"https:\/\/stil-fit.com\/fr\/#logo\"}},{\"@type\":\"WebSite\",\"@id\":\"https:\/\/stil-fit.com\/fr\/#website\",\"url\":\"https:\/\/stil-fit.com\/fr\/\",\"name\":\"STIL-FIT\",\"description\":\"Stil-fit\",\"publisher\":{\"@id\":\"https:\/\/stil-fit.com\/fr\/#organization\"},\"potentialAction\":[{\"@type\":\"SearchAction\",\"target\":\"https:\/\/stil-fit.com\/fr\/?s={search_term_string}\",\"query-input\":\"required name=search_term_string\"}],\"inLanguage\":\"fr-FR\"},{\"@type\":\"ImageObject\",\"@id\":\"https:\/\/stil-fit.com\/fr\/shop\/stil-fit-bike-nero-edition\/#primaryimage\",\"inLanguage\":\"fr-FR\",\"url\":\"https:\/\/stil-fit.com\/wp-content\/uploads\/2023\/05\/STIL-FIT-Ergometer-NERO-1.jpg\",\"width\":1772,\"height\":1772},{\"@type\":\"WebPage\",\"@id\":\"https:\/\/stil-fit.com\/fr\/shop\/stil-fit-bike-nero-edition\/#webpage\",\"url\":\"https:\/\/stil-fit.com\/fr\/shop\/stil-fit-bike-nero-edition\/\",\"name\":\"STIL-FIT Bike NERO Edition | \\u00c9dition sp\\u00e9ciale exclusive fabriqu\\u00e9e en Allemagne\",\"isPartOf\":{\"@id\":\"https:\/\/stil-fit.com\/fr\/#website\"},\"primaryImageOfPage\":{\"@id\":\"https:\/\/stil-fit.com\/fr\/shop\/stil-fit-bike-nero-edition\/#primaryimage\"},\"datePublished\":\"2025-03-27T12:40:41+00:00\",\"dateModified\":\"2025-03-27T12:40:41+00:00\",\"description\":\"Commandez le STIL-FIT Bike NERO Edition directement \\u00e0 notre usine o\\u00f9 il est assembl\\u00e9 \\u00e0 la main. Con\\u00e7u et d\\u00e9velopp\\u00e9 \\u00e0 Munich, en Allemagne.\",\"inLanguage\":\"fr-FR\",\"potentialAction\":[{\"@type\":\"ReadAction\",\"target\":[\"https:\/\/stil-fit.com\/fr\/shop\/stil-fit-bike-nero-edition\/\"]}]}]}<\/script>\n<!-- \/ Yoast SEO Premium plugin. -->","post_mailing_queue_ids":[],"_links":{"self":[{"href":"https:\/\/stil-fit.com\/fr\/wp-json\/wp\/v2\/product\/35179","targetHints":{"allow":["GET"]}}],"collection":[{"href":"https:\/\/stil-fit.com\/fr\/wp-json\/wp\/v2\/product"}],"about":[{"href":"https:\/\/stil-fit.com\/fr\/wp-json\/wp\/v2\/types\/product"}],"replies":[{"embeddable":true,"href":"https:\/\/stil-fit.com\/fr\/wp-json\/wp\/v2\/comments?post=35179"}],"wp:featuredmedia":[{"embeddable":true,"href":"https:\/\/stil-fit.com\/fr\/wp-json\/wp\/v2\/media\/29937"}],"wp:attachment":[{"href":"https:\/\/stil-fit.com\/fr\/wp-json\/wp\/v2\/media?parent=35179"}],"wp:term":[{"taxonomy":"product_brand","embeddable":true,"href":"https:\/\/stil-fit.com\/fr\/wp-json\/wp\/v2\/product_brand?post=35179"},{"taxonomy":"product_cat","embeddable":true,"href":"https:\/\/stil-fit.com\/fr\/wp-json\/wp\/v2\/product_cat?post=35179"},{"taxonomy":"product_tag","embeddable":true,"href":"https:\/\/stil-fit.com\/fr\/wp-json\/wp\/v2\/product_tag?post=35179"},{"taxonomy":"yst_prominent_words","embeddable":true,"href":"https:\/\/stil-fit.com\/fr\/wp-json\/wp\/v2\/yst_prominent_words?post=35179"}],"curies":[{"name":"wp","href":"https:\/\/api.w.org\/{rel}","templated":true}]}}