{"id":35215,"date":"2023-09-28T15:45:04","date_gmt":"2025-03-27T12:42:12","guid":{"rendered":"https:\/\/stil-fit.com\/shop\/stil-fit-functional-trainer-pro\/"},"modified":"2025-06-25T11:53:52","modified_gmt":"2025-06-25T09:53:52","slug":"kabelzug-pro","status":"publish","type":"product","link":"https:\/\/stil-fit.com\/fr\/shop\/kabelzug-pro\/","title":{"rendered":"STIL-FIT Functional Trainer PRO"},"content":{"rendered":"<h1><strong><span style=\"color: #282828;\">Le <span style=\"caret-color: #282828;\">Mur Fitness<\/span> pro STIL-FIT <\/span><\/strong><\/h1>\n<h2><strong><span style=\"font-size: 100%;\">Gain de place  <\/span><\/strong><\/h2>\n<p>Le Mur Fitness STIL-FIT optimise l&#8217;espace disponible gr\u00e2ce \u00e0 ses dimensions compactes. Vous n&#8217;avez besoin que de 0,5 m\u00b2 de surface au sol pour installer l&#8217;appareil. <\/p>\n<h2><span style=\"font-size: 100%;\"><strong>Machine de force multifonctionnelle<\/strong><\/span><\/h2>\n<p>Les poign\u00e9es sont pivotantes et peuvent \u00eatre r\u00e9gl\u00e9es en hauteur en continu. La distance entre les deux poign\u00e9es est de 90 cm, ce qui permet de nombreuses variantes d&#8217;exercices. <\/p>\n<h2><strong>Incroyablement polyvalent<\/strong><\/h2>\n<p>Avec ses deux poign\u00e9es, son unit\u00e9 de traction latissimus et sa barre de traction latissimus, le Mur Fitness pro est d\u00e9j\u00e0 \u00e9quip\u00e9 pour d&#8217;innombrables exercices.<\/p>\n<h2><strong><span style=\"font-size: 100%;\">Convivial  <\/span><\/strong><\/h2>\n<p>Des rep\u00e8res sur les glissi\u00e8res permettent de r\u00e9gler facilement la hauteur. Gr\u00e2ce \u00e0 notre bloc de poids sp\u00e9cial, le poids minimal au d\u00e9part est de 1,25 kg et le poids maximal de 42,5 kg par c\u00f4t\u00e9 de traction. La machine de musculation parfaite pour tous.<\/p>\n","protected":false},"excerpt":{"rendered":"<p>&nbsp;<\/p>\n<p>Notre Mur Fitness pro est une salle de gym compl\u00e8te dans un espace de 0,5 m\u00e8tre carr\u00e9 seulement. Gr\u00e2ce aux deux poign\u00e9es, \u00e0 l&#8217;unit\u00e9 de traction latissimus en option et \u00e0 la barre de traction latissimus, le Mur Fitness pro est pr\u00eat pour de nombreux exercices efficaces. <\/p>\n<p><strong>Pr\u00eat \u00e0 \u00eatre exp\u00e9di\u00e9 dans 2-3 semaines<\/strong><\/p>\n<ul>\n<li>Fabriqu\u00e9 \u00e0 la main pour vous dans notre manufacture de Munich.<\/li>\n<li>Y compris la traction latissimus et la barre de traction latissimus <\/li>\n<li>Montage facile, car l&#8217;appareil est presque enti\u00e8rement pr\u00e9mont\u00e9.<\/li>\n<li>Fabriqu\u00e9 en Allemagne<\/li>\n<li>Livraison gratuite (Allemagne &amp; Autriche)<\/li>\n<li>Paiement \u00e9chelonn\u00e9 \u00e0 0% (Allemagne uniquement)<\/li>\n<\/ul>\n<p><strong>Veuillez s\u00e9lectionner votre mod\u00e8le :  <\/strong><\/p>\n","protected":false},"featured_media":30776,"comment_status":"open","ping_status":"closed","template":"","meta":{"_monsterinsights_skip_tracking":false,"_monsterinsights_sitenote_active":false,"_monsterinsights_sitenote_note":"","_monsterinsights_sitenote_category":0},"product_brand":[],"product_cat":[2475,2477],"product_tag":[2601,2554,2613,2557,2537,2559],"yst_prominent_words":[164,1463,179,620,161,515],"class_list":{"0":"post-35215","1":"product","2":"type-product","3":"status-publish","4":"has-post-thumbnail","6":"product_cat-entrainement-de-force","7":"product_cat-mur-fitness","8":"product_tag-aptitude","9":"product_tag-entrainement-de-force-fr","10":"product_tag-entrainement-fonctionnel","11":"product_tag-fitness-a-domicile","12":"product_tag-mur-fitness-fr","13":"product_tag-studio-de-fitness-maison","14":"product_shipping_class-kabelzug-2-fr","16":"first","17":"instock","18":"taxable","19":"shipping-taxable","20":"purchasable","21":"product-type-variable","22":"has-default-attributes"},"composite_virtual":false,"composite_layout":"","composite_add_to_cart_form_location":"","composite_editable_in_cart":false,"composite_sold_individually_context":"","composite_shop_price_calc":"","composite_components":[],"composite_scenarios":[],"bundled_by":[],"bundle_stock_status":"instock","bundle_stock_quantity":null,"bundle_virtual":false,"bundle_layout":"","bundle_add_to_cart_form_location":"","bundle_editable_in_cart":false,"bundle_sold_individually_context":"","bundle_item_grouping":"","bundle_min_size":"","bundle_max_size":"","bundle_price":[],"bundled_items":[],"bundle_sell_ids":[35347,35306,35328,35169,35252],"yoast_head":"<!-- This site is optimized with the Yoast SEO Premium plugin v14.5 - https:\/\/yoast.com\/wordpress\/plugins\/seo\/ -->\n<title>STIL-FIT Functional Trainer PRO | Appareil de musculation polyvalent - Made in Germany<\/title>\n<meta name=\"description\" content=\"D\u00e9couvrez le Mur Fitness pro, une exclusivit\u00e9 STIL-FIT. | Con\u00e7u et d\u00e9velopp\u00e9 \u00e0 Munich. Commandez directement aupr\u00e8s du fabricant.\" \/>\n<meta name=\"robots\" content=\"index, follow\" \/>\n<meta name=\"googlebot\" content=\"index, follow, max-snippet:-1, max-image-preview:large, max-video-preview:-1\" \/>\n<meta name=\"bingbot\" content=\"index, follow, max-snippet:-1, max-image-preview:large, max-video-preview:-1\" \/>\n<link rel=\"canonical\" href=\"https:\/\/stil-fit.com\/fr\/shop\/kabelzug-pro\/\" \/>\n<meta property=\"og:locale\" content=\"fr_FR\" \/>\n<meta property=\"og:type\" content=\"article\" \/>\n<meta property=\"og:title\" content=\"STIL-FIT Functional Trainer PRO | Appareil de musculation polyvalent - Made in Germany\" \/>\n<meta property=\"og:description\" content=\"D\u00e9couvrez le Mur Fitness pro, une exclusivit\u00e9 STIL-FIT. | Con\u00e7u et d\u00e9velopp\u00e9 \u00e0 Munich. Commandez directement aupr\u00e8s du fabricant.\" \/>\n<meta property=\"og:url\" content=\"https:\/\/stil-fit.com\/fr\/shop\/kabelzug-pro\/\" \/>\n<meta property=\"og:site_name\" content=\"STIL-FIT\" \/>\n<meta property=\"article:publisher\" content=\"https:\/\/de-de.facebook.com\/stilfit\/\" \/>\n<meta property=\"article:modified_time\" content=\"2025-06-25T09:53:52+00:00\" \/>\n<meta property=\"og:image\" content=\"https:\/\/stil-fit.com\/wp-content\/uploads\/2023\/09\/STIL-FIT-Functional-Trainer-PRO-mirror-1.jpg\" \/>\n\t<meta property=\"og:image:width\" content=\"1181\" \/>\n\t<meta property=\"og:image:height\" content=\"1185\" \/>\n<meta name=\"twitter:card\" content=\"summary_large_image\" \/>\n<script type=\"application\/ld+json\" class=\"yoast-schema-graph\">{\"@context\":\"https:\/\/schema.org\",\"@graph\":[{\"@type\":\"Organization\",\"@id\":\"https:\/\/stil-fit.com\/fr\/#organization\",\"name\":\"STIL-FIT International GmbH\",\"url\":\"https:\/\/stil-fit.com\/fr\/\",\"sameAs\":[\"https:\/\/de-de.facebook.com\/stilfit\/\",\"https:\/\/www.instagram.com\/stil_fit_int\/\",\"https:\/\/www.linkedin.com\/company\/stil-fit-international-gmbh\",\"https:\/\/www.youtube.com\/channel\/UC2HA1BeZtFB0acPMfq1hKdQ\",\"https:\/\/www.pinterest.com\/STILFITInt\/\"],\"logo\":{\"@type\":\"ImageObject\",\"@id\":\"https:\/\/stil-fit.com\/fr\/#logo\",\"inLanguage\":\"fr-FR\",\"url\":\"https:\/\/stil-fit.com\/wp-content\/uploads\/2019\/02\/stilfit_logo.jpg\",\"width\":150,\"height\":150,\"caption\":\"STIL-FIT International GmbH\"},\"image\":{\"@id\":\"https:\/\/stil-fit.com\/fr\/#logo\"}},{\"@type\":\"WebSite\",\"@id\":\"https:\/\/stil-fit.com\/fr\/#website\",\"url\":\"https:\/\/stil-fit.com\/fr\/\",\"name\":\"STIL-FIT\",\"description\":\"Stil-fit\",\"publisher\":{\"@id\":\"https:\/\/stil-fit.com\/fr\/#organization\"},\"potentialAction\":[{\"@type\":\"SearchAction\",\"target\":\"https:\/\/stil-fit.com\/fr\/?s={search_term_string}\",\"query-input\":\"required name=search_term_string\"}],\"inLanguage\":\"fr-FR\"},{\"@type\":\"ImageObject\",\"@id\":\"https:\/\/stil-fit.com\/fr\/shop\/kabelzug-pro\/#primaryimage\",\"inLanguage\":\"fr-FR\",\"url\":\"https:\/\/stil-fit.com\/wp-content\/uploads\/2023\/09\/STIL-FIT-Functional-Trainer-PRO-mirror-1.jpg\",\"width\":1181,\"height\":1185},{\"@type\":\"WebPage\",\"@id\":\"https:\/\/stil-fit.com\/fr\/shop\/kabelzug-pro\/#webpage\",\"url\":\"https:\/\/stil-fit.com\/fr\/shop\/kabelzug-pro\/\",\"name\":\"STIL-FIT Functional Trainer PRO | Appareil de musculation polyvalent - Made in Germany\",\"isPartOf\":{\"@id\":\"https:\/\/stil-fit.com\/fr\/#website\"},\"primaryImageOfPage\":{\"@id\":\"https:\/\/stil-fit.com\/fr\/shop\/kabelzug-pro\/#primaryimage\"},\"datePublished\":\"2025-03-27T12:42:12+00:00\",\"dateModified\":\"2025-06-25T09:53:52+00:00\",\"description\":\"D\\u00e9couvrez le Mur Fitness pro, une exclusivit\\u00e9 STIL-FIT. | Con\\u00e7u et d\\u00e9velopp\\u00e9 \\u00e0 Munich. Commandez directement aupr\\u00e8s du fabricant.\",\"inLanguage\":\"fr-FR\",\"potentialAction\":[{\"@type\":\"ReadAction\",\"target\":[\"https:\/\/stil-fit.com\/fr\/shop\/kabelzug-pro\/\"]}]}]}<\/script>\n<!-- \/ Yoast SEO Premium plugin. -->","post_mailing_queue_ids":[],"_links":{"self":[{"href":"https:\/\/stil-fit.com\/fr\/wp-json\/wp\/v2\/product\/35215","targetHints":{"allow":["GET"]}}],"collection":[{"href":"https:\/\/stil-fit.com\/fr\/wp-json\/wp\/v2\/product"}],"about":[{"href":"https:\/\/stil-fit.com\/fr\/wp-json\/wp\/v2\/types\/product"}],"replies":[{"embeddable":true,"href":"https:\/\/stil-fit.com\/fr\/wp-json\/wp\/v2\/comments?post=35215"}],"wp:featuredmedia":[{"embeddable":true,"href":"https:\/\/stil-fit.com\/fr\/wp-json\/wp\/v2\/media\/30776"}],"wp:attachment":[{"href":"https:\/\/stil-fit.com\/fr\/wp-json\/wp\/v2\/media?parent=35215"}],"wp:term":[{"taxonomy":"product_brand","embeddable":true,"href":"https:\/\/stil-fit.com\/fr\/wp-json\/wp\/v2\/product_brand?post=35215"},{"taxonomy":"product_cat","embeddable":true,"href":"https:\/\/stil-fit.com\/fr\/wp-json\/wp\/v2\/product_cat?post=35215"},{"taxonomy":"product_tag","embeddable":true,"href":"https:\/\/stil-fit.com\/fr\/wp-json\/wp\/v2\/product_tag?post=35215"},{"taxonomy":"yst_prominent_words","embeddable":true,"href":"https:\/\/stil-fit.com\/fr\/wp-json\/wp\/v2\/yst_prominent_words?post=35215"}],"curies":[{"name":"wp","href":"https:\/\/api.w.org\/{rel}","templated":true}]}}