{"id":35222,"date":"2022-09-11T22:36:18","date_gmt":"2025-03-27T12:42:27","guid":{"rendered":"https:\/\/stil-fit.com\/shop\/stil-fit-smart-package\/"},"modified":"2025-03-27T13:42:27","modified_gmt":"2025-03-27T12:42:27","slug":"stil-fit-smart-package","status":"publish","type":"product","link":"https:\/\/stil-fit.com\/fr\/shop\/stil-fit-smart-package\/","title":{"rendered":"STIL-FIT Smart-Package"},"content":{"rendered":"<h1><span style=\"font-size: 100%;\">Le STIL-FIT Smart-Package<\/span><\/h1>\n<p><span style=\"font-size: 120%;\">Plus d&#8217;options. Plus de plaisir. Plus de motivation.  <\/span><\/p>\n<p>+ Entra\u00eenez-vous encore plus efficacement avec notre STIL-FIT App<\/p>\n<p>Programmes d&#8217;entra\u00eenement vari\u00e9s, fixation d&#8217;objectifs hebdomadaires, suivi de vos progr\u00e8s, exportation de donn\u00e9es&#8230; L&#8217;ensemble de ces fonctions est inclus dans le paquet Smart. STIL-FIT App avec toutes ses fonctions est inclus dans le paquet Smart. <\/p>\n<p>+ Acc\u00e8s complet \u00e0 toutes vos applications d&#8217;entra\u00eenement pr\u00e9f\u00e9r\u00e9es<\/p>\n<p>Avec la fonction STIL-FIT Smart-Package, vous pouvez rendre votre V\u00e9lo d&#8217;int\u00e9rieur compatible avec toutes les apps d&#8217;entra\u00eenement populaires. Affrontez des milliers d&#8217;utilisateurs, participez \u00e0 des circuits virtuels et \u00e0 des s\u00e9ances d&#8217;entra\u00eenement guid\u00e9es.<\/p>\n","protected":false},"excerpt":{"rendered":"<p>&nbsp;<\/p>\n<p>+ Plus d&#8217;options. Plus de plaisir. Plus de motivation.  <\/p>\n<p>+ Entra\u00eenez-vous plus efficacement avec le STIL-FIT App.<\/p>\n<p>+ Acc\u00e8s complet \u00e0 toutes vos applications pr\u00e9f\u00e9r\u00e9es.<\/p>\n<p>&nbsp;<\/p>\n<p>&nbsp;<\/p>\n","protected":false},"featured_media":29823,"comment_status":"closed","ping_status":"closed","template":"","meta":{"_monsterinsights_skip_tracking":false,"_monsterinsights_sitenote_active":false,"_monsterinsights_sitenote_note":"","_monsterinsights_sitenote_category":0},"product_brand":[],"product_cat":[2937,2471],"product_tag":[2583,2568,2598,2610],"yst_prominent_words":[357,1476,1474,1475,161,566,1473,251,602,1472,169,593,267],"class_list":{"0":"post-35222","1":"product","2":"type-product","3":"status-publish","4":"has-post-thumbnail","6":"product_cat-uncategorised-fr","7":"product_cat-velos-dinterieur","8":"product_tag-apple-watch-en-fr","9":"product_tag-controle-des-applications","10":"product_tag-ergometre-fr","11":"product_tag-fitness-a-domicile-fr","12":"product_shipping_class-kleingerate-fr","14":"first","15":"instock","16":"taxable","17":"shipping-taxable","18":"purchasable","19":"product-type-simple"},"composite_virtual":false,"composite_layout":"","composite_add_to_cart_form_location":"","composite_editable_in_cart":false,"composite_sold_individually_context":"","composite_shop_price_calc":"","composite_components":[],"composite_scenarios":[],"bundled_by":[],"bundle_stock_status":"instock","bundle_stock_quantity":null,"bundle_virtual":false,"bundle_layout":"","bundle_add_to_cart_form_location":"","bundle_editable_in_cart":false,"bundle_sold_individually_context":"","bundle_item_grouping":"","bundle_min_size":"","bundle_max_size":"","bundle_price":[],"bundled_items":[],"bundle_sell_ids":[],"yoast_head":"<!-- This site is optimized with the Yoast SEO Premium plugin v14.5 - https:\/\/yoast.com\/wordpress\/plugins\/seo\/ -->\n<title>STIL-FIT Smart-Package | Le monde num\u00e9rique du fitness STIL-FIT<\/title>\n<meta name=\"description\" content=\"Profitez d&#039;une exp\u00e9rience d&#039;entra\u00eenement encore meilleure avec notre STIL-FIT Smart-Package. Commandez maintenant et am\u00e9liorez votre entra\u00eenement avec notre STIL-FIT App et d&#039;autres applications de fitness.\" \/>\n<meta name=\"robots\" content=\"index, follow\" \/>\n<meta name=\"googlebot\" content=\"index, follow, max-snippet:-1, max-image-preview:large, max-video-preview:-1\" \/>\n<meta name=\"bingbot\" content=\"index, follow, max-snippet:-1, max-image-preview:large, max-video-preview:-1\" \/>\n<link rel=\"canonical\" href=\"https:\/\/stil-fit.com\/fr\/shop\/stil-fit-smart-package\/\" \/>\n<meta property=\"og:locale\" content=\"fr_FR\" \/>\n<meta property=\"og:type\" content=\"article\" \/>\n<meta property=\"og:title\" content=\"STIL-FIT Smart-Package | Le monde num\u00e9rique du fitness STIL-FIT\" \/>\n<meta property=\"og:description\" content=\"Profitez d&#039;une exp\u00e9rience d&#039;entra\u00eenement encore meilleure avec notre STIL-FIT Smart-Package. Commandez maintenant et am\u00e9liorez votre entra\u00eenement avec notre STIL-FIT App et d&#039;autres applications de fitness.\" \/>\n<meta property=\"og:url\" content=\"https:\/\/stil-fit.com\/fr\/shop\/stil-fit-smart-package\/\" \/>\n<meta property=\"og:site_name\" content=\"STIL-FIT\" \/>\n<meta property=\"article:publisher\" content=\"https:\/\/de-de.facebook.com\/stilfit\/\" \/>\n<meta property=\"og:image\" content=\"https:\/\/stil-fit.com\/wp-content\/uploads\/2023\/03\/STIL-FIT-Ergometer-PURE-Smart.jpg\" \/>\n\t<meta property=\"og:image:width\" content=\"1772\" \/>\n\t<meta property=\"og:image:height\" content=\"1772\" \/>\n<meta name=\"twitter:card\" content=\"summary_large_image\" \/>\n<script type=\"application\/ld+json\" class=\"yoast-schema-graph\">{\"@context\":\"https:\/\/schema.org\",\"@graph\":[{\"@type\":\"Organization\",\"@id\":\"https:\/\/stil-fit.com\/fr\/#organization\",\"name\":\"STIL-FIT International GmbH\",\"url\":\"https:\/\/stil-fit.com\/fr\/\",\"sameAs\":[\"https:\/\/de-de.facebook.com\/stilfit\/\",\"https:\/\/www.instagram.com\/stil_fit_int\/\",\"https:\/\/www.linkedin.com\/company\/stil-fit-international-gmbh\",\"https:\/\/www.youtube.com\/channel\/UC2HA1BeZtFB0acPMfq1hKdQ\",\"https:\/\/www.pinterest.com\/STILFITInt\/\"],\"logo\":{\"@type\":\"ImageObject\",\"@id\":\"https:\/\/stil-fit.com\/fr\/#logo\",\"inLanguage\":\"fr-FR\",\"url\":\"https:\/\/stil-fit.com\/wp-content\/uploads\/2019\/02\/stilfit_logo.jpg\",\"width\":150,\"height\":150,\"caption\":\"STIL-FIT International GmbH\"},\"image\":{\"@id\":\"https:\/\/stil-fit.com\/fr\/#logo\"}},{\"@type\":\"WebSite\",\"@id\":\"https:\/\/stil-fit.com\/fr\/#website\",\"url\":\"https:\/\/stil-fit.com\/fr\/\",\"name\":\"STIL-FIT\",\"description\":\"Stil-fit\",\"publisher\":{\"@id\":\"https:\/\/stil-fit.com\/fr\/#organization\"},\"potentialAction\":[{\"@type\":\"SearchAction\",\"target\":\"https:\/\/stil-fit.com\/fr\/?s={search_term_string}\",\"query-input\":\"required name=search_term_string\"}],\"inLanguage\":\"fr-FR\"},{\"@type\":\"ImageObject\",\"@id\":\"https:\/\/stil-fit.com\/fr\/shop\/stil-fit-smart-package\/#primaryimage\",\"inLanguage\":\"fr-FR\",\"url\":\"https:\/\/stil-fit.com\/wp-content\/uploads\/2023\/03\/STIL-FIT-Ergometer-PURE-Smart.jpg\",\"width\":1772,\"height\":1772},{\"@type\":\"WebPage\",\"@id\":\"https:\/\/stil-fit.com\/fr\/shop\/stil-fit-smart-package\/#webpage\",\"url\":\"https:\/\/stil-fit.com\/fr\/shop\/stil-fit-smart-package\/\",\"name\":\"STIL-FIT Smart-Package | Le monde num\\u00e9rique du fitness STIL-FIT\",\"isPartOf\":{\"@id\":\"https:\/\/stil-fit.com\/fr\/#website\"},\"primaryImageOfPage\":{\"@id\":\"https:\/\/stil-fit.com\/fr\/shop\/stil-fit-smart-package\/#primaryimage\"},\"datePublished\":\"2025-03-27T12:42:27+00:00\",\"dateModified\":\"2025-03-27T12:42:27+00:00\",\"description\":\"Profitez d'une exp\\u00e9rience d'entra\\u00eenement encore meilleure avec notre STIL-FIT Smart-Package. Commandez maintenant et am\\u00e9liorez votre entra\\u00eenement avec notre STIL-FIT App et d'autres applications de fitness.\",\"inLanguage\":\"fr-FR\",\"potentialAction\":[{\"@type\":\"ReadAction\",\"target\":[\"https:\/\/stil-fit.com\/fr\/shop\/stil-fit-smart-package\/\"]}]}]}<\/script>\n<!-- \/ Yoast SEO Premium plugin. -->","post_mailing_queue_ids":[],"_links":{"self":[{"href":"https:\/\/stil-fit.com\/fr\/wp-json\/wp\/v2\/product\/35222","targetHints":{"allow":["GET"]}}],"collection":[{"href":"https:\/\/stil-fit.com\/fr\/wp-json\/wp\/v2\/product"}],"about":[{"href":"https:\/\/stil-fit.com\/fr\/wp-json\/wp\/v2\/types\/product"}],"replies":[{"embeddable":true,"href":"https:\/\/stil-fit.com\/fr\/wp-json\/wp\/v2\/comments?post=35222"}],"wp:featuredmedia":[{"embeddable":true,"href":"https:\/\/stil-fit.com\/fr\/wp-json\/wp\/v2\/media\/29823"}],"wp:attachment":[{"href":"https:\/\/stil-fit.com\/fr\/wp-json\/wp\/v2\/media?parent=35222"}],"wp:term":[{"taxonomy":"product_brand","embeddable":true,"href":"https:\/\/stil-fit.com\/fr\/wp-json\/wp\/v2\/product_brand?post=35222"},{"taxonomy":"product_cat","embeddable":true,"href":"https:\/\/stil-fit.com\/fr\/wp-json\/wp\/v2\/product_cat?post=35222"},{"taxonomy":"product_tag","embeddable":true,"href":"https:\/\/stil-fit.com\/fr\/wp-json\/wp\/v2\/product_tag?post=35222"},{"taxonomy":"yst_prominent_words","embeddable":true,"href":"https:\/\/stil-fit.com\/fr\/wp-json\/wp\/v2\/yst_prominent_words?post=35222"}],"curies":[{"name":"wp","href":"https:\/\/api.w.org\/{rel}","templated":true}]}}