{"id":35233,"date":"2023-01-29T02:21:10","date_gmt":"2025-03-27T12:43:28","guid":{"rendered":"https:\/\/stil-fit.com\/shop\/stil-fit-sangles-pour-pedales-dergometre\/"},"modified":"2025-03-27T13:43:28","modified_gmt":"2025-03-27T12:43:28","slug":"stil-fit-sangles-pour-pedales-dergometre","status":"publish","type":"product","link":"https:\/\/stil-fit.com\/fr\/shop\/stil-fit-sangles-pour-pedales-dergometre\/","title":{"rendered":"STIL-FIT Sangles pour p\u00e9dales d&#8217;ergom\u00e8tre"},"content":{"rendered":"<h1>STIL-FIT Sangles pour p\u00e9dales d&#8217;ergom\u00e8tre<\/h1>\n<p>Nos sangles de p\u00e9dales permettent de s&#8217;assurer que vos pieds sont bien fix\u00e9s sur la p\u00e9dale pendant l&#8217;entra\u00eenement.<\/p>\n<p>Vous n&#8217;avez pas \u00e0 vous soucier de glisser, mais surtout les sangles de p\u00e9dales permettent une course r\u00e9guli\u00e8re et sans \u00e0-coups. Gr\u00e2ce \u00e0 la fixation solide, vous tirez \u00e9galement la p\u00e9dale vers le haut et ne la poussez pas seulement vers le bas.<\/p>\n","protected":false},"excerpt":{"rendered":"<p>&nbsp;<\/p>\n<p>Les sangles de p\u00e9dales permettent une course fluide et r\u00e9guli\u00e8re et veillent \u00e0 ce que vos pieds ne glissent pas des p\u00e9dales.<\/p>\n<ul>\n<li>Facile \u00e0 installer<\/li>\n<li>Ajustable \u00e0 toutes les tailles<\/li>\n<li>Livraison gratuite<\/li>\n<\/ul>\n","protected":false},"featured_media":29713,"comment_status":"open","ping_status":"closed","template":"","meta":{"_monsterinsights_skip_tracking":false,"_monsterinsights_sitenote_active":false,"_monsterinsights_sitenote_note":"","_monsterinsights_sitenote_category":0},"product_brand":[],"product_cat":[2937,2471],"product_tag":[2598,2557,2567,2560],"yst_prominent_words":[256,1479,1477,1480,251,1478,261,594],"class_list":{"0":"post-35233","1":"product","2":"type-product","3":"status-publish","4":"has-post-thumbnail","6":"product_cat-uncategorised-fr","7":"product_cat-velos-dinterieur","8":"product_tag-ergometre-fr","9":"product_tag-fitness-a-domicile","10":"product_tag-sangles-de-pedale","11":"product_tag-velo-a-domicile","12":"product_shipping_class-kleingerate-fr","14":"first","15":"instock","16":"taxable","17":"shipping-taxable","18":"purchasable","19":"product-type-simple"},"composite_virtual":false,"composite_layout":"","composite_add_to_cart_form_location":"","composite_editable_in_cart":false,"composite_sold_individually_context":"","composite_shop_price_calc":"","composite_components":[],"composite_scenarios":[],"bundled_by":[],"bundle_stock_status":"instock","bundle_stock_quantity":null,"bundle_virtual":false,"bundle_layout":"","bundle_add_to_cart_form_location":"","bundle_editable_in_cart":false,"bundle_sold_individually_context":"","bundle_item_grouping":"","bundle_min_size":"","bundle_max_size":"","bundle_price":[],"bundled_items":[],"bundle_sell_ids":[],"yoast_head":"<!-- This site is optimized with the Yoast SEO Premium plugin v14.5 - https:\/\/yoast.com\/wordpress\/plugins\/seo\/ -->\n<title>STIL-FIT Sangles pour p\u00e9dales d&#039;ergom\u00e8tre | STIL-FIT<\/title>\n<meta name=\"robots\" content=\"index, follow\" \/>\n<meta name=\"googlebot\" content=\"index, follow, max-snippet:-1, max-image-preview:large, max-video-preview:-1\" \/>\n<meta name=\"bingbot\" content=\"index, follow, max-snippet:-1, max-image-preview:large, max-video-preview:-1\" \/>\n<link rel=\"canonical\" href=\"https:\/\/stil-fit.com\/fr\/shop\/stil-fit-sangles-pour-pedales-dergometre\/\" \/>\n<meta property=\"og:locale\" content=\"fr_FR\" \/>\n<meta property=\"og:type\" content=\"article\" \/>\n<meta property=\"og:title\" content=\"STIL-FIT Sangles pour p\u00e9dales d&#039;ergom\u00e8tre | STIL-FIT\" \/>\n<meta property=\"og:description\" content=\"&nbsp; Les sangles de p\u00e9dales permettent une course fluide et r\u00e9guli\u00e8re et veillent \u00e0 ce que vos pieds ne glissent pas des p\u00e9dales.  Facile \u00e0 installer  Ajustable \u00e0 toutes les tailles  Livraison gratuite\" \/>\n<meta property=\"og:url\" content=\"https:\/\/stil-fit.com\/fr\/shop\/stil-fit-sangles-pour-pedales-dergometre\/\" \/>\n<meta property=\"og:site_name\" content=\"STIL-FIT\" \/>\n<meta property=\"article:publisher\" content=\"https:\/\/de-de.facebook.com\/stilfit\/\" \/>\n<meta property=\"og:image\" content=\"https:\/\/stil-fit.com\/wp-content\/uploads\/2023\/01\/STIL-FIT-Ergometer-pedal-straps.jpg\" \/>\n\t<meta property=\"og:image:width\" content=\"1772\" \/>\n\t<meta property=\"og:image:height\" content=\"1772\" \/>\n<meta name=\"twitter:card\" content=\"summary_large_image\" \/>\n<script type=\"application\/ld+json\" class=\"yoast-schema-graph\">{\"@context\":\"https:\/\/schema.org\",\"@graph\":[{\"@type\":\"Organization\",\"@id\":\"https:\/\/stil-fit.com\/fr\/#organization\",\"name\":\"STIL-FIT International GmbH\",\"url\":\"https:\/\/stil-fit.com\/fr\/\",\"sameAs\":[\"https:\/\/de-de.facebook.com\/stilfit\/\",\"https:\/\/www.instagram.com\/stil_fit_int\/\",\"https:\/\/www.linkedin.com\/company\/stil-fit-international-gmbh\",\"https:\/\/www.youtube.com\/channel\/UC2HA1BeZtFB0acPMfq1hKdQ\",\"https:\/\/www.pinterest.com\/STILFITInt\/\"],\"logo\":{\"@type\":\"ImageObject\",\"@id\":\"https:\/\/stil-fit.com\/fr\/#logo\",\"inLanguage\":\"fr-FR\",\"url\":\"https:\/\/stil-fit.com\/wp-content\/uploads\/2019\/02\/stilfit_logo.jpg\",\"width\":150,\"height\":150,\"caption\":\"STIL-FIT International GmbH\"},\"image\":{\"@id\":\"https:\/\/stil-fit.com\/fr\/#logo\"}},{\"@type\":\"WebSite\",\"@id\":\"https:\/\/stil-fit.com\/fr\/#website\",\"url\":\"https:\/\/stil-fit.com\/fr\/\",\"name\":\"STIL-FIT\",\"description\":\"Stil-fit\",\"publisher\":{\"@id\":\"https:\/\/stil-fit.com\/fr\/#organization\"},\"potentialAction\":[{\"@type\":\"SearchAction\",\"target\":\"https:\/\/stil-fit.com\/fr\/?s={search_term_string}\",\"query-input\":\"required name=search_term_string\"}],\"inLanguage\":\"fr-FR\"},{\"@type\":\"ImageObject\",\"@id\":\"https:\/\/stil-fit.com\/fr\/shop\/stil-fit-sangles-pour-pedales-dergometre\/#primaryimage\",\"inLanguage\":\"fr-FR\",\"url\":\"https:\/\/stil-fit.com\/wp-content\/uploads\/2023\/01\/STIL-FIT-Ergometer-pedal-straps.jpg\",\"width\":1772,\"height\":1772},{\"@type\":\"WebPage\",\"@id\":\"https:\/\/stil-fit.com\/fr\/shop\/stil-fit-sangles-pour-pedales-dergometre\/#webpage\",\"url\":\"https:\/\/stil-fit.com\/fr\/shop\/stil-fit-sangles-pour-pedales-dergometre\/\",\"name\":\"STIL-FIT Sangles pour p\\u00e9dales d'ergom\\u00e8tre | STIL-FIT\",\"isPartOf\":{\"@id\":\"https:\/\/stil-fit.com\/fr\/#website\"},\"primaryImageOfPage\":{\"@id\":\"https:\/\/stil-fit.com\/fr\/shop\/stil-fit-sangles-pour-pedales-dergometre\/#primaryimage\"},\"datePublished\":\"2025-03-27T12:43:28+00:00\",\"dateModified\":\"2025-03-27T12:43:28+00:00\",\"inLanguage\":\"fr-FR\",\"potentialAction\":[{\"@type\":\"ReadAction\",\"target\":[\"https:\/\/stil-fit.com\/fr\/shop\/stil-fit-sangles-pour-pedales-dergometre\/\"]}]}]}<\/script>\n<!-- \/ Yoast SEO Premium plugin. -->","post_mailing_queue_ids":[],"_links":{"self":[{"href":"https:\/\/stil-fit.com\/fr\/wp-json\/wp\/v2\/product\/35233","targetHints":{"allow":["GET"]}}],"collection":[{"href":"https:\/\/stil-fit.com\/fr\/wp-json\/wp\/v2\/product"}],"about":[{"href":"https:\/\/stil-fit.com\/fr\/wp-json\/wp\/v2\/types\/product"}],"replies":[{"embeddable":true,"href":"https:\/\/stil-fit.com\/fr\/wp-json\/wp\/v2\/comments?post=35233"}],"wp:featuredmedia":[{"embeddable":true,"href":"https:\/\/stil-fit.com\/fr\/wp-json\/wp\/v2\/media\/29713"}],"wp:attachment":[{"href":"https:\/\/stil-fit.com\/fr\/wp-json\/wp\/v2\/media?parent=35233"}],"wp:term":[{"taxonomy":"product_brand","embeddable":true,"href":"https:\/\/stil-fit.com\/fr\/wp-json\/wp\/v2\/product_brand?post=35233"},{"taxonomy":"product_cat","embeddable":true,"href":"https:\/\/stil-fit.com\/fr\/wp-json\/wp\/v2\/product_cat?post=35233"},{"taxonomy":"product_tag","embeddable":true,"href":"https:\/\/stil-fit.com\/fr\/wp-json\/wp\/v2\/product_tag?post=35233"},{"taxonomy":"yst_prominent_words","embeddable":true,"href":"https:\/\/stil-fit.com\/fr\/wp-json\/wp\/v2\/yst_prominent_words?post=35233"}],"curies":[{"name":"wp","href":"https:\/\/api.w.org\/{rel}","templated":true}]}}