{"id":35252,"date":"2023-09-28T15:11:43","date_gmt":"2025-03-27T12:44:03","guid":{"rendered":"https:\/\/stil-fit.com\/shop\/stil-fit-bench-pro\/"},"modified":"2025-03-27T13:44:03","modified_gmt":"2025-03-27T12:44:03","slug":"stil-fit-bench-pro","status":"publish","type":"product","link":"https:\/\/stil-fit.com\/fr\/shop\/stil-fit-bench-pro\/","title":{"rendered":"STIL-FIT Bench PRO"},"content":{"rendered":"<h1><span style=\"font-size: 120%;\"><strong>STIL-FIT Bench PRO<\/strong><\/span><\/h1>\n<p style=\"font-weight: 400;\"><span style=\"font-size: 120%;\">Le STIL-FIT Bench PRO est d&#8217;une beaut\u00e9 absolue. Des lignes fines et r\u00e9duites, un design unique, des mat\u00e9riaux de qualit\u00e9 et une manipulation ais\u00e9e caract\u00e9risent notre banc d&#8217;entra\u00eenement et donneront du style \u00e0 votre entra\u00eenement. <\/span><\/p>\n<ul>\n<li style=\"font-weight: 400;\"><span style=\"font-size: 120%;\">Un design simple et \u00e9l\u00e9gant qui s&#8217;int\u00e8gre dans n&#8217;importe quelle pi\u00e8ce<\/span><\/li>\n<\/ul>\n<p>&nbsp;<\/p>\n<ul>\n<li style=\"font-weight: 400;\"><span style=\"font-size: 120%;\">Assise et dossier antibact\u00e9riens en tissu maill\u00e9<\/span><\/li>\n<\/ul>\n<p>&nbsp;<\/p>\n<ul>\n<li style=\"font-weight: 400;\"><span style=\"font-size: 120%;\">Angle d&#8217;inclinaison r\u00e9glable sur 7 niveaux<\/span><\/li>\n<\/ul>\n<p>&nbsp;<\/p>\n<ul>\n<li style=\"font-weight: 400;\"><span style=\"font-size: 120%;\">Roues int\u00e9gr\u00e9es pour un d\u00e9placement ais\u00e9<\/span><\/li>\n<\/ul>\n","protected":false},"excerpt":{"rendered":"<p>&nbsp;<\/p>\n<p>Notre nouveau banc d&#8217;entra\u00eenement est d&#8217;une l\u00e9g\u00e8ret\u00e9 absolue, mais reste tr\u00e8s solide. Il est facile \u00e0 d\u00e9placer et \u00e0 r\u00e9gler. Travailler avec un banc est si polyvalent que vous en serez \u00e9tonn\u00e9.  <\/p>\n<p><strong>Pr\u00eat \u00e0 \u00eatre exp\u00e9di\u00e9 dans les 3 jours<\/strong><\/p>\n<ul>\n<li>Fabriqu\u00e9 \u00e0 la main dans notre usine de Munich.<\/li>\n<li>Assemblage facile.<\/li>\n<li>Fabriqu\u00e9 en Allemagne<\/li>\n<li>Livraison gratuite (Allemagne et Autriche)<\/li>\n<li>0% de paiement \u00e9chelonn\u00e9 (Allemagne uniquement)<\/li>\n<\/ul>\n","protected":false},"featured_media":30746,"comment_status":"open","ping_status":"closed","template":"","meta":{"_monsterinsights_skip_tracking":false,"_monsterinsights_sitenote_active":false,"_monsterinsights_sitenote_note":"","_monsterinsights_sitenote_category":0},"product_brand":[],"product_cat":[2475,2477],"product_tag":[2601,2552,2610,2535,2563],"yst_prominent_words":[256,1452,170,1453,161,1451],"class_list":{"0":"post-35252","1":"product","2":"type-product","3":"status-publish","4":"has-post-thumbnail","6":"product_cat-entrainement-de-force","7":"product_cat-mur-fitness","8":"product_tag-aptitude","9":"product_tag-banc-de-musculation","10":"product_tag-fitness-a-domicile-fr","11":"product_tag-force","12":"product_tag-poids","13":"product_shipping_class-ergometre","15":"first","16":"instock","17":"taxable","18":"shipping-taxable","19":"purchasable","20":"product-type-simple"},"composite_virtual":false,"composite_layout":"","composite_add_to_cart_form_location":"","composite_editable_in_cart":false,"composite_sold_individually_context":"","composite_shop_price_calc":"","composite_components":[],"composite_scenarios":[],"bundled_by":[],"bundle_stock_status":"instock","bundle_stock_quantity":null,"bundle_virtual":false,"bundle_layout":"","bundle_add_to_cart_form_location":"","bundle_editable_in_cart":false,"bundle_sold_individually_context":"","bundle_item_grouping":"","bundle_min_size":"","bundle_max_size":"","bundle_price":[],"bundled_items":[],"bundle_sell_ids":[],"yoast_head":"<!-- This site is optimized with the Yoast SEO Premium plugin v14.5 - https:\/\/yoast.com\/wordpress\/plugins\/seo\/ -->\n<title>STIL-FIT Bench PRO | Commandez maintenant directement aupr\u00e8s du fabricant<\/title>\n<meta name=\"description\" content=\"D\u00e9couvrez notre STIL-FIT Weight Bench PRO | Con\u00e7u et produit dans notre usine de Munich. Livraison gratuite en Allemagne et en Autriche. Achetez le v\u00f4tre d\u00e8s maintenant !\" \/>\n<meta name=\"robots\" content=\"index, follow\" \/>\n<meta name=\"googlebot\" content=\"index, follow, max-snippet:-1, max-image-preview:large, max-video-preview:-1\" \/>\n<meta name=\"bingbot\" content=\"index, follow, max-snippet:-1, max-image-preview:large, max-video-preview:-1\" \/>\n<link rel=\"canonical\" href=\"https:\/\/stil-fit.com\/fr\/shop\/stil-fit-bench-pro\/\" \/>\n<meta property=\"og:locale\" content=\"fr_FR\" \/>\n<meta property=\"og:type\" content=\"article\" \/>\n<meta property=\"og:title\" content=\"STIL-FIT Bench PRO | Commandez maintenant directement aupr\u00e8s du fabricant\" \/>\n<meta property=\"og:description\" content=\"D\u00e9couvrez notre STIL-FIT Weight Bench PRO | Con\u00e7u et produit dans notre usine de Munich. Livraison gratuite en Allemagne et en Autriche. Achetez le v\u00f4tre d\u00e8s maintenant !\" \/>\n<meta property=\"og:url\" content=\"https:\/\/stil-fit.com\/fr\/shop\/stil-fit-bench-pro\/\" \/>\n<meta property=\"og:site_name\" content=\"STIL-FIT\" \/>\n<meta property=\"article:publisher\" content=\"https:\/\/de-de.facebook.com\/stilfit\/\" \/>\n<meta property=\"og:image\" content=\"https:\/\/stil-fit.com\/wp-content\/uploads\/2023\/09\/STIL-FIT-Bench-PRO-1.png\" \/>\n\t<meta property=\"og:image:width\" content=\"1181\" \/>\n\t<meta property=\"og:image:height\" content=\"1182\" \/>\n<meta name=\"twitter:card\" content=\"summary_large_image\" \/>\n<script type=\"application\/ld+json\" class=\"yoast-schema-graph\">{\"@context\":\"https:\/\/schema.org\",\"@graph\":[{\"@type\":\"Organization\",\"@id\":\"https:\/\/stil-fit.com\/fr\/#organization\",\"name\":\"STIL-FIT International GmbH\",\"url\":\"https:\/\/stil-fit.com\/fr\/\",\"sameAs\":[\"https:\/\/de-de.facebook.com\/stilfit\/\",\"https:\/\/www.instagram.com\/stil_fit_int\/\",\"https:\/\/www.linkedin.com\/company\/stil-fit-international-gmbh\",\"https:\/\/www.youtube.com\/channel\/UC2HA1BeZtFB0acPMfq1hKdQ\",\"https:\/\/www.pinterest.com\/STILFITInt\/\"],\"logo\":{\"@type\":\"ImageObject\",\"@id\":\"https:\/\/stil-fit.com\/fr\/#logo\",\"inLanguage\":\"fr-FR\",\"url\":\"https:\/\/stil-fit.com\/wp-content\/uploads\/2019\/02\/stilfit_logo.jpg\",\"width\":150,\"height\":150,\"caption\":\"STIL-FIT International GmbH\"},\"image\":{\"@id\":\"https:\/\/stil-fit.com\/fr\/#logo\"}},{\"@type\":\"WebSite\",\"@id\":\"https:\/\/stil-fit.com\/fr\/#website\",\"url\":\"https:\/\/stil-fit.com\/fr\/\",\"name\":\"STIL-FIT\",\"description\":\"Stil-fit\",\"publisher\":{\"@id\":\"https:\/\/stil-fit.com\/fr\/#organization\"},\"potentialAction\":[{\"@type\":\"SearchAction\",\"target\":\"https:\/\/stil-fit.com\/fr\/?s={search_term_string}\",\"query-input\":\"required name=search_term_string\"}],\"inLanguage\":\"fr-FR\"},{\"@type\":\"ImageObject\",\"@id\":\"https:\/\/stil-fit.com\/fr\/shop\/stil-fit-bench-pro\/#primaryimage\",\"inLanguage\":\"fr-FR\",\"url\":\"https:\/\/stil-fit.com\/wp-content\/uploads\/2023\/09\/STIL-FIT-Bench-PRO-1.png\",\"width\":1181,\"height\":1182},{\"@type\":\"WebPage\",\"@id\":\"https:\/\/stil-fit.com\/fr\/shop\/stil-fit-bench-pro\/#webpage\",\"url\":\"https:\/\/stil-fit.com\/fr\/shop\/stil-fit-bench-pro\/\",\"name\":\"STIL-FIT Bench PRO | Commandez maintenant directement aupr\\u00e8s du fabricant\",\"isPartOf\":{\"@id\":\"https:\/\/stil-fit.com\/fr\/#website\"},\"primaryImageOfPage\":{\"@id\":\"https:\/\/stil-fit.com\/fr\/shop\/stil-fit-bench-pro\/#primaryimage\"},\"datePublished\":\"2025-03-27T12:44:03+00:00\",\"dateModified\":\"2025-03-27T12:44:03+00:00\",\"description\":\"D\\u00e9couvrez notre STIL-FIT Weight Bench PRO | Con\\u00e7u et produit dans notre usine de Munich. Livraison gratuite en Allemagne et en Autriche. Achetez le v\\u00f4tre d\\u00e8s maintenant !\",\"inLanguage\":\"fr-FR\",\"potentialAction\":[{\"@type\":\"ReadAction\",\"target\":[\"https:\/\/stil-fit.com\/fr\/shop\/stil-fit-bench-pro\/\"]}]}]}<\/script>\n<!-- \/ Yoast SEO Premium plugin. -->","post_mailing_queue_ids":[],"_links":{"self":[{"href":"https:\/\/stil-fit.com\/fr\/wp-json\/wp\/v2\/product\/35252","targetHints":{"allow":["GET"]}}],"collection":[{"href":"https:\/\/stil-fit.com\/fr\/wp-json\/wp\/v2\/product"}],"about":[{"href":"https:\/\/stil-fit.com\/fr\/wp-json\/wp\/v2\/types\/product"}],"replies":[{"embeddable":true,"href":"https:\/\/stil-fit.com\/fr\/wp-json\/wp\/v2\/comments?post=35252"}],"wp:featuredmedia":[{"embeddable":true,"href":"https:\/\/stil-fit.com\/fr\/wp-json\/wp\/v2\/media\/30746"}],"wp:attachment":[{"href":"https:\/\/stil-fit.com\/fr\/wp-json\/wp\/v2\/media?parent=35252"}],"wp:term":[{"taxonomy":"product_brand","embeddable":true,"href":"https:\/\/stil-fit.com\/fr\/wp-json\/wp\/v2\/product_brand?post=35252"},{"taxonomy":"product_cat","embeddable":true,"href":"https:\/\/stil-fit.com\/fr\/wp-json\/wp\/v2\/product_cat?post=35252"},{"taxonomy":"product_tag","embeddable":true,"href":"https:\/\/stil-fit.com\/fr\/wp-json\/wp\/v2\/product_tag?post=35252"},{"taxonomy":"yst_prominent_words","embeddable":true,"href":"https:\/\/stil-fit.com\/fr\/wp-json\/wp\/v2\/yst_prominent_words?post=35252"}],"curies":[{"name":"wp","href":"https:\/\/api.w.org\/{rel}","templated":true}]}}