{"id":35261,"date":"2023-09-28T14:37:19","date_gmt":"2025-03-27T12:44:22","guid":{"rendered":"https:\/\/stil-fit.com\/shop\/stil-fit-rower-pro\/"},"modified":"2025-03-27T13:44:22","modified_gmt":"2025-03-27T12:44:22","slug":"stil-fit-rower-pro","status":"publish","type":"product","link":"https:\/\/stil-fit.com\/fr\/shop\/stil-fit-rower-pro\/","title":{"rendered":"STIL-FIT Rower PRO"},"content":{"rendered":"<h1><strong>The STIL-FIT Rower PRO<\/strong><\/h1>\n<h2><strong>L&#8217;entra\u00eenement complet parfait pour le corps<\/strong><\/h2>\n<p>L&#8217;aviron est une combinaison parfaite d&#8217;entra\u00eenement de la force et de l&#8217;endurance. Tous les principaux groupes musculaires sont entra\u00een\u00e9s de mani\u00e8re intensive, il stimule la r\u00e9duction de la graisse corporelle et renforce le syst\u00e8me cardiovasculaire. C&#8217;est une activit\u00e9 physique compl\u00e8te et tr\u00e8s efficace.  <\/p>\n<h2><strong>Design exclusif et moderne<\/strong><\/h2>\n<p>Le nouveau STIL-FIT Rower PRO \u00e9tablit un nouveau standard avec son design unique. Avec son look innovant, son cadre stable et sa position assise haute, c&#8217;est une pi\u00e8ce absolument unique qui am\u00e9liorera votre exp\u00e9rience de rowing. <\/p>\n<h2><strong>Aliment\u00e9 par WaterRower<\/strong><\/h2>\n<p>Gr\u00e2ce \u00e0 la coop\u00e9ration avec WaterRower, notre machine \u00e0 rouler est \u00e0 la pointe de la technologie. Comme les composants que nous utilisons sont fournis par WaterRower, nous savons qu&#8217;il y aura toujours une sensation de rouler parfaite et lisse. Pendant que vous roulez, vous n&#8217;entendez que le bruit agr\u00e9able de l&#8217;eau qui coule.  <\/p>\n<h2><strong>Navigation r\u00e9aliste avec r\u00e9sistance \u00e0 l&#8217;eau<\/strong><\/h2>\n<p>L&#8217;eau est le milieu de r\u00e9sistance parfait de la nature et c&#8217;est pourquoi nous l&#8217;utilisons avec notre rower PRO. La r\u00e9sistance est tr\u00e8s dynamique et s&#8217;adapte instantan\u00e9ment \u00e0 l&#8217;intensit\u00e9 de votre coup. Vous d\u00e9finissez le niveau de r\u00e9sistance en fonction de votre vitesse de course. Aussi r\u00e9aliste et naturel que possible !   <\/p>\n<h2><strong>Doux mais efficace<\/strong><\/h2>\n<p>Il y a une autre raison importante pour laquelle nous utilisons l&#8217;eau &#8211; le risque de blessure et d&#8217;effort physique excessif est minimis\u00e9 car la r\u00e9sistance s&#8217;adapte \u00e0 la puissance des rowers. L&#8217;entra\u00eenement est tr\u00e8s facile sur les articulations, les tendons et les ligaments, gr\u00e2ce aux mouvements souples et rythm\u00e9s. <\/p>\n<h2><strong>Ordinateur de formation puissant<\/strong><\/h2>\n<p>Notre rameur est command\u00e9 par un \u00e9cran tactile TFT 4,3&#8243;. L&#8217;interface utilisateur de l&#8217;\u00e9cran tactile est auto-explicative et affiche toutes les donn\u00e9es n\u00e9cessaires de mani\u00e8re claire et joliment organis\u00e9e. Il enregistre les donn\u00e9es de jusqu&#8217;\u00e0 6 utilisateurs et affiche le temps, la distance, le temps pour parcourir 500 m, le nombre de coups par minute, les calories, les watts et les pulsations. Il y a \u00e9galement un mode rythme-race.<\/p>\n","protected":false},"excerpt":{"rendered":"<p>&nbsp;<\/p>\n<p>La machine \u00e0 rouler haut de gamme offre un design unique, une position d&#8217;assise confortable, un syst\u00e8me de mesure du rythme cardiaque int\u00e9gr\u00e9, une compatibilit\u00e9 totale avec les applications de rowing et une exp\u00e9rience de rowing absolument r\u00e9aliste gr\u00e2ce \u00e0 la r\u00e9sistance dynamique de l&#8217;eau.<\/p>\n<p><strong>Shipping within 7 working days<\/strong><\/p>\n<p>&#8211; Made in Germany<\/p>\n<p>&#8211; Free shipping<\/p>\n<p>&#8211; 0% Installment<\/p>\n","protected":false},"featured_media":32990,"comment_status":"open","ping_status":"closed","template":"","meta":{"_monsterinsights_skip_tracking":false,"_monsterinsights_sitenote_active":false,"_monsterinsights_sitenote_note":"","_monsterinsights_sitenote_category":0},"product_brand":[],"product_cat":[2473,2937],"product_tag":[2601,2547,2593,2616,2610,2551],"yst_prominent_words":[424,170,216,421,413,215,214,161,601,415,416,553,419,412,423],"class_list":{"0":"post-35261","1":"product","2":"type-product","3":"status-publish","4":"has-post-thumbnail","6":"product_cat-rameur","7":"product_cat-uncategorised-fr","8":"product_tag-aptitude","9":"product_tag-aviron","10":"product_tag-cardiotraining-fr","11":"product_tag-entrainement-complet-du-corps","12":"product_tag-fitness-a-domicile-fr","13":"product_tag-rameur-a-eau","14":"product_shipping_class-flow-one-2-fr","16":"first","17":"instock","18":"taxable","19":"shipping-taxable","20":"purchasable","21":"product-type-simple"},"composite_virtual":false,"composite_layout":"","composite_add_to_cart_form_location":"","composite_editable_in_cart":false,"composite_sold_individually_context":"","composite_shop_price_calc":"","composite_components":[],"composite_scenarios":[],"bundled_by":[],"bundle_stock_status":"instock","bundle_stock_quantity":null,"bundle_virtual":false,"bundle_layout":"","bundle_add_to_cart_form_location":"","bundle_editable_in_cart":false,"bundle_sold_individually_context":"","bundle_item_grouping":"","bundle_min_size":"","bundle_max_size":"","bundle_price":[],"bundled_items":[],"bundle_sell_ids":[35141,9646,9946],"yoast_head":"<!-- This site is optimized with the Yoast SEO Premium plugin v14.5 - https:\/\/yoast.com\/wordpress\/plugins\/seo\/ -->\n<title>STIL-FIT Rower PRO | Performance rower Made in Germany<\/title>\n<meta name=\"description\" content=\"Commandez le STIL-FIT Rower PRO directement aupr\u00e8s du fabricant. Con\u00e7u et d\u00e9velopp\u00e9 \u00e0 Munich, Allemagne. Livraison gratuite en Allemagne et en Autriche.\" \/>\n<meta name=\"robots\" content=\"index, follow\" \/>\n<meta name=\"googlebot\" content=\"index, follow, max-snippet:-1, max-image-preview:large, max-video-preview:-1\" \/>\n<meta name=\"bingbot\" content=\"index, follow, max-snippet:-1, max-image-preview:large, max-video-preview:-1\" \/>\n<link rel=\"canonical\" href=\"https:\/\/stil-fit.com\/fr\/shop\/stil-fit-rower-pro\/\" \/>\n<meta property=\"og:locale\" content=\"fr_FR\" \/>\n<meta property=\"og:type\" content=\"article\" \/>\n<meta property=\"og:title\" content=\"STIL-FIT Rower PRO | Performance rower Made in Germany\" \/>\n<meta property=\"og:description\" content=\"Commandez le STIL-FIT Rower PRO directement aupr\u00e8s du fabricant. Con\u00e7u et d\u00e9velopp\u00e9 \u00e0 Munich, Allemagne. Livraison gratuite en Allemagne et en Autriche.\" \/>\n<meta property=\"og:url\" content=\"https:\/\/stil-fit.com\/fr\/shop\/stil-fit-rower-pro\/\" \/>\n<meta property=\"og:site_name\" content=\"STIL-FIT\" \/>\n<meta property=\"article:publisher\" content=\"https:\/\/de-de.facebook.com\/stilfit\/\" \/>\n<meta property=\"og:image\" content=\"https:\/\/stil-fit.com\/wp-content\/uploads\/2025\/01\/STIL-FIT-Rudergeraet-PRO.jpg\" \/>\n\t<meta property=\"og:image:width\" content=\"1476\" \/>\n\t<meta property=\"og:image:height\" content=\"1476\" \/>\n<meta name=\"twitter:card\" content=\"summary_large_image\" \/>\n<script type=\"application\/ld+json\" class=\"yoast-schema-graph\">{\"@context\":\"https:\/\/schema.org\",\"@graph\":[{\"@type\":\"Organization\",\"@id\":\"https:\/\/stil-fit.com\/fr\/#organization\",\"name\":\"STIL-FIT International GmbH\",\"url\":\"https:\/\/stil-fit.com\/fr\/\",\"sameAs\":[\"https:\/\/de-de.facebook.com\/stilfit\/\",\"https:\/\/www.instagram.com\/stil_fit_int\/\",\"https:\/\/www.linkedin.com\/company\/stil-fit-international-gmbh\",\"https:\/\/www.youtube.com\/channel\/UC2HA1BeZtFB0acPMfq1hKdQ\",\"https:\/\/www.pinterest.com\/STILFITInt\/\"],\"logo\":{\"@type\":\"ImageObject\",\"@id\":\"https:\/\/stil-fit.com\/fr\/#logo\",\"inLanguage\":\"fr-FR\",\"url\":\"https:\/\/stil-fit.com\/wp-content\/uploads\/2019\/02\/stilfit_logo.jpg\",\"width\":150,\"height\":150,\"caption\":\"STIL-FIT International GmbH\"},\"image\":{\"@id\":\"https:\/\/stil-fit.com\/fr\/#logo\"}},{\"@type\":\"WebSite\",\"@id\":\"https:\/\/stil-fit.com\/fr\/#website\",\"url\":\"https:\/\/stil-fit.com\/fr\/\",\"name\":\"STIL-FIT\",\"description\":\"Stil-fit\",\"publisher\":{\"@id\":\"https:\/\/stil-fit.com\/fr\/#organization\"},\"potentialAction\":[{\"@type\":\"SearchAction\",\"target\":\"https:\/\/stil-fit.com\/fr\/?s={search_term_string}\",\"query-input\":\"required name=search_term_string\"}],\"inLanguage\":\"fr-FR\"},{\"@type\":\"ImageObject\",\"@id\":\"https:\/\/stil-fit.com\/fr\/shop\/stil-fit-rower-pro\/#primaryimage\",\"inLanguage\":\"fr-FR\",\"url\":\"https:\/\/stil-fit.com\/wp-content\/uploads\/2025\/01\/STIL-FIT-Rudergeraet-PRO.jpg\",\"width\":1476,\"height\":1476},{\"@type\":\"WebPage\",\"@id\":\"https:\/\/stil-fit.com\/fr\/shop\/stil-fit-rower-pro\/#webpage\",\"url\":\"https:\/\/stil-fit.com\/fr\/shop\/stil-fit-rower-pro\/\",\"name\":\"STIL-FIT Rower PRO | Performance rower Made in Germany\",\"isPartOf\":{\"@id\":\"https:\/\/stil-fit.com\/fr\/#website\"},\"primaryImageOfPage\":{\"@id\":\"https:\/\/stil-fit.com\/fr\/shop\/stil-fit-rower-pro\/#primaryimage\"},\"datePublished\":\"2025-03-27T12:44:22+00:00\",\"dateModified\":\"2025-03-27T12:44:22+00:00\",\"description\":\"Commandez le STIL-FIT Rower PRO directement aupr\\u00e8s du fabricant. Con\\u00e7u et d\\u00e9velopp\\u00e9 \\u00e0 Munich, Allemagne. Livraison gratuite en Allemagne et en Autriche.\",\"inLanguage\":\"fr-FR\",\"potentialAction\":[{\"@type\":\"ReadAction\",\"target\":[\"https:\/\/stil-fit.com\/fr\/shop\/stil-fit-rower-pro\/\"]}]}]}<\/script>\n<!-- \/ Yoast SEO Premium plugin. -->","post_mailing_queue_ids":[],"_links":{"self":[{"href":"https:\/\/stil-fit.com\/fr\/wp-json\/wp\/v2\/product\/35261","targetHints":{"allow":["GET"]}}],"collection":[{"href":"https:\/\/stil-fit.com\/fr\/wp-json\/wp\/v2\/product"}],"about":[{"href":"https:\/\/stil-fit.com\/fr\/wp-json\/wp\/v2\/types\/product"}],"replies":[{"embeddable":true,"href":"https:\/\/stil-fit.com\/fr\/wp-json\/wp\/v2\/comments?post=35261"}],"wp:featuredmedia":[{"embeddable":true,"href":"https:\/\/stil-fit.com\/fr\/wp-json\/wp\/v2\/media\/32990"}],"wp:attachment":[{"href":"https:\/\/stil-fit.com\/fr\/wp-json\/wp\/v2\/media?parent=35261"}],"wp:term":[{"taxonomy":"product_brand","embeddable":true,"href":"https:\/\/stil-fit.com\/fr\/wp-json\/wp\/v2\/product_brand?post=35261"},{"taxonomy":"product_cat","embeddable":true,"href":"https:\/\/stil-fit.com\/fr\/wp-json\/wp\/v2\/product_cat?post=35261"},{"taxonomy":"product_tag","embeddable":true,"href":"https:\/\/stil-fit.com\/fr\/wp-json\/wp\/v2\/product_tag?post=35261"},{"taxonomy":"yst_prominent_words","embeddable":true,"href":"https:\/\/stil-fit.com\/fr\/wp-json\/wp\/v2\/yst_prominent_words?post=35261"}],"curies":[{"name":"wp","href":"https:\/\/api.w.org\/{rel}","templated":true}]}}