{"id":35284,"date":"2019-07-21T23:50:10","date_gmt":"2025-03-27T12:51:02","guid":{"rendered":"https:\/\/stil-fit.com\/shop\/stil-fit-ab-trainer-noix\/"},"modified":"2025-03-27T13:51:02","modified_gmt":"2025-03-27T12:51:02","slug":"stil-fit-ab-trainer-noix","status":"publish","type":"product","link":"https:\/\/stil-fit.com\/fr\/shop\/stil-fit-ab-trainer-noix\/","title":{"rendered":"STIL-FIT AB Trainer (noix)"},"content":{"rendered":"<h1><strong>La formation AB avec style<\/strong><\/h1>\n<div><\/div>\n<div>L&#8217;AB Trainer, qui a fait ses preuves et qui est bien connu, a \u00e9t\u00e9 redessin\u00e9 de fa\u00e7on unique par STIL-FIT. Gr\u00e2ce \u00e0 son \u00e9l\u00e9gante <\/div>\n<div>Gr\u00e2ce \u00e0 sa forme et \u00e0 l&#8217;utilisation du bois, il ajoutera du style \u00e0 votre appartement ou \u00e0 votre salle de sport. Pendant votre s\u00e9ance d&#8217;entra\u00eenement, la t\u00eate repose sur un support \u00e9lev\u00e9. <\/div>\n<div>coussin en cuir de valeur, qui soutient votre corps et garantit un mouvement fluide.<\/div>\n<div><\/div>\n<h2><strong>Sain et efficace<\/strong><\/h2>\n<div>L&#8217;entra\u00eenement avec un AB Trainer est particuli\u00e8rement efficace car il permet de travailler toutes les parties de l&#8217;abdomen en faisant des exercices diff\u00e9rents.<\/div>\n<div>des exercices. Le renforcement du tronc est essentiel pour maintenir une bonne posture et une d\u00e9marche droite. <\/div>\n<div><\/div>\n<div>Pour \u00e9viter que l&#8217;AB Trainer ne glisse pendant l&#8217;entra\u00eenement, il est \u00e9quip\u00e9 d&#8217;un insert en caoutchouc \u00e0 la base.<\/div>\n","protected":false},"excerpt":{"rendered":"<p>&nbsp;<\/p>\n<ul>\n<li>Fabriqu\u00e9 en Allemagne<\/li>\n<li>Livraison gratuite (D &amp; AT)<\/li>\n<li>Livraison incl. Yoga matt <\/li>\n<\/ul>\n","protected":false},"featured_media":22812,"comment_status":"open","ping_status":"closed","template":"","meta":{"_monsterinsights_skip_tracking":false,"_monsterinsights_sitenote_active":false,"_monsterinsights_sitenote_note":"","_monsterinsights_sitenote_category":0},"product_brand":[],"product_cat":[2480,2937],"product_tag":[],"yst_prominent_words":[256,712,713,535,259,260,266,711,251,261,499,593,529,267],"class_list":{"0":"post-35284","1":"product","2":"type-product","3":"status-publish","4":"has-post-thumbnail","6":"product_cat-accessoires-fr","7":"product_cat-uncategorised-fr","8":"product_shipping_class-kleingerate-fr","10":"first","11":"outofstock","12":"taxable","13":"shipping-taxable","14":"purchasable","15":"product-type-simple"},"composite_virtual":false,"composite_layout":"","composite_add_to_cart_form_location":"","composite_editable_in_cart":false,"composite_sold_individually_context":"","composite_shop_price_calc":"","composite_components":[],"composite_scenarios":[],"bundled_by":[],"bundle_stock_status":"outofstock","bundle_stock_quantity":null,"bundle_virtual":false,"bundle_layout":"","bundle_add_to_cart_form_location":"","bundle_editable_in_cart":false,"bundle_sold_individually_context":"","bundle_item_grouping":"","bundle_min_size":"","bundle_max_size":"","bundle_price":[],"bundled_items":[],"bundle_sell_ids":[804],"yoast_head":"<!-- This site is optimized with the Yoast SEO Premium plugin v14.5 - https:\/\/yoast.com\/wordpress\/plugins\/seo\/ -->\n<title>STIL-FIT AB Trainer (noix) | STIL-FIT<\/title>\n<meta name=\"robots\" content=\"index, follow\" \/>\n<meta name=\"googlebot\" content=\"index, follow, max-snippet:-1, max-image-preview:large, max-video-preview:-1\" \/>\n<meta name=\"bingbot\" content=\"index, follow, max-snippet:-1, max-image-preview:large, max-video-preview:-1\" \/>\n<link rel=\"canonical\" href=\"https:\/\/stil-fit.com\/fr\/shop\/stil-fit-ab-trainer-noix\/\" \/>\n<meta property=\"og:locale\" content=\"fr_FR\" \/>\n<meta property=\"og:type\" content=\"article\" \/>\n<meta property=\"og:title\" content=\"STIL-FIT AB Trainer (noix) | STIL-FIT\" \/>\n<meta property=\"og:description\" content=\"&nbsp;  Fabriqu\u00e9 en Allemagne  Livraison gratuite (D &amp; AT)  Livraison incl. Yoga matt\" \/>\n<meta property=\"og:url\" content=\"https:\/\/stil-fit.com\/fr\/shop\/stil-fit-ab-trainer-noix\/\" \/>\n<meta property=\"og:site_name\" content=\"STIL-FIT\" \/>\n<meta property=\"article:publisher\" content=\"https:\/\/de-de.facebook.com\/stilfit\/\" \/>\n<meta property=\"og:image\" content=\"https:\/\/stil-fit.com\/wp-content\/uploads\/2019\/07\/STIL-FIT-ABTrainer-Design-Holz-Walnuss-scaled.jpg\" \/>\n\t<meta property=\"og:image:width\" content=\"2560\" \/>\n\t<meta property=\"og:image:height\" content=\"1792\" \/>\n<meta name=\"twitter:card\" content=\"summary_large_image\" \/>\n<script type=\"application\/ld+json\" class=\"yoast-schema-graph\">{\"@context\":\"https:\/\/schema.org\",\"@graph\":[{\"@type\":\"Organization\",\"@id\":\"https:\/\/stil-fit.com\/fr\/#organization\",\"name\":\"STIL-FIT International GmbH\",\"url\":\"https:\/\/stil-fit.com\/fr\/\",\"sameAs\":[\"https:\/\/de-de.facebook.com\/stilfit\/\",\"https:\/\/www.instagram.com\/stil_fit_int\/\",\"https:\/\/www.linkedin.com\/company\/stil-fit-international-gmbh\",\"https:\/\/www.youtube.com\/channel\/UC2HA1BeZtFB0acPMfq1hKdQ\",\"https:\/\/www.pinterest.com\/STILFITInt\/\"],\"logo\":{\"@type\":\"ImageObject\",\"@id\":\"https:\/\/stil-fit.com\/fr\/#logo\",\"inLanguage\":\"fr-FR\",\"url\":\"https:\/\/stil-fit.com\/wp-content\/uploads\/2019\/02\/stilfit_logo.jpg\",\"width\":150,\"height\":150,\"caption\":\"STIL-FIT International GmbH\"},\"image\":{\"@id\":\"https:\/\/stil-fit.com\/fr\/#logo\"}},{\"@type\":\"WebSite\",\"@id\":\"https:\/\/stil-fit.com\/fr\/#website\",\"url\":\"https:\/\/stil-fit.com\/fr\/\",\"name\":\"STIL-FIT\",\"description\":\"Stil-fit\",\"publisher\":{\"@id\":\"https:\/\/stil-fit.com\/fr\/#organization\"},\"potentialAction\":[{\"@type\":\"SearchAction\",\"target\":\"https:\/\/stil-fit.com\/fr\/?s={search_term_string}\",\"query-input\":\"required name=search_term_string\"}],\"inLanguage\":\"fr-FR\"},{\"@type\":\"ImageObject\",\"@id\":\"https:\/\/stil-fit.com\/fr\/shop\/stil-fit-ab-trainer-noix\/#primaryimage\",\"inLanguage\":\"fr-FR\",\"url\":\"https:\/\/stil-fit.com\/wp-content\/uploads\/2019\/07\/STIL-FIT-ABTrainer-Design-Holz-Walnuss-scaled.jpg\",\"width\":2560,\"height\":1792},{\"@type\":\"WebPage\",\"@id\":\"https:\/\/stil-fit.com\/fr\/shop\/stil-fit-ab-trainer-noix\/#webpage\",\"url\":\"https:\/\/stil-fit.com\/fr\/shop\/stil-fit-ab-trainer-noix\/\",\"name\":\"STIL-FIT AB Trainer (noix) | STIL-FIT\",\"isPartOf\":{\"@id\":\"https:\/\/stil-fit.com\/fr\/#website\"},\"primaryImageOfPage\":{\"@id\":\"https:\/\/stil-fit.com\/fr\/shop\/stil-fit-ab-trainer-noix\/#primaryimage\"},\"datePublished\":\"2025-03-27T12:51:02+00:00\",\"dateModified\":\"2025-03-27T12:51:02+00:00\",\"inLanguage\":\"fr-FR\",\"potentialAction\":[{\"@type\":\"ReadAction\",\"target\":[\"https:\/\/stil-fit.com\/fr\/shop\/stil-fit-ab-trainer-noix\/\"]}]}]}<\/script>\n<!-- \/ Yoast SEO Premium plugin. -->","post_mailing_queue_ids":[],"_links":{"self":[{"href":"https:\/\/stil-fit.com\/fr\/wp-json\/wp\/v2\/product\/35284","targetHints":{"allow":["GET"]}}],"collection":[{"href":"https:\/\/stil-fit.com\/fr\/wp-json\/wp\/v2\/product"}],"about":[{"href":"https:\/\/stil-fit.com\/fr\/wp-json\/wp\/v2\/types\/product"}],"replies":[{"embeddable":true,"href":"https:\/\/stil-fit.com\/fr\/wp-json\/wp\/v2\/comments?post=35284"}],"wp:featuredmedia":[{"embeddable":true,"href":"https:\/\/stil-fit.com\/fr\/wp-json\/wp\/v2\/media\/22812"}],"wp:attachment":[{"href":"https:\/\/stil-fit.com\/fr\/wp-json\/wp\/v2\/media?parent=35284"}],"wp:term":[{"taxonomy":"product_brand","embeddable":true,"href":"https:\/\/stil-fit.com\/fr\/wp-json\/wp\/v2\/product_brand?post=35284"},{"taxonomy":"product_cat","embeddable":true,"href":"https:\/\/stil-fit.com\/fr\/wp-json\/wp\/v2\/product_cat?post=35284"},{"taxonomy":"product_tag","embeddable":true,"href":"https:\/\/stil-fit.com\/fr\/wp-json\/wp\/v2\/product_tag?post=35284"},{"taxonomy":"yst_prominent_words","embeddable":true,"href":"https:\/\/stil-fit.com\/fr\/wp-json\/wp\/v2\/yst_prominent_words?post=35284"}],"curies":[{"name":"wp","href":"https:\/\/api.w.org\/{rel}","templated":true}]}}