{"id":35298,"date":"2019-07-22T00:06:30","date_gmt":"2025-03-27T12:51:29","guid":{"rendered":"https:\/\/stil-fit.com\/shop\/stil-fit-back-stretch-noix\/"},"modified":"2025-03-27T13:51:29","modified_gmt":"2025-03-27T12:51:29","slug":"stil-fit-back-stretch-noix","status":"publish","type":"product","link":"https:\/\/stil-fit.com\/fr\/shop\/stil-fit-back-stretch-noix\/","title":{"rendered":"STIL-FIT BACK Stretch (noix)"},"content":{"rendered":"<h1><strong>STIL-FIT BACK Stretch  <\/strong><\/h1>\n<h2>D\u00e9tente pour votre dos<\/h2>\n<div>Apr\u00e8s une s\u00e9ance d&#8217;entra\u00eenement intensive avec nos produits, le site BACK Stretch est parfait pour rel\u00e2cher les tensions et la fatigue.<\/div>\n<div>\u00e9tirer votre dos et votre colonne vert\u00e9brale. Il contribue \u00e9galement \u00e0 r\u00e9duire les douleurs dorsales. <\/div>\n<div>et le cou.<\/div>\n<div><\/div>\n<div>Il suffit de s&#8217;allonger, de se d\u00e9tendre et de respirer de mani\u00e8re continue et r\u00e9guli\u00e8re pendant environ cinq minutes. Vous pouvez utiliser le <\/div>\n<div>BACK Stretch dans deux positions diff\u00e9rentes. Pour le haut et le bas du dos. <\/div>\n","protected":false},"excerpt":{"rendered":"<p dir=\"ltr\" data-placeholder=\"\u00dcbersetzung\" data-ved=\"2ahUKEwjRp7uo4N-CAxVTgv0HHf8jDZkQ3ewLegQICRAQ\">\n<p id=\"tw-target-text\" class=\"tw-data-text tw-text-large tw-ta\" dir=\"ltr\" data-placeholder=\"\u00dcbersetzung\" data-ved=\"2ahUKEwjRp7uo4N-CAxVTgv0HHf8jDZkQ3ewLegQICRAQ\"><span class=\"Y2IQFc\" lang=\"en\">Allongez-vous sur le site BACK Stretch et d\u00e9tendez-vous. Vous sentirez que votre dos est soulag\u00e9. <\/span><\/p>\n<ul>\n<li>Fabriqu\u00e9 en Allemagne<\/li>\n<li>Envoi gratuit (Allemagne et Autriche)<\/li>\n<\/ul>\n","protected":false},"featured_media":22822,"comment_status":"open","ping_status":"closed","template":"","meta":{"_monsterinsights_skip_tracking":false,"_monsterinsights_sitenote_active":false,"_monsterinsights_sitenote_note":"","_monsterinsights_sitenote_category":0},"product_brand":[],"product_cat":[2480,2937],"product_tag":[],"yst_prominent_words":[256,498,496,255,372,251,261,267,1944],"class_list":{"0":"post-35298","1":"product","2":"type-product","3":"status-publish","4":"has-post-thumbnail","6":"product_cat-accessoires-fr","7":"product_cat-uncategorised-fr","8":"product_shipping_class-kleingerate-fr","10":"first","11":"instock","12":"taxable","13":"shipping-taxable","14":"purchasable","15":"product-type-simple"},"composite_virtual":false,"composite_layout":"","composite_add_to_cart_form_location":"","composite_editable_in_cart":false,"composite_sold_individually_context":"","composite_shop_price_calc":"","composite_components":[],"composite_scenarios":[],"bundled_by":[],"bundle_stock_status":"instock","bundle_stock_quantity":null,"bundle_virtual":false,"bundle_layout":"","bundle_add_to_cart_form_location":"","bundle_editable_in_cart":false,"bundle_sold_individually_context":"","bundle_item_grouping":"","bundle_min_size":"","bundle_max_size":"","bundle_price":[],"bundled_items":[],"bundle_sell_ids":[35284,804],"yoast_head":"<!-- This site is optimized with the Yoast SEO Premium plugin v14.5 - https:\/\/yoast.com\/wordpress\/plugins\/seo\/ -->\n<title>STIL-FIT BACK Stretch (noix) | Le bien-\u00eatre pour votre dos<\/title>\n<meta name=\"description\" content=\"Fabriqu\u00e9 \u00e0 la main dans notre usine de Munich, notre BACK Stretch vous aide \u00e0 soulager votre dos. Une \u0153uvre d&#039;art pour votre appartement.\" \/>\n<meta name=\"robots\" content=\"index, follow\" \/>\n<meta name=\"googlebot\" content=\"index, follow, max-snippet:-1, max-image-preview:large, max-video-preview:-1\" \/>\n<meta name=\"bingbot\" content=\"index, follow, max-snippet:-1, max-image-preview:large, max-video-preview:-1\" \/>\n<link rel=\"canonical\" href=\"https:\/\/stil-fit.com\/fr\/shop\/stil-fit-back-stretch-noix\/\" \/>\n<meta property=\"og:locale\" content=\"fr_FR\" \/>\n<meta property=\"og:type\" content=\"article\" \/>\n<meta property=\"og:title\" content=\"STIL-FIT BACK Stretch (noix) | Le bien-\u00eatre pour votre dos\" \/>\n<meta property=\"og:description\" content=\"Fabriqu\u00e9 \u00e0 la main dans notre usine de Munich, notre BACK Stretch vous aide \u00e0 soulager votre dos. Une \u0153uvre d&#039;art pour votre appartement.\" \/>\n<meta property=\"og:url\" content=\"https:\/\/stil-fit.com\/fr\/shop\/stil-fit-back-stretch-noix\/\" \/>\n<meta property=\"og:site_name\" content=\"STIL-FIT\" \/>\n<meta property=\"article:publisher\" content=\"https:\/\/de-de.facebook.com\/stilfit\/\" \/>\n<meta property=\"og:image\" content=\"https:\/\/stil-fit.com\/wp-content\/uploads\/2019\/07\/STIL-FIT-Backstretch-Design-Holz-R\u00fcckentraining-scaled.jpg\" \/>\n\t<meta property=\"og:image:width\" content=\"2560\" \/>\n\t<meta property=\"og:image:height\" content=\"1792\" \/>\n<meta name=\"twitter:card\" content=\"summary_large_image\" \/>\n<script type=\"application\/ld+json\" class=\"yoast-schema-graph\">{\"@context\":\"https:\/\/schema.org\",\"@graph\":[{\"@type\":\"Organization\",\"@id\":\"https:\/\/stil-fit.com\/fr\/#organization\",\"name\":\"STIL-FIT International GmbH\",\"url\":\"https:\/\/stil-fit.com\/fr\/\",\"sameAs\":[\"https:\/\/de-de.facebook.com\/stilfit\/\",\"https:\/\/www.instagram.com\/stil_fit_int\/\",\"https:\/\/www.linkedin.com\/company\/stil-fit-international-gmbh\",\"https:\/\/www.youtube.com\/channel\/UC2HA1BeZtFB0acPMfq1hKdQ\",\"https:\/\/www.pinterest.com\/STILFITInt\/\"],\"logo\":{\"@type\":\"ImageObject\",\"@id\":\"https:\/\/stil-fit.com\/fr\/#logo\",\"inLanguage\":\"fr-FR\",\"url\":\"https:\/\/stil-fit.com\/wp-content\/uploads\/2019\/02\/stilfit_logo.jpg\",\"width\":150,\"height\":150,\"caption\":\"STIL-FIT International GmbH\"},\"image\":{\"@id\":\"https:\/\/stil-fit.com\/fr\/#logo\"}},{\"@type\":\"WebSite\",\"@id\":\"https:\/\/stil-fit.com\/fr\/#website\",\"url\":\"https:\/\/stil-fit.com\/fr\/\",\"name\":\"STIL-FIT\",\"description\":\"Stil-fit\",\"publisher\":{\"@id\":\"https:\/\/stil-fit.com\/fr\/#organization\"},\"potentialAction\":[{\"@type\":\"SearchAction\",\"target\":\"https:\/\/stil-fit.com\/fr\/?s={search_term_string}\",\"query-input\":\"required name=search_term_string\"}],\"inLanguage\":\"fr-FR\"},{\"@type\":\"ImageObject\",\"@id\":\"https:\/\/stil-fit.com\/fr\/shop\/stil-fit-back-stretch-noix\/#primaryimage\",\"inLanguage\":\"fr-FR\",\"url\":\"https:\/\/stil-fit.com\/wp-content\/uploads\/2019\/07\/STIL-FIT-Backstretch-Design-Holz-R\\u00fcckentraining-scaled.jpg\",\"width\":2560,\"height\":1792},{\"@type\":\"WebPage\",\"@id\":\"https:\/\/stil-fit.com\/fr\/shop\/stil-fit-back-stretch-noix\/#webpage\",\"url\":\"https:\/\/stil-fit.com\/fr\/shop\/stil-fit-back-stretch-noix\/\",\"name\":\"STIL-FIT BACK Stretch (noix) | Le bien-\\u00eatre pour votre dos\",\"isPartOf\":{\"@id\":\"https:\/\/stil-fit.com\/fr\/#website\"},\"primaryImageOfPage\":{\"@id\":\"https:\/\/stil-fit.com\/fr\/shop\/stil-fit-back-stretch-noix\/#primaryimage\"},\"datePublished\":\"2025-03-27T12:51:29+00:00\",\"dateModified\":\"2025-03-27T12:51:29+00:00\",\"description\":\"Fabriqu\\u00e9 \\u00e0 la main dans notre usine de Munich, notre BACK Stretch vous aide \\u00e0 soulager votre dos. Une \\u0153uvre d'art pour votre appartement.\",\"inLanguage\":\"fr-FR\",\"potentialAction\":[{\"@type\":\"ReadAction\",\"target\":[\"https:\/\/stil-fit.com\/fr\/shop\/stil-fit-back-stretch-noix\/\"]}]}]}<\/script>\n<!-- \/ Yoast SEO Premium plugin. -->","post_mailing_queue_ids":[],"_links":{"self":[{"href":"https:\/\/stil-fit.com\/fr\/wp-json\/wp\/v2\/product\/35298","targetHints":{"allow":["GET"]}}],"collection":[{"href":"https:\/\/stil-fit.com\/fr\/wp-json\/wp\/v2\/product"}],"about":[{"href":"https:\/\/stil-fit.com\/fr\/wp-json\/wp\/v2\/types\/product"}],"replies":[{"embeddable":true,"href":"https:\/\/stil-fit.com\/fr\/wp-json\/wp\/v2\/comments?post=35298"}],"wp:featuredmedia":[{"embeddable":true,"href":"https:\/\/stil-fit.com\/fr\/wp-json\/wp\/v2\/media\/22822"}],"wp:attachment":[{"href":"https:\/\/stil-fit.com\/fr\/wp-json\/wp\/v2\/media?parent=35298"}],"wp:term":[{"taxonomy":"product_brand","embeddable":true,"href":"https:\/\/stil-fit.com\/fr\/wp-json\/wp\/v2\/product_brand?post=35298"},{"taxonomy":"product_cat","embeddable":true,"href":"https:\/\/stil-fit.com\/fr\/wp-json\/wp\/v2\/product_cat?post=35298"},{"taxonomy":"product_tag","embeddable":true,"href":"https:\/\/stil-fit.com\/fr\/wp-json\/wp\/v2\/product_tag?post=35298"},{"taxonomy":"yst_prominent_words","embeddable":true,"href":"https:\/\/stil-fit.com\/fr\/wp-json\/wp\/v2\/yst_prominent_words?post=35298"}],"curies":[{"name":"wp","href":"https:\/\/api.w.org\/{rel}","templated":true}]}}