{"id":35318,"date":"2019-08-20T16:02:47","date_gmt":"2025-03-27T12:52:02","guid":{"rendered":"https:\/\/stil-fit.com\/shop\/stil-fit-ankle-strap-cuir\/"},"modified":"2025-03-27T13:52:02","modified_gmt":"2025-03-27T12:52:02","slug":"stil-fit-ankle-strap-cuir","status":"publish","type":"product","link":"https:\/\/stil-fit.com\/fr\/shop\/stil-fit-ankle-strap-cuir\/","title":{"rendered":"STIL-FIT Ankle strap (cuir)"},"content":{"rendered":"<h1><span style=\"font-size: 75%;\"><strong>STIL-FIT Bracelet de cheville<\/strong><\/span><\/h1>\n<p>Notre sangle de cheville est fabriqu\u00e9e en cuir de selle de haute qualit\u00e9 et dot\u00e9e d&#8217;un \u00e9pais rembourrage en n\u00e9opr\u00e8ne pour un ajustement parfait et confortable. Elle est id\u00e9ale pour les s\u00e9ances d&#8217;entra\u00eenement des abducteurs et des adducteurs. <\/p>\n<p>Gr\u00e2ce au velcro, il s&#8217;adapte aux chevilles de toutes tailles. Attachez simplement le mousqueton \u00e0 l&#8217;anneau en D et vous \u00eates pr\u00eat pour votre entra\u00eenement sur<br \/>\n.<\/p>\n","protected":false},"excerpt":{"rendered":"<p>Fabriqu\u00e9 en Allemagne<\/p>\n","protected":false},"featured_media":26160,"comment_status":"open","ping_status":"closed","template":"","meta":{"_monsterinsights_skip_tracking":false,"_monsterinsights_sitenote_active":false,"_monsterinsights_sitenote_note":"","_monsterinsights_sitenote_category":0},"product_brand":[],"product_cat":[2477,2937],"product_tag":[],"yst_prominent_words":[256,257,253,255,259,260,258,251,261,254],"class_list":{"0":"post-35318","1":"product","2":"type-product","3":"status-publish","4":"has-post-thumbnail","6":"product_cat-mur-fitness","7":"product_cat-uncategorised-fr","8":"product_shipping_class-kleingerate-fr","10":"first","11":"instock","12":"taxable","13":"shipping-taxable","14":"purchasable","15":"product-type-simple"},"composite_virtual":false,"composite_layout":"","composite_add_to_cart_form_location":"","composite_editable_in_cart":false,"composite_sold_individually_context":"","composite_shop_price_calc":"","composite_components":[],"composite_scenarios":[],"bundled_by":[],"bundle_stock_status":"instock","bundle_stock_quantity":null,"bundle_virtual":false,"bundle_layout":"","bundle_add_to_cart_form_location":"","bundle_editable_in_cart":false,"bundle_sold_individually_context":"","bundle_item_grouping":"","bundle_min_size":"","bundle_max_size":"","bundle_price":[],"bundled_items":[],"bundle_sell_ids":[],"yoast_head":"<!-- This site is optimized with the Yoast SEO Premium plugin v14.5 - https:\/\/yoast.com\/wordpress\/plugins\/seo\/ -->\n<title>STIL-FIT Ankle strap (cuir) | STIL-FIT<\/title>\n<meta name=\"robots\" content=\"index, follow\" \/>\n<meta name=\"googlebot\" content=\"index, follow, max-snippet:-1, max-image-preview:large, max-video-preview:-1\" \/>\n<meta name=\"bingbot\" content=\"index, follow, max-snippet:-1, max-image-preview:large, max-video-preview:-1\" \/>\n<link rel=\"canonical\" href=\"https:\/\/stil-fit.com\/fr\/shop\/stil-fit-ankle-strap-cuir\/\" \/>\n<meta property=\"og:locale\" content=\"fr_FR\" \/>\n<meta property=\"og:type\" content=\"article\" \/>\n<meta property=\"og:title\" content=\"STIL-FIT Ankle strap (cuir) | STIL-FIT\" \/>\n<meta property=\"og:description\" content=\"Fabriqu\u00e9 en Allemagne\" \/>\n<meta property=\"og:url\" content=\"https:\/\/stil-fit.com\/fr\/shop\/stil-fit-ankle-strap-cuir\/\" \/>\n<meta property=\"og:site_name\" content=\"STIL-FIT\" \/>\n<meta property=\"article:publisher\" content=\"https:\/\/de-de.facebook.com\/stilfit\/\" \/>\n<meta property=\"og:image\" content=\"https:\/\/stil-fit.com\/wp-content\/uploads\/2019\/08\/STIL-FIT-Fussschlaufe-leder.jpg\" \/>\n\t<meta property=\"og:image:width\" content=\"1200\" \/>\n\t<meta property=\"og:image:height\" content=\"1200\" \/>\n<meta name=\"twitter:card\" content=\"summary_large_image\" \/>\n<script type=\"application\/ld+json\" class=\"yoast-schema-graph\">{\"@context\":\"https:\/\/schema.org\",\"@graph\":[{\"@type\":\"Organization\",\"@id\":\"https:\/\/stil-fit.com\/fr\/#organization\",\"name\":\"STIL-FIT International GmbH\",\"url\":\"https:\/\/stil-fit.com\/fr\/\",\"sameAs\":[\"https:\/\/de-de.facebook.com\/stilfit\/\",\"https:\/\/www.instagram.com\/stil_fit_int\/\",\"https:\/\/www.linkedin.com\/company\/stil-fit-international-gmbh\",\"https:\/\/www.youtube.com\/channel\/UC2HA1BeZtFB0acPMfq1hKdQ\",\"https:\/\/www.pinterest.com\/STILFITInt\/\"],\"logo\":{\"@type\":\"ImageObject\",\"@id\":\"https:\/\/stil-fit.com\/fr\/#logo\",\"inLanguage\":\"fr-FR\",\"url\":\"https:\/\/stil-fit.com\/wp-content\/uploads\/2019\/02\/stilfit_logo.jpg\",\"width\":150,\"height\":150,\"caption\":\"STIL-FIT International GmbH\"},\"image\":{\"@id\":\"https:\/\/stil-fit.com\/fr\/#logo\"}},{\"@type\":\"WebSite\",\"@id\":\"https:\/\/stil-fit.com\/fr\/#website\",\"url\":\"https:\/\/stil-fit.com\/fr\/\",\"name\":\"STIL-FIT\",\"description\":\"Stil-fit\",\"publisher\":{\"@id\":\"https:\/\/stil-fit.com\/fr\/#organization\"},\"potentialAction\":[{\"@type\":\"SearchAction\",\"target\":\"https:\/\/stil-fit.com\/fr\/?s={search_term_string}\",\"query-input\":\"required name=search_term_string\"}],\"inLanguage\":\"fr-FR\"},{\"@type\":\"ImageObject\",\"@id\":\"https:\/\/stil-fit.com\/fr\/shop\/stil-fit-ankle-strap-cuir\/#primaryimage\",\"inLanguage\":\"fr-FR\",\"url\":\"https:\/\/stil-fit.com\/wp-content\/uploads\/2019\/08\/STIL-FIT-Fussschlaufe-leder.jpg\",\"width\":1200,\"height\":1200},{\"@type\":\"WebPage\",\"@id\":\"https:\/\/stil-fit.com\/fr\/shop\/stil-fit-ankle-strap-cuir\/#webpage\",\"url\":\"https:\/\/stil-fit.com\/fr\/shop\/stil-fit-ankle-strap-cuir\/\",\"name\":\"STIL-FIT Ankle strap (cuir) | STIL-FIT\",\"isPartOf\":{\"@id\":\"https:\/\/stil-fit.com\/fr\/#website\"},\"primaryImageOfPage\":{\"@id\":\"https:\/\/stil-fit.com\/fr\/shop\/stil-fit-ankle-strap-cuir\/#primaryimage\"},\"datePublished\":\"2025-03-27T12:52:02+00:00\",\"dateModified\":\"2025-03-27T12:52:02+00:00\",\"inLanguage\":\"fr-FR\",\"potentialAction\":[{\"@type\":\"ReadAction\",\"target\":[\"https:\/\/stil-fit.com\/fr\/shop\/stil-fit-ankle-strap-cuir\/\"]}]}]}<\/script>\n<!-- \/ Yoast SEO Premium plugin. -->","post_mailing_queue_ids":[],"_links":{"self":[{"href":"https:\/\/stil-fit.com\/fr\/wp-json\/wp\/v2\/product\/35318","targetHints":{"allow":["GET"]}}],"collection":[{"href":"https:\/\/stil-fit.com\/fr\/wp-json\/wp\/v2\/product"}],"about":[{"href":"https:\/\/stil-fit.com\/fr\/wp-json\/wp\/v2\/types\/product"}],"replies":[{"embeddable":true,"href":"https:\/\/stil-fit.com\/fr\/wp-json\/wp\/v2\/comments?post=35318"}],"wp:featuredmedia":[{"embeddable":true,"href":"https:\/\/stil-fit.com\/fr\/wp-json\/wp\/v2\/media\/26160"}],"wp:attachment":[{"href":"https:\/\/stil-fit.com\/fr\/wp-json\/wp\/v2\/media?parent=35318"}],"wp:term":[{"taxonomy":"product_brand","embeddable":true,"href":"https:\/\/stil-fit.com\/fr\/wp-json\/wp\/v2\/product_brand?post=35318"},{"taxonomy":"product_cat","embeddable":true,"href":"https:\/\/stil-fit.com\/fr\/wp-json\/wp\/v2\/product_cat?post=35318"},{"taxonomy":"product_tag","embeddable":true,"href":"https:\/\/stil-fit.com\/fr\/wp-json\/wp\/v2\/product_tag?post=35318"},{"taxonomy":"yst_prominent_words","embeddable":true,"href":"https:\/\/stil-fit.com\/fr\/wp-json\/wp\/v2\/yst_prominent_words?post=35318"}],"curies":[{"name":"wp","href":"https:\/\/api.w.org\/{rel}","templated":true}]}}