{"id":35368,"date":"2020-03-26T22:44:05","date_gmt":"2025-03-27T12:53:26","guid":{"rendered":"https:\/\/stil-fit.com\/shop\/polar-verity-sense-capteur-optique-de-frequence-cardiaque\/"},"modified":"2025-03-27T13:53:26","modified_gmt":"2025-03-27T12:53:26","slug":"polar-verity-sense-capteur-optique-de-frequence-cardiaque","status":"publish","type":"product","link":"https:\/\/stil-fit.com\/fr\/shop\/polar-verity-sense-capteur-optique-de-frequence-cardiaque\/","title":{"rendered":"Polar Verity Sense &#8211; Capteur optique de fr\u00e9quence cardiaque"},"content":{"rendered":"<h1><\/h1>\n<h1 class=\"thin-font\">CAPTEUR OPTIQUE DE FR\u00c9QUENCE CARDIAQUE POLAR VERITY SENSE<\/h1>\n<p>Le Polar Verity Sense, petit et maniable, est votre compagnon dans le monde de l&#8217;entra\u00eenement \u00e0 la fr\u00e9quence cardiaque. Il vous aide \u00e0 vous entra\u00eener plus intelligemment, et non plus durement. Polar Verity Sense est un cardiofr\u00e9quencem\u00e8tre optique qui allie polyvalence, confort et simplicit\u00e9. Vous pouvez l&#8217;utiliser seul ou l&#8217;associer \u00e0 diverses applications de fitness, comme notre application STIL-FIT International.   <\/p>\n<h2 class=\"thin-font\">Brassard confortable<\/h2>\n<p>Vous pouvez porter Polar Verity Sense sur la partie sup\u00e9rieure ou inf\u00e9rieure de votre bras. Il est facile de l&#8217;enfiler et de l&#8217;enlever n&#8217;importe o\u00f9, n&#8217;importe quand. Les d\u00e9tails sont importants lorsque la performance compte. Le brassard Polar Verity Sense est con\u00e7u pour s&#8217;ajuster fermement et confortablement autour de votre bras. Con\u00e7u pour \u00eatre extr\u00eamement facile \u00e0 porter, il est fabriqu\u00e9 dans un mat\u00e9riau textile doux et lavable en machine pour un usage quotidien.    <\/p>\n<h2 class=\"thin-font\">Suivi optique de la fr\u00e9quence cardiaque<\/h2>\n<p>Vous exigez la pr\u00e9cision lorsque vous vous entra\u00eenez. Vous l&#8217;obtiendrez gr\u00e2ce \u00e0 l&#8217;algorithme de fr\u00e9quence cardiaque exclusif de Polar et au capteur optique \u00e0 6 LED. <\/p>\n<h2 class=\"thin-font\">M\u00e9moire int\u00e9gr\u00e9e<\/h2>\n<p>Gr\u00e2ce \u00e0 sa m\u00e9moire int\u00e9gr\u00e9e, le Polar Verity Sense peut stocker jusqu&#8217;\u00e0 200 heures de donn\u00e9es d&#8217;entra\u00eenement. Vous pouvez synchroniser vos donn\u00e9es avec Polar Beat pour les analyser. <\/p>\n<h2 class=\"thin-font\">Rouler plus loin et plus longtemps<\/h2>\n<p>Le Polar OH1 b\u00e9n\u00e9ficie d&#8217;une longue dur\u00e9e de vie de la batterie, avec jusqu&#8217;\u00e0 12 heures d&#8217;entra\u00eenement sur une seule charge. Chargez facilement la batterie avec l&#8217;adaptateur USB Polar Verity Sense inclus.<\/p>\n","protected":false},"excerpt":{"rendered":"<p>&nbsp;<\/p>\n<p>&nbsp;<\/p>\n","protected":false},"featured_media":26667,"comment_status":"open","ping_status":"closed","template":"","meta":{"_monsterinsights_skip_tracking":false,"_monsterinsights_sitenote_active":false,"_monsterinsights_sitenote_note":"","_monsterinsights_sitenote_category":0},"product_brand":[],"product_cat":[2473,2471],"product_tag":[],"yst_prominent_words":[853,832,825,856,854,259,851,857,850,852,849,847,848,833,251,261,855,593,594,634],"class_list":{"0":"post-35368","1":"product","2":"type-product","3":"status-publish","4":"has-post-thumbnail","6":"product_cat-rameur","7":"product_cat-velos-dinterieur","8":"product_shipping_class-kleingerate-fr","10":"first","11":"outofstock","12":"taxable","13":"shipping-taxable","14":"purchasable","15":"product-type-simple"},"composite_virtual":false,"composite_layout":"","composite_add_to_cart_form_location":"","composite_editable_in_cart":false,"composite_sold_individually_context":"","composite_shop_price_calc":"","composite_components":[],"composite_scenarios":[],"bundled_by":[],"bundle_stock_status":"outofstock","bundle_stock_quantity":null,"bundle_virtual":false,"bundle_layout":"","bundle_add_to_cart_form_location":"","bundle_editable_in_cart":false,"bundle_sold_individually_context":"","bundle_item_grouping":"","bundle_min_size":"","bundle_max_size":"","bundle_price":[],"bundled_items":[],"bundle_sell_ids":[],"yoast_head":"<!-- This site is optimized with the Yoast SEO Premium plugin v14.5 - https:\/\/yoast.com\/wordpress\/plugins\/seo\/ -->\n<title>Polar Verity Sense - Capteur optique de fr\u00e9quence cardiaque | STIL-FIT<\/title>\n<meta name=\"robots\" content=\"index, follow\" \/>\n<meta name=\"googlebot\" content=\"index, follow, max-snippet:-1, max-image-preview:large, max-video-preview:-1\" \/>\n<meta name=\"bingbot\" content=\"index, follow, max-snippet:-1, max-image-preview:large, max-video-preview:-1\" \/>\n<link rel=\"canonical\" href=\"https:\/\/stil-fit.com\/fr\/shop\/polar-verity-sense-capteur-optique-de-frequence-cardiaque\/\" \/>\n<meta property=\"og:locale\" content=\"fr_FR\" \/>\n<meta property=\"og:type\" content=\"article\" \/>\n<meta property=\"og:title\" content=\"Polar Verity Sense - Capteur optique de fr\u00e9quence cardiaque | STIL-FIT\" \/>\n<meta property=\"og:description\" content=\"&nbsp; &nbsp;\" \/>\n<meta property=\"og:url\" content=\"https:\/\/stil-fit.com\/fr\/shop\/polar-verity-sense-capteur-optique-de-frequence-cardiaque\/\" \/>\n<meta property=\"og:site_name\" content=\"STIL-FIT\" \/>\n<meta property=\"article:publisher\" content=\"https:\/\/de-de.facebook.com\/stilfit\/\" \/>\n<meta property=\"og:image\" content=\"https:\/\/stil-fit.com\/wp-content\/uploads\/2020\/03\/Polar-OH1-Pulssensor.jpg\" \/>\n\t<meta property=\"og:image:width\" content=\"600\" \/>\n\t<meta property=\"og:image:height\" content=\"600\" \/>\n<meta name=\"twitter:card\" content=\"summary_large_image\" \/>\n<script type=\"application\/ld+json\" class=\"yoast-schema-graph\">{\"@context\":\"https:\/\/schema.org\",\"@graph\":[{\"@type\":\"Organization\",\"@id\":\"https:\/\/stil-fit.com\/fr\/#organization\",\"name\":\"STIL-FIT International GmbH\",\"url\":\"https:\/\/stil-fit.com\/fr\/\",\"sameAs\":[\"https:\/\/de-de.facebook.com\/stilfit\/\",\"https:\/\/www.instagram.com\/stil_fit_int\/\",\"https:\/\/www.linkedin.com\/company\/stil-fit-international-gmbh\",\"https:\/\/www.youtube.com\/channel\/UC2HA1BeZtFB0acPMfq1hKdQ\",\"https:\/\/www.pinterest.com\/STILFITInt\/\"],\"logo\":{\"@type\":\"ImageObject\",\"@id\":\"https:\/\/stil-fit.com\/fr\/#logo\",\"inLanguage\":\"fr-FR\",\"url\":\"https:\/\/stil-fit.com\/wp-content\/uploads\/2019\/02\/stilfit_logo.jpg\",\"width\":150,\"height\":150,\"caption\":\"STIL-FIT International GmbH\"},\"image\":{\"@id\":\"https:\/\/stil-fit.com\/fr\/#logo\"}},{\"@type\":\"WebSite\",\"@id\":\"https:\/\/stil-fit.com\/fr\/#website\",\"url\":\"https:\/\/stil-fit.com\/fr\/\",\"name\":\"STIL-FIT\",\"description\":\"Stil-fit\",\"publisher\":{\"@id\":\"https:\/\/stil-fit.com\/fr\/#organization\"},\"potentialAction\":[{\"@type\":\"SearchAction\",\"target\":\"https:\/\/stil-fit.com\/fr\/?s={search_term_string}\",\"query-input\":\"required name=search_term_string\"}],\"inLanguage\":\"fr-FR\"},{\"@type\":\"ImageObject\",\"@id\":\"https:\/\/stil-fit.com\/fr\/shop\/polar-verity-sense-capteur-optique-de-frequence-cardiaque\/#primaryimage\",\"inLanguage\":\"fr-FR\",\"url\":\"https:\/\/stil-fit.com\/wp-content\/uploads\/2020\/03\/Polar-OH1-Pulssensor.jpg\",\"width\":600,\"height\":600},{\"@type\":\"WebPage\",\"@id\":\"https:\/\/stil-fit.com\/fr\/shop\/polar-verity-sense-capteur-optique-de-frequence-cardiaque\/#webpage\",\"url\":\"https:\/\/stil-fit.com\/fr\/shop\/polar-verity-sense-capteur-optique-de-frequence-cardiaque\/\",\"name\":\"Polar Verity Sense - Capteur optique de fr\\u00e9quence cardiaque | STIL-FIT\",\"isPartOf\":{\"@id\":\"https:\/\/stil-fit.com\/fr\/#website\"},\"primaryImageOfPage\":{\"@id\":\"https:\/\/stil-fit.com\/fr\/shop\/polar-verity-sense-capteur-optique-de-frequence-cardiaque\/#primaryimage\"},\"datePublished\":\"2025-03-27T12:53:26+00:00\",\"dateModified\":\"2025-03-27T12:53:26+00:00\",\"inLanguage\":\"fr-FR\",\"potentialAction\":[{\"@type\":\"ReadAction\",\"target\":[\"https:\/\/stil-fit.com\/fr\/shop\/polar-verity-sense-capteur-optique-de-frequence-cardiaque\/\"]}]}]}<\/script>\n<!-- \/ Yoast SEO Premium plugin. -->","post_mailing_queue_ids":[],"_links":{"self":[{"href":"https:\/\/stil-fit.com\/fr\/wp-json\/wp\/v2\/product\/35368","targetHints":{"allow":["GET"]}}],"collection":[{"href":"https:\/\/stil-fit.com\/fr\/wp-json\/wp\/v2\/product"}],"about":[{"href":"https:\/\/stil-fit.com\/fr\/wp-json\/wp\/v2\/types\/product"}],"replies":[{"embeddable":true,"href":"https:\/\/stil-fit.com\/fr\/wp-json\/wp\/v2\/comments?post=35368"}],"wp:featuredmedia":[{"embeddable":true,"href":"https:\/\/stil-fit.com\/fr\/wp-json\/wp\/v2\/media\/26667"}],"wp:attachment":[{"href":"https:\/\/stil-fit.com\/fr\/wp-json\/wp\/v2\/media?parent=35368"}],"wp:term":[{"taxonomy":"product_brand","embeddable":true,"href":"https:\/\/stil-fit.com\/fr\/wp-json\/wp\/v2\/product_brand?post=35368"},{"taxonomy":"product_cat","embeddable":true,"href":"https:\/\/stil-fit.com\/fr\/wp-json\/wp\/v2\/product_cat?post=35368"},{"taxonomy":"product_tag","embeddable":true,"href":"https:\/\/stil-fit.com\/fr\/wp-json\/wp\/v2\/product_tag?post=35368"},{"taxonomy":"yst_prominent_words","embeddable":true,"href":"https:\/\/stil-fit.com\/fr\/wp-json\/wp\/v2\/yst_prominent_words?post=35368"}],"curies":[{"name":"wp","href":"https:\/\/api.w.org\/{rel}","templated":true}]}}