{"id":35410,"date":"2021-05-21T23:40:30","date_gmt":"2025-03-27T12:54:04","guid":{"rendered":"https:\/\/stil-fit.com\/shop\/stil-fit-ergometer-pure\/"},"modified":"2025-05-05T01:54:10","modified_gmt":"2025-05-04T23:54:10","slug":"stil-fit-ergometer-pure","status":"publish","type":"product","link":"https:\/\/stil-fit.com\/fr\/shop\/stil-fit-ergometer-pure\/","title":{"rendered":"STIL-FIT Ergometer PURE"},"content":{"rendered":"<h1><strong><span style=\"color: #282828;\">Les STIL-FIT Ergometer PURE<\/span><\/strong><\/h1>\n<p>Pr\u00e9parez-vous \u00e0 une nouvelle exp\u00e9rience d&#8217;entra\u00eenement.<\/p>\n<h2><strong>Un design unique et remarquable<\/strong><\/h2>\n<p>Le V\u00e9lo d&#8217;int\u00e9rieur PURE, avec son \u00e9l\u00e9gant ordinateur de bord et son guidon ergonomique multifonctionnel, offre un excellent concept de design. Associ\u00e9 \u00e0 des mat\u00e9riaux de la plus haute qualit\u00e9 et \u00e0 une finition parfaite, nous pouvons vous offrir une exp\u00e9rience d&#8217;entra\u00eenement exceptionnelle. <\/p>\n<h2><strong>Ordinateur de formation puissant<\/strong><\/h2>\n<p>Nous avons \u00e9quip\u00e9 le V\u00e9lo d&#8217;int\u00e9rieur PURE d&#8217;un \u00e9cran tactile couleur TFT de 4,3 pouces et d&#8217;une interface utilisateur explicite et facile \u00e0 utiliser, avec un syst\u00e8me de guidage de l&#8217;op\u00e9rateur clairement organis\u00e9. L&#8217;ordinateur d&#8217;entra\u00eenement vous offre un large \u00e9ventail de programmes diff\u00e9rents et vous donne la possibilit\u00e9 de stocker des donn\u00e9es d&#8217;entra\u00eenement pour un maximum de cinq utilisateurs. <\/p>\n<h1><\/h1>\n","protected":false},"excerpt":{"rendered":"<p>&nbsp;<\/p>\n<p>Le V\u00e9lo d&#8217;int\u00e9rieur PURE est un v\u00e9lo tr\u00e8s confortable et ergonomique qui offre des positions d&#8217;assise vari\u00e9es, gr\u00e2ce au guidon multifonctionnel. C&#8217;est donc la solution id\u00e9ale pour rester en forme et en bonne sant\u00e9 \u00e0 tout \u00e2ge. <\/p>\n<p><strong>Pr\u00eat \u00e0 \u00eatre exp\u00e9di\u00e9 dans les 7 jours ouvrables<\/strong><\/p>\n<ul>\n<li>Fabriqu\u00e9 pour vous dans notre usine de Munich<\/li>\n<li>Livraison gratuite<\/li>\n<li>0% Paiement \u00e9chelonn\u00e9 (Allemagne uniquement)<\/li>\n<li>Fabriqu\u00e9 en Allemagne<\/li>\n<\/ul>\n<p>&nbsp;<\/p>\n<p><strong>Choisissez votre mod\u00e8le :<\/strong><\/p>\n","protected":false},"featured_media":29843,"comment_status":"open","ping_status":"closed","template":"","meta":{"_monsterinsights_skip_tracking":false,"_monsterinsights_sitenote_active":false,"_monsterinsights_sitenote_note":"","_monsterinsights_sitenote_category":0},"product_brand":[],"product_cat":[2937,2471],"product_tag":[2601,2598,2557,2585],"yst_prominent_words":[256,190,172,985,984,1070,255,987,986,251,598,983,982,261,189,186,593,529,989,594],"class_list":{"0":"post-35410","1":"product","2":"type-product","3":"status-publish","4":"has-post-thumbnail","6":"product_cat-uncategorised-fr","7":"product_cat-velos-dinterieur","8":"product_tag-aptitude","9":"product_tag-ergometre-fr","10":"product_tag-fitness-a-domicile","11":"product_tag-velo","12":"product_shipping_class-ergometre","14":"first","15":"instock","16":"taxable","17":"shipping-taxable","18":"purchasable","19":"product-type-variable","20":"has-default-attributes"},"composite_virtual":false,"composite_layout":"","composite_add_to_cart_form_location":"","composite_editable_in_cart":false,"composite_sold_individually_context":"","composite_shop_price_calc":"","composite_components":[],"composite_scenarios":[],"bundled_by":[],"bundle_stock_status":"instock","bundle_stock_quantity":null,"bundle_virtual":false,"bundle_layout":"","bundle_add_to_cart_form_location":"","bundle_editable_in_cart":false,"bundle_sold_individually_context":"","bundle_item_grouping":"","bundle_min_size":"","bundle_max_size":"","bundle_price":[],"bundled_items":[],"bundle_sell_ids":[35222,35555,35368,35520,35546],"yoast_head":"<!-- This site is optimized with the Yoast SEO Premium plugin v14.5 - https:\/\/yoast.com\/wordpress\/plugins\/seo\/ -->\n<title>STIL-FIT Ergometer PURE | Le v\u00e9lo design est disponible en noir et en blanc<\/title>\n<meta name=\"description\" content=\"Pr\u00e9parez-vous et configurez d\u00e8s maintenant votre nouveau et puissant V\u00e9lo d&#039;int\u00e9rieur PURE. Con\u00e7u et d\u00e9velopp\u00e9 \u00e0 Munich, Allemagne. Livraison gratuite en Allemagne et en Autriche.\" \/>\n<meta name=\"robots\" content=\"index, follow\" \/>\n<meta name=\"googlebot\" content=\"index, follow, max-snippet:-1, max-image-preview:large, max-video-preview:-1\" \/>\n<meta name=\"bingbot\" content=\"index, follow, max-snippet:-1, max-image-preview:large, max-video-preview:-1\" \/>\n<link rel=\"canonical\" href=\"https:\/\/stil-fit.com\/fr\/shop\/stil-fit-ergometer-pure\/\" \/>\n<meta property=\"og:locale\" content=\"fr_FR\" \/>\n<meta property=\"og:type\" content=\"article\" \/>\n<meta property=\"og:title\" content=\"STIL-FIT Ergometer PURE | Le v\u00e9lo design est disponible en noir et en blanc\" \/>\n<meta property=\"og:description\" content=\"Pr\u00e9parez-vous et configurez d\u00e8s maintenant votre nouveau et puissant V\u00e9lo d&#039;int\u00e9rieur PURE. Con\u00e7u et d\u00e9velopp\u00e9 \u00e0 Munich, Allemagne. Livraison gratuite en Allemagne et en Autriche.\" \/>\n<meta property=\"og:url\" content=\"https:\/\/stil-fit.com\/fr\/shop\/stil-fit-ergometer-pure\/\" \/>\n<meta property=\"og:site_name\" content=\"STIL-FIT\" \/>\n<meta property=\"article:publisher\" content=\"https:\/\/de-de.facebook.com\/stilfit\/\" \/>\n<meta property=\"article:modified_time\" content=\"2025-05-04T23:54:10+00:00\" \/>\n<meta property=\"og:image\" content=\"https:\/\/stil-fit.com\/wp-content\/uploads\/2023\/03\/STIL-FIT-Ergometer-Pure-White-Edition-scaled.jpg\" \/>\n\t<meta property=\"og:image:width\" content=\"2560\" \/>\n\t<meta property=\"og:image:height\" content=\"1708\" \/>\n<meta name=\"twitter:card\" content=\"summary_large_image\" \/>\n<script type=\"application\/ld+json\" class=\"yoast-schema-graph\">{\"@context\":\"https:\/\/schema.org\",\"@graph\":[{\"@type\":\"Organization\",\"@id\":\"https:\/\/stil-fit.com\/fr\/#organization\",\"name\":\"STIL-FIT International GmbH\",\"url\":\"https:\/\/stil-fit.com\/fr\/\",\"sameAs\":[\"https:\/\/de-de.facebook.com\/stilfit\/\",\"https:\/\/www.instagram.com\/stil_fit_int\/\",\"https:\/\/www.linkedin.com\/company\/stil-fit-international-gmbh\",\"https:\/\/www.youtube.com\/channel\/UC2HA1BeZtFB0acPMfq1hKdQ\",\"https:\/\/www.pinterest.com\/STILFITInt\/\"],\"logo\":{\"@type\":\"ImageObject\",\"@id\":\"https:\/\/stil-fit.com\/fr\/#logo\",\"inLanguage\":\"fr-FR\",\"url\":\"https:\/\/stil-fit.com\/wp-content\/uploads\/2019\/02\/stilfit_logo.jpg\",\"width\":150,\"height\":150,\"caption\":\"STIL-FIT International GmbH\"},\"image\":{\"@id\":\"https:\/\/stil-fit.com\/fr\/#logo\"}},{\"@type\":\"WebSite\",\"@id\":\"https:\/\/stil-fit.com\/fr\/#website\",\"url\":\"https:\/\/stil-fit.com\/fr\/\",\"name\":\"STIL-FIT\",\"description\":\"Stil-fit\",\"publisher\":{\"@id\":\"https:\/\/stil-fit.com\/fr\/#organization\"},\"potentialAction\":[{\"@type\":\"SearchAction\",\"target\":\"https:\/\/stil-fit.com\/fr\/?s={search_term_string}\",\"query-input\":\"required name=search_term_string\"}],\"inLanguage\":\"fr-FR\"},{\"@type\":\"ImageObject\",\"@id\":\"https:\/\/stil-fit.com\/fr\/shop\/stil-fit-ergometer-pure\/#primaryimage\",\"inLanguage\":\"fr-FR\",\"url\":\"https:\/\/stil-fit.com\/wp-content\/uploads\/2023\/03\/STIL-FIT-Ergometer-Pure-White-Edition-scaled.jpg\",\"width\":2560,\"height\":1708},{\"@type\":\"WebPage\",\"@id\":\"https:\/\/stil-fit.com\/fr\/shop\/stil-fit-ergometer-pure\/#webpage\",\"url\":\"https:\/\/stil-fit.com\/fr\/shop\/stil-fit-ergometer-pure\/\",\"name\":\"STIL-FIT Ergometer PURE | Le v\\u00e9lo design est disponible en noir et en blanc\",\"isPartOf\":{\"@id\":\"https:\/\/stil-fit.com\/fr\/#website\"},\"primaryImageOfPage\":{\"@id\":\"https:\/\/stil-fit.com\/fr\/shop\/stil-fit-ergometer-pure\/#primaryimage\"},\"datePublished\":\"2025-03-27T12:54:04+00:00\",\"dateModified\":\"2025-05-04T23:54:10+00:00\",\"description\":\"Pr\\u00e9parez-vous et configurez d\\u00e8s maintenant votre nouveau et puissant V\\u00e9lo d'int\\u00e9rieur PURE. Con\\u00e7u et d\\u00e9velopp\\u00e9 \\u00e0 Munich, Allemagne. Livraison gratuite en Allemagne et en Autriche.\",\"inLanguage\":\"fr-FR\",\"potentialAction\":[{\"@type\":\"ReadAction\",\"target\":[\"https:\/\/stil-fit.com\/fr\/shop\/stil-fit-ergometer-pure\/\"]}]}]}<\/script>\n<!-- \/ Yoast SEO Premium plugin. -->","post_mailing_queue_ids":[],"_links":{"self":[{"href":"https:\/\/stil-fit.com\/fr\/wp-json\/wp\/v2\/product\/35410","targetHints":{"allow":["GET"]}}],"collection":[{"href":"https:\/\/stil-fit.com\/fr\/wp-json\/wp\/v2\/product"}],"about":[{"href":"https:\/\/stil-fit.com\/fr\/wp-json\/wp\/v2\/types\/product"}],"replies":[{"embeddable":true,"href":"https:\/\/stil-fit.com\/fr\/wp-json\/wp\/v2\/comments?post=35410"}],"wp:featuredmedia":[{"embeddable":true,"href":"https:\/\/stil-fit.com\/fr\/wp-json\/wp\/v2\/media\/29843"}],"wp:attachment":[{"href":"https:\/\/stil-fit.com\/fr\/wp-json\/wp\/v2\/media?parent=35410"}],"wp:term":[{"taxonomy":"product_brand","embeddable":true,"href":"https:\/\/stil-fit.com\/fr\/wp-json\/wp\/v2\/product_brand?post=35410"},{"taxonomy":"product_cat","embeddable":true,"href":"https:\/\/stil-fit.com\/fr\/wp-json\/wp\/v2\/product_cat?post=35410"},{"taxonomy":"product_tag","embeddable":true,"href":"https:\/\/stil-fit.com\/fr\/wp-json\/wp\/v2\/product_tag?post=35410"},{"taxonomy":"yst_prominent_words","embeddable":true,"href":"https:\/\/stil-fit.com\/fr\/wp-json\/wp\/v2\/yst_prominent_words?post=35410"}],"curies":[{"name":"wp","href":"https:\/\/api.w.org\/{rel}","templated":true}]}}