{"id":35476,"date":"2019-07-03T16:09:59","date_gmt":"2025-03-27T12:55:47","guid":{"rendered":"https:\/\/stil-fit.com\/shop\/stil-fit-rowing-machine-flow-one\/"},"modified":"2025-03-27T13:55:47","modified_gmt":"2025-03-27T12:55:47","slug":"stil-fit-rowing-machine-flow-one","status":"publish","type":"product","link":"https:\/\/stil-fit.com\/fr\/shop\/stil-fit-rowing-machine-flow-one\/","title":{"rendered":"STIL-FIT Rowing machine FLOW ONE"},"content":{"rendered":"<h1><strong>STIL-FIT Rowing machine FLOW ONE<\/strong><\/h1>\n<h2><strong>L&#8217;entra\u00eenement parfait pour tout le corps<\/strong><\/h2>\n<p>L&#8217;aviron est une combinaison parfaite d&#8217;entra\u00eenement de la force et de l&#8217;endurance. Tous les principaux groupes musculaires sont entra\u00een\u00e9s de mani\u00e8re intensive, ce qui stimule la r\u00e9duction de la graisse corporelle et renforce le syst\u00e8me cardiovasculaire. Il s&#8217;agit d&#8217;un entra\u00eenement formidable et tr\u00e8s efficace pour tout le corps.  <\/p>\n<h2><strong>Design exclusif et moderne<\/strong><\/h2>\n<p>Le nouveau rameur STIL-FIT Rower FLOW ONE \u00e9tablit une nouvelle norme avec son design unique. Son corps \u00e9lanc\u00e9 et son magnifique bo\u00eetier en bois s&#8217;int\u00e8grent parfaitement \u00e0 tous les int\u00e9rieurs. Il est disponible en diff\u00e9rents mod\u00e8les.  <\/p>\n<h2><strong>Propuls\u00e9 par WaterRower<\/strong><\/h2>\n<p>Gr\u00e2ce \u00e0 la coop\u00e9ration avec WaterRower, notre Rameur est \u00e0 la pointe de la technologie. Comme les composants que nous utilisons sont fournis par WaterRower, nous savons qu&#8217;il y aura toujours une sensation de rame parfaite et douce. Pendant que vous ramez, vous n&#8217;entendez que le bruit agr\u00e9able de l&#8217;eau qui coule.  <\/p>\n<h2><strong>Aviron r\u00e9aliste avec r\u00e9sistance \u00e0 l&#8217;eau<\/strong><\/h2>\n<p>L&#8217;eau est le support de r\u00e9sistance parfait de la nature et c&#8217;est pourquoi nous l&#8217;utilisons avec notre nouveau Rameur FLOW ONE. La r\u00e9sistance est tr\u00e8s dynamique et s&#8217;adapte instantan\u00e9ment \u00e0 l&#8217;intensit\u00e9 de votre course. Vous r\u00e9glez le niveau de r\u00e9sistance en fonction de la vitesse de votre course. Aussi r\u00e9aliste et naturel que possible !   <\/p>\n<h2><strong>Doux mais efficace<\/strong><\/h2>\n<p>Il y a une autre raison importante pour laquelle nous utilisons l&#8217;eau : le risque de blessure et d&#8217;effort physique excessif est minimis\u00e9 car la r\u00e9sistance s&#8217;adapte \u00e0 la puissance du rameur. L&#8217;entra\u00eenement est tr\u00e8s doux pour les articulations, les tendons et les ligaments, gr\u00e2ce au mouvement doux et rythmique. <\/p>\n<h2><strong>Ordinateur de formation puissant<\/strong><\/h2>\n<p>Notre rameur est command\u00e9 par un \u00e9cran tactile TFT de 4,3 pouces. L&#8217;interface utilisateur de l&#8217;\u00e9cran tactile est explicite et affiche toutes les donn\u00e9es n\u00e9cessaires de mani\u00e8re claire et bien structur\u00e9e. L&#8217;ordinateur d&#8217;entra\u00eenement enregistre les donn\u00e9es de 6 utilisateurs maximum et affiche le temps, la distance, le temps pour 500 m, le nombre de coups par minute, les calories, les watts et le pouls. Il existe \u00e9galement un mode course d&#8217;allure.<\/p>\n","protected":false},"excerpt":{"rendered":"<p>&nbsp;<\/p>\n<p>Ce rameur haut de gamme offre une mesure int\u00e9gr\u00e9e de la fr\u00e9quence cardiaque, une compatibilit\u00e9 totale avec les applis de rameur et une exp\u00e9rience de rame absolument r\u00e9aliste gr\u00e2ce \u00e0 la r\u00e9sistance dynamique \u00e0 l&#8217;eau.<\/p>\n<p>&#8211; Fabriqu\u00e9 en Allemagne &#8211; Construit pour durer<\/p>\n<p>&#8211; Livraison gratuite (Allemagne et Autriche)<\/p>\n<p>&#8211; 0% d&#8217;\u00e9chelonnement.<\/p>\n","protected":false},"featured_media":33333,"comment_status":"open","ping_status":"closed","template":"","meta":{"_monsterinsights_skip_tracking":false,"_monsterinsights_sitenote_active":false,"_monsterinsights_sitenote_note":"","_monsterinsights_sitenote_category":0},"product_brand":[],"product_cat":[2473,2937],"product_tag":[2593,3356,2610,3354,2543],"yst_prominent_words":[304,301,296,299,659,647,293,303,291,646,538,302,289,297,292,254,796,290,298,300],"class_list":{"0":"post-35476","1":"product","2":"type-product","3":"status-publish","4":"has-post-thumbnail","6":"product_cat-rameur","7":"product_cat-uncategorised-fr","8":"product_tag-cardiotraining-fr","9":"product_tag-corps-entier","10":"product_tag-fitness-a-domicile-fr","11":"product_tag-luxe","12":"product_tag-rameur-fr","13":"product_shipping_class-flow-one-2-fr","14":"pa_rower-chene","15":"pa_rower-noir-mat","16":"pa_rower-noyer","18":"first","19":"instock","20":"taxable","21":"shipping-taxable","22":"purchasable","23":"product-type-variable","24":"has-default-attributes"},"composite_virtual":false,"composite_layout":"","composite_add_to_cart_form_location":"","composite_editable_in_cart":false,"composite_sold_individually_context":"","composite_shop_price_calc":"","composite_components":[],"composite_scenarios":[],"bundled_by":[],"bundle_stock_status":"instock","bundle_stock_quantity":null,"bundle_virtual":false,"bundle_layout":"","bundle_add_to_cart_form_location":"","bundle_editable_in_cart":false,"bundle_sold_individually_context":"","bundle_item_grouping":"","bundle_min_size":"","bundle_max_size":"","bundle_price":[],"bundled_items":[],"bundle_sell_ids":[35357,35377,35368],"yoast_head":"<!-- This site is optimized with the Yoast SEO Premium plugin v14.5 - https:\/\/yoast.com\/wordpress\/plugins\/seo\/ -->\n<title>Rameur FLOW ONE | Rameur de luxe avec r\u00e9sistance \u00e0 l&#039;eau<\/title>\n<meta name=\"description\" content=\"Con\u00e7u et d\u00e9velopp\u00e9 \u00e0 Munich, en Allemagne. Commandez votre nouveau Rameur directement aupr\u00e8s de notre manufacture munichoise. Livraison gratuite en Allemagne et en Autriche.\" \/>\n<meta name=\"robots\" content=\"index, follow\" \/>\n<meta name=\"googlebot\" content=\"index, follow, max-snippet:-1, max-image-preview:large, max-video-preview:-1\" \/>\n<meta name=\"bingbot\" content=\"index, follow, max-snippet:-1, max-image-preview:large, max-video-preview:-1\" \/>\n<link rel=\"canonical\" href=\"https:\/\/stil-fit.com\/fr\/shop\/stil-fit-rowing-machine-flow-one\/\" \/>\n<meta property=\"og:locale\" content=\"fr_FR\" \/>\n<meta property=\"og:type\" content=\"article\" \/>\n<meta property=\"og:title\" content=\"Rameur FLOW ONE | Rameur de luxe avec r\u00e9sistance \u00e0 l&#039;eau\" \/>\n<meta property=\"og:description\" content=\"Con\u00e7u et d\u00e9velopp\u00e9 \u00e0 Munich, en Allemagne. Commandez votre nouveau Rameur directement aupr\u00e8s de notre manufacture munichoise. Livraison gratuite en Allemagne et en Autriche.\" \/>\n<meta property=\"og:url\" content=\"https:\/\/stil-fit.com\/fr\/shop\/stil-fit-rowing-machine-flow-one\/\" \/>\n<meta property=\"og:site_name\" content=\"STIL-FIT\" \/>\n<meta property=\"article:publisher\" content=\"https:\/\/de-de.facebook.com\/stilfit\/\" \/>\n<meta property=\"og:image\" content=\"https:\/\/stil-fit.com\/wp-content\/uploads\/2025\/01\/STIL-FIT-Rudergeraet-FLOW-ONE-Walnuss-frontal.jpg\" \/>\n\t<meta property=\"og:image:width\" content=\"1575\" \/>\n\t<meta property=\"og:image:height\" content=\"1575\" \/>\n<meta name=\"twitter:card\" content=\"summary_large_image\" \/>\n<script type=\"application\/ld+json\" class=\"yoast-schema-graph\">{\"@context\":\"https:\/\/schema.org\",\"@graph\":[{\"@type\":\"Organization\",\"@id\":\"https:\/\/stil-fit.com\/fr\/#organization\",\"name\":\"STIL-FIT International GmbH\",\"url\":\"https:\/\/stil-fit.com\/fr\/\",\"sameAs\":[\"https:\/\/de-de.facebook.com\/stilfit\/\",\"https:\/\/www.instagram.com\/stil_fit_int\/\",\"https:\/\/www.linkedin.com\/company\/stil-fit-international-gmbh\",\"https:\/\/www.youtube.com\/channel\/UC2HA1BeZtFB0acPMfq1hKdQ\",\"https:\/\/www.pinterest.com\/STILFITInt\/\"],\"logo\":{\"@type\":\"ImageObject\",\"@id\":\"https:\/\/stil-fit.com\/fr\/#logo\",\"inLanguage\":\"fr-FR\",\"url\":\"https:\/\/stil-fit.com\/wp-content\/uploads\/2019\/02\/stilfit_logo.jpg\",\"width\":150,\"height\":150,\"caption\":\"STIL-FIT International GmbH\"},\"image\":{\"@id\":\"https:\/\/stil-fit.com\/fr\/#logo\"}},{\"@type\":\"WebSite\",\"@id\":\"https:\/\/stil-fit.com\/fr\/#website\",\"url\":\"https:\/\/stil-fit.com\/fr\/\",\"name\":\"STIL-FIT\",\"description\":\"Stil-fit\",\"publisher\":{\"@id\":\"https:\/\/stil-fit.com\/fr\/#organization\"},\"potentialAction\":[{\"@type\":\"SearchAction\",\"target\":\"https:\/\/stil-fit.com\/fr\/?s={search_term_string}\",\"query-input\":\"required name=search_term_string\"}],\"inLanguage\":\"fr-FR\"},{\"@type\":\"ImageObject\",\"@id\":\"https:\/\/stil-fit.com\/fr\/shop\/stil-fit-rowing-machine-flow-one\/#primaryimage\",\"inLanguage\":\"fr-FR\",\"url\":\"https:\/\/stil-fit.com\/wp-content\/uploads\/2025\/01\/STIL-FIT-Rudergeraet-FLOW-ONE-Walnuss-frontal.jpg\",\"width\":1575,\"height\":1575},{\"@type\":\"WebPage\",\"@id\":\"https:\/\/stil-fit.com\/fr\/shop\/stil-fit-rowing-machine-flow-one\/#webpage\",\"url\":\"https:\/\/stil-fit.com\/fr\/shop\/stil-fit-rowing-machine-flow-one\/\",\"name\":\"Rameur FLOW ONE | Rameur de luxe avec r\\u00e9sistance \\u00e0 l'eau\",\"isPartOf\":{\"@id\":\"https:\/\/stil-fit.com\/fr\/#website\"},\"primaryImageOfPage\":{\"@id\":\"https:\/\/stil-fit.com\/fr\/shop\/stil-fit-rowing-machine-flow-one\/#primaryimage\"},\"datePublished\":\"2025-03-27T12:55:47+00:00\",\"dateModified\":\"2025-03-27T12:55:47+00:00\",\"description\":\"Con\\u00e7u et d\\u00e9velopp\\u00e9 \\u00e0 Munich, en Allemagne. Commandez votre nouveau Rameur directement aupr\\u00e8s de notre manufacture munichoise. Livraison gratuite en Allemagne et en Autriche.\",\"inLanguage\":\"fr-FR\",\"potentialAction\":[{\"@type\":\"ReadAction\",\"target\":[\"https:\/\/stil-fit.com\/fr\/shop\/stil-fit-rowing-machine-flow-one\/\"]}]}]}<\/script>\n<!-- \/ Yoast SEO Premium plugin. -->","post_mailing_queue_ids":[],"_links":{"self":[{"href":"https:\/\/stil-fit.com\/fr\/wp-json\/wp\/v2\/product\/35476","targetHints":{"allow":["GET"]}}],"collection":[{"href":"https:\/\/stil-fit.com\/fr\/wp-json\/wp\/v2\/product"}],"about":[{"href":"https:\/\/stil-fit.com\/fr\/wp-json\/wp\/v2\/types\/product"}],"replies":[{"embeddable":true,"href":"https:\/\/stil-fit.com\/fr\/wp-json\/wp\/v2\/comments?post=35476"}],"wp:featuredmedia":[{"embeddable":true,"href":"https:\/\/stil-fit.com\/fr\/wp-json\/wp\/v2\/media\/33333"}],"wp:attachment":[{"href":"https:\/\/stil-fit.com\/fr\/wp-json\/wp\/v2\/media?parent=35476"}],"wp:term":[{"taxonomy":"product_brand","embeddable":true,"href":"https:\/\/stil-fit.com\/fr\/wp-json\/wp\/v2\/product_brand?post=35476"},{"taxonomy":"product_cat","embeddable":true,"href":"https:\/\/stil-fit.com\/fr\/wp-json\/wp\/v2\/product_cat?post=35476"},{"taxonomy":"product_tag","embeddable":true,"href":"https:\/\/stil-fit.com\/fr\/wp-json\/wp\/v2\/product_tag?post=35476"},{"taxonomy":"yst_prominent_words","embeddable":true,"href":"https:\/\/stil-fit.com\/fr\/wp-json\/wp\/v2\/yst_prominent_words?post=35476"}],"curies":[{"name":"wp","href":"https:\/\/api.w.org\/{rel}","templated":true}]}}