{"id":35555,"date":"2019-06-24T00:58:41","date_gmt":"2025-03-27T12:59:44","guid":{"rendered":"https:\/\/stil-fit.com\/shop\/stil-fit-selle-city-comfort-confort-urbain\/"},"modified":"2025-03-27T13:59:44","modified_gmt":"2025-03-27T12:59:44","slug":"stil-fit-selle-city-comfort-confort-urbain","status":"publish","type":"product","link":"https:\/\/stil-fit.com\/fr\/shop\/stil-fit-selle-city-comfort-confort-urbain\/","title":{"rendered":"STIL-FIT Selle &#8220;City Comfort&#8221; (confort urbain)"},"content":{"rendered":"<h1><span style=\"font-size: 75%;\">STIL-FIT Selle &#8220;Confort urbain&#8221;<\/span><\/h1>\n<p>Selle confortable, tr\u00e8s large, avec un rembourrage doux et un rev\u00eatement en cuir synth\u00e9tique. Id\u00e9ale pour une position assise plus droite et pour ceux qui l&#8217;aiment un peu plus douce. <\/p>\n<p>La livraison comprendra une tige de selle.<\/p>\n","protected":false},"excerpt":{"rendered":"<p>STIL-FIT Selle &#8220;Confort urbain&#8221; Selle confortable, tr\u00e8s large, avec un rembourrage doux et un rev\u00eatement en cuir synth\u00e9tique. Id\u00e9ale pour une position assise plus droite et pour ceux qui l&#8217;aiment un peu plus douce. La livraison comprendra une tige de selle.<\/p>\n","protected":false},"featured_media":26946,"comment_status":"closed","ping_status":"closed","template":"","meta":{"_monsterinsights_skip_tracking":false,"_monsterinsights_sitenote_active":false,"_monsterinsights_sitenote_note":"","_monsterinsights_sitenote_category":0},"product_brand":[],"product_cat":[2937,2471],"product_tag":[],"yst_prominent_words":[256,255,710],"class_list":{"0":"post-35555","1":"product","2":"type-product","3":"status-publish","4":"has-post-thumbnail","6":"product_cat-uncategorised-fr","7":"product_cat-velos-dinterieur","8":"product_shipping_class-kleingerate-fr","10":"first","11":"instock","12":"taxable","13":"shipping-taxable","14":"purchasable","15":"product-type-simple"},"composite_virtual":false,"composite_layout":"","composite_add_to_cart_form_location":"","composite_editable_in_cart":false,"composite_sold_individually_context":"","composite_shop_price_calc":"","composite_components":[],"composite_scenarios":[],"bundled_by":[],"bundle_stock_status":"instock","bundle_stock_quantity":null,"bundle_virtual":false,"bundle_layout":"","bundle_add_to_cart_form_location":"","bundle_editable_in_cart":false,"bundle_sold_individually_context":"","bundle_item_grouping":"","bundle_min_size":"","bundle_max_size":"","bundle_price":[],"bundled_items":[],"bundle_sell_ids":[],"yoast_head":"<!-- This site is optimized with the Yoast SEO Premium plugin v14.5 - https:\/\/yoast.com\/wordpress\/plugins\/seo\/ -->\n<title>STIL-FIT Selle &quot;City Comfort&quot; (confort urbain) | Le v\u00e9lo en toute simplicit\u00e9<\/title>\n<meta name=\"robots\" content=\"index, follow\" \/>\n<meta name=\"googlebot\" content=\"index, follow, max-snippet:-1, max-image-preview:large, max-video-preview:-1\" \/>\n<meta name=\"bingbot\" content=\"index, follow, max-snippet:-1, max-image-preview:large, max-video-preview:-1\" \/>\n<link rel=\"canonical\" href=\"https:\/\/stil-fit.com\/fr\/shop\/stil-fit-selle-city-comfort-confort-urbain\/\" \/>\n<meta property=\"og:locale\" content=\"fr_FR\" \/>\n<meta property=\"og:type\" content=\"article\" \/>\n<meta property=\"og:title\" content=\"STIL-FIT Selle &quot;City Comfort&quot; (confort urbain) | Le v\u00e9lo en toute simplicit\u00e9\" \/>\n<meta property=\"og:description\" content=\"STIL-FIT Selle &#8220;Confort urbain&#8221; Selle confortable, tr\u00e8s large, avec un rembourrage doux et un rev\u00eatement en cuir synth\u00e9tique. Id\u00e9ale pour une position assise plus droite et pour ceux qui l&#8217;aiment un peu plus douce. La livraison comprendra une tige de selle.\" \/>\n<meta property=\"og:url\" content=\"https:\/\/stil-fit.com\/fr\/shop\/stil-fit-selle-city-comfort-confort-urbain\/\" \/>\n<meta property=\"og:site_name\" content=\"STIL-FIT\" \/>\n<meta property=\"article:publisher\" content=\"https:\/\/de-de.facebook.com\/stilfit\/\" \/>\n<meta property=\"og:image\" content=\"https:\/\/stil-fit.com\/wp-content\/uploads\/2021\/08\/STIL-FIT-Ergometer-Komfortsattel-e1628115380934.jpg\" \/>\n\t<meta property=\"og:image:width\" content=\"1200\" \/>\n\t<meta property=\"og:image:height\" content=\"933\" \/>\n<meta name=\"twitter:card\" content=\"summary_large_image\" \/>\n<script type=\"application\/ld+json\" class=\"yoast-schema-graph\">{\"@context\":\"https:\/\/schema.org\",\"@graph\":[{\"@type\":\"Organization\",\"@id\":\"https:\/\/stil-fit.com\/fr\/#organization\",\"name\":\"STIL-FIT International GmbH\",\"url\":\"https:\/\/stil-fit.com\/fr\/\",\"sameAs\":[\"https:\/\/de-de.facebook.com\/stilfit\/\",\"https:\/\/www.instagram.com\/stil_fit_int\/\",\"https:\/\/www.linkedin.com\/company\/stil-fit-international-gmbh\",\"https:\/\/www.youtube.com\/channel\/UC2HA1BeZtFB0acPMfq1hKdQ\",\"https:\/\/www.pinterest.com\/STILFITInt\/\"],\"logo\":{\"@type\":\"ImageObject\",\"@id\":\"https:\/\/stil-fit.com\/fr\/#logo\",\"inLanguage\":\"fr-FR\",\"url\":\"https:\/\/stil-fit.com\/wp-content\/uploads\/2019\/02\/stilfit_logo.jpg\",\"width\":150,\"height\":150,\"caption\":\"STIL-FIT International GmbH\"},\"image\":{\"@id\":\"https:\/\/stil-fit.com\/fr\/#logo\"}},{\"@type\":\"WebSite\",\"@id\":\"https:\/\/stil-fit.com\/fr\/#website\",\"url\":\"https:\/\/stil-fit.com\/fr\/\",\"name\":\"STIL-FIT\",\"description\":\"Stil-fit\",\"publisher\":{\"@id\":\"https:\/\/stil-fit.com\/fr\/#organization\"},\"potentialAction\":[{\"@type\":\"SearchAction\",\"target\":\"https:\/\/stil-fit.com\/fr\/?s={search_term_string}\",\"query-input\":\"required name=search_term_string\"}],\"inLanguage\":\"fr-FR\"},{\"@type\":\"ImageObject\",\"@id\":\"https:\/\/stil-fit.com\/fr\/shop\/stil-fit-selle-city-comfort-confort-urbain\/#primaryimage\",\"inLanguage\":\"fr-FR\",\"url\":\"https:\/\/stil-fit.com\/wp-content\/uploads\/2021\/08\/STIL-FIT-Ergometer-Komfortsattel-e1628115380934.jpg\",\"width\":1200,\"height\":933,\"caption\":\"Komfort-Sattel: Komfortabler, breiter Sattel mit weicher, anpassungsf\\u00e4higer F\\u00fcllung und Kunstleder-Bezug. Ideal bei einer aufrechteren Sitzposition und f\\u00fcr alle die es gerne etwas weicher haben. (Inkl. Sattelstange) Kaufpreis: 79,95,- EUR\"},{\"@type\":\"WebPage\",\"@id\":\"https:\/\/stil-fit.com\/fr\/shop\/stil-fit-selle-city-comfort-confort-urbain\/#webpage\",\"url\":\"https:\/\/stil-fit.com\/fr\/shop\/stil-fit-selle-city-comfort-confort-urbain\/\",\"name\":\"STIL-FIT Selle \\\"City Comfort\\\" (confort urbain) | Le v\\u00e9lo en toute simplicit\\u00e9\",\"isPartOf\":{\"@id\":\"https:\/\/stil-fit.com\/fr\/#website\"},\"primaryImageOfPage\":{\"@id\":\"https:\/\/stil-fit.com\/fr\/shop\/stil-fit-selle-city-comfort-confort-urbain\/#primaryimage\"},\"datePublished\":\"2025-03-27T12:59:44+00:00\",\"dateModified\":\"2025-03-27T12:59:44+00:00\",\"inLanguage\":\"fr-FR\",\"potentialAction\":[{\"@type\":\"ReadAction\",\"target\":[\"https:\/\/stil-fit.com\/fr\/shop\/stil-fit-selle-city-comfort-confort-urbain\/\"]}]}]}<\/script>\n<!-- \/ Yoast SEO Premium plugin. -->","post_mailing_queue_ids":[],"_links":{"self":[{"href":"https:\/\/stil-fit.com\/fr\/wp-json\/wp\/v2\/product\/35555","targetHints":{"allow":["GET"]}}],"collection":[{"href":"https:\/\/stil-fit.com\/fr\/wp-json\/wp\/v2\/product"}],"about":[{"href":"https:\/\/stil-fit.com\/fr\/wp-json\/wp\/v2\/types\/product"}],"replies":[{"embeddable":true,"href":"https:\/\/stil-fit.com\/fr\/wp-json\/wp\/v2\/comments?post=35555"}],"wp:featuredmedia":[{"embeddable":true,"href":"https:\/\/stil-fit.com\/fr\/wp-json\/wp\/v2\/media\/26946"}],"wp:attachment":[{"href":"https:\/\/stil-fit.com\/fr\/wp-json\/wp\/v2\/media?parent=35555"}],"wp:term":[{"taxonomy":"product_brand","embeddable":true,"href":"https:\/\/stil-fit.com\/fr\/wp-json\/wp\/v2\/product_brand?post=35555"},{"taxonomy":"product_cat","embeddable":true,"href":"https:\/\/stil-fit.com\/fr\/wp-json\/wp\/v2\/product_cat?post=35555"},{"taxonomy":"product_tag","embeddable":true,"href":"https:\/\/stil-fit.com\/fr\/wp-json\/wp\/v2\/product_tag?post=35555"},{"taxonomy":"yst_prominent_words","embeddable":true,"href":"https:\/\/stil-fit.com\/fr\/wp-json\/wp\/v2\/yst_prominent_words?post=35555"}],"curies":[{"name":"wp","href":"https:\/\/api.w.org\/{rel}","templated":true}]}}