{"id":33654,"date":"2025-03-20T16:21:56","date_gmt":"2025-03-20T15:21:56","guid":{"rendered":"https:\/\/stil-fit.com\/pribor\/"},"modified":"2025-04-02T13:46:29","modified_gmt":"2025-04-02T11:46:29","slug":"pribor","status":"publish","type":"page","link":"https:\/\/stil-fit.com\/hr\/pribor\/","title":{"rendered":"Pribor"},"content":{"rendered":"\n\n  <div class=\"banner has-hover is-full-height has-parallax\" id=\"banner-180034532\">\n          <div class=\"banner-inner fill\">\n        <div class=\"banner-bg fill\" data-parallax=\"-3\" data-parallax-container=\".banner\" data-parallax-background>\n            <img decoding=\"async\" width=\"2560\" height=\"1696\" src=\"https:\/\/stil-fit.com\/wp-content\/uploads\/2019\/07\/STIL-FIT-AB-Trainer-interior-design-fitness-e1575556129791-scaled.jpg\" class=\"bg attachment-original size-original\" alt=\"\" \/>                        <div class=\"overlay\"><\/div>            \n                    <\/div>\n\t\t\n        <div class=\"banner-layers container\">\n            <div class=\"fill banner-link\"><\/div>            \n\n   <div id=\"text-box-2107434412\" class=\"text-box banner-layer x5 md-x0 lg-x0 y25 md-y25 lg-y25 res-text\">\n                                <div class=\"text-box-content text dark\">\n              \n              <div class=\"text-inner text-left\">\n                  \n\n\t<div id=\"text-2932646676\" class=\"text\">\n\t\t\n\n<h1 class=\"uppercase\" style=\"text-align: left;\"><strong><span style=\"font-size: 75%;\">Trening abdomena, le\u0111a i fascija<\/span><\/strong><\/h1>\n<p class=\"thin-font\" style=\"text-align: left;\"><strong><span style=\"font-size: 170%;\">Stabilizira, ja\u010da i regenerira va\u0161e tijelo<\/span><\/strong><\/p>\n\t\t\n<style>\n#text-2932646676 {\n  color: rgb(255,255,255);\n}\n#text-2932646676 > * {\n  color: rgb(255,255,255);\n}\n<\/style>\n\t<\/div>\n\t\n<a data-animate=\"fadeInUp\" href=\"https:\/\/stil-fit.com\/produkt-kategorie\/accessories\/\" class=\"button primary is-small\"  style=\"border-radius:17px;\">\n\t\t<span>Kupi sada<\/span>\n\t<\/a>\n\n\n\n              <\/div>\n           <\/div>\n                            \n<style>\n#text-box-2107434412 {\n  width: 60%;\n}\n#text-box-2107434412 .text-box-content {\n  font-size: 100%;\n}\n@media (min-width:550px) {\n  #text-box-2107434412 {\n    width: 71%;\n  }\n}\n<\/style>\n    <\/div>\n \n\n        <\/div>\n      <\/div>\n\n            \n<style>\n#banner-180034532 {\n  padding-top: 100%;\n  background-color: rgb(255,255,255);\n}\n#banner-180034532 .overlay {\n  background-color: rgba(114, 114, 114, 0.25);\n}\n#banner-180034532 .banner-bg img {\n  object-position: 51% 28%;\n}\n<\/style>\n  <\/div>\n\n\n\t<div id=\"gap-738882859\" class=\"gap-element clearfix\" style=\"display:block; height:auto;\">\n\t\t\n<style>\n#gap-738882859 {\n  padding-top: 50px;\n}\n<\/style>\n\t<\/div>\n\t\n\n<div class=\"row align-center\"  id=\"row-545381565\">\n\n\n\t<div id=\"col-1518090102\" class=\"col medium-9 small-11 large-9\"  >\n\t\t\t\t<div class=\"col-inner text-center\"  >\n\t\t\t\n\t\t\t\n\n\t<div id=\"text-204358806\" class=\"text\">\n\t\t\n\n<div>\n<h2 class=\"thin-font\" style=\"text-align: center;\"><span style=\"font-size: 120%;\">U\u010dinite ne\u0161to dobro za svoje tijelo<\/span><\/h2>\n<\/div>\n<div>\n<h3 class=\"thin-font\" style=\"text-align: center;\"><span style=\"font-size: 100%;\">U\u010dinkovit fitness trening puno je vi\u0161e od samog treninga snage i izdr\u017eljivosti. Na\u0161a elegantna oprema za vje\u017ebanje podr\u017eava vas u holisti\u010dkom vje\u017ebanju. Stabilizirajte, rastegnite i opustite svoje mi\u0161i\u0107e &#8211; bit \u0107e vam zahvalni!  &nbsp;<\/span><\/h3>\n<\/div>\n<h1>&nbsp;<\/h1>\n\t\t\n<style>\n#text-204358806 {\n  text-align: left;\n}\n<\/style>\n\t<\/div>\n\t\n\n\t\t<\/div>\n\t\t\t\t\t<\/div>\n\n\t\n\n<\/div>\n\n\t<section class=\"section info-cards-chess-box\" id=\"section_64204658\">\n\t\t<div class=\"section-bg fill\" >\n\t\t\t\t\t\t\t\t\t\n\t\t\t\n\n\t\t<\/div>\n\n\t\t\n\n\t\t<div class=\"section-content relative\">\n\t\t\t\n\n<div class=\"row row-collapse align-middle\"  id=\"row-249706823\">\n\n\n\t<div id=\"col-1892196646\" class=\"col medium-6 small-12 large-6\"  data-animate=\"fadeInLeft\">\n\t\t\t\t<div class=\"col-inner\"  >\n\t\t\t\n\t\t\t\n\n\t<div class=\"box has-hover   has-hover box-none box-text-bottom\" >\n\n\t\t<div class=\"box-image\" >\n\t\t\t<a href=\"#\" >\t\t\t<div class=\"image-zoom image-cover\" style=\"padding-top:70%;\">\n\t\t\t\t<img decoding=\"async\" width=\"1920\" height=\"1281\" src=\"https:\/\/stil-fit.com\/wp-content\/uploads\/2021\/10\/STIL-FIT-AB-Trainer-Walnuss.png\" class=\"attachment- size-\" alt=\"\" srcset=\"https:\/\/stil-fit.com\/wp-content\/uploads\/2021\/10\/STIL-FIT-AB-Trainer-Walnuss.png 1920w, https:\/\/stil-fit.com\/wp-content\/uploads\/2021\/10\/STIL-FIT-AB-Trainer-Walnuss-300x200.png 300w, https:\/\/stil-fit.com\/wp-content\/uploads\/2021\/10\/STIL-FIT-AB-Trainer-Walnuss-1024x683.png 1024w, https:\/\/stil-fit.com\/wp-content\/uploads\/2021\/10\/STIL-FIT-AB-Trainer-Walnuss-768x512.png 768w, https:\/\/stil-fit.com\/wp-content\/uploads\/2021\/10\/STIL-FIT-AB-Trainer-Walnuss-600x400.png 600w, https:\/\/stil-fit.com\/wp-content\/uploads\/2021\/10\/STIL-FIT-AB-Trainer-Walnuss-1536x1025.png 1536w, https:\/\/stil-fit.com\/wp-content\/uploads\/2021\/10\/STIL-FIT-AB-Trainer-Walnuss-510x340.png 510w, https:\/\/stil-fit.com\/wp-content\/uploads\/2021\/10\/STIL-FIT-AB-Trainer-Walnuss-20x13.png 20w\" sizes=\"(max-width: 1920px) 100vw, 1920px\" \/>\t\t\t\t<div class=\"overlay\" style=\"background-color:rgba(0, 0, 0, 0)\"><\/div>\t\t\t\t\t\t\t<\/div>\n\t\t\t<\/a>\t\t<\/div>\n\n\t\t<div class=\"box-text text-left is-xsmall dark\" style=\"background-color:rgba(195, 169, 156, 0);\">\n\t\t\t<div class=\"box-text-inner\">\n\t\t\t\t\n\n\n\t\t\t<\/div>\n\t\t<\/div>\n\t<\/div>\n\t\n\n\t\t<\/div>\n\t\t\t\t\t<\/div>\n\n\t\n\n\t<div id=\"col-270809409\" class=\"col medium-6 small-12 large-6\"  data-animate=\"fadeInUp\">\n\t\t\t\t<div class=\"col-inner\"  >\n\t\t\t\n\t\t\t\n\n<div class=\"row align-center\"  id=\"row-296326882\">\n\n\n\t<div id=\"col-1270460165\" class=\"col medium-10 small-10 large-8\"  >\n\t\t\t\t<div class=\"col-inner\"  >\n\t\t\t\n\t\t\t\n\n<h2>STIL-FIT AB Trainer<\/h2>\n<p><span style=\"font-size: 100%;\">U\u010dinkovitim trbu\u0161nim treningom oja\u010dajte potporne i stabiliziraju\u0107e mi\u0161i\u0107e jezgre.<\/span><\/p>\n<a href=\"https:\/\/stil-fit.com\/hr\/pribor\/ab-trener\/\" class=\"button primary is-small\"  style=\"border-radius:17px;\">\n\t\t<span>Otkrijte sada<\/span>\n\t<\/a>\n\n\n\n\t\t<\/div>\n\t\t\t\t\t<\/div>\n\n\t\n\n<\/div>\n\n\t\t<\/div>\n\t\t\t\t\n<style>\n#col-270809409 > .col-inner {\n  padding: 10% 0px 0px 0px;\n}\n<\/style>\n\t<\/div>\n\n\t\n\n<\/div>\n<div class=\"row row-collapse align-middle\"  id=\"row-1086648799\">\n\n\n\t<div id=\"col-278419888\" class=\"col medium-6 small-12 large-6\"  data-animate=\"fadeInUp\">\n\t\t\t\t<div class=\"col-inner\"  >\n\t\t\t\n\t\t\t\n\n<div class=\"row align-center\"  id=\"row-1025357314\">\n\n\n\t<div id=\"col-827172531\" class=\"col medium-10 small-10 large-8\"  >\n\t\t\t\t<div class=\"col-inner\"  >\n\t\t\t\n\t\t\t\n\n<h2>STIL-FIT Fascia Roller<\/h2>\n<p><span style=\"font-size: 100%;\">Fascijalni valjak poma\u017ee u regeneraciji mi\u0161i\u0107a, osloba\u0111a napetosti i pobolj\u0161ava pokretljivost.&nbsp;<\/span><\/p>\n<a href=\"https:\/\/stil-fit.com\/hr\/pribor\/fascijski-valjak\/\" class=\"button primary is-small\"  style=\"border-radius:17px;\">\n\t\t<span>Otkrijte sada<\/span>\n\t<\/a>\n\n\n\n\t\t<\/div>\n\t\t\t\t\t<\/div>\n\n\t\n\n<\/div>\n\n\t\t<\/div>\n\t\t\t\t\n<style>\n#col-278419888 > .col-inner {\n  padding: 10% 0px 0px 0px;\n}\n<\/style>\n\t<\/div>\n\n\t\n\n\t<div id=\"col-1043243601\" class=\"col medium-6 small-12 large-6 small-col-first\"  data-animate=\"fadeInRight\">\n\t\t\t\t<div class=\"col-inner\"  >\n\t\t\t\n\t\t\t\n\n\t<div class=\"box has-hover   has-hover box-none box-text-bottom\" >\n\n\t\t<div class=\"box-image\" >\n\t\t\t<a href=\"#\" >\t\t\t<div class=\"image-zoom image-cover\" style=\"padding-top:70%;\">\n\t\t\t\t<img decoding=\"async\" width=\"1500\" height=\"1001\" src=\"https:\/\/stil-fit.com\/wp-content\/uploads\/2021\/10\/STIL-FIT-Faszienrolle-e1643415654571.png\" class=\"attachment- size-\" alt=\"\" \/>\t\t\t\t<div class=\"overlay\" style=\"background-color:rgba(0, 0, 0, 0)\"><\/div>\t\t\t\t\t\t\t<\/div>\n\t\t\t<\/a>\t\t<\/div>\n\n\t\t<div class=\"box-text text-center dark\" style=\"background-color:rgba(123, 151, 152, 0.85);padding:40px 40px 30px 40px;\">\n\t\t\t<div class=\"box-text-inner\">\n\t\t\t\t\n\n<h2>30% popusta na nastupe<\/h2>\n<div class=\"is-divider divider clearfix\" style=\"max-width:80%;height:2px;background-color:rgb(255, 255, 255);\"><\/div>\n\n\n\t\t\t<\/div>\n\t\t<\/div>\n\t<\/div>\n\t\n\n\t\t<\/div>\n\t\t\t\t\t<\/div>\n\n\t\n\n<\/div>\n<div class=\"row row-collapse align-middle\"  id=\"row-915387922\">\n\n\n\t<div id=\"col-2066870961\" class=\"col medium-6 small-12 large-6\"  data-animate=\"fadeInLeft\">\n\t\t\t\t<div class=\"col-inner\"  >\n\t\t\t\n\t\t\t\n\n\t<div class=\"box has-hover   has-hover box-none box-text-bottom\" >\n\n\t\t<div class=\"box-image\" >\n\t\t\t<a href=\"#\" >\t\t\t<div class=\"image-zoom image-cover\" style=\"padding-top:70%;\">\n\t\t\t\t<img decoding=\"async\" width=\"1200\" height=\"801\" src=\"https:\/\/stil-fit.com\/wp-content\/uploads\/2021\/10\/STIL-FIT-BACKstretch-Walnuss-e1643415611103.png\" class=\"attachment- size-\" alt=\"\" \/>\t\t\t\t<div class=\"overlay\" style=\"background-color:rgba(0, 0, 0, 0)\"><\/div>\t\t\t\t\t\t\t<\/div>\n\t\t\t<\/a>\t\t<\/div>\n\n\t\t<div class=\"box-text text-center dark\" style=\"background-color:rgba(121, 161, 186, 0.85);padding:40px 40px 30px 40px;\">\n\t\t\t<div class=\"box-text-inner\">\n\t\t\t\t\n\n<h2>Moderno kuhanje ve\u010deras  <\/h2>\n<div class=\"is-divider divider clearfix\" style=\"max-width:80%;height:2px;background-color:rgb(255, 255, 255);\"><\/div>\n\n\n\t\t\t<\/div>\n\t\t<\/div>\n\t<\/div>\n\t\n\n\t\t<\/div>\n\t\t\t\t\t<\/div>\n\n\t\n\n\t<div id=\"col-732814144\" class=\"col medium-6 small-12 large-6\"  data-animate=\"fadeInUp\">\n\t\t\t\t<div class=\"col-inner\"  >\n\t\t\t\n\t\t\t\n\n<div class=\"row align-center\"  id=\"row-949181966\">\n\n\n\t<div id=\"col-1770458420\" class=\"col medium-10 small-10 large-8\"  >\n\t\t\t\t<div class=\"col-inner\"  >\n\t\t\t\n\t\t\t\n\n<h2>STIL-FIT STIL-FIT BACK Stretch<\/h2>\n<p>Opustite le\u0111a nakon intenzivnog treninga. Zdrava le\u0111a pomo\u0107i \u0107e vam dugoro\u010dno. &nbsp;<\/p>\n<a href=\"https:\/\/stil-fit.com\/hr\/pribor\/stil-fit-back-stretch\/\" class=\"button primary is-small\"  style=\"border-radius:17px;\">\n\t\t<span>Otkrijte sada<\/span>\n\t<\/a>\n\n\n\n\t\t<\/div>\n\t\t\t\t\t<\/div>\n\n\t\n\n<\/div>\n\n\t\t<\/div>\n\t\t\t\t\n<style>\n#col-732814144 > .col-inner {\n  padding: 10% 0px 0px 0px;\n}\n<\/style>\n\t<\/div>\n\n\t\n\n<\/div>\n<div class=\"row row-collapse align-middle\"  id=\"row-981214792\">\n\n\n\t<div id=\"col-1619917184\" class=\"col medium-6 small-12 large-6\"  data-animate=\"fadeInUp\">\n\t\t\t\t<div class=\"col-inner\"  >\n\t\t\t\n\t\t\t\n\n<div class=\"row align-center\"  id=\"row-1922965761\">\n\n\n\t<div id=\"col-365275811\" class=\"col medium-10 small-10 large-8\"  >\n\t\t\t\t<div class=\"col-inner\"  >\n\t\t\t\n\t\t\t\n\n<h2>STIL-FIT fitness lopta<\/h2>\n<p><span style=\"font-size: 100%;\">Pobolj\u0161ajte svoju mobilnost i stabilnost dok ja\u010date svoju jezgru. Tako\u0111er idealan za uspravan sjede\u0107i polo\u017eaj.   &nbsp;<\/span><\/p>\n<a href=\"https:\/\/stil-fit.com\/hr\/shop\/stil-fit-fitness-lopta\/\" class=\"button primary is-small\"  style=\"border-radius:17px;\">\n\t\t<span>Kupi sada<\/span>\n\t<\/a>\n\n\n\n\t\t<\/div>\n\t\t\t\t\t<\/div>\n\n\t\n\n<\/div>\n\n\t\t<\/div>\n\t\t\t\t\n<style>\n#col-1619917184 > .col-inner {\n  padding: 10% 0px 0px 0px;\n}\n<\/style>\n\t<\/div>\n\n\t\n\n\t<div id=\"col-1582569452\" class=\"col medium-6 small-12 large-6 small-col-first\"  data-animate=\"fadeInRight\">\n\t\t\t\t<div class=\"col-inner\"  >\n\t\t\t\n\t\t\t\n\n\t<div class=\"box has-hover   has-hover box-none box-text-bottom\" >\n\n\t\t<div class=\"box-image\" >\n\t\t\t<a href=\"#\" >\t\t\t<div class=\"image-zoom image-cover\" style=\"padding-top:70%;\">\n\t\t\t\t<img decoding=\"async\" width=\"1181\" height=\"1181\" src=\"https:\/\/stil-fit.com\/wp-content\/uploads\/2023\/03\/Stil-Fit-Trainingsball.png\" class=\"attachment- size-\" alt=\"\" srcset=\"https:\/\/stil-fit.com\/wp-content\/uploads\/2023\/03\/Stil-Fit-Trainingsball.png 1181w, https:\/\/stil-fit.com\/wp-content\/uploads\/2023\/03\/Stil-Fit-Trainingsball-300x300.png 300w, https:\/\/stil-fit.com\/wp-content\/uploads\/2023\/03\/Stil-Fit-Trainingsball-1024x1024.png 1024w, https:\/\/stil-fit.com\/wp-content\/uploads\/2023\/03\/Stil-Fit-Trainingsball-150x150.png 150w, https:\/\/stil-fit.com\/wp-content\/uploads\/2023\/03\/Stil-Fit-Trainingsball-768x768.png 768w, https:\/\/stil-fit.com\/wp-content\/uploads\/2023\/03\/Stil-Fit-Trainingsball-600x600.png 600w, https:\/\/stil-fit.com\/wp-content\/uploads\/2023\/03\/Stil-Fit-Trainingsball-510x510.png 510w, https:\/\/stil-fit.com\/wp-content\/uploads\/2023\/03\/Stil-Fit-Trainingsball-100x100.png 100w, https:\/\/stil-fit.com\/wp-content\/uploads\/2023\/03\/Stil-Fit-Trainingsball-20x20.png 20w\" sizes=\"(max-width: 1181px) 100vw, 1181px\" \/>\t\t\t\t<div class=\"overlay\" style=\"background-color:rgba(0, 0, 0, 0)\"><\/div>\t\t\t\t\t\t\t<\/div>\n\t\t\t<\/a>\t\t<\/div>\n\n\t\t<div class=\"box-text text-center dark\" style=\"background-color:rgba(123, 151, 152, 0.85);padding:40px 40px 30px 40px;\">\n\t\t\t<div class=\"box-text-inner\">\n\t\t\t\t\n\n<h2>30% popusta na nastupe<\/h2>\n<div class=\"is-divider divider clearfix\" style=\"max-width:80%;height:2px;background-color:rgb(255, 255, 255);\"><\/div>\n\n\n\t\t\t<\/div>\n\t\t<\/div>\n\t<\/div>\n\t\n\n\t\t<\/div>\n\t\t\t\t\t<\/div>\n\n\t\n\n<\/div>\n\n\t\t<\/div>\n\n\t\t\n<style>\n#section_64204658 {\n  padding-top: 60px;\n  padding-bottom: 60px;\n}\n<\/style>\n\t<\/section>\n\t","protected":false},"excerpt":{"rendered":"","protected":false},"author":2,"featured_media":0,"parent":0,"menu_order":0,"comment_status":"closed","ping_status":"closed","template":"page-blank.php","meta":{"_monsterinsights_skip_tracking":false,"_monsterinsights_sitenote_active":false,"_monsterinsights_sitenote_note":"","_monsterinsights_sitenote_category":0,"footnotes":""},"yst_prominent_words":[621,773,692,772,774,497,161],"class_list":["post-33654","page","type-page","status-publish","hentry"],"yoast_head":"<!-- This site is optimized with the Yoast SEO Premium plugin v14.5 - https:\/\/yoast.com\/wordpress\/plugins\/seo\/ -->\n<title>Pribor | STIL-FIT<\/title>\n<meta name=\"robots\" content=\"index, follow\" \/>\n<meta name=\"googlebot\" content=\"index, follow, max-snippet:-1, max-image-preview:large, max-video-preview:-1\" \/>\n<meta name=\"bingbot\" content=\"index, follow, max-snippet:-1, max-image-preview:large, max-video-preview:-1\" \/>\n<link rel=\"canonical\" href=\"https:\/\/stil-fit.com\/hr\/pribor\/\" \/>\n<meta property=\"og:locale\" content=\"hr_HR\" \/>\n<meta property=\"og:type\" content=\"article\" \/>\n<meta property=\"og:title\" content=\"Pribor | STIL-FIT\" \/>\n<meta property=\"og:url\" content=\"https:\/\/stil-fit.com\/hr\/pribor\/\" \/>\n<meta property=\"og:site_name\" content=\"STIL-FIT\" \/>\n<meta property=\"article:publisher\" content=\"https:\/\/de-de.facebook.com\/stilfit\/\" \/>\n<meta property=\"article:modified_time\" content=\"2025-04-02T11:46:29+00:00\" \/>\n<meta name=\"twitter:card\" content=\"summary_large_image\" \/>\n<script type=\"application\/ld+json\" class=\"yoast-schema-graph\">{\"@context\":\"https:\/\/schema.org\",\"@graph\":[{\"@type\":\"Organization\",\"@id\":\"https:\/\/stil-fit.com\/hr\/#organization\",\"name\":\"STIL-FIT International GmbH\",\"url\":\"https:\/\/stil-fit.com\/hr\/\",\"sameAs\":[\"https:\/\/de-de.facebook.com\/stilfit\/\",\"https:\/\/www.instagram.com\/stil_fit_int\/\",\"https:\/\/www.linkedin.com\/company\/stil-fit-international-gmbh\",\"https:\/\/www.youtube.com\/channel\/UC2HA1BeZtFB0acPMfq1hKdQ\",\"https:\/\/www.pinterest.com\/STILFITInt\/\"],\"logo\":{\"@type\":\"ImageObject\",\"@id\":\"https:\/\/stil-fit.com\/hr\/#logo\",\"inLanguage\":\"hr\",\"url\":\"https:\/\/stil-fit.com\/wp-content\/uploads\/2019\/02\/stilfit_logo.jpg\",\"width\":150,\"height\":150,\"caption\":\"STIL-FIT International GmbH\"},\"image\":{\"@id\":\"https:\/\/stil-fit.com\/hr\/#logo\"}},{\"@type\":\"WebSite\",\"@id\":\"https:\/\/stil-fit.com\/hr\/#website\",\"url\":\"https:\/\/stil-fit.com\/hr\/\",\"name\":\"STIL-FIT\",\"description\":\"Stil-fit\",\"publisher\":{\"@id\":\"https:\/\/stil-fit.com\/hr\/#organization\"},\"potentialAction\":[{\"@type\":\"SearchAction\",\"target\":\"https:\/\/stil-fit.com\/hr\/?s={search_term_string}\",\"query-input\":\"required name=search_term_string\"}],\"inLanguage\":\"hr\"},{\"@type\":\"WebPage\",\"@id\":\"https:\/\/stil-fit.com\/hr\/pribor\/#webpage\",\"url\":\"https:\/\/stil-fit.com\/hr\/pribor\/\",\"name\":\"Pribor | STIL-FIT\",\"isPartOf\":{\"@id\":\"https:\/\/stil-fit.com\/hr\/#website\"},\"datePublished\":\"2025-03-20T15:21:56+00:00\",\"dateModified\":\"2025-04-02T11:46:29+00:00\",\"inLanguage\":\"hr\",\"potentialAction\":[{\"@type\":\"ReadAction\",\"target\":[\"https:\/\/stil-fit.com\/hr\/pribor\/\"]}]}]}<\/script>\n<!-- \/ Yoast SEO Premium plugin. -->","post_mailing_queue_ids":[],"_links":{"self":[{"href":"https:\/\/stil-fit.com\/hr\/wp-json\/wp\/v2\/pages\/33654","targetHints":{"allow":["GET"]}}],"collection":[{"href":"https:\/\/stil-fit.com\/hr\/wp-json\/wp\/v2\/pages"}],"about":[{"href":"https:\/\/stil-fit.com\/hr\/wp-json\/wp\/v2\/types\/page"}],"author":[{"embeddable":true,"href":"https:\/\/stil-fit.com\/hr\/wp-json\/wp\/v2\/users\/2"}],"replies":[{"embeddable":true,"href":"https:\/\/stil-fit.com\/hr\/wp-json\/wp\/v2\/comments?post=33654"}],"version-history":[{"count":4,"href":"https:\/\/stil-fit.com\/hr\/wp-json\/wp\/v2\/pages\/33654\/revisions"}],"predecessor-version":[{"id":36718,"href":"https:\/\/stil-fit.com\/hr\/wp-json\/wp\/v2\/pages\/33654\/revisions\/36718"}],"wp:attachment":[{"href":"https:\/\/stil-fit.com\/hr\/wp-json\/wp\/v2\/media?parent=33654"}],"wp:term":[{"taxonomy":"yst_prominent_words","embeddable":true,"href":"https:\/\/stil-fit.com\/hr\/wp-json\/wp\/v2\/yst_prominent_words?post=33654"}],"curies":[{"name":"wp","href":"https:\/\/api.w.org\/{rel}","templated":true}]}}